{"id":275,"date":"2013-11-04T23:05:43","date_gmt":"2013-11-04T19:05:43","guid":{"rendered":"http:\/\/college-les-mascareignes-tmp.ac-reunion.fr\/?page_id=275"},"modified":"2025-09-19T10:47:31","modified_gmt":"2025-09-19T06:47:31","slug":"vie-scolaire-2","status":"publish","type":"page","link":"https:\/\/etab.ac-reunion.fr\/clg-les-mascareignes\/vie-scolaire-2\/","title":{"rendered":"Pr\u00e9sentation du coll\u00e8ge"},"content":{"rendered":"<div class=\"wp-block-image\">\n<figure class=\"aligncenter size-large is-resized\"><img loading=\"lazy\" decoding=\"async\" width=\"1024\" height=\"768\" src=\"https:\/\/etab.ac-reunion.fr\/clg-les-mascareignes\/wp-content\/uploads\/sites\/21\/2023\/08\/photos-college-4-1024x768.jpg\" alt=\"\" class=\"wp-image-12490\" style=\"width:643px;height:482px\" srcset=\"https:\/\/etab.ac-reunion.fr\/clg-les-mascareignes\/wp-content\/uploads\/sites\/21\/2023\/08\/photos-college-4-1024x768.jpg 1024w, https:\/\/etab.ac-reunion.fr\/clg-les-mascareignes\/wp-content\/uploads\/sites\/21\/2023\/08\/photos-college-4-300x225.jpg 300w, https:\/\/etab.ac-reunion.fr\/clg-les-mascareignes\/wp-content\/uploads\/sites\/21\/2023\/08\/photos-college-4-1536x1152.jpg 1536w, https:\/\/etab.ac-reunion.fr\/clg-les-mascareignes\/wp-content\/uploads\/sites\/21\/2023\/08\/photos-college-4-2048x1536.jpg 2048w, https:\/\/etab.ac-reunion.fr\/clg-les-mascareignes\/wp-content\/uploads\/sites\/21\/2023\/08\/photos-college-4-150x113.jpg 150w, https:\/\/etab.ac-reunion.fr\/clg-les-mascareignes\/wp-content\/uploads\/sites\/21\/2023\/08\/photos-college-4-800x600.jpg 800w\" sizes=\"auto, (max-width: 1024px) 100vw, 1024px\" \/><\/figure>\n<\/div>\n\n\n<p><\/p>\n\n\n\n<p>Construit dans les ann\u00e9es 1990, le coll\u00e8ge Les Mascareignes (ancien coll\u00e8ge Domenjod) se situe \u00e0 la p\u00e9riph\u00e9rie de Saint-Denis, \u00e0 proximit\u00e9 de la Technopole, dans une ZUS en constante mutation. Il compte actuellement 679 \u00e9l\u00e8ves et accueille essentiellement des \u00e9l\u00e8ves en provenance de quatre \u00e9coles du secteur : Domenjod, Maxime Laope, Philibert Commerson et Bory Saint-Vincent.<br>Plus de 80 % des \u00e9l\u00e8ves de l&rsquo;\u00e9tablissement sont transport\u00e9s et demi-pensionnaires.<br>La participation au concours \u00ab\u00a0Coll\u00e8ge fleuri\u00a0\u00bb offre des espaces verts, arbor\u00e9s et fleuris. Par ailleurs, l\u2019ensemble du personnel, au del\u00e0 de leur mission et le d\u00e9sir de faire progresser les \u00e9l\u00e8ves, propose une grande quantit\u00e9 de projets p\u00e9dagogiques ainsi que des activit\u00e9s culturelles, \u00e9ducatives, sportives et scientifiques afin que les \u00e9l\u00e8ves puissent s\u2019\u00e9panouir pleinement selon leur go\u00fbt et leurs centres d\u2019int\u00e9r\u00eats.<\/p>\n","protected":false},"excerpt":{"rendered":"<p>Construit dans les ann\u00e9es 1990, le coll\u00e8ge Les Mascareignes (ancien coll\u00e8ge Domenjod) se situe \u00e0 la p\u00e9riph\u00e9rie de Saint-Denis, \u00e0 proximit\u00e9 de la Technopole, dans une ZUS en constante mutation. Il compte actuellement 679 \u00e9l\u00e8ves et accueille essentiellement des \u00e9l\u00e8ves en provenance de quatre \u00e9coles du secteur : Domenjod, Maxime&#8230;<\/p>\n<p> <a class=\"continue-reading-link\" href=\"https:\/\/etab.ac-reunion.fr\/clg-les-mascareignes\/vie-scolaire-2\/\"><span>Lire la suite<\/span><i class=\"crycon-right-dir\"><\/i><\/a> <\/p>\n","protected":false},"author":66,"featured_media":0,"parent":0,"menu_order":0,"comment_status":"closed","ping_status":"closed","template":"","meta":{"footnotes":""},"class_list":["post-275","page","type-page","status-publish","hentry"],"_links":{"self":[{"href":"https:\/\/etab.ac-reunion.fr\/clg-les-mascareignes\/wp-json\/wp\/v2\/pages\/275","targetHints":{"allow":["GET"]}}],"collection":[{"href":"https:\/\/etab.ac-reunion.fr\/clg-les-mascareignes\/wp-json\/wp\/v2\/pages"}],"about":[{"href":"https:\/\/etab.ac-reunion.fr\/clg-les-mascareignes\/wp-json\/wp\/v2\/types\/page"}],"author":[{"embeddable":true,"href":"https:\/\/etab.ac-reunion.fr\/clg-les-mascareignes\/wp-json\/wp\/v2\/users\/66"}],"replies":[{"embeddable":true,"href":"https:\/\/etab.ac-reunion.fr\/clg-les-mascareignes\/wp-json\/wp\/v2\/comments?post=275"}],"version-history":[{"count":9,"href":"https:\/\/etab.ac-reunion.fr\/clg-les-mascareignes\/wp-json\/wp\/v2\/pages\/275\/revisions"}],"predecessor-version":[{"id":14093,"href":"https:\/\/etab.ac-reunion.fr\/clg-les-mascareignes\/wp-json\/wp\/v2\/pages\/275\/revisions\/14093"}],"wp:attachment":[{"href":"https:\/\/etab.ac-reunion.fr\/clg-les-mascareignes\/wp-json\/wp\/v2\/media?parent=275"}],"curies":[{"name":"wp","href":"https:\/\/api.w.org\/{rel}","templated":true}]}}