{"id":2763,"date":"2016-05-27T07:56:00","date_gmt":"2016-05-27T03:56:00","guid":{"rendered":"http:\/\/college-les-mascareignes.ac-reunion.fr\/?page_id=2763"},"modified":"2016-05-27T07:56:00","modified_gmt":"2016-05-27T03:56:00","slug":"le-personnel-de-direction","status":"publish","type":"page","link":"https:\/\/etab.ac-reunion.fr\/clg-les-mascareignes\/le-personnel-de-direction\/","title":{"rendered":"Le personnel de direction"},"content":{"rendered":"\n<table id=\"tablepress-7\" class=\"tablepress tablepress-id-7\">\n<tbody class=\"row-striping row-hover\">\n<tr class=\"row-1\">\n\t<td class=\"column-1\">M. CREVEAUX Fr\u00e9d\u00e9ric<\/td><td class=\"column-2\">Principal<\/td>\n<\/tr>\n<tr class=\"row-2\">\n\t<td class=\"column-1\">Mme AKHOUN Fawzia <\/td><td class=\"column-2\">Principale-Adjointe<\/td>\n<\/tr>\n<tr class=\"row-3\">\n\t<td class=\"column-1\">M. ABIVEN Henri <\/td><td class=\"column-2\">Secr\u00e9taire g\u00e9n\u00e9ral d'EPLE<br \/>\n<\/td>\n<\/tr>\n<tr class=\"row-4\">\n\t<td class=\"column-1\">Mme ROSINA Nathalie<\/td><td class=\"column-2\">Secr\u00e9tariat de direction<\/td>\n<\/tr>\n<tr class=\"row-5\">\n\t<td class=\"column-1\">M. BAS Christophe<\/td><td class=\"column-2\">Secr\u00e9tariat de gestion<\/td>\n<\/tr>\n<tr class=\"row-6\">\n\t<td class=\"column-1\"><\/td><td class=\"column-2\"><\/td>\n<\/tr>\n<\/tbody>\n<\/table>\n<!-- #tablepress-7 from cache -->\n","protected":false},"excerpt":{"rendered":"<p> <a class=\"continue-reading-link\" href=\"https:\/\/etab.ac-reunion.fr\/clg-les-mascareignes\/le-personnel-de-direction\/\"><span>Lire la suite<\/span><i class=\"crycon-right-dir\"><\/i><\/a> <\/p>\n","protected":false},"author":9422,"featured_media":0,"parent":0,"menu_order":0,"comment_status":"closed","ping_status":"closed","template":"","meta":{"footnotes":""},"class_list":["post-2763","page","type-page","status-publish","hentry"],"_links":{"self":[{"href":"https:\/\/etab.ac-reunion.fr\/clg-les-mascareignes\/wp-json\/wp\/v2\/pages\/2763","targetHints":{"allow":["GET"]}}],"collection":[{"href":"https:\/\/etab.ac-reunion.fr\/clg-les-mascareignes\/wp-json\/wp\/v2\/pages"}],"about":[{"href":"https:\/\/etab.ac-reunion.fr\/clg-les-mascareignes\/wp-json\/wp\/v2\/types\/page"}],"author":[{"embeddable":true,"href":"https:\/\/etab.ac-reunion.fr\/clg-les-mascareignes\/wp-json\/wp\/v2\/users\/9422"}],"replies":[{"embeddable":true,"href":"https:\/\/etab.ac-reunion.fr\/clg-les-mascareignes\/wp-json\/wp\/v2\/comments?post=2763"}],"version-history":[{"count":2,"href":"https:\/\/etab.ac-reunion.fr\/clg-les-mascareignes\/wp-json\/wp\/v2\/pages\/2763\/revisions"}],"predecessor-version":[{"id":2765,"href":"https:\/\/etab.ac-reunion.fr\/clg-les-mascareignes\/wp-json\/wp\/v2\/pages\/2763\/revisions\/2765"}],"wp:attachment":[{"href":"https:\/\/etab.ac-reunion.fr\/clg-les-mascareignes\/wp-json\/wp\/v2\/media?parent=2763"}],"curies":[{"name":"wp","href":"https:\/\/api.w.org\/{rel}","templated":true}]}}