{"id":542,"date":"2014-02-03T22:47:09","date_gmt":"2014-02-03T18:47:09","guid":{"rendered":"http:\/\/college-les-mascareignes.ac-reunion.fr\/?page_id=542"},"modified":"2023-09-19T06:24:40","modified_gmt":"2023-09-19T02:24:40","slug":"info-dnb","status":"publish","type":"page","link":"https:\/\/etab.ac-reunion.fr\/clg-les-mascareignes\/info-dnb\/","title":{"rendered":"Info DNB"},"content":{"rendered":"\n<h3 class=\"wp-block-heading\" id=\"edugouv-summary-item-8\">Le brevet en bref<\/h3>\n\n\n\n<p><strong>L&rsquo;\u00e9valuation du socle commun repr\u00e9sente 400 points.<\/strong><\/p>\n\n\n\n<p>La ma\u00eetrise de chacune des huit composantes du socle commun est appr\u00e9ci\u00e9e lors du conseil de classe du 3e trimestre de la classe de 3e&nbsp;:<\/p>\n\n\n\n<ul class=\"wp-block-list\">\n<li>Ma\u00eetrise insuffisante (10 points)<\/li>\n\n\n\n<li>Ma\u00eetrise fragile (25 points)<\/li>\n\n\n\n<li>Ma\u00eetrise satisfaisante (40 points)<\/li>\n\n\n\n<li>Tr\u00e8s bonne ma\u00eetrise (50 points)<\/li>\n<\/ul>\n\n\n\n<p><strong>Les \u00e9preuves de l&rsquo;examen repr\u00e9sentent 400 points.<\/strong><\/p>\n\n\n\n<ul class=\"wp-block-list\">\n<li>Sont \u00e9valu\u00e9s sur 100 points&nbsp;:\n<ul class=\"wp-block-list\">\n<li>le fran\u00e7ais<\/li>\n\n\n\n<li>les math\u00e9matiques<\/li>\n<\/ul>\n<\/li>\n\n\n\n<li>Sont \u00e9valu\u00e9es sur 50 points&nbsp;:\n<ul class=\"wp-block-list\">\n<li>l&rsquo;histoire-g\u00e9ographie<\/li>\n\n\n\n<li>les sciences (physique-chimie, sciences de la vie et de la Terre, technologie)<\/li>\n<\/ul>\n<\/li>\n\n\n\n<li>L\u2019\u00e9preuve orale est \u00e9valu\u00e9e sur 100 points<\/li>\n<\/ul>\n\n\n\n<p>Des points suppl\u00e9mentaires sont accord\u00e9s aux candidats ayant suivi un enseignement facultatif selon le niveau qu&rsquo;ils ont acquis \u00e0 la fin du cycle 4 au regard des objectifs d&rsquo;apprentissage de cet enseignement&nbsp;:<\/p>\n\n\n\n<ul class=\"wp-block-list\">\n<li>10 points si les objectifs d&rsquo;apprentissage du cycle sont atteints<\/li>\n\n\n\n<li>20 points si les objectifs d&rsquo;apprentissage du cycle sont d\u00e9pass\u00e9s<\/li>\n<\/ul>\n\n\n\n<p><strong>L\u2019\u00e9l\u00e8ve est re\u00e7u s\u2019il cumule 400 points sur les 800.<\/strong><\/p>\n\n\n\n<p>Selon le total des points obtenu, les \u00e9l\u00e8ves peuvent se voir attribuer des mentions&nbsp;: \u00ab\u00a0assez bien\u00a0\u00bb, \u00ab\u00a0bien\u00a0\u00bb ou \u00ab\u00a0tr\u00e8s bien\u00a0\u00bb. Les mentions \u00ab\u00a0bien\u00a0\u00bb et \u00ab\u00a0tr\u00e8s bien\u00a0\u00bb permettent, sous certaines conditions, de b\u00e9n\u00e9ficier de bourses au m\u00e9rite. Il obtient la mention&nbsp;:<\/p>\n\n\n\n<ul class=\"wp-block-list\">\n<li><strong>assez bien<\/strong> s\u2019il cumule plus de 480 points<\/li>\n\n\n\n<li><strong>bien<\/strong> s\u2019il cumule plus de 560 points<\/li>\n\n\n\n<li><strong>tr\u00e8s bien<\/strong> s\u2019il cumule plus de 640 points<\/li>\n<\/ul>\n\n\n\n<p><strong>Un enseignement facultatif\u00a0<\/strong>(latin, grec, langues et cultures europ\u00e9ennes, langue et culture r\u00e9gionale, d\u00e9couverte professionnelle&#8230;) suivi par le candidat peut lui rapporter un bonus de 10 ou 20 points.\u00a0<\/p>\n\n\n\n<div class=\"wp-block-group is-content-justification-center is-nowrap is-layout-flex wp-container-core-group-is-layout-94bc23d7 wp-block-group-is-layout-flex\"><div class=\"wp-block-image\">\n<figure class=\"aligncenter size-full\"><img loading=\"lazy\" decoding=\"async\" width=\"335\" height=\"664\" src=\"https:\/\/etab.ac-reunion.fr\/clg-les-mascareignes\/wp-content\/uploads\/sites\/21\/2023\/09\/image-4.png\" alt=\"\" class=\"wp-image-12565\" srcset=\"https:\/\/etab.ac-reunion.fr\/clg-les-mascareignes\/wp-content\/uploads\/sites\/21\/2023\/09\/image-4.png 335w, https:\/\/etab.ac-reunion.fr\/clg-les-mascareignes\/wp-content\/uploads\/sites\/21\/2023\/09\/image-4-151x300.png 151w, https:\/\/etab.ac-reunion.fr\/clg-les-mascareignes\/wp-content\/uploads\/sites\/21\/2023\/09\/image-4-76x150.png 76w\" sizes=\"auto, (max-width: 335px) 100vw, 335px\" \/><\/figure>\n<\/div>\n\n<div class=\"wp-block-image\">\n<figure class=\"aligncenter size-full\"><img loading=\"lazy\" decoding=\"async\" width=\"342\" height=\"629\" src=\"https:\/\/etab.ac-reunion.fr\/clg-les-mascareignes\/wp-content\/uploads\/sites\/21\/2023\/09\/image-5.png\" alt=\"\" class=\"wp-image-12567\" srcset=\"https:\/\/etab.ac-reunion.fr\/clg-les-mascareignes\/wp-content\/uploads\/sites\/21\/2023\/09\/image-5.png 342w, https:\/\/etab.ac-reunion.fr\/clg-les-mascareignes\/wp-content\/uploads\/sites\/21\/2023\/09\/image-5-163x300.png 163w, https:\/\/etab.ac-reunion.fr\/clg-les-mascareignes\/wp-content\/uploads\/sites\/21\/2023\/09\/image-5-82x150.png 82w\" sizes=\"auto, (max-width: 342px) 100vw, 342px\" \/><\/figure>\n<\/div><\/div>\n","protected":false},"excerpt":{"rendered":"<p>Le brevet en bref L&rsquo;\u00e9valuation du socle commun repr\u00e9sente 400 points. La ma\u00eetrise de chacune des huit composantes du socle commun est appr\u00e9ci\u00e9e lors du conseil de classe du 3e trimestre de la classe de 3e&nbsp;: Les \u00e9preuves de l&rsquo;examen repr\u00e9sentent 400 points. Des points suppl\u00e9mentaires sont accord\u00e9s aux candidats&#8230;<\/p>\n<p> <a class=\"continue-reading-link\" href=\"https:\/\/etab.ac-reunion.fr\/clg-les-mascareignes\/info-dnb\/\"><span>Lire la suite<\/span><i class=\"crycon-right-dir\"><\/i><\/a> <\/p>\n","protected":false},"author":66,"featured_media":0,"parent":0,"menu_order":0,"comment_status":"closed","ping_status":"closed","template":"","meta":{"footnotes":""},"class_list":["post-542","page","type-page","status-publish","hentry"],"_links":{"self":[{"href":"https:\/\/etab.ac-reunion.fr\/clg-les-mascareignes\/wp-json\/wp\/v2\/pages\/542","targetHints":{"allow":["GET"]}}],"collection":[{"href":"https:\/\/etab.ac-reunion.fr\/clg-les-mascareignes\/wp-json\/wp\/v2\/pages"}],"about":[{"href":"https:\/\/etab.ac-reunion.fr\/clg-les-mascareignes\/wp-json\/wp\/v2\/types\/page"}],"author":[{"embeddable":true,"href":"https:\/\/etab.ac-reunion.fr\/clg-les-mascareignes\/wp-json\/wp\/v2\/users\/66"}],"replies":[{"embeddable":true,"href":"https:\/\/etab.ac-reunion.fr\/clg-les-mascareignes\/wp-json\/wp\/v2\/comments?post=542"}],"version-history":[{"count":14,"href":"https:\/\/etab.ac-reunion.fr\/clg-les-mascareignes\/wp-json\/wp\/v2\/pages\/542\/revisions"}],"predecessor-version":[{"id":12571,"href":"https:\/\/etab.ac-reunion.fr\/clg-les-mascareignes\/wp-json\/wp\/v2\/pages\/542\/revisions\/12571"}],"wp:attachment":[{"href":"https:\/\/etab.ac-reunion.fr\/clg-les-mascareignes\/wp-json\/wp\/v2\/media?parent=542"}],"curies":[{"name":"wp","href":"https:\/\/api.w.org\/{rel}","templated":true}]}}