{"id":612,"date":"2019-09-03T11:38:30","date_gmt":"2019-09-03T07:38:30","guid":{"rendered":"http:\/\/college-les-mascareignes.ac-reunion.fr\/?page_id=612"},"modified":"2019-09-03T11:45:25","modified_gmt":"2019-09-03T07:45:25","slug":"achats-publics","status":"publish","type":"page","link":"https:\/\/etab.ac-reunion.fr\/clg-les-mascareignes\/achats-publics\/","title":{"rendered":"Achats publics"},"content":{"rendered":"<p><em><strong>SEPTEMBRE 2019 :<\/strong><\/em><\/p>\n<p>Veuillez trouver ci-dessous le documents PDF concernant le march\u00e9 public : \u00ab\u00a0AUTOCOMMUTATEUR\u00a0\u00bb<\/p>\n<p>La date limite de r\u00e9ception des offres est fix\u00e9e au <em><strong>vendredi<\/strong> <strong>27 septembre 2019<\/strong><strong>.<\/strong><\/em><\/p>\n<p><a href=\"https:\/\/etab.ac-reunion.fr\/clg-les-mascareignes\/wp-content\/uploads\/sites\/21\/2019\/09\/MARCH\u00c9-AUTOCOMMUTATEUR-20190902.pdf\">MARCH\u00c9-AUTOCOMMUTATEUR<\/a><\/p>\n<p><em><strong>MARS 2019 :<\/strong><\/em><\/p>\n<p>Veuillez trouver ci-dessous les documents (PDF) concernant le march\u00e9 public : \u00ab\u00a0\u00c9quipement informatique et Audio visuel\u00a0\u00bb<\/p>\n<p>La date limite de r\u00e9ception des offres est le&nbsp; <strong><em>vendredi <\/em><\/strong><em><strong>12 AVRIL 2018<\/strong><strong>.<\/strong><\/em><\/p>\n<p><a href=\"https:\/\/etab.ac-reunion.fr\/clg-les-mascareignes\/wp-content\/uploads\/sites\/21\/2019\/03\/MAPA-INFORMATIQUE-MARS-2019.pdf\">MAPA INFORMATIQUE MARS 2019<\/a><\/p>\n<p><em><strong>MARS 2018 :<\/strong><\/em><\/p>\n<p>Veuillez trouver ci-dessous les documents (PDF) concernant le march\u00e9 public : \u00ab\u00a0\u00c9quipement informatique et Audio visuel\u00a0\u00bb<\/p>\n<p>La date limite de r\u00e9ception des offres est le&nbsp; <em><strong>jeudi 29 mars 2018<\/strong><strong>.<\/strong><\/em><\/p>\n<p><a href=\"https:\/\/etab.ac-reunion.fr\/clg-les-mascareignes\/wp-content\/uploads\/sites\/21\/2018\/03\/MAPA-INFORMATIQUE-MARS-2018.pdf\">MAPA INFORMATIQUE MARS 2018<\/a><\/p>\n<p><em><strong>JUIN 2017 :<\/strong><\/em><\/p>\n<p>Veuillez trouver ci-dessous les documents (PDF) concernant le march\u00e9 public : \u00ab\u00a0manuels scolaires\u00a0\u00bb<\/p>\n<p>La date limite de r\u00e9ception des candidatures est le <em><strong>mercredi<\/strong> <strong>05 juillet 2017.<\/strong><\/em><\/p>\n<p><a href=\"https:\/\/etab.ac-reunion.fr\/clg-les-mascareignes\/wp-content\/uploads\/sites\/21\/2014\/02\/r\u00e8glement_consultation_marche-manuels-scolaires-mascar-1.pdf\">r\u00e8glement_consultation_marche manuels scolaires mascar<\/a><\/p>\n<p><a href=\"https:\/\/etab.ac-reunion.fr\/clg-les-mascareignes\/wp-content\/uploads\/sites\/21\/2014\/02\/CCP.pdf\">CCP<\/a><\/p>\n<p><a href=\"https:\/\/etab.ac-reunion.fr\/clg-les-mascareignes\/wp-content\/uploads\/sites\/21\/2014\/02\/dc1-1.pdf\">dc1<\/a><\/p>\n<p><a href=\"https:\/\/etab.ac-reunion.fr\/clg-les-mascareignes\/wp-content\/uploads\/sites\/21\/2014\/02\/dc2-1.pdf\">dc2<\/a><\/p>\n<p><em><strong>F\u00c9VRIER 2017 :<\/strong><\/em><\/p>\n<p>Veuillez trouver ci-dessous le document (PDF) permettant le recensement des candidatures pour les pr\u00e9visions de commandes 2017 concernant les fournitures, les services et les travaux.<\/p>\n<p>La date limite de r\u00e9ception des candidatures est le vendredi 20 f\u00e9vrier 2017.<\/p>\n<p><a href=\"https:\/\/etab.ac-reunion.fr\/clg-les-mascareignes\/wp-content\/uploads\/sites\/21\/2014\/02\/RECENSEMENT-DES-CANDIDATURES-2017.pdf\">RECENSEMENT DES CANDIDATURES 2017<\/a><\/p>\n<p><em><strong>JUILLET 2016 :<\/strong><\/em><\/p>\n<p>Veuillez trouver ci-dessous les documents (PDF) concernant le march\u00e9 public : \u00ab\u00a0manuels scolaires\u00a0\u00bb<\/p>\n<p>La date limite de r\u00e9ception des candidatures est le <em><strong>30 juillet 2016.<\/strong><\/em><\/p>\n<p><a href=\"https:\/\/etab.ac-reunion.fr\/clg-les-mascareignes\/wp-content\/uploads\/sites\/21\/2014\/02\/r\u00e8glement_consultation_marche-manuels-scolaires-mascar.pdf\">r\u00e8glement_consultation_marche manuels scolaires mascar<\/a><\/p>\n<p><a href=\"https:\/\/etab.ac-reunion.fr\/clg-les-mascareignes\/wp-content\/uploads\/sites\/21\/2014\/02\/mapa_manuels-mascareignes.pdf\">mapa_manuels-mascareignes<\/a><\/p>\n<p><a href=\"https:\/\/etab.ac-reunion.fr\/clg-les-mascareignes\/wp-content\/uploads\/sites\/21\/2014\/02\/dc1.pdf\">dc1<\/a> , <a href=\"https:\/\/etab.ac-reunion.fr\/clg-les-mascareignes\/wp-content\/uploads\/sites\/21\/2014\/02\/dc2.pdf\">dc2<\/a>, <a href=\"https:\/\/etab.ac-reunion.fr\/clg-les-mascareignes\/wp-content\/uploads\/sites\/21\/2014\/02\/dc3.pdf\">dc3<\/a>, <a href=\"https:\/\/etab.ac-reunion.fr\/clg-les-mascareignes\/wp-content\/uploads\/sites\/21\/2014\/02\/dc4-1.pdf\">dc4-1<\/a><\/p>\n","protected":false},"excerpt":{"rendered":"<p>SEPTEMBRE 2019 : Veuillez trouver ci-dessous le documents PDF concernant le march\u00e9 public : \u00ab\u00a0AUTOCOMMUTATEUR\u00a0\u00bb La date limite de r\u00e9ception des offres est fix\u00e9e au vendredi 27 septembre 2019. MARCH\u00c9-AUTOCOMMUTATEUR MARS 2019 : Veuillez trouver ci-dessous les documents (PDF) concernant le march\u00e9 public : \u00ab\u00a0\u00c9quipement informatique et Audio visuel\u00a0\u00bb La&#8230;<\/p>\n<p> <a class=\"continue-reading-link\" href=\"https:\/\/etab.ac-reunion.fr\/clg-les-mascareignes\/achats-publics\/\"><span>Lire la suite<\/span><i class=\"crycon-right-dir\"><\/i><\/a> <\/p>\n","protected":false},"author":966,"featured_media":0,"parent":0,"menu_order":0,"comment_status":"closed","ping_status":"closed","template":"","meta":{"footnotes":""},"class_list":["post-612","page","type-page","status-publish","hentry"],"_links":{"self":[{"href":"https:\/\/etab.ac-reunion.fr\/clg-les-mascareignes\/wp-json\/wp\/v2\/pages\/612","targetHints":{"allow":["GET"]}}],"collection":[{"href":"https:\/\/etab.ac-reunion.fr\/clg-les-mascareignes\/wp-json\/wp\/v2\/pages"}],"about":[{"href":"https:\/\/etab.ac-reunion.fr\/clg-les-mascareignes\/wp-json\/wp\/v2\/types\/page"}],"author":[{"embeddable":true,"href":"https:\/\/etab.ac-reunion.fr\/clg-les-mascareignes\/wp-json\/wp\/v2\/users\/966"}],"replies":[{"embeddable":true,"href":"https:\/\/etab.ac-reunion.fr\/clg-les-mascareignes\/wp-json\/wp\/v2\/comments?post=612"}],"version-history":[{"count":31,"href":"https:\/\/etab.ac-reunion.fr\/clg-les-mascareignes\/wp-json\/wp\/v2\/pages\/612\/revisions"}],"predecessor-version":[{"id":5213,"href":"https:\/\/etab.ac-reunion.fr\/clg-les-mascareignes\/wp-json\/wp\/v2\/pages\/612\/revisions\/5213"}],"wp:attachment":[{"href":"https:\/\/etab.ac-reunion.fr\/clg-les-mascareignes\/wp-json\/wp\/v2\/media?parent=612"}],"curies":[{"name":"wp","href":"https:\/\/api.w.org\/{rel}","templated":true}]}}