{"id":683,"date":"2014-03-05T11:08:37","date_gmt":"2014-03-05T07:08:37","guid":{"rendered":"http:\/\/college-les-mascareignes.ac-reunion.fr\/?page_id=683"},"modified":"2016-05-27T11:20:23","modified_gmt":"2016-05-27T07:20:23","slug":"associations","status":"publish","type":"page","link":"https:\/\/etab.ac-reunion.fr\/clg-les-mascareignes\/associations\/","title":{"rendered":"Associations"},"content":{"rendered":"<h2 style=\"text-align: center\">Bienvenue sur la page des associations de parents d&rsquo;\u00e9l\u00e8ves.<\/h2>\n<p>Sur cette page vous retrouverez r\u00e9guli\u00e8rement les informations concernant vos associations.<\/p>\n<p>Bonne lecture<\/p>\n<h2 style=\"padding-left: 30px\">Association APPECOD<\/h2>\n<p>&nbsp;<\/p>\n","protected":false},"excerpt":{"rendered":"<p>Bienvenue sur la page des associations de parents d&rsquo;\u00e9l\u00e8ves. Sur cette page vous retrouverez r\u00e9guli\u00e8rement les informations concernant vos associations. Bonne lecture Association APPECOD &nbsp;<\/p>\n<p> <a class=\"continue-reading-link\" href=\"https:\/\/etab.ac-reunion.fr\/clg-les-mascareignes\/associations\/\"><span>Lire la suite<\/span><i class=\"crycon-right-dir\"><\/i><\/a> <\/p>\n","protected":false},"author":66,"featured_media":0,"parent":0,"menu_order":0,"comment_status":"closed","ping_status":"closed","template":"page-blog.php","meta":{"footnotes":""},"class_list":["post-683","page","type-page","status-publish","hentry"],"_links":{"self":[{"href":"https:\/\/etab.ac-reunion.fr\/clg-les-mascareignes\/wp-json\/wp\/v2\/pages\/683","targetHints":{"allow":["GET"]}}],"collection":[{"href":"https:\/\/etab.ac-reunion.fr\/clg-les-mascareignes\/wp-json\/wp\/v2\/pages"}],"about":[{"href":"https:\/\/etab.ac-reunion.fr\/clg-les-mascareignes\/wp-json\/wp\/v2\/types\/page"}],"author":[{"embeddable":true,"href":"https:\/\/etab.ac-reunion.fr\/clg-les-mascareignes\/wp-json\/wp\/v2\/users\/66"}],"replies":[{"embeddable":true,"href":"https:\/\/etab.ac-reunion.fr\/clg-les-mascareignes\/wp-json\/wp\/v2\/comments?post=683"}],"version-history":[{"count":2,"href":"https:\/\/etab.ac-reunion.fr\/clg-les-mascareignes\/wp-json\/wp\/v2\/pages\/683\/revisions"}],"predecessor-version":[{"id":2806,"href":"https:\/\/etab.ac-reunion.fr\/clg-les-mascareignes\/wp-json\/wp\/v2\/pages\/683\/revisions\/2806"}],"wp:attachment":[{"href":"https:\/\/etab.ac-reunion.fr\/clg-les-mascareignes\/wp-json\/wp\/v2\/media?parent=683"}],"curies":[{"name":"wp","href":"https:\/\/api.w.org\/{rel}","templated":true}]}}