{"id":815,"date":"2014-04-24T23:43:52","date_gmt":"2014-04-24T19:43:52","guid":{"rendered":"http:\/\/college-les-mascareignes.ac-reunion.fr\/?page_id=815"},"modified":"2016-02-25T18:18:44","modified_gmt":"2016-02-25T14:18:44","slug":"cfg-2014","status":"publish","type":"page","link":"https:\/\/etab.ac-reunion.fr\/clg-les-mascareignes\/cfg-2014\/","title":{"rendered":"CFG"},"content":{"rendered":"<p>Dans le cadre de la pr\u00e9paration au CFG, vous trouverez ci-dessous la trame du dossier qui servira de support \u00e0 chacun des \u00e9l\u00e8ves concern\u00e9s par cet examen.<\/p>\n<p>&nbsp;<\/p>\n<p>Le dossier doit comporter 6 pages maximum : il est \u00e9labor\u00e9 \u00e0 partir du stage de formation ou des centres d&rsquo;int\u00e9r\u00eats personnels ou du programme de pr\u00e9vention sant\u00e9 environnement.<br \/>\nL&rsquo;\u00e9preuve orale dure 20 minutes et \u00e9value en priorit\u00e9 les aptitudes \u00e0 la communication et aux relations sociales.<\/p>\n<p>Trame pour l&rsquo;\u00e9preuve du CFG de juin\u00a0 \u00e0 t\u00e9l\u00e9charger :<\/p>\n<p>Au format Microsoft Word : <a href=\"https:\/\/etab.ac-reunion.fr\/clg-les-mascareignes\/wp-content\/uploads\/sites\/21\/2014\/04\/TRAME-DOSSIER-CFG2016.docx\" rel=\"\">TRAME DOSSIER CFG2016<\/a><\/p>\n<p>Au format odt : <a href=\"https:\/\/etab.ac-reunion.fr\/clg-les-mascareignes\/wp-content\/uploads\/sites\/21\/2014\/04\/TRAME-DOSSIER-CFG2016-format-odt.odt\" rel=\"\">TRAME DOSSIER CFG2016 format odt<\/a><\/p>\n<p>&nbsp;<\/p>\n","protected":false},"excerpt":{"rendered":"<p>Dans le cadre de la pr\u00e9paration au CFG, vous trouverez ci-dessous la trame du dossier qui servira de support \u00e0 chacun des \u00e9l\u00e8ves concern\u00e9s par cet examen. &nbsp; Le dossier doit comporter 6 pages maximum : il est \u00e9labor\u00e9 \u00e0 partir du stage de formation ou des centres d&rsquo;int\u00e9r\u00eats personnels&#8230;<\/p>\n<p> <a class=\"continue-reading-link\" href=\"https:\/\/etab.ac-reunion.fr\/clg-les-mascareignes\/cfg-2014\/\"><span>Lire la suite<\/span><i class=\"crycon-right-dir\"><\/i><\/a> <\/p>\n","protected":false},"author":66,"featured_media":817,"parent":0,"menu_order":0,"comment_status":"closed","ping_status":"closed","template":"","meta":{"footnotes":""},"class_list":["post-815","page","type-page","status-publish","has-post-thumbnail","hentry"],"_links":{"self":[{"href":"https:\/\/etab.ac-reunion.fr\/clg-les-mascareignes\/wp-json\/wp\/v2\/pages\/815","targetHints":{"allow":["GET"]}}],"collection":[{"href":"https:\/\/etab.ac-reunion.fr\/clg-les-mascareignes\/wp-json\/wp\/v2\/pages"}],"about":[{"href":"https:\/\/etab.ac-reunion.fr\/clg-les-mascareignes\/wp-json\/wp\/v2\/types\/page"}],"author":[{"embeddable":true,"href":"https:\/\/etab.ac-reunion.fr\/clg-les-mascareignes\/wp-json\/wp\/v2\/users\/66"}],"replies":[{"embeddable":true,"href":"https:\/\/etab.ac-reunion.fr\/clg-les-mascareignes\/wp-json\/wp\/v2\/comments?post=815"}],"version-history":[{"count":16,"href":"https:\/\/etab.ac-reunion.fr\/clg-les-mascareignes\/wp-json\/wp\/v2\/pages\/815\/revisions"}],"predecessor-version":[{"id":2595,"href":"https:\/\/etab.ac-reunion.fr\/clg-les-mascareignes\/wp-json\/wp\/v2\/pages\/815\/revisions\/2595"}],"wp:featuredmedia":[{"embeddable":true,"href":"https:\/\/etab.ac-reunion.fr\/clg-les-mascareignes\/wp-json\/wp\/v2\/media\/817"}],"wp:attachment":[{"href":"https:\/\/etab.ac-reunion.fr\/clg-les-mascareignes\/wp-json\/wp\/v2\/media?parent=815"}],"curies":[{"name":"wp","href":"https:\/\/api.w.org\/{rel}","templated":true}]}}