{"id":107,"date":"2014-11-13T06:52:59","date_gmt":"2014-11-13T02:52:59","guid":{"rendered":"http:\/\/college-ligne-bambous.ac-reunion.fr\/?page_id=107"},"modified":"2022-03-01T14:28:33","modified_gmt":"2022-03-01T10:28:33","slug":"la-vie-scolaire","status":"publish","type":"page","link":"https:\/\/etab.ac-reunion.fr\/clg-ligne-des-bambous\/la-vie-scolaire\/","title":{"rendered":"La vie scolaire"},"content":{"rendered":"<div style=\"background-color: #d9d7d7\">\n<p style=\"color: black;text-align: center\">Nos conseillers principaux d&rsquo;\u00e9ducation :<\/p>\n<table class=\"art-article\" style=\"width: 100%\">\n<tbody>\n<tr>\n<td style=\"width: 50%;text-align: center\"><a href=\"https:\/\/etab.ac-reunion.fr\/clg-ligne-des-bambous\/wp-content\/uploads\/sites\/107\/2014\/11\/raph.jpg\"><img decoding=\"async\" class=\"alignnone wp-image-116\" src=\"https:\/\/etab.ac-reunion.fr\/clg-ligne-des-bambous\/wp-content\/uploads\/sites\/107\/2022\/03\/photo-Raphael.jpg\" alt=\"OLYMPUS DIGITAL CAMERA\" width=\"200\" \/><\/a><\/p>\n<p><span style=\"color: #333333\">M. Lef\u00e8vre<\/span><\/td>\n<td style=\"width: 50%;text-align: center\"><a href=\"https:\/\/etab.ac-reunion.fr\/clg-ligne-des-bambous\/wp-content\/uploads\/sites\/107\/2014\/11\/CPE.jpg\"><img decoding=\"async\" class=\"aligncenter wp-image-119 size-full\" src=\"https:\/\/etab.ac-reunion.fr\/clg-ligne-des-bambous\/wp-content\/uploads\/sites\/107\/2022\/03\/isa.jpg\" alt=\"OLYMPUS DIGITAL CAMERA\" width=\"200\" \/><\/a><span style=\"color: #333333\">Mme Frontin<\/span><\/td>\n<\/tr>\n<\/tbody>\n<\/table>\n<\/div>\n<div id=\"ja-contentwrap\" dir=\"ltr\">\n<div id=\"ja-content\" dir=\"ltr\">\n<p align=\"justify\">La <b>Vie Scolaire<\/b> c\u2019est tout ce qui se passe en dehors des cours\u00a0; elle recouvre tous les moments o\u00f9 l\u2019\u00e9l\u00e8ve n\u2019est pas en classe avec un professeur\u00a0: les entr\u00e9es et les sorties, les d\u00e9placements dans le coll\u00e8ge, les r\u00e9cr\u00e9ations, les inter-cours, la demi-pension, les \u00e9tudes, les permanences&#8230;<\/p>\n<p align=\"justify\"><strong>Elle se situe dans des lieux diversifi\u00e9s\u00a0:<\/strong><\/p>\n<p align=\"justify\"><strong>\u2022 lieux de circulation (abords du coll\u00e8ge, acc\u00e8s au coll\u00e8ge, couloirs, cours de r\u00e9cr\u00e9ation&#8230;)<\/strong><\/p>\n<p align=\"justify\"><strong>\u2022 lieux de d\u00e9tente ou lieux de vie (cours de r\u00e9cr\u00e9ation, restaurant scolaire, foyer&#8230;)<\/strong><\/p>\n<p align=\"justify\"><strong>\u2022 lieux de travail (salle de permanence, salles d&rsquo;\u00e9tudes&#8230;)<\/strong><\/p>\n<p align=\"justify\"><strong>\u2022 lieux d\u2019accueil (bureau du C.P.E, bureau des surveillants, &#8230;.)<\/strong><\/p>\n<p align=\"justify\">Le service <strong>Vie scolaire<\/strong>, qui est sous la responsabilit\u00e9 des Conseillers Principaux d\u2019\u00c9ducation, Mme FRONTIN et Mr LEFEVRE a pour mission\u00a0:<\/p>\n<p align=\"justify\">\u2022 la s\u00e9curit\u00e9 et le respect des r\u00e8gles collectives dans les temps hors cours;<\/p>\n<p align=\"justify\">\u2022 la gestion et le suivi des absences, les \u00e9changes avec les familles qui en d\u00e9coulent;<\/p>\n<p align=\"justify\">\u2022 le suivi des \u00e9l\u00e8ves en liaison avec les enseignants et les diff\u00e9rents partenaires;<\/p>\n<p align=\"justify\">\u2022 l\u2019aide personnelle\u00a0: prise en compte des probl\u00e8mes individuels en liaison avec l\u2019infirmi\u00e8re et le m\u00e9decin scolaire, l&rsquo;assistant social, la psychologue, la famille&#8230;;<\/p>\n<p align=\"justify\">\u2022 la prise en compte et la gestion des probl\u00e8mes collectifs, des conflits;<\/p>\n<p align=\"justify\">L\u2019\u00e9quipe de vie scolaire du coll\u00e8ge de la Ligne des Bambous est compos\u00e9e des C.P.E, des assistants d\u2019\u00e9ducation et de services civiques.<\/p>\n<p align=\"justify\"><b>En un mot, la Vie Scolaire, comme tous les acteurs de l&rsquo;\u00e9tablissement, cherche \u00e0 placer les \u00e9l\u00e8ves dans les meilleures conditions de r\u00e9ussite personnelle et scolaire.<\/b><\/p>\n<p align=\"justify\"><span style=\"font-family: Comic Sans MS, cursive\"><i><b> N&rsquo;h\u00e9sitez pas \u00e0 nous rencontrer\u00a0!<\/b><\/i><\/span><\/p>\n<p align=\"justify\"><span style=\"font-family: Times New Roman, serif\"><i><b>Les conseillers principaux d&rsquo;\u00e9ducation et l&rsquo;\u00e9quipe de vie scolaire<\/b><\/i><\/span><\/p>\n<p align=\"justify\"><span style=\"font-family: Times New Roman, serif\"><span style=\"font-size: x-small\"><i><b> 2018\/2019<\/b><\/i><\/span><\/span><\/p>\n<p>&nbsp;<\/p>\n<\/div>\n<\/div>\n<h3 class=\"western\"><\/h3>\n<p>&nbsp;<\/p>\n","protected":false},"excerpt":{"rendered":"<p>Nos conseillers principaux d&rsquo;\u00e9ducation : M. Lef\u00e8vre Mme Frontin La Vie Scolaire c\u2019est tout ce qui se passe en dehors des cours\u00a0; elle recouvre tous les moments o\u00f9 l\u2019\u00e9l\u00e8ve n\u2019est pas en classe avec un professeur\u00a0: les entr\u00e9es et les sorties, les d\u00e9placements dans le coll\u00e8ge, les r\u00e9cr\u00e9ations, les inter-cours,\u2026<\/p>\n<p class=\"continue-reading-button\"> <a class=\"continue-reading-link\" href=\"https:\/\/etab.ac-reunion.fr\/clg-ligne-des-bambous\/la-vie-scolaire\/\">Pour continuer \u00e0 lire<i class=\"crycon-right-dir\"><\/i><\/a><\/p>\n","protected":false},"author":3859,"featured_media":0,"parent":0,"menu_order":0,"comment_status":"open","ping_status":"open","template":"","meta":{"footnotes":""},"class_list":["post-107","page","type-page","status-publish","hentry"],"_links":{"self":[{"href":"https:\/\/etab.ac-reunion.fr\/clg-ligne-des-bambous\/wp-json\/wp\/v2\/pages\/107","targetHints":{"allow":["GET"]}}],"collection":[{"href":"https:\/\/etab.ac-reunion.fr\/clg-ligne-des-bambous\/wp-json\/wp\/v2\/pages"}],"about":[{"href":"https:\/\/etab.ac-reunion.fr\/clg-ligne-des-bambous\/wp-json\/wp\/v2\/types\/page"}],"author":[{"embeddable":true,"href":"https:\/\/etab.ac-reunion.fr\/clg-ligne-des-bambous\/wp-json\/wp\/v2\/users\/3859"}],"replies":[{"embeddable":true,"href":"https:\/\/etab.ac-reunion.fr\/clg-ligne-des-bambous\/wp-json\/wp\/v2\/comments?post=107"}],"version-history":[{"count":29,"href":"https:\/\/etab.ac-reunion.fr\/clg-ligne-des-bambous\/wp-json\/wp\/v2\/pages\/107\/revisions"}],"predecessor-version":[{"id":3687,"href":"https:\/\/etab.ac-reunion.fr\/clg-ligne-des-bambous\/wp-json\/wp\/v2\/pages\/107\/revisions\/3687"}],"wp:attachment":[{"href":"https:\/\/etab.ac-reunion.fr\/clg-ligne-des-bambous\/wp-json\/wp\/v2\/media?parent=107"}],"curies":[{"name":"wp","href":"https:\/\/api.w.org\/{rel}","templated":true}]}}