{"id":163,"date":"2014-11-18T08:44:21","date_gmt":"2014-11-18T04:44:21","guid":{"rendered":"http:\/\/college-ligne-bambous.ac-reunion.fr\/?page_id=163"},"modified":"2019-08-19T07:37:36","modified_gmt":"2019-08-19T03:37:36","slug":"accueil","status":"publish","type":"page","link":"https:\/\/etab.ac-reunion.fr\/clg-ligne-des-bambous\/accueil\/","title":{"rendered":"Accueil"},"content":{"rendered":"<table style=\"height: 189px\" width=\"997\">\n<tbody>\n<tr>\n<td><img decoding=\"async\" src=\"https:\/\/etab.ac-reunion.fr\/clg-ligne-des-bambous\/wp-content\/uploads\/sites\/107\/2017\/11\/LB0033.jpg\" width=\"220\" \/><\/td>\n<td style=\"text-align: left\"><strong>Coll\u00e8ge de la Ligne des Bambous<\/strong><br \/>\n<strong>37 rue F\u00e9lix Baillif &#8211; Ligne des Bambous<\/strong><br \/>\n<strong>97432 Saint-Pierre<\/strong><br \/>\n<strong>T\u00e9l. : 0262 55 19 30<\/strong><br \/>\n<strong>ce.9741346v@ac-reunion.fr<\/strong><\/td>\n<td><img decoding=\"async\" src=\"https:\/\/etab.ac-reunion.fr\/clg-ligne-des-bambous\/wp-content\/uploads\/sites\/107\/2014\/11\/entree_24.jpg\" \/><\/td>\n<\/tr>\n<\/tbody>\n<\/table>\n<p>&nbsp;<\/p>\n<p>&nbsp;<\/p>\n<p><img decoding=\"async\" class=\"aligncenter\" src=\"https:\/\/etab.ac-reunion.fr\/clg-ligne-des-bambous\/wp-content\/uploads\/sites\/107\/2018\/06\/clg_bambous.png\" \/><\/p>\n<p style=\"text-align: center\"><a href=\"https:\/\/www.openstreetmap.org\/#map=15\/-21.3019\/55.5016\" target=\"_blank;\" rel=\"noopener noreferrer\">Openstreetmap.org<\/a><\/p>\n","protected":false},"excerpt":{"rendered":"<p>Coll\u00e8ge de la Ligne des Bambous 37 rue F\u00e9lix Baillif &#8211; Ligne des Bambous 97432 Saint-Pierre T\u00e9l. : 0262 55 19 30 ce.9741346v@ac-reunion.fr &nbsp; &nbsp; Openstreetmap.org<\/p>\n<p class=\"continue-reading-button\"> <a class=\"continue-reading-link\" href=\"https:\/\/etab.ac-reunion.fr\/clg-ligne-des-bambous\/accueil\/\">Pour continuer \u00e0 lire<i class=\"crycon-right-dir\"><\/i><\/a><\/p>\n","protected":false},"author":3859,"featured_media":0,"parent":0,"menu_order":1,"comment_status":"open","ping_status":"closed","template":"","meta":{"footnotes":""},"class_list":["post-163","page","type-page","status-publish","hentry"],"_links":{"self":[{"href":"https:\/\/etab.ac-reunion.fr\/clg-ligne-des-bambous\/wp-json\/wp\/v2\/pages\/163","targetHints":{"allow":["GET"]}}],"collection":[{"href":"https:\/\/etab.ac-reunion.fr\/clg-ligne-des-bambous\/wp-json\/wp\/v2\/pages"}],"about":[{"href":"https:\/\/etab.ac-reunion.fr\/clg-ligne-des-bambous\/wp-json\/wp\/v2\/types\/page"}],"author":[{"embeddable":true,"href":"https:\/\/etab.ac-reunion.fr\/clg-ligne-des-bambous\/wp-json\/wp\/v2\/users\/3859"}],"replies":[{"embeddable":true,"href":"https:\/\/etab.ac-reunion.fr\/clg-ligne-des-bambous\/wp-json\/wp\/v2\/comments?post=163"}],"version-history":[{"count":91,"href":"https:\/\/etab.ac-reunion.fr\/clg-ligne-des-bambous\/wp-json\/wp\/v2\/pages\/163\/revisions"}],"predecessor-version":[{"id":2495,"href":"https:\/\/etab.ac-reunion.fr\/clg-ligne-des-bambous\/wp-json\/wp\/v2\/pages\/163\/revisions\/2495"}],"wp:attachment":[{"href":"https:\/\/etab.ac-reunion.fr\/clg-ligne-des-bambous\/wp-json\/wp\/v2\/media?parent=163"}],"curies":[{"name":"wp","href":"https:\/\/api.w.org\/{rel}","templated":true}]}}