{"id":2212,"date":"2019-02-28T13:51:14","date_gmt":"2019-02-28T09:51:14","guid":{"rendered":"http:\/\/college-ligne-bambous.ac-reunion.fr\/?page_id=2212"},"modified":"2019-03-01T10:16:08","modified_gmt":"2019-03-01T06:16:08","slug":"contacts","status":"publish","type":"page","link":"https:\/\/etab.ac-reunion.fr\/clg-ligne-des-bambous\/contacts\/","title":{"rendered":"Contacts"},"content":{"rendered":"<table style=\"height: 189px\" width=\"997\">\n<tbody>\n<tr>\n<td><img decoding=\"async\" src=\"https:\/\/etab.ac-reunion.fr\/clg-ligne-des-bambous\/wp-content\/uploads\/sites\/107\/2017\/11\/LB0033.jpg\" width=\"220\" \/><\/td>\n<td style=\"text-align: left\"><strong>Coll\u00e8ge de la Ligne des Bambous<\/strong><br \/>\n<strong>37 rue F\u00e9lix Baillif &#8211; Ligne des Bambous<\/strong><br \/>\n<strong>97432 Saint-Pierre<\/strong><br \/>\n<strong>T\u00e9l. : 0262 55 19 30<\/strong><br \/>\n<strong>ce.9741346v@ac-reunion.fr<\/strong><\/td>\n<td><img decoding=\"async\" src=\"https:\/\/etab.ac-reunion.fr\/clg-ligne-des-bambous\/wp-content\/uploads\/sites\/107\/2014\/11\/entree_24.jpg\" \/><\/td>\n<\/tr>\n<\/tbody>\n<\/table>\n<p>&nbsp;<\/p>\n<p><img decoding=\"async\" class=\"aligncenter\" src=\"https:\/\/etab.ac-reunion.fr\/clg-ligne-des-bambous\/wp-content\/uploads\/sites\/107\/2018\/06\/clg_bambous.png\" \/><\/p>\n<p style=\"text-align: center\"><a href=\"https:\/\/www.openstreetmap.org\/#map=15\/-21.3019\/55.5016\" target=\"_blank;\">Openstreetmap.org<\/a><\/p>\n<p style=\"text-align: center\">Nous accueillerons avec reconnaissance vos remarques et suggestions concernant le site de notre \u00e9tablissement dans la mesure o\u00f9 elles sont exprim\u00e9es avec tact et consid\u00e9ration&#8230; <\/p>\n\n<div class=\"wpcf7 no-js\" id=\"wpcf7-f2223-o1\" lang=\"fr-FR\" dir=\"ltr\" data-wpcf7-id=\"2223\">\n<div class=\"screen-reader-response\"><p role=\"status\" aria-live=\"polite\" aria-atomic=\"true\"><\/p> <ul><\/ul><\/div>\n<form action=\"\/clg-ligne-des-bambous\/wp-json\/wp\/v2\/pages\/2212#wpcf7-f2223-o1\" method=\"post\" class=\"wpcf7-form init\" aria-label=\"Formulaire de contact\" novalidate=\"novalidate\" data-status=\"init\">\n<fieldset class=\"hidden-fields-container\"><input type=\"hidden\" name=\"_wpcf7\" value=\"2223\" \/><input type=\"hidden\" name=\"_wpcf7_version\" value=\"6.1.5\" \/><input type=\"hidden\" name=\"_wpcf7_locale\" value=\"fr_FR\" \/><input type=\"hidden\" name=\"_wpcf7_unit_tag\" value=\"wpcf7-f2223-o1\" \/><input type=\"hidden\" name=\"_wpcf7_container_post\" value=\"0\" \/><input type=\"hidden\" name=\"_wpcf7_posted_data_hash\" value=\"\" \/>\n<\/fieldset>\n<p><label> Votre nom (obligatoire)<br \/>\n<span class=\"wpcf7-form-control-wrap\" data-name=\"your-name\"><input size=\"40\" maxlength=\"400\" class=\"wpcf7-form-control wpcf7-text wpcf7-validates-as-required\" aria-required=\"true\" aria-invalid=\"false\" value=\"\" type=\"text\" name=\"your-name\" \/><\/span> <\/label>\n<\/p>\n<p><label> Votre adresse de messagerie (obligatoire)<br \/>\n<span class=\"wpcf7-form-control-wrap\" data-name=\"your-email\"><input size=\"40\" maxlength=\"400\" class=\"wpcf7-form-control wpcf7-email wpcf7-validates-as-required wpcf7-text wpcf7-validates-as-email\" aria-required=\"true\" aria-invalid=\"false\" value=\"\" type=\"email\" name=\"your-email\" \/><\/span> <\/label>\n<\/p>\n<p><label> Objet<br \/>\n<span class=\"wpcf7-form-control-wrap\" data-name=\"your-subject\"><input size=\"40\" maxlength=\"400\" class=\"wpcf7-form-control wpcf7-text\" aria-invalid=\"false\" value=\"\" type=\"text\" name=\"your-subject\" \/><\/span> <\/label>\n<\/p>\n<p><label> Votre message<br \/>\n<span class=\"wpcf7-form-control-wrap\" data-name=\"your-message\"><textarea cols=\"40\" rows=\"10\" maxlength=\"2000\" class=\"wpcf7-form-control wpcf7-textarea\" aria-invalid=\"false\" name=\"your-message\"><\/textarea><\/span> <\/label>\n<\/p>\n<p><input class=\"wpcf7-form-control wpcf7-submit has-spinner\" type=\"submit\" value=\"Envoyer\" \/>\n<\/p>\n<p><span id=\"wpcf7-69dfde28d23aa-wrapper\" class=\"wpcf7-form-control-wrap businessemail-wrap\" style=\"display:none !important; visibility:hidden !important;\"><label for=\"wpcf7-69dfde28d23aa-field\" class=\"hp-message\">Veuillez laisser ce champ vide.<\/label><input id=\"wpcf7-69dfde28d23aa-field\"  class=\"wpcf7-form-control wpcf7-text\" type=\"text\" name=\"businessemail\" value=\"\" size=\"40\" tabindex=\"-1\" autocomplete=\"new-password\" \/><\/span>\n<\/p><div class=\"wpcf7-response-output\" aria-hidden=\"true\"><\/div>\n<\/form>\n<\/div>\n\n","protected":false},"excerpt":{"rendered":"<p>Coll\u00e8ge de la Ligne des Bambous 37 rue F\u00e9lix Baillif &#8211; Ligne des Bambous 97432 Saint-Pierre T\u00e9l. : 0262 55 19 30 ce.9741346v@ac-reunion.fr &nbsp; Openstreetmap.org Nous accueillerons avec reconnaissance vos remarques et suggestions concernant le site de notre \u00e9tablissement dans la mesure o\u00f9 elles sont exprim\u00e9es avec tact et consid\u00e9ration&#8230;<\/p>\n<p class=\"continue-reading-button\"> <a class=\"continue-reading-link\" href=\"https:\/\/etab.ac-reunion.fr\/clg-ligne-des-bambous\/contacts\/\">Pour continuer \u00e0 lire<i class=\"crycon-right-dir\"><\/i><\/a><\/p>\n","protected":false},"author":16631,"featured_media":0,"parent":0,"menu_order":0,"comment_status":"closed","ping_status":"closed","template":"","meta":{"footnotes":""},"class_list":["post-2212","page","type-page","status-publish","hentry"],"_links":{"self":[{"href":"https:\/\/etab.ac-reunion.fr\/clg-ligne-des-bambous\/wp-json\/wp\/v2\/pages\/2212","targetHints":{"allow":["GET"]}}],"collection":[{"href":"https:\/\/etab.ac-reunion.fr\/clg-ligne-des-bambous\/wp-json\/wp\/v2\/pages"}],"about":[{"href":"https:\/\/etab.ac-reunion.fr\/clg-ligne-des-bambous\/wp-json\/wp\/v2\/types\/page"}],"author":[{"embeddable":true,"href":"https:\/\/etab.ac-reunion.fr\/clg-ligne-des-bambous\/wp-json\/wp\/v2\/users\/16631"}],"replies":[{"embeddable":true,"href":"https:\/\/etab.ac-reunion.fr\/clg-ligne-des-bambous\/wp-json\/wp\/v2\/comments?post=2212"}],"version-history":[{"count":3,"href":"https:\/\/etab.ac-reunion.fr\/clg-ligne-des-bambous\/wp-json\/wp\/v2\/pages\/2212\/revisions"}],"predecessor-version":[{"id":2226,"href":"https:\/\/etab.ac-reunion.fr\/clg-ligne-des-bambous\/wp-json\/wp\/v2\/pages\/2212\/revisions\/2226"}],"wp:attachment":[{"href":"https:\/\/etab.ac-reunion.fr\/clg-ligne-des-bambous\/wp-json\/wp\/v2\/media?parent=2212"}],"curies":[{"name":"wp","href":"https:\/\/api.w.org\/{rel}","templated":true}]}}