{"id":253,"date":"2014-11-22T16:36:57","date_gmt":"2014-11-22T12:36:57","guid":{"rendered":"http:\/\/college-ligne-bambous.ac-reunion.fr\/?page_id=253"},"modified":"2017-10-12T10:58:09","modified_gmt":"2017-10-12T06:58:09","slug":"la-segpa","status":"publish","type":"page","link":"https:\/\/etab.ac-reunion.fr\/clg-ligne-des-bambous\/la-segpa\/","title":{"rendered":"La SEGPA"},"content":{"rendered":"<p style=\"text-align: justify\">La Section d\u2019Enseignement G\u00e9n\u00e9ral et Professionnel Adapt\u00e9 (Segpa) accueille des \u00e9l\u00e8ves pr\u00e9sentant des difficult\u00e9s scolaires graves et durables auxquelles n\u2019ont pu rem\u00e9dier les actions de pr\u00e9vention, d\u2019aide et de soutien et l\u2019allongement des cycles, \u00e0 l\u2019\u00e9cole primaire.<br \/>\nLes \u00e9l\u00e8ves ne ma\u00eetrisent pas toutes les comp\u00e9tences et connaissances d\u00e9finies dans le socle commun, attendues \u00e0 la fin du cycle des apprentissages fondamentaux (CE1) et pr\u00e9sentent \u00e0 fortiori des lacunes importantes dans l\u2019acquisition de celles pr\u00e9vues \u00e0 l\u2019issue du cycle des approfondissements (CM2).<br \/>\nCes \u00e9l\u00e8ves pr\u00e9sentent sur le plan de l\u2019efficience intellectuelle des difficult\u00e9s et des perturbations qui ne peuvent \u00eatre surmont\u00e9es ou att\u00e9nu\u00e9es que sur plusieurs ann\u00e9es et qui, sans relever du retard mental, se traduisent par des incapacit\u00e9s et des d\u00e9savantages.<br \/>\nCes coll\u00e9giens qui re\u00e7oivent un enseignement adapt\u00e9 participent comme tous les autres coll\u00e9giens \u00e0 la vie de l\u2019\u00e9tablissement et aux activit\u00e9s communes du coll\u00e8ge : CDI, clubs, foyer socio-\u00e9ducatif, association sportive, travaux des d\u00e9l\u00e9gu\u00e9s, actions \u00e9ducatives&#8230;<\/p>\n<p>Pour plus d\u00e9tails concernant la Segpa, consultez notre <a href=\"https:\/\/etab.ac-reunion.fr\/clg-ligne-des-bambous\/wp-content\/uploads\/sites\/107\/2017\/10\/Segpa.pdf\">document pdf<\/a>&#8230;<\/p>\n","protected":false},"excerpt":{"rendered":"<p>La Section d\u2019Enseignement G\u00e9n\u00e9ral et Professionnel Adapt\u00e9 (Segpa) accueille des \u00e9l\u00e8ves pr\u00e9sentant des difficult\u00e9s scolaires graves et durables auxquelles n\u2019ont pu rem\u00e9dier les actions de pr\u00e9vention, d\u2019aide et de soutien et l\u2019allongement des cycles, \u00e0 l\u2019\u00e9cole primaire. Les \u00e9l\u00e8ves ne ma\u00eetrisent pas toutes les comp\u00e9tences et connaissances d\u00e9finies dans le\u2026<\/p>\n<p class=\"continue-reading-button\"> <a class=\"continue-reading-link\" href=\"https:\/\/etab.ac-reunion.fr\/clg-ligne-des-bambous\/la-segpa\/\">Pour continuer \u00e0 lire<i class=\"crycon-right-dir\"><\/i><\/a><\/p>\n","protected":false},"author":3859,"featured_media":0,"parent":0,"menu_order":1,"comment_status":"open","ping_status":"open","template":"","meta":{"footnotes":""},"class_list":["post-253","page","type-page","status-publish","hentry"],"_links":{"self":[{"href":"https:\/\/etab.ac-reunion.fr\/clg-ligne-des-bambous\/wp-json\/wp\/v2\/pages\/253","targetHints":{"allow":["GET"]}}],"collection":[{"href":"https:\/\/etab.ac-reunion.fr\/clg-ligne-des-bambous\/wp-json\/wp\/v2\/pages"}],"about":[{"href":"https:\/\/etab.ac-reunion.fr\/clg-ligne-des-bambous\/wp-json\/wp\/v2\/types\/page"}],"author":[{"embeddable":true,"href":"https:\/\/etab.ac-reunion.fr\/clg-ligne-des-bambous\/wp-json\/wp\/v2\/users\/3859"}],"replies":[{"embeddable":true,"href":"https:\/\/etab.ac-reunion.fr\/clg-ligne-des-bambous\/wp-json\/wp\/v2\/comments?post=253"}],"version-history":[{"count":10,"href":"https:\/\/etab.ac-reunion.fr\/clg-ligne-des-bambous\/wp-json\/wp\/v2\/pages\/253\/revisions"}],"predecessor-version":[{"id":1323,"href":"https:\/\/etab.ac-reunion.fr\/clg-ligne-des-bambous\/wp-json\/wp\/v2\/pages\/253\/revisions\/1323"}],"wp:attachment":[{"href":"https:\/\/etab.ac-reunion.fr\/clg-ligne-des-bambous\/wp-json\/wp\/v2\/media?parent=253"}],"curies":[{"name":"wp","href":"https:\/\/api.w.org\/{rel}","templated":true}]}}