{"id":276,"date":"2014-11-22T17:08:04","date_gmt":"2014-11-22T13:08:04","guid":{"rendered":"http:\/\/college-ligne-bambous.ac-reunion.fr\/?page_id=276"},"modified":"2018-03-11T16:40:11","modified_gmt":"2018-03-11T12:40:11","slug":"le-cdi","status":"publish","type":"page","link":"https:\/\/etab.ac-reunion.fr\/clg-ligne-des-bambous\/le-cdi\/","title":{"rendered":"Le CDI"},"content":{"rendered":"<h3><strong>Les missions de l&rsquo;enseignant documentaliste<\/strong><\/h3>\n<p style=\"text-align: justify\">Choisir, commander, estampiller, coter, cataloguer, indexer, promouvoir toutes sortes de documents, des livres, des revues, des dvd, des cd-roms, des sites internet, des documents en papier et carton, des documents faits de longues suites de z\u00e9ros et de uns, de mani\u00e8re \u00e0 constituer un fonds de nature encyclop\u00e9dique, qui soit le reflet du monde qui nous entoure, et qui r\u00e9ponde \u00e9galement aux d\u00e9sirs, aux envies, aux besoins des \u00e9l\u00e8ves, de leurs \u00e9ducateurs et de leurs enseignants&#8230;<br \/>\nApprendre aux \u00e9l\u00e8ves \u00e0 s&rsquo;orienter l\u00e0-dedans, \u00e0 trouver une aiguille dans une botte de foin, apprendre \u00e0 chercher donc, et m\u00eame parfois \u00e0 trouver !<br \/>\nApprendre aux \u00e9l\u00e8ves \u00e0 r\u00e9pondre aux questions qu&rsquo;ils se posent, ou qu&rsquo;on leur pose, de mani\u00e8re pertinente, et personnelle, dans le respect des r\u00e8gles de notre langue.<br \/>\nPromouvoir la curiosit\u00e9, qui n&rsquo;est pas un vilain d\u00e9faut, oh non, et aussi bien s\u00fbr, le go\u00fbt de lire, des mangas, des bandes dessin\u00e9es, des livres documentaires sur le surf, la physique nucl\u00e9aire, l&rsquo;astronomie, les peintres surr\u00e9alistes, des romans de science-fiction, d&rsquo;heroic fantasy, des polars, des romans d&rsquo;amour, de la po\u00e9sie, du th\u00e9\u00e2tre, tout \u00e7a, tout \u00e7a&#8230;<\/p>\n<p style=\"text-align: center\"><a title=\"maoric de ligne.desbambous, sur Flickr\" href=\"http:\/\/www.flickr.com\/photos\/101271372@N03\/10246226956\/\"><img loading=\"lazy\" decoding=\"async\" src=\"http:\/\/farm4.staticflickr.com\/3683\/10246226956_02c717eb56_n.jpg\" alt=\"maoric\" width=\"320\" height=\"288\" \/><\/a><\/p>\n<p style=\"text-align: center\"><strong>Le CDI est \u00e9galement un espace d&rsquo;apprentissage de la vie en soci\u00e9t\u00e9 !<\/strong><\/p>\n<h3><strong>Le r\u00e8glement du CDI<\/strong><\/h3>\n<p style=\"text-align: center\"><a title=\"moiseOK de ligne.desbambous, sur Flickr\" href=\"http:\/\/www.flickr.com\/photos\/101271372@N03\/10271407233\/\"><img loading=\"lazy\" decoding=\"async\" src=\"http:\/\/farm8.staticflickr.com\/7404\/10271407233_7a33ec29da_n.jpg\" alt=\"moiseOK\" width=\"259\" height=\"320\" \/><\/a><\/p>\n<p style=\"text-align: justify\">On peut aller au CDI quand on a une heure d&rsquo;\u00e9tude r\u00e9guli\u00e8re ou un professeur absent.<br \/>\nMais c&rsquo;est le documentaliste et personne d&rsquo;autre, qui d\u00e9cide si l&rsquo;on peut venir ou pas.<\/p>\n<p>On peut venir au CDI pour lire, pour faire ses devoirs, une recherche personnelle ou demand\u00e9e par un professeur&#8230;<br \/>\nIl y a d&rsquo;autres raisons de venir, on peut avoir envie de venir au CDI pour bavarder entre camarades ou pour se reposer.<br \/>\nMais les trois bonnes raisons de venir sont les trois premi\u00e8res : lire, faire son travail scolaire, faire une recherche.<br \/>\nSi vous venez pour autre chose, vous serez aussi les bienvenu(e)s. Mais vous devrez tout de m\u00eame vous conformer au r\u00e8glement que voil\u00e0 :<\/p>\n<p>Quand on entre au CDI, on doit d&rsquo;abord poser son sac.<br \/>\nEnsuite, on s&rsquo;inscrit sur l&rsquo;ordinateur. Cet ordinateur ne sert seulement qu&rsquo;\u00e0 s&rsquo;inscrire. Il est interdit de l&rsquo;utiliser pour faire autre chose.<br \/>\nUne fois qu&rsquo;on s&rsquo;est inscrit, on s&rsquo;installe quelque part. On peut bouger, fl\u00e2ner, errer dans les rayons, mais toujours, on revient l\u00e0 o\u00f9 on s&rsquo;est install\u00e9. Comme un bateau qui reviendrait au port, entre chaque voyage&#8230;<br \/>\nOn peut parler, mais pas \u00e0 voix haute.<br \/>\nOn peut marcher, mais pas courir.<br \/>\nComme dans tous les autres lieux du coll\u00e8ge, on doit se comporter en \u00eatre humain respectueux des autres et du bien collectif.<br \/>\nPas de bousculade, pas de grossi\u00e8ret\u00e9s, pas de bagarre, pas de jeux dangereux.<br \/>\nOn se respecte.<br \/>\nOn manipule les documents avec le plus grand soin, on prend garde de ne pas ab\u00eemer le mobilier.<br \/>\nOn respecte ce qui appartient \u00e0 tous : le bien collectif.<\/p>\n<p style=\"text-align: center\"><a title=\"boxeurs_gericaultOK de ligne.desbambous, sur Flickr\" href=\"http:\/\/www.flickr.com\/photos\/101271372@N03\/10271406953\/\"><img loading=\"lazy\" decoding=\"async\" src=\"http:\/\/farm3.staticflickr.com\/2825\/10271406953_afd972baac_n.jpg\" alt=\"boxeurs_gericaultOK\" width=\"285\" height=\"450\" \/><\/a><\/p>\n<p style=\"text-align: justify\">On s&rsquo;efforce \u00e9galement de remettre les documents l\u00e0 o\u00f9 ils doivent se trouver.<\/p>\n<p>De l&rsquo;usage des ordinateurs en g\u00e9n\u00e9ral et de l&rsquo;Internet en particulier :<br \/>\nOn ne se pr\u00e9cipite pas sur les ordinateurs sans avoir d&rsquo;abord demand\u00e9 la permission de les utiliser.<br \/>\nSi on veut utiliser un ordinateur, alors il faut dire avec la plus grande pr\u00e9cision ce que l&rsquo;on va en faire.<br \/>\nEt surtout, on ne fait pas autre chose que le truc qu&rsquo;on a dit qu&rsquo;on allait faire.<br \/>\nJe r\u00e9p\u00e8te :<br \/>\nOn dit ce que l&rsquo;on va faire. On fait ce que l&rsquo;on a dit.<\/p>\n<p>A certaines heures de la journ\u00e9e, en fonction de param\u00e8tres assez myst\u00e9rieux, vitesse du vent, \u00e2ge du capitaine, alignement particulier des plan\u00e8tes, il se pourrait qu&rsquo;on vous autorise \u00e0 faire autre chose que de la pure recherche documentaire sur les stations de travail du CDI.<br \/>\nN&rsquo;oubliez pas, durant ces rares instants, qu&rsquo;il vous faut n\u00e9anmoins vous comporter en \u00e9l\u00e8ves responsables : pas de vid\u00e9os ou de jeux violents, cruels, pornographiques, incitant \u00e0 la haine raciale, au sexisme, etc&#8230;<br \/>\nPosez-vous la question de savoir si ce que vous faites sur le net est compatible avec votre morale \u00e0 vous, et aussi, s&rsquo;il est acceptable de faire ce que vous faites&#8230; au coll\u00e8ge.<br \/>\nSi la r\u00e9ponse est douteuse, il n&rsquo;y a que trois possibilit\u00e9s :<br \/>\nDemander au documentaliste ce qu&rsquo;il en pense,<br \/>\nchanger imm\u00e9diatement de site,<br \/>\nd\u00e9crocher compl\u00e8tement de l&rsquo;ordinateur&#8230;<\/p>\n<p>L&rsquo;usage de tout appareil \u00e9lectronique, \u00e0 l&rsquo;exception \u00e9vidente des stations de travail du CDI, est strictement interdit. Les portables, GSM, smartphones et autres proth\u00e8ses \u00e9lectroniques doivent rester dans vos sacs et n&rsquo;en sortir sous aucun pr\u00e9texte, sauf demande justifi\u00e9e aupr\u00e8s du documentaliste.<\/p>\n<p>Bon, c&rsquo;est tout pour l&rsquo;instant. S&rsquo;il me revient d&rsquo;autres trucs, je les rajouterai plus tard&#8230;<\/p>\n<p><strong>Les conditions de pr\u00eat<\/strong><\/p>\n<p style=\"text-align: justify\">La plupart des documents du CDI peuvent \u00eatre emprunt\u00e9s. Les oeuvres de fiction (romans, contes, nouvelles, pi\u00e8ces de th\u00e9\u00e2tre&#8230;) pour deux semaines, les documentaires (livres, brochures, p\u00e9riodiques&#8230;) et les bandes dessin\u00e9es, pour une semaine.<br \/>\nToutefois, les dictionnaires, les encyclop\u00e9dies, et d&rsquo;une mani\u00e8re g\u00e9n\u00e9rale, tous les ouvrages volumineux et dot\u00e9s d&rsquo;une masse propice \u00e0 engendrer des d\u00e9formations irr\u00e9parables de la colonne vert\u00e9brale chez nos jeunes \u00e9l\u00e8ves , sont exclus du pr\u00eat.<br \/>\nPour des raisons juridiques, les DVD, les CD-ROM, les CD-audio le sont \u00e9galement&#8230;<br \/>\nC&rsquo;est la vie !<\/p>\n<p style=\"text-align: justify\">Enregistrez vos pr\u00eats au bureau du CDI. Quand vous rapportez un document, ne le rangez pas sur les rayonnages sans rien dire \u00e0 personne ! Confiez-le aux mains expertes du personnel du CDI.<\/p>\n<p style=\"text-align: justify\">Si vous partez en voyage, sur l&rsquo;\u00eele d&rsquo;\u00e0 c\u00f4t\u00e9, en m\u00e9tropole, ou aux confins du syst\u00e8me solaire, mieux vaut laisser le bouquin <em>at home<\/em> !<\/p>\n<p style=\"text-align: center\"><strong>ET NE L&rsquo;OUBLIEZ PAS NON PLUS DANS LA NICHE DU CHIEN !!!<\/strong><\/p>\n<p style=\"text-align: center\"><a title=\"chien3 de ligne.desbambous, sur Flickr\" href=\"http:\/\/www.flickr.com\/photos\/101271372@N03\/9672221414\/\"><img loading=\"lazy\" decoding=\"async\" src=\"http:\/\/farm4.staticflickr.com\/3808\/9672221414_8aa3c5238b_n.jpg\" alt=\"chien3\" width=\"320\" height=\"220\" \/><\/a><\/p>\n","protected":false},"excerpt":{"rendered":"<p>Les missions de l&rsquo;enseignant documentaliste Choisir, commander, estampiller, coter, cataloguer, indexer, promouvoir toutes sortes de documents, des livres, des revues, des dvd, des cd-roms, des sites internet, des documents en papier et carton, des documents faits de longues suites de z\u00e9ros et de uns, de mani\u00e8re \u00e0 constituer un fonds\u2026<\/p>\n<p class=\"continue-reading-button\"> <a class=\"continue-reading-link\" href=\"https:\/\/etab.ac-reunion.fr\/clg-ligne-des-bambous\/le-cdi\/\">Pour continuer \u00e0 lire<i class=\"crycon-right-dir\"><\/i><\/a><\/p>\n","protected":false},"author":3859,"featured_media":0,"parent":0,"menu_order":2,"comment_status":"open","ping_status":"open","template":"","meta":{"footnotes":""},"class_list":["post-276","page","type-page","status-publish","hentry"],"_links":{"self":[{"href":"https:\/\/etab.ac-reunion.fr\/clg-ligne-des-bambous\/wp-json\/wp\/v2\/pages\/276","targetHints":{"allow":["GET"]}}],"collection":[{"href":"https:\/\/etab.ac-reunion.fr\/clg-ligne-des-bambous\/wp-json\/wp\/v2\/pages"}],"about":[{"href":"https:\/\/etab.ac-reunion.fr\/clg-ligne-des-bambous\/wp-json\/wp\/v2\/types\/page"}],"author":[{"embeddable":true,"href":"https:\/\/etab.ac-reunion.fr\/clg-ligne-des-bambous\/wp-json\/wp\/v2\/users\/3859"}],"replies":[{"embeddable":true,"href":"https:\/\/etab.ac-reunion.fr\/clg-ligne-des-bambous\/wp-json\/wp\/v2\/comments?post=276"}],"version-history":[{"count":24,"href":"https:\/\/etab.ac-reunion.fr\/clg-ligne-des-bambous\/wp-json\/wp\/v2\/pages\/276\/revisions"}],"predecessor-version":[{"id":1679,"href":"https:\/\/etab.ac-reunion.fr\/clg-ligne-des-bambous\/wp-json\/wp\/v2\/pages\/276\/revisions\/1679"}],"wp:attachment":[{"href":"https:\/\/etab.ac-reunion.fr\/clg-ligne-des-bambous\/wp-json\/wp\/v2\/media?parent=276"}],"curies":[{"name":"wp","href":"https:\/\/api.w.org\/{rel}","templated":true}]}}