{"id":2948,"date":"2020-11-09T10:10:56","date_gmt":"2020-11-09T06:10:56","guid":{"rendered":"http:\/\/college-ligne-bambous.ac-reunion.fr\/?page_id=2948"},"modified":"2020-11-10T08:48:51","modified_gmt":"2020-11-10T04:48:51","slug":"le-collectif-des-parents-deleves-du-college-de-la-ligne-des-bambous","status":"publish","type":"page","link":"https:\/\/etab.ac-reunion.fr\/clg-ligne-des-bambous\/le-collectif-des-parents-deleves-du-college-de-la-ligne-des-bambous\/","title":{"rendered":"Le collectif des parents d&rsquo;\u00e9l\u00e8ves du Coll\u00e8ge de la Ligne des Bambous"},"content":{"rendered":"<p><img decoding=\"async\" class=\"aligncenter\" src=\"https:\/\/etab.ac-reunion.fr\/clg-ligne-des-bambous\/wp-content\/uploads\/sites\/107\/2020\/11\/bambous.jpg\" \/><\/p>\n<p align=\"JUSTIFY\"><span style=\"font-family: Calibri, serif\"><span style=\"font-size: medium\"><span lang=\"fr-RE\"><b>Notre r\u00f4le<\/b><\/span><\/span><\/span><span style=\"font-family: Calibri, serif\"><span lang=\"fr-RE\">\u00a0: <\/span><\/span><\/p>\n<p align=\"JUSTIFY\"><span style=\"font-family: Calibri, serif\"><span lang=\"fr-RE\">\u00catre \u00e0 l\u2019\u00e9coute de tous les parents pour les repr\u00e9senter au mieux dans les instances suivantes\u00a0:<\/span><\/span><\/p>\n<ul>\n<li>\n<p align=\"JUSTIFY\"><span style=\"font-family: Calibri, serif\"><span lang=\"fr-RE\">Les Conseils d\u2019Administration pour par exemple adopter le projet de l\u2019\u00e9tablissement, le r\u00e8glement int\u00e9rieur, sans oublier le budget.<\/span><\/span><\/p>\n<\/li>\n<li>\n<p align=\"JUSTIFY\"><span style=\"font-family: Calibri, serif\"><span lang=\"fr-RE\">Les diff\u00e9rentes commissions et conseils comme Commission d\u2019\u00e9ducation \u00e0 la sant\u00e9 et \u00e0 la citoyennet\u00e9, la commission hygi\u00e8ne et s\u00e9curit\u00e9, le conseil de discipline.<\/span><\/span><\/p>\n<\/li>\n<li>\n<p align=\"JUSTIFY\"><span style=\"font-family: Calibri, serif\"><span lang=\"fr-RE\">Servir de lien entre vous parents et les diff\u00e9rentes instances du coll\u00e8ge.<\/span><\/span><\/p>\n<\/li>\n<\/ul>\n<p align=\"JUSTIFY\"><span style=\"font-family: Calibri, serif\"><span style=\"font-size: medium\"><span lang=\"fr-RE\"><b>Nos engagements<\/b><\/span><\/span><\/span><span style=\"font-family: Calibri, serif\"><span lang=\"fr-RE\">\u00a0:<\/span><\/span><\/p>\n<ul>\n<li>\n<p align=\"JUSTIFY\"><span style=\"font-family: Calibri, serif\"><span lang=\"fr-RE\">Am\u00e9liorer la s\u00e9curit\u00e9, la qualit\u00e9 de vie et le bien-\u00eatre de nos enfants dans et aux abords du coll\u00e8ge, en tenant compte de vos suggestions,<\/span><\/span><\/p>\n<\/li>\n<li>\n<p align=\"JUSTIFY\"><span style=\"font-family: Calibri, serif\"><span lang=\"fr-RE\">Vous accompagnez dans le suivi des dossiers au sein des diff\u00e9rentes commissions,<\/span><\/span><\/p>\n<\/li>\n<li>\n<p align=\"JUSTIFY\"><span style=\"font-family: Calibri, serif\"><span lang=\"fr-RE\">Faire remonter vos observations, vos remarques,<\/span><\/span><span style=\"font-family: Calibri, serif\"><span lang=\"fr-RE\"> et vous informer des d\u00e9cisions et actions r\u00e9alis\u00e9es dans le coll\u00e8ge,<\/span><\/span><\/p>\n<\/li>\n<li>\n<p align=\"JUSTIFY\"><span style=\"font-family: Calibri, serif\"><span lang=\"fr-RE\">Faciliter les relations et la communication entre parents et personnels de l&rsquo;\u00e9tablissement.<\/span><\/span><\/p>\n<\/li>\n<\/ul>\n<p>&nbsp;<\/p>\n<p><strong>Pour nous contacter :<\/strong><\/p>\n<p>Soit en utilisant notre bo\u00eete aux lettres qui est \u00e0 l&rsquo;accueil du coll\u00e8ge<\/p>\n<p>Soit en nous envoyant un mail \u00e0 : <a href=\"mailto:parentscollegeldb@gmail.com\">parentscollegeldb@gmail.com<\/a><\/p>\n<p>&nbsp;<\/p>\n","protected":false},"excerpt":{"rendered":"<p>Notre r\u00f4le\u00a0: \u00catre \u00e0 l\u2019\u00e9coute de tous les parents pour les repr\u00e9senter au mieux dans les instances suivantes\u00a0: Les Conseils d\u2019Administration pour par exemple adopter le projet de l\u2019\u00e9tablissement, le r\u00e8glement int\u00e9rieur, sans oublier le budget. Les diff\u00e9rentes commissions et conseils comme Commission d\u2019\u00e9ducation \u00e0 la sant\u00e9 et \u00e0 la\u2026<\/p>\n<p class=\"continue-reading-button\"> <a class=\"continue-reading-link\" href=\"https:\/\/etab.ac-reunion.fr\/clg-ligne-des-bambous\/le-collectif-des-parents-deleves-du-college-de-la-ligne-des-bambous\/\">Pour continuer \u00e0 lire<i class=\"crycon-right-dir\"><\/i><\/a><\/p>\n","protected":false},"author":16631,"featured_media":0,"parent":0,"menu_order":0,"comment_status":"closed","ping_status":"closed","template":"","meta":{"footnotes":""},"class_list":["post-2948","page","type-page","status-publish","hentry"],"_links":{"self":[{"href":"https:\/\/etab.ac-reunion.fr\/clg-ligne-des-bambous\/wp-json\/wp\/v2\/pages\/2948","targetHints":{"allow":["GET"]}}],"collection":[{"href":"https:\/\/etab.ac-reunion.fr\/clg-ligne-des-bambous\/wp-json\/wp\/v2\/pages"}],"about":[{"href":"https:\/\/etab.ac-reunion.fr\/clg-ligne-des-bambous\/wp-json\/wp\/v2\/types\/page"}],"author":[{"embeddable":true,"href":"https:\/\/etab.ac-reunion.fr\/clg-ligne-des-bambous\/wp-json\/wp\/v2\/users\/16631"}],"replies":[{"embeddable":true,"href":"https:\/\/etab.ac-reunion.fr\/clg-ligne-des-bambous\/wp-json\/wp\/v2\/comments?post=2948"}],"version-history":[{"count":3,"href":"https:\/\/etab.ac-reunion.fr\/clg-ligne-des-bambous\/wp-json\/wp\/v2\/pages\/2948\/revisions"}],"predecessor-version":[{"id":2956,"href":"https:\/\/etab.ac-reunion.fr\/clg-ligne-des-bambous\/wp-json\/wp\/v2\/pages\/2948\/revisions\/2956"}],"wp:attachment":[{"href":"https:\/\/etab.ac-reunion.fr\/clg-ligne-des-bambous\/wp-json\/wp\/v2\/media?parent=2948"}],"curies":[{"name":"wp","href":"https:\/\/api.w.org\/{rel}","templated":true}]}}