{"id":3135,"date":"2022-04-15T16:51:33","date_gmt":"2022-04-15T12:51:33","guid":{"rendered":"http:\/\/college-quartierfrancais.ac-reunion.fr\/?page_id=3135"},"modified":"2022-09-09T09:26:02","modified_gmt":"2022-09-09T05:26:02","slug":"infirmerie","status":"publish","type":"page","link":"https:\/\/etab.ac-reunion.fr\/clg-lucet-langenier\/infirmerie\/","title":{"rendered":"Infirmerie"},"content":{"rendered":"<p><img loading=\"lazy\" decoding=\"async\" class=\"size-medium wp-image-3407 aligncenter\" src=\"https:\/\/etab.ac-reunion.fr\/clg-lucet-langenier\/wp-content\/uploads\/sites\/25\/2022\/09\/Infirmerie-300x88.jpg\" alt=\"\" width=\"300\" height=\"88\" srcset=\"https:\/\/etab.ac-reunion.fr\/clg-lucet-langenier\/wp-content\/uploads\/sites\/25\/2022\/09\/Infirmerie-300x88.jpg 300w, https:\/\/etab.ac-reunion.fr\/clg-lucet-langenier\/wp-content\/uploads\/sites\/25\/2022\/09\/Infirmerie.jpg 478w\" sizes=\"(max-width: 300px) 100vw, 300px\" \/><\/p>\n<p>L&rsquo;infirmi\u00e8re scolaire est la r\u00e9f\u00e9rente sante\u0301 de l&rsquo;\u00e9tablissement. Elle accueille les \u00e9l\u00e8ves ( bless\u00e9s, malades ou en situation de mal-\u00eatre dans la journ\u00e9e), les soigne et les conseille. Elle g\u00e8re et organise les urgences, suit l&rsquo;\u00e9tat de sant\u00e9 des \u00e9l\u00e8ves ( bilans de d\u00e9pistage, PAI&#8230;). Elle aide \u00e0 l&rsquo;int\u00e9gration des \u00e9l\u00e8ves en situation de handicap ou malades chroniques. Elle organise et anime des actions de pr\u00e9vention et de sensibilisation sur les th\u00e8mes de la sant\u00e9. Son travail se fait en collaboration avec l&rsquo;\u00e9quipe de direction, les CPE, l&rsquo;assistante sociale, les enseignants.<\/p>\n<p>&nbsp;<\/p>\n<p>Elle accueille les \u00e9l\u00e8ves :<\/p>\n<p>&nbsp;<\/p>\n<ul>\n<li>Lundi de 7h45 \u00e0 16h45<\/li>\n<li>Mercredi de 7h45 \u00e0 12h30<\/li>\n<li>Vendredi de de 7h45 \u00e0 16h45<\/li>\n<\/ul>\n","protected":false},"excerpt":{"rendered":"<p>L&rsquo;infirmi\u00e8re scolaire est la r\u00e9f\u00e9rente sante\u0301 de l&rsquo;\u00e9tablissement. Elle accueille les \u00e9l\u00e8ves ( bless\u00e9s, malades ou en situation de mal-\u00eatre dans la journ\u00e9e), les soigne et les conseille. Elle g\u00e8re et organise les urgences, suit l&rsquo;\u00e9tat de sant\u00e9 des \u00e9l\u00e8ves ( bilans de d\u00e9pistage, PAI&#8230;). Elle aide \u00e0 l&rsquo;int\u00e9gration des \u00e9l\u00e8ves en situation de handicap [&hellip;]<\/p>\n","protected":false},"author":28098,"featured_media":0,"parent":0,"menu_order":0,"comment_status":"closed","ping_status":"closed","template":"","meta":{"_et_pb_use_builder":"","_et_pb_old_content":"","_et_gb_content_width":"","footnotes":""},"class_list":["post-3135","page","type-page","status-publish","hentry"],"_links":{"self":[{"href":"https:\/\/etab.ac-reunion.fr\/clg-lucet-langenier\/wp-json\/wp\/v2\/pages\/3135","targetHints":{"allow":["GET"]}}],"collection":[{"href":"https:\/\/etab.ac-reunion.fr\/clg-lucet-langenier\/wp-json\/wp\/v2\/pages"}],"about":[{"href":"https:\/\/etab.ac-reunion.fr\/clg-lucet-langenier\/wp-json\/wp\/v2\/types\/page"}],"author":[{"embeddable":true,"href":"https:\/\/etab.ac-reunion.fr\/clg-lucet-langenier\/wp-json\/wp\/v2\/users\/28098"}],"replies":[{"embeddable":true,"href":"https:\/\/etab.ac-reunion.fr\/clg-lucet-langenier\/wp-json\/wp\/v2\/comments?post=3135"}],"version-history":[{"count":5,"href":"https:\/\/etab.ac-reunion.fr\/clg-lucet-langenier\/wp-json\/wp\/v2\/pages\/3135\/revisions"}],"predecessor-version":[{"id":3408,"href":"https:\/\/etab.ac-reunion.fr\/clg-lucet-langenier\/wp-json\/wp\/v2\/pages\/3135\/revisions\/3408"}],"wp:attachment":[{"href":"https:\/\/etab.ac-reunion.fr\/clg-lucet-langenier\/wp-json\/wp\/v2\/media?parent=3135"}],"curies":[{"name":"wp","href":"https:\/\/api.w.org\/{rel}","templated":true}]}}