{"id":3137,"date":"2022-04-15T16:51:34","date_gmt":"2022-04-15T12:51:34","guid":{"rendered":"http:\/\/college-quartierfrancais.ac-reunion.fr\/?page_id=3137"},"modified":"2022-09-17T15:15:31","modified_gmt":"2022-09-17T11:15:31","slug":"psyen","status":"publish","type":"page","link":"https:\/\/etab.ac-reunion.fr\/clg-lucet-langenier\/psyen\/","title":{"rendered":"PSYEN"},"content":{"rendered":"<p><img loading=\"lazy\" decoding=\"async\" class=\"size-medium wp-image-3523 aligncenter\" src=\"https:\/\/etab.ac-reunion.fr\/clg-lucet-langenier\/wp-content\/uploads\/sites\/25\/2022\/09\/PSYEN-267x300.png\" alt=\"\" width=\"267\" height=\"300\" srcset=\"https:\/\/etab.ac-reunion.fr\/clg-lucet-langenier\/wp-content\/uploads\/sites\/25\/2022\/09\/PSYEN-267x300.png 267w, https:\/\/etab.ac-reunion.fr\/clg-lucet-langenier\/wp-content\/uploads\/sites\/25\/2022\/09\/PSYEN.png 420w\" sizes=\"(max-width: 267px) 100vw, 267px\" \/><\/p>\n<p>Le psychologue \u00c9ducation Nationale du coll\u00e8ge contribue a\u0300 l\u2019aide, a\u0300 l\u2019adaptation et a\u0300 la r\u00e9ussite de tous les \u00e9l\u00e8ves (difficult\u00e9s scolaires, personnelles, familiales, psychologiques), en collaboration avec les \u00e9quipes p\u00e9dagogiques. Il assure des permanences le mardi matin et jeudi apr\u00e8s-midi.<\/p>\n<p>Vous pouvez prendre rendez-vous directement\u00a0aupr\u00e8s du Psy EN durant ses permanences.<\/p>\n","protected":false},"excerpt":{"rendered":"<p>Le psychologue \u00c9ducation Nationale du coll\u00e8ge contribue a\u0300 l\u2019aide, a\u0300 l\u2019adaptation et a\u0300 la r\u00e9ussite de tous les \u00e9l\u00e8ves (difficult\u00e9s scolaires, personnelles, familiales, psychologiques), en collaboration avec les \u00e9quipes p\u00e9dagogiques. Il assure des permanences le mardi matin et jeudi apr\u00e8s-midi. Vous pouvez prendre rendez-vous directement\u00a0aupr\u00e8s du Psy EN durant ses permanences.<\/p>\n","protected":false},"author":28098,"featured_media":0,"parent":0,"menu_order":0,"comment_status":"closed","ping_status":"closed","template":"","meta":{"_et_pb_use_builder":"","_et_pb_old_content":"","_et_gb_content_width":"","footnotes":""},"class_list":["post-3137","page","type-page","status-publish","hentry"],"_links":{"self":[{"href":"https:\/\/etab.ac-reunion.fr\/clg-lucet-langenier\/wp-json\/wp\/v2\/pages\/3137","targetHints":{"allow":["GET"]}}],"collection":[{"href":"https:\/\/etab.ac-reunion.fr\/clg-lucet-langenier\/wp-json\/wp\/v2\/pages"}],"about":[{"href":"https:\/\/etab.ac-reunion.fr\/clg-lucet-langenier\/wp-json\/wp\/v2\/types\/page"}],"author":[{"embeddable":true,"href":"https:\/\/etab.ac-reunion.fr\/clg-lucet-langenier\/wp-json\/wp\/v2\/users\/28098"}],"replies":[{"embeddable":true,"href":"https:\/\/etab.ac-reunion.fr\/clg-lucet-langenier\/wp-json\/wp\/v2\/comments?post=3137"}],"version-history":[{"count":6,"href":"https:\/\/etab.ac-reunion.fr\/clg-lucet-langenier\/wp-json\/wp\/v2\/pages\/3137\/revisions"}],"predecessor-version":[{"id":3524,"href":"https:\/\/etab.ac-reunion.fr\/clg-lucet-langenier\/wp-json\/wp\/v2\/pages\/3137\/revisions\/3524"}],"wp:attachment":[{"href":"https:\/\/etab.ac-reunion.fr\/clg-lucet-langenier\/wp-json\/wp\/v2\/media?parent=3137"}],"curies":[{"name":"wp","href":"https:\/\/api.w.org\/{rel}","templated":true}]}}