{"id":108,"date":"2014-06-09T13:02:59","date_gmt":"2014-06-09T12:02:59","guid":{"rendered":"http:\/\/college-mahe-labourdonnais.ac-reunion.fr\/?page_id=108"},"modified":"2022-05-09T19:58:29","modified_gmt":"2022-05-09T15:58:29","slug":"presentation-du-college","status":"publish","type":"page","link":"https:\/\/etab.ac-reunion.fr\/clg-mahe-de-labourdonnais\/presentation-du-college\/","title":{"rendered":"Pr\u00e9sentation du Coll\u00e8ge"},"content":{"rendered":"<p>Le coll\u00e8ge, qui porte le nom de <b>Bertrand Fran\u00e7ois Mah\u00e9 de La Bourdonnais<\/b>, gouverneur de l\u2019ile Bourbon et des Mascareignes de 1735 \u00e0 1747, a ouvert ses portes le 18 mars 1977. C\u2019est l\u2019un des premiers coll\u00e8ges qui s\u2019est construit \u00e0 l\u2019entr\u00e9e Est de la commune de st Denis dans une zone industrielle \u00e0 proximit\u00e9 du quartier surnomm\u00e9 \u00ab\u00a0La Jama\u00efque.\u00a0\u00bb L\u2019\u00e9tablissement occupe une superficie de 2,5 hectares \u00e0 proximit\u00e9 du littoral dans une impasse calme.<\/p>\n<p>La r\u00e9habilitation et les travaux dont le coll\u00e8ge b\u00e9n\u00e9ficie depuis la rentr\u00e9e 2012 offrent des salles et des b\u00e2timents r\u00e9nov\u00e9s. L&rsquo;\u00e9tablissement a particip\u00e9 au concours d\u00e9partemental \u00ab\u00a0Coll\u00e8ge Fleuri\u00a0\u00bb, et il est dot\u00e9 d&rsquo;espaces verts, arbor\u00e9s et fleuris.<\/p>\n<p>Initialement pr\u00e9vu pour accueillir pr\u00e8s de 1000 \u00e9l\u00e8ves, le coll\u00e8ge compte aujourd\u2019hui environ 450 \u00e9l\u00e8ves r\u00e9partis dans les sections g\u00e9n\u00e9rales, les classes de SEGPA, et 2 classes d&rsquo;ULIS.<br \/>\nOutre les classes bilangues et europ\u00e9ennes, le coll\u00e8ge est aussi dot\u00e9 de 4 classes \u00e0 horaires am\u00e9nag\u00e9s pour le th\u00e9\u00e2tre.<\/p>\n<p>Son secteur de recrutement reste essentiellement les quartiers du Chaudron et du Moufia. Cette mixit\u00e9 fait la richesse de notre \u00e9tablissement.<\/p>\n<p>Si l\u2019\u00e9tablissement a le statut de coll\u00e8ge \u00ab sensible \u00bb, l\u2019ensemble du personnel, au del\u00e0 de leur mission et le d\u00e9sir de faire progresser les \u00e9l\u00e8ves, propose une grande quantit\u00e9 de projets p\u00e9dagogiques ainsi que des activit\u00e9s culturelles, \u00e9ducatives, sportives et scientifiques afin que les \u00e9l\u00e8ves puissent s\u2019\u00e9panouir pleinement selon leurs go\u00fbts et leurs centres d\u2019int\u00e9r\u00eats.<\/p>\n<p>Depuis l\u2019ann\u00e9e 2012, notre coll\u00e8ge a fait partie du r\u00e9seau ECLAIR, r\u00e9seau qui favorise la collaboration avec les \u00e9coles du secteur et les lyc\u00e9es de notre circonscription.<\/p>\n<p>Depuis la rentr\u00e9e 2014, le coll\u00e8ge Mah\u00e9 de La Bourdonnais fait partie des 6 \u00e9tablissements choisis dans l\u2019acad\u00e9mie pour la mise en place du dispositif REP+.<\/p>\n","protected":false},"excerpt":{"rendered":"<p>Le coll\u00e8ge, qui porte le nom de Bertrand Fran\u00e7ois Mah\u00e9 de La Bourdonnais, gouverneur de l\u2019ile Bourbon et des Mascareignes de 1735 \u00e0 1747, a &hellip;<\/p>\n","protected":false},"author":104,"featured_media":0,"parent":0,"menu_order":0,"comment_status":"closed","ping_status":"open","template":"page-full.php","meta":{"footnotes":""},"class_list":["post-108","page","type-page","status-publish","hentry"],"_links":{"self":[{"href":"https:\/\/etab.ac-reunion.fr\/clg-mahe-de-labourdonnais\/wp-json\/wp\/v2\/pages\/108","targetHints":{"allow":["GET"]}}],"collection":[{"href":"https:\/\/etab.ac-reunion.fr\/clg-mahe-de-labourdonnais\/wp-json\/wp\/v2\/pages"}],"about":[{"href":"https:\/\/etab.ac-reunion.fr\/clg-mahe-de-labourdonnais\/wp-json\/wp\/v2\/types\/page"}],"author":[{"embeddable":true,"href":"https:\/\/etab.ac-reunion.fr\/clg-mahe-de-labourdonnais\/wp-json\/wp\/v2\/users\/104"}],"replies":[{"embeddable":true,"href":"https:\/\/etab.ac-reunion.fr\/clg-mahe-de-labourdonnais\/wp-json\/wp\/v2\/comments?post=108"}],"version-history":[{"count":11,"href":"https:\/\/etab.ac-reunion.fr\/clg-mahe-de-labourdonnais\/wp-json\/wp\/v2\/pages\/108\/revisions"}],"predecessor-version":[{"id":9417,"href":"https:\/\/etab.ac-reunion.fr\/clg-mahe-de-labourdonnais\/wp-json\/wp\/v2\/pages\/108\/revisions\/9417"}],"wp:attachment":[{"href":"https:\/\/etab.ac-reunion.fr\/clg-mahe-de-labourdonnais\/wp-json\/wp\/v2\/media?parent=108"}],"curies":[{"name":"wp","href":"https:\/\/api.w.org\/{rel}","templated":true}]}}