{"id":2468,"date":"2021-01-24T22:02:26","date_gmt":"2021-01-24T18:02:26","guid":{"rendered":"http:\/\/college-mahe-labourdonnais.ac-reunion.fr\/?page_id=2468"},"modified":"2022-05-09T20:06:18","modified_gmt":"2022-05-09T16:06:18","slug":"la-classe-bilangue-espagnol","status":"publish","type":"page","link":"https:\/\/etab.ac-reunion.fr\/clg-mahe-de-labourdonnais\/la-classe-bilangue-espagnol\/","title":{"rendered":"La classe bilangue espagnol"},"content":{"rendered":"<p>Les \u00e9l\u00e8ves qui le souhaitent, et qui sont pr\u00eats \u00e0 voir ajouter 2 heures de plus dans leur emploi du temps peuvent commencer l&rsquo;\u00e9tude de l&rsquo;Espagnol d\u00e8s la classe de 6\u00e8me. Ils auront alors 3 heures d&rsquo;Espagnol et 3 heures d&rsquo;Anglais par semaine.<\/p>\n","protected":false},"excerpt":{"rendered":"<p>Les \u00e9l\u00e8ves qui le souhaitent, et qui sont pr\u00eats \u00e0 voir ajouter 2 heures de plus dans leur emploi du temps peuvent commencer l&rsquo;\u00e9tude de &hellip;<\/p>\n","protected":false},"author":2809,"featured_media":0,"parent":0,"menu_order":0,"comment_status":"closed","ping_status":"closed","template":"","meta":{"footnotes":""},"class_list":["post-2468","page","type-page","status-publish","hentry"],"_links":{"self":[{"href":"https:\/\/etab.ac-reunion.fr\/clg-mahe-de-labourdonnais\/wp-json\/wp\/v2\/pages\/2468","targetHints":{"allow":["GET"]}}],"collection":[{"href":"https:\/\/etab.ac-reunion.fr\/clg-mahe-de-labourdonnais\/wp-json\/wp\/v2\/pages"}],"about":[{"href":"https:\/\/etab.ac-reunion.fr\/clg-mahe-de-labourdonnais\/wp-json\/wp\/v2\/types\/page"}],"author":[{"embeddable":true,"href":"https:\/\/etab.ac-reunion.fr\/clg-mahe-de-labourdonnais\/wp-json\/wp\/v2\/users\/2809"}],"replies":[{"embeddable":true,"href":"https:\/\/etab.ac-reunion.fr\/clg-mahe-de-labourdonnais\/wp-json\/wp\/v2\/comments?post=2468"}],"version-history":[{"count":3,"href":"https:\/\/etab.ac-reunion.fr\/clg-mahe-de-labourdonnais\/wp-json\/wp\/v2\/pages\/2468\/revisions"}],"predecessor-version":[{"id":4458,"href":"https:\/\/etab.ac-reunion.fr\/clg-mahe-de-labourdonnais\/wp-json\/wp\/v2\/pages\/2468\/revisions\/4458"}],"wp:attachment":[{"href":"https:\/\/etab.ac-reunion.fr\/clg-mahe-de-labourdonnais\/wp-json\/wp\/v2\/media?parent=2468"}],"curies":[{"name":"wp","href":"https:\/\/api.w.org\/{rel}","templated":true}]}}