{"id":2477,"date":"2021-01-24T22:03:33","date_gmt":"2021-01-24T18:03:33","guid":{"rendered":"http:\/\/college-mahe-labourdonnais.ac-reunion.fr\/?page_id=2477"},"modified":"2022-05-09T20:07:00","modified_gmt":"2022-05-09T16:07:00","slug":"euro-anglais","status":"publish","type":"page","link":"https:\/\/etab.ac-reunion.fr\/clg-mahe-de-labourdonnais\/euro-anglais\/","title":{"rendered":"Euro Anglais"},"content":{"rendered":"<p>Disponible de la 4\u00e8me \u00e0 la 3\u00e8me, l&rsquo;option Euro Anglais concerne les \u00e9l\u00e8ves qui s&rsquo;int\u00e9ressent \u00e0 la culture et au monde anglophones. Ils b\u00e9n\u00e9ficient de 2 heures d&rsquo;anglais suppl\u00e9mentaires chaque semaine (en plus des 3 heures pr\u00e9vues dans les emplois du temps standard). Cela leur donne l&rsquo;occasion d&rsquo;approfondir leurs comp\u00e9tences en expression \u00e9crite et orale, ainsi qu&rsquo;en compr\u00e9hension \u00e9crite et orale.<\/p>\n<p>Nous avons chaque ann\u00e9e depuis 2 ans la chance de b\u00e9n\u00e9ficier de la pr\u00e9sence d&rsquo;une assistante native en anglais, et les \u00e9l\u00e8ves qui suivent cette option profitent bien entendu de cette opportunit\u00e9.<\/p>\n<p>L&rsquo;option Euro Anglais peut \u00eatre poursuivie dans la plupart des lyc\u00e9es de l&rsquo;\u00eele, et bien s\u00fbr dans le lyc\u00e9e de secteur, le Lyc\u00e9e Georges Brassens.<\/p>\n<p>Les \u00e9l\u00e8ves inscrits en Euro Anglais qui atteignent un niveau de ma\u00eetrise de la langue suffisant peuvent \u00e9galement \u00eatre candidats \u00e0 la Section Internationale Britannique du <a href=\"http:\/\/lycee-hintermann.ac-reunion.fr\/2018\/06\/12\/le-lycee-en-video\/\">Lyc\u00e9e M\u00e9mona Hintermann-Aff\u00e9jee<\/a>.<\/p>\n<p>&nbsp;<\/p>\n","protected":false},"excerpt":{"rendered":"<p>Disponible de la 4\u00e8me \u00e0 la 3\u00e8me, l&rsquo;option Euro Anglais concerne les \u00e9l\u00e8ves qui s&rsquo;int\u00e9ressent \u00e0 la culture et au monde anglophones. Ils b\u00e9n\u00e9ficient de &hellip;<\/p>\n","protected":false},"author":2809,"featured_media":0,"parent":0,"menu_order":0,"comment_status":"closed","ping_status":"closed","template":"page-full.php","meta":{"footnotes":""},"class_list":["post-2477","page","type-page","status-publish","hentry"],"_links":{"self":[{"href":"https:\/\/etab.ac-reunion.fr\/clg-mahe-de-labourdonnais\/wp-json\/wp\/v2\/pages\/2477","targetHints":{"allow":["GET"]}}],"collection":[{"href":"https:\/\/etab.ac-reunion.fr\/clg-mahe-de-labourdonnais\/wp-json\/wp\/v2\/pages"}],"about":[{"href":"https:\/\/etab.ac-reunion.fr\/clg-mahe-de-labourdonnais\/wp-json\/wp\/v2\/types\/page"}],"author":[{"embeddable":true,"href":"https:\/\/etab.ac-reunion.fr\/clg-mahe-de-labourdonnais\/wp-json\/wp\/v2\/users\/2809"}],"replies":[{"embeddable":true,"href":"https:\/\/etab.ac-reunion.fr\/clg-mahe-de-labourdonnais\/wp-json\/wp\/v2\/comments?post=2477"}],"version-history":[{"count":4,"href":"https:\/\/etab.ac-reunion.fr\/clg-mahe-de-labourdonnais\/wp-json\/wp\/v2\/pages\/2477\/revisions"}],"predecessor-version":[{"id":4459,"href":"https:\/\/etab.ac-reunion.fr\/clg-mahe-de-labourdonnais\/wp-json\/wp\/v2\/pages\/2477\/revisions\/4459"}],"wp:attachment":[{"href":"https:\/\/etab.ac-reunion.fr\/clg-mahe-de-labourdonnais\/wp-json\/wp\/v2\/media?parent=2477"}],"curies":[{"name":"wp","href":"https:\/\/api.w.org\/{rel}","templated":true}]}}