{"id":2497,"date":"2021-01-24T22:05:47","date_gmt":"2021-01-24T18:05:47","guid":{"rendered":"http:\/\/college-mahe-labourdonnais.ac-reunion.fr\/?page_id=2497"},"modified":"2021-06-29T15:44:00","modified_gmt":"2021-06-29T11:44:00","slug":"lassociation-sportive-las","status":"publish","type":"page","link":"https:\/\/etab.ac-reunion.fr\/clg-mahe-de-labourdonnais\/lassociation-sportive-las\/","title":{"rendered":"L&rsquo;Association sportive (l&rsquo;AS)"},"content":{"rendered":"<p>L&rsquo;Association Sportive du coll\u00e8ge est port\u00e9e par l&rsquo;\u00e9quipe d&rsquo;EPS. Les activit\u00e9s sportives propos\u00e9es dans l&rsquo;\u00e9tablissement (le mercredi apr\u00e8s-midi ou sur le temps de pause m\u00e9ridien) sont vari\u00e9es : tennis de table, danse, pelote, basket, rugby&#8230;<\/p>\n<p>L&rsquo;inscription \u00e0 l&rsquo;AS permet aussi de participer \u00e0 des activit\u00e9s telles que la voile, l&rsquo;initiation \u00e0 la plong\u00e9e, la kayak, la randonn\u00e9e, etc&#8230;<\/p>\n<p>Cette ann\u00e9e, pour s\u2019adapter au contexte sanitaire qui ne permettait pas l&rsquo;organisation de comp\u00e9titions ou de rencontres sportives, le district Nord de l\u2019UNSS a propos\u00e9 aux Associations Sportives int\u00e9ress\u00e9es de participer \u00e0 des journ\u00e9es de plein air (activit\u00e9s de pleine nature). Cela nous a permis d&rsquo;obtenir un financement pour le transport des \u00e9l\u00e8ves et pour les activit\u00e9s. Nous nous sommes rapidement positionn\u00e9s sur la proposition qui a suscit\u00e9 l\u2019engouement des \u00e9l\u00e8ves et des enseignants.<\/p>\n<p>Compte tenu du nombre de licenci\u00e9s, nous avons fait le choix de regrouper les \u00e9l\u00e8ves des AS Danse \/ Tennis de table \/ Basket \/ Rugby d\u2019une part et les \u00e9l\u00e8ves de Pelote (plus nombreux) d\u2019autre part, afin de leur proposer ces APN (Activit\u00e9s de Pleine Nature).<\/p>\n<p>Ainsi, nous avons pu organiser cette ann\u00e9e :<\/p>\n<ul>\n<li>2 randonn\u00e9es (Bassin la Paix &amp; Rivi\u00e8re Saint-Denis),<\/li>\n<li>une journ\u00e9e kayak au Bocage \u00e0 Sainte-Suzanne, pour d\u00e9couvrir les kayaks, comment on les man\u0153uvre, et diff\u00e9rents jeux, comme le kayak polo.<\/li>\n<li>une sortie Voile sur une journ\u00e9e enti\u00e8re le 02\/06\/21 \u00e0 la base nautique du Port. Au programme : d\u00e9couverte de la voile et man\u0153uvres le matin, puis sortie en pleine mer l\u2019apr\u00e8s midi. Les \u00e9l\u00e8ves \u00e9taient r\u00e9partis par \u00e9quipage de 5 sur des go\u00e9lettes.<\/li>\n<li>une 2\u00e8me sortie Kayak, l&rsquo;apr\u00e8s-midi du 16\/06\/21 \u00e0 la Rivi\u00e8re des Marsouins \u00e0 Saint-Beno\u00eet. Au programme : Descente de la rivi\u00e8re par \u00e9quipage de 2 sur chaque embarcation.<\/li>\n<li>une sortie Plong\u00e9e sur l\u2019apr\u00e8s-midi du 30\/06\/21. Nos \u00e9l\u00e8ves vont pouvoir faire un v\u00e9ritable bapt\u00eame de plong\u00e9e \u00e0 la piscine du Chaudron.<\/li>\n<\/ul>\n<p>&nbsp;<\/p>\n<p>&nbsp;<\/p>\n","protected":false},"excerpt":{"rendered":"<p>L&rsquo;Association Sportive du coll\u00e8ge est port\u00e9e par l&rsquo;\u00e9quipe d&rsquo;EPS. Les activit\u00e9s sportives propos\u00e9es dans l&rsquo;\u00e9tablissement (le mercredi apr\u00e8s-midi ou sur le temps de pause m\u00e9ridien) &hellip;<\/p>\n","protected":false},"author":2809,"featured_media":0,"parent":0,"menu_order":0,"comment_status":"closed","ping_status":"closed","template":"page-template-portfolio.php","meta":{"footnotes":""},"class_list":["post-2497","page","type-page","status-publish","hentry"],"_links":{"self":[{"href":"https:\/\/etab.ac-reunion.fr\/clg-mahe-de-labourdonnais\/wp-json\/wp\/v2\/pages\/2497","targetHints":{"allow":["GET"]}}],"collection":[{"href":"https:\/\/etab.ac-reunion.fr\/clg-mahe-de-labourdonnais\/wp-json\/wp\/v2\/pages"}],"about":[{"href":"https:\/\/etab.ac-reunion.fr\/clg-mahe-de-labourdonnais\/wp-json\/wp\/v2\/types\/page"}],"author":[{"embeddable":true,"href":"https:\/\/etab.ac-reunion.fr\/clg-mahe-de-labourdonnais\/wp-json\/wp\/v2\/users\/2809"}],"replies":[{"embeddable":true,"href":"https:\/\/etab.ac-reunion.fr\/clg-mahe-de-labourdonnais\/wp-json\/wp\/v2\/comments?post=2497"}],"version-history":[{"count":8,"href":"https:\/\/etab.ac-reunion.fr\/clg-mahe-de-labourdonnais\/wp-json\/wp\/v2\/pages\/2497\/revisions"}],"predecessor-version":[{"id":3352,"href":"https:\/\/etab.ac-reunion.fr\/clg-mahe-de-labourdonnais\/wp-json\/wp\/v2\/pages\/2497\/revisions\/3352"}],"wp:attachment":[{"href":"https:\/\/etab.ac-reunion.fr\/clg-mahe-de-labourdonnais\/wp-json\/wp\/v2\/media?parent=2497"}],"curies":[{"name":"wp","href":"https:\/\/api.w.org\/{rel}","templated":true}]}}