{"id":2500,"date":"2021-01-24T22:06:57","date_gmt":"2021-01-24T18:06:57","guid":{"rendered":"http:\/\/college-mahe-labourdonnais.ac-reunion.fr\/?page_id=2500"},"modified":"2021-06-16T23:22:11","modified_gmt":"2021-06-16T19:22:11","slug":"cantine","status":"publish","type":"page","link":"https:\/\/etab.ac-reunion.fr\/clg-mahe-de-labourdonnais\/cantine\/","title":{"rendered":"Cantine"},"content":{"rendered":"<p>Nous avons la chance au coll\u00e8ge Mah\u00e9 de La Bourdonnais d&rsquo;avoir des repas qui sont cuisin\u00e9s sur place par une \u00e9quipe hors pair !<\/p>\n<p>Chaque semaine, les plats au menu sont vari\u00e9s, pr\u00e9par\u00e9s avec des produits frais et locaux aussi souvent que possible. On retrouve beaucoup de fruits et de l\u00e9gumes sur les plateaux, il y a souvent le choix entre deux plats principaux \/ entr\u00e9es \/ desserts. Une formule v\u00e9g\u00e9tarienne est propos\u00e9e deux jours par semaine.<\/p>\n<p>En raison des mesures de pr\u00e9caution sanitaire, le service est organis\u00e9 diff\u00e9remment. Les \u00e9l\u00e8ves sont \u00e0 deux sur une seule table, et les tables sont espac\u00e9es.<\/p>\n<p>Le menu est annonc\u00e9 chaque semaine sur le site du coll\u00e8ge et sur Pronote.<\/p>\n<p>&nbsp;<\/p>\n","protected":false},"excerpt":{"rendered":"<p>Nous avons la chance au coll\u00e8ge Mah\u00e9 de La Bourdonnais d&rsquo;avoir des repas qui sont cuisin\u00e9s sur place par une \u00e9quipe hors pair ! Chaque &hellip;<\/p>\n","protected":false},"author":2809,"featured_media":0,"parent":0,"menu_order":0,"comment_status":"closed","ping_status":"closed","template":"page-template-portfolio.php","meta":{"footnotes":""},"class_list":["post-2500","page","type-page","status-publish","hentry"],"_links":{"self":[{"href":"https:\/\/etab.ac-reunion.fr\/clg-mahe-de-labourdonnais\/wp-json\/wp\/v2\/pages\/2500","targetHints":{"allow":["GET"]}}],"collection":[{"href":"https:\/\/etab.ac-reunion.fr\/clg-mahe-de-labourdonnais\/wp-json\/wp\/v2\/pages"}],"about":[{"href":"https:\/\/etab.ac-reunion.fr\/clg-mahe-de-labourdonnais\/wp-json\/wp\/v2\/types\/page"}],"author":[{"embeddable":true,"href":"https:\/\/etab.ac-reunion.fr\/clg-mahe-de-labourdonnais\/wp-json\/wp\/v2\/users\/2809"}],"replies":[{"embeddable":true,"href":"https:\/\/etab.ac-reunion.fr\/clg-mahe-de-labourdonnais\/wp-json\/wp\/v2\/comments?post=2500"}],"version-history":[{"count":3,"href":"https:\/\/etab.ac-reunion.fr\/clg-mahe-de-labourdonnais\/wp-json\/wp\/v2\/pages\/2500\/revisions"}],"predecessor-version":[{"id":3178,"href":"https:\/\/etab.ac-reunion.fr\/clg-mahe-de-labourdonnais\/wp-json\/wp\/v2\/pages\/2500\/revisions\/3178"}],"wp:attachment":[{"href":"https:\/\/etab.ac-reunion.fr\/clg-mahe-de-labourdonnais\/wp-json\/wp\/v2\/media?parent=2500"}],"curies":[{"name":"wp","href":"https:\/\/api.w.org\/{rel}","templated":true}]}}