{"id":289,"date":"2014-06-26T19:53:17","date_gmt":"2014-06-26T18:53:17","guid":{"rendered":"http:\/\/college-mahe-labourdonnais.ac-reunion.fr\/?page_id=289"},"modified":"2024-06-26T21:05:14","modified_gmt":"2024-06-26T17:05:14","slug":"c-d-i","status":"publish","type":"page","link":"https:\/\/etab.ac-reunion.fr\/clg-mahe-de-labourdonnais\/disciplines\/c-d-i\/","title":{"rendered":"C.D.I."},"content":{"rendered":"<div class=\"et-box et-shadow\">\n<div class=\"et-box-content\">\n<h4>C&rsquo;est quoi le CDI?<\/h4>\n<\/div>\n<div class=\"et-box-content\">\n<p class=\"western\" align=\"justify\"><span style=\"font-family: Arial, sans-serif\"><span style=\"font-size: x-large\"><i>Le CDI, <\/i><i><b>Centre de Documentation et d\u2019Information <\/b><\/i><i>est un <\/i>lieu de formation, de lecture, de culture et d&rsquo;acc\u00e8s \u00e0 l&rsquo;information. <\/span><\/span><\/p>\n<p class=\"western\"><span style=\"font-size: x-large\">Il accueille les \u00e9l\u00e8ves et les professeurs et met \u00e0 leur disposition des ressources vari\u00e9es. <\/span><\/p>\n<p class=\"western\"><span style=\"font-size: x-large\">Ils peuvent venir travailler, lire (livres, p\u00e9riodiques&#8230;) ou faire des recherches en ligne, s&rsquo;informer sur leur orientation professionnelle. <\/span><span style=\"font-size: x-large\">Ils peuvent aussi enrichir leur culture gr\u00e2ce aux expositions pr\u00e9sentes au CDI.<\/span><\/p>\n<p class=\"western\"><span style=\"font-size: x-large\">Tout travail effectu\u00e9 doit \u00eatre fait dans le silence et tout mat\u00e9riel mis \u00e0 disposition doit \u00eatre respect\u00e9.<\/span><\/p>\n<p style=\"text-align: center\"><strong>Visitez le CDI \u00e0 partir de<\/strong><\/p>\n<p class=\"western\" style=\"text-align: center\" align=\"justify\"><span style=\"font-family: Arial, sans-serif\"><span style=\"font-size: 300%\"><u><a href=\"https:\/\/9740734e.esidoc.fr\/\">ce lien<\/a><\/u><\/span><\/span><\/p>\n<\/div>\n<\/div>\n","protected":false},"excerpt":{"rendered":"<p>C&rsquo;est quoi le CDI? Le CDI, Centre de Documentation et d\u2019Information est un lieu de formation, de lecture, de culture et d&rsquo;acc\u00e8s \u00e0 l&rsquo;information. Il &hellip;<\/p>\n","protected":false},"author":104,"featured_media":0,"parent":2679,"menu_order":0,"comment_status":"closed","ping_status":"closed","template":"page-full.php","meta":{"footnotes":""},"class_list":["post-289","page","type-page","status-publish","hentry"],"_links":{"self":[{"href":"https:\/\/etab.ac-reunion.fr\/clg-mahe-de-labourdonnais\/wp-json\/wp\/v2\/pages\/289","targetHints":{"allow":["GET"]}}],"collection":[{"href":"https:\/\/etab.ac-reunion.fr\/clg-mahe-de-labourdonnais\/wp-json\/wp\/v2\/pages"}],"about":[{"href":"https:\/\/etab.ac-reunion.fr\/clg-mahe-de-labourdonnais\/wp-json\/wp\/v2\/types\/page"}],"author":[{"embeddable":true,"href":"https:\/\/etab.ac-reunion.fr\/clg-mahe-de-labourdonnais\/wp-json\/wp\/v2\/users\/104"}],"replies":[{"embeddable":true,"href":"https:\/\/etab.ac-reunion.fr\/clg-mahe-de-labourdonnais\/wp-json\/wp\/v2\/comments?post=289"}],"version-history":[{"count":3,"href":"https:\/\/etab.ac-reunion.fr\/clg-mahe-de-labourdonnais\/wp-json\/wp\/v2\/pages\/289\/revisions"}],"predecessor-version":[{"id":7432,"href":"https:\/\/etab.ac-reunion.fr\/clg-mahe-de-labourdonnais\/wp-json\/wp\/v2\/pages\/289\/revisions\/7432"}],"up":[{"embeddable":true,"href":"https:\/\/etab.ac-reunion.fr\/clg-mahe-de-labourdonnais\/wp-json\/wp\/v2\/pages\/2679"}],"wp:attachment":[{"href":"https:\/\/etab.ac-reunion.fr\/clg-mahe-de-labourdonnais\/wp-json\/wp\/v2\/media?parent=289"}],"curies":[{"name":"wp","href":"https:\/\/api.w.org\/{rel}","templated":true}]}}