{"id":2909,"date":"2021-05-03T10:51:05","date_gmt":"2021-05-03T06:51:05","guid":{"rendered":"http:\/\/college-mahe-labourdonnais.ac-reunion.fr\/?page_id=2909"},"modified":"2026-04-07T22:51:31","modified_gmt":"2026-04-07T18:51:31","slug":"coordonnees","status":"publish","type":"page","link":"https:\/\/etab.ac-reunion.fr\/clg-mahe-de-labourdonnais\/coordonnees\/","title":{"rendered":"Organigramme et Coordonn\u00e9es"},"content":{"rendered":"<h3><img loading=\"lazy\" decoding=\"async\" class=\"wp-image-9654 size-full aligncenter\" src=\"https:\/\/etab.ac-reunion.fr\/clg-mahe-de-labourdonnais\/wp-content\/uploads\/sites\/23\/2026\/04\/Organigramme.png\" alt=\"\" width=\"1165\" height=\"798\" srcset=\"https:\/\/etab.ac-reunion.fr\/clg-mahe-de-labourdonnais\/wp-content\/uploads\/sites\/23\/2026\/04\/Organigramme.png 1165w, https:\/\/etab.ac-reunion.fr\/clg-mahe-de-labourdonnais\/wp-content\/uploads\/sites\/23\/2026\/04\/Organigramme-300x205.png 300w, https:\/\/etab.ac-reunion.fr\/clg-mahe-de-labourdonnais\/wp-content\/uploads\/sites\/23\/2026\/04\/Organigramme-1024x701.png 1024w, https:\/\/etab.ac-reunion.fr\/clg-mahe-de-labourdonnais\/wp-content\/uploads\/sites\/23\/2026\/04\/Organigramme-768x526.png 768w, https:\/\/etab.ac-reunion.fr\/clg-mahe-de-labourdonnais\/wp-content\/uploads\/sites\/23\/2026\/04\/Organigramme-365x250.png 365w, https:\/\/etab.ac-reunion.fr\/clg-mahe-de-labourdonnais\/wp-content\/uploads\/sites\/23\/2026\/04\/Organigramme-519x356.png 519w\" sizes=\"auto, (max-width: 1165px) 100vw, 1165px\" \/><\/h3>\n<h3>Coll\u00e8ge Fran\u00e7ois Mah\u00e9 de Labourdonnais<\/h3>\n<p>40, rue Gabriel de Kerveguen<\/p>\n<p>97490 Sainte-Clotilde<\/p>\n<p>T\u00e9l\u00e9phone : 02 62 28 27 65<\/p>\n<p>Fax: 02 62 28 85 71<\/p>\n<p>M\u00e9l : ce.9740734e(\u00e0)ac-reunion.fr<\/p>\n<p>&nbsp;<\/p>\n<h3>Voici le plan d&rsquo;acc\u00e8s :<\/h3>\n<p><span style=\"font-family: 'PrimaSans BT,Verdana,sans-serif'\"><div class=\"su-gmap su-u-responsive-media-yes\"><iframe loading=\"lazy\" width=\"600\" height=\"400\" src=\"\/\/maps.google.com\/maps?q=40%20rue%20Gabriel%20de%20Kerveguen%2097490%20Saint-Denis&amp;output=embed\" title=\"\"><\/iframe><\/div><\/span><\/p>\n","protected":false},"excerpt":{"rendered":"<p>Coll\u00e8ge Fran\u00e7ois Mah\u00e9 de Labourdonnais 40, rue Gabriel de Kerveguen 97490 Sainte-Clotilde T\u00e9l\u00e9phone : 02 62 28 27 65 Fax: 02 62 28 85 71 &hellip;<\/p>\n","protected":false},"author":2809,"featured_media":0,"parent":0,"menu_order":0,"comment_status":"closed","ping_status":"closed","template":"","meta":{"footnotes":""},"class_list":["post-2909","page","type-page","status-publish","hentry"],"_links":{"self":[{"href":"https:\/\/etab.ac-reunion.fr\/clg-mahe-de-labourdonnais\/wp-json\/wp\/v2\/pages\/2909","targetHints":{"allow":["GET"]}}],"collection":[{"href":"https:\/\/etab.ac-reunion.fr\/clg-mahe-de-labourdonnais\/wp-json\/wp\/v2\/pages"}],"about":[{"href":"https:\/\/etab.ac-reunion.fr\/clg-mahe-de-labourdonnais\/wp-json\/wp\/v2\/types\/page"}],"author":[{"embeddable":true,"href":"https:\/\/etab.ac-reunion.fr\/clg-mahe-de-labourdonnais\/wp-json\/wp\/v2\/users\/2809"}],"replies":[{"embeddable":true,"href":"https:\/\/etab.ac-reunion.fr\/clg-mahe-de-labourdonnais\/wp-json\/wp\/v2\/comments?post=2909"}],"version-history":[{"count":16,"href":"https:\/\/etab.ac-reunion.fr\/clg-mahe-de-labourdonnais\/wp-json\/wp\/v2\/pages\/2909\/revisions"}],"predecessor-version":[{"id":9659,"href":"https:\/\/etab.ac-reunion.fr\/clg-mahe-de-labourdonnais\/wp-json\/wp\/v2\/pages\/2909\/revisions\/9659"}],"wp:attachment":[{"href":"https:\/\/etab.ac-reunion.fr\/clg-mahe-de-labourdonnais\/wp-json\/wp\/v2\/media?parent=2909"}],"curies":[{"name":"wp","href":"https:\/\/api.w.org\/{rel}","templated":true}]}}