{"id":9288,"date":"2026-03-02T00:09:51","date_gmt":"2026-03-01T20:09:51","guid":{"rendered":"https:\/\/etab.ac-reunion.fr\/clg-mahe-de-labourdonnais\/?page_id=9288"},"modified":"2026-03-04T00:32:11","modified_gmt":"2026-03-03T20:32:11","slug":"le-college-2","status":"publish","type":"page","link":"https:\/\/etab.ac-reunion.fr\/clg-mahe-de-labourdonnais\/le-college-2\/","title":{"rendered":"Le coll\u00e8ge"},"content":{"rendered":"<h2 data-start=\"265\" data-end=\"291\">Pr\u00e9sentation du Coll\u00e8ge<\/h2>\n<p data-start=\"293\" data-end=\"472\">Situ\u00e9 \u00e0 Saint-Denis, le <strong data-start=\"317\" data-end=\"347\">Coll\u00e8ge Mah\u00e9 Labourdonnais<\/strong> accueille les \u00e9l\u00e8ves de la 6e \u00e0 la 3e dans un cadre propice \u00e0 l\u2019apprentissage, \u00e0 l\u2019\u00e9panouissement et \u00e0 la r\u00e9ussite scolaire.<\/p>\n<p data-start=\"474\" data-end=\"772\">Notre \u00e9tablissement a pour mission d\u2019accompagner chaque \u00e9l\u00e8ve vers la r\u00e9ussite, en d\u00e9veloppant ses comp\u00e9tences, son autonomie et son sens des responsabilit\u00e9s. Nous veillons \u00e0 offrir un environnement scolaire structurant, bienveillant et exigeant, permettant \u00e0 chacun de progresser selon son rythme.<\/p>\n<p data-start=\"774\" data-end=\"1003\">Le coll\u00e8ge propose un enseignement g\u00e9n\u00e9ral conforme aux programmes de l\u2019\u00c9ducation nationale, enrichi par des projets p\u00e9dagogiques, culturels et citoyens favorisant l\u2019ouverture sur le monde et la construction du parcours d\u2019avenir.<\/p>\n<p data-start=\"1005\" data-end=\"1190\">Gr\u00e2ce \u00e0 l\u2019engagement de l\u2019ensemble de la communaut\u00e9 \u00e9ducative, le Coll\u00e8ge Mah\u00e9 Labourdonnais s\u2019attache \u00e0 transmettre des valeurs essentielles : respect, solidarit\u00e9, rigueur et ambition.<\/p>\n","protected":false},"excerpt":{"rendered":"<p>Pr\u00e9sentation du Coll\u00e8ge Situ\u00e9 \u00e0 Saint-Denis, le Coll\u00e8ge Mah\u00e9 Labourdonnais accueille les \u00e9l\u00e8ves de la 6e \u00e0 la 3e dans un cadre propice \u00e0 l\u2019apprentissage, &hellip;<\/p>\n","protected":false},"author":35787,"featured_media":0,"parent":0,"menu_order":0,"comment_status":"closed","ping_status":"closed","template":"","meta":{"footnotes":""},"class_list":["post-9288","page","type-page","status-publish","hentry"],"_links":{"self":[{"href":"https:\/\/etab.ac-reunion.fr\/clg-mahe-de-labourdonnais\/wp-json\/wp\/v2\/pages\/9288","targetHints":{"allow":["GET"]}}],"collection":[{"href":"https:\/\/etab.ac-reunion.fr\/clg-mahe-de-labourdonnais\/wp-json\/wp\/v2\/pages"}],"about":[{"href":"https:\/\/etab.ac-reunion.fr\/clg-mahe-de-labourdonnais\/wp-json\/wp\/v2\/types\/page"}],"author":[{"embeddable":true,"href":"https:\/\/etab.ac-reunion.fr\/clg-mahe-de-labourdonnais\/wp-json\/wp\/v2\/users\/35787"}],"replies":[{"embeddable":true,"href":"https:\/\/etab.ac-reunion.fr\/clg-mahe-de-labourdonnais\/wp-json\/wp\/v2\/comments?post=9288"}],"version-history":[{"count":2,"href":"https:\/\/etab.ac-reunion.fr\/clg-mahe-de-labourdonnais\/wp-json\/wp\/v2\/pages\/9288\/revisions"}],"predecessor-version":[{"id":9381,"href":"https:\/\/etab.ac-reunion.fr\/clg-mahe-de-labourdonnais\/wp-json\/wp\/v2\/pages\/9288\/revisions\/9381"}],"wp:attachment":[{"href":"https:\/\/etab.ac-reunion.fr\/clg-mahe-de-labourdonnais\/wp-json\/wp\/v2\/media?parent=9288"}],"curies":[{"name":"wp","href":"https:\/\/api.w.org\/{rel}","templated":true}]}}