{"id":9530,"date":"2026-03-20T07:00:22","date_gmt":"2026-03-20T03:00:22","guid":{"rendered":"https:\/\/etab.ac-reunion.fr\/clg-mahe-de-labourdonnais\/?page_id=9530"},"modified":"2026-03-22T22:55:22","modified_gmt":"2026-03-22T18:55:22","slug":"infirmerie","status":"publish","type":"page","link":"https:\/\/etab.ac-reunion.fr\/clg-mahe-de-labourdonnais\/infirmerie\/","title":{"rendered":"Infirmerie"},"content":{"rendered":"<ul>\n<li>L&rsquo;Infirmerie est ouverte de <span style=\"color: #000000\"><strong>7h30\/16h30<\/strong> <\/span>selon le plannings des infirmi\u00e8res. Deux infirmi\u00e8res travaillent 5 jours sur 5.<br \/>\nEn cas d&rsquo;absence la vie scolaire prend le relai.<\/li>\n<\/ul>\n<p style=\"text-align: center\"><span style=\"color: #ff0000\"><strong>R\u00e8glement du service infirmerie<\/strong><\/span><\/p>\n<p><span style=\"color: #000000\"><strong>Prise en charge des \u00e9l\u00e8ves et dispositifs particuliers<\/strong><\/span><\/p>\n<p>Les \u00e9l\u00e8ves pr\u00e9sentant des pathologies \u00e9voluant sur le long terme peuvent b\u00e9n\u00e9ficier d\u2019un am\u00e9nagement de leur scolarit\u00e9 dans le cadre d\u2019un Projet d\u2019Accueil Individualis\u00e9 (PAI).<\/p>\n<p>&nbsp;<\/p>\n<p>La mise en place du PAI rel\u00e8ve de la d\u00e9cision des responsables l\u00e9gaux et s\u2019effectue sous la responsabilit\u00e9 du chef d\u2019\u00e9tablissement.<\/p>\n<p>&nbsp;<\/p>\n<p>L\u2019infirmi\u00e8re accompagne l\u2019\u00e9laboration et la mise en \u0153uvre du PAI. Elle assure l\u2019information et, si n\u00e9cessaire, la formation des membres de la communaut\u00e9 \u00e9ducative concern\u00e9s par la prise en charge de l\u2019\u00e9l\u00e8ve. Elle veille \u00e9galement \u00e0 la bonne conservation de la trousse d\u2019urgence et \u00e0 sa connaissance par les personnels habilit\u00e9s. Cette trousse doit rester accessible en toutes circonstances, y compris en l\u2019absence de l\u2019infirmi\u00e8re.<\/p>\n<p>&nbsp;<\/p>\n<p>En l\u2019absence de PAI, aucun traitement ni protocole d\u2019urgence ne pourra \u00eatre administr\u00e9 hors de la pr\u00e9sence de l\u2019infirmi\u00e8re. En cas de situation n\u00e9cessitant une intervention, l\u2019\u00e9tablissement contactera les services d\u2019urgence (15), conform\u00e9ment aux protocoles en vigueur.<\/p>\n<p>&nbsp;<\/p>\n<p>Pour les traitements ponctuels, l\u2019infirmi\u00e8re peut proc\u00e9der \u00e0 leur administration sous r\u00e9serve que les responsables l\u00e9gaux aient pr\u00e9alablement inform\u00e9 le service infirmier et fourni une ordonnance ainsi que le traitement, conserv\u00e9 dans une bo\u00eete nominative.<\/p>\n<p>&nbsp;<\/p>\n<ul>\n<li><span style=\"text-decoration: underline\">Qui prend le relais en cas d&rsquo;absence de l&rsquo;infirmi\u00e8re ?<\/span><\/li>\n<\/ul>\n<p>Lorsque l\u2019infirmi\u00e8re n\u2019est pas dans l\u2019\u00e9tablissement, c\u2019est l\u2019\u00e9quipe de vie scolaire qui prend le relais sous la responsabilit\u00e9 du chef d&rsquo;\u00e9tablissement.<\/p>\n<p>&nbsp;<\/p>\n<p>Si possible, les soins et les urgences sont assur\u00e9s par les personnels titulaires de l\u2019attestation de formation aux premiers secours (PSC1 ou SST).<\/p>\n<p>&nbsp;<\/p>\n<p><strong><span style=\"color: #000000\">Acc\u00e8s au service infirmerie<\/span><\/strong><\/p>\n<p>Le service infirmerie est accessible pendant les temps de classe uniquement pour les situations urgentes. Les \u00e9l\u00e8ves doivent se pr\u00e9senter dans l\u2019\u00e9tablissement en \u00e9tat de suivre les enseignements. En cas de probl\u00e8me de sant\u00e9 pr\u00e9alable, ils doivent consulter un m\u00e9decin. L&rsquo;infirmi\u00e8re ne peut pas se substituer au m\u00e9decin.<\/p>\n<p>&nbsp;<\/p>\n<p>Pour les troubles survenant durant la journ\u00e9e scolaire, les \u00e9l\u00e8ves sont accueillis en priorit\u00e9 pendant les temps de r\u00e9cr\u00e9ation ou de permanence. Les temps de cours sont r\u00e9serv\u00e9s aux apprentissages pour les \u00e9l\u00e8ves, et pour l\u2019infirmi\u00e8re, aux actions de d\u00e9pistage, aux entretiens et aux s\u00e9ances d\u2019\u00e9ducation \u00e0 la sant\u00e9.<\/p>\n<p>&nbsp;<\/p>\n<p><span style=\"color: #000000\"><strong>Consultation infirmi\u00e8re des \u00e9l\u00e8ves de sixi\u00e8me<\/strong><\/span><\/p>\n<p>Les \u00e9l\u00e8ves de sixi\u00e8me b\u00e9n\u00e9ficient d\u2019une consultation infirmi\u00e8re obligatoire au cours de leur douzi\u00e8me ann\u00e9e, conform\u00e9ment \u00e0 la circulaire en vigueur.<\/p>\n<p>&nbsp;<\/p>\n<p>Cette consultation permet d\u2019\u00e9valuer l\u2019\u00e9tat de sant\u00e9 g\u00e9n\u00e9ral de l\u2019\u00e9l\u00e8ve (poids, taille, ant\u00e9c\u00e9dents m\u00e9dicaux, vaccinations), ainsi que son bien-\u00eatre \u00e0 la maison et \u00e0 l\u2019\u00e9cole. Elle a pour objectif de d\u00e9pister d\u2019\u00e9ventuels troubles susceptibles d\u2019entraver sa r\u00e9ussite scolaire.<\/p>\n<p>&nbsp;<\/p>\n<p>La pr\u00e9sentation du carnet de sant\u00e9 est obligatoire lors de cette consultation.<\/p>\n<p>La pr\u00e9sence des parents n\u2019est pas obligatoire ; toutefois, ils peuvent assister \u00e0 la consultation s\u2019ils le souhaitent.<\/p>\n<p>&nbsp;<\/p>\n<p><strong><span style=\"color: #000000\">Confidentialit\u00e9 et respect du secret professionnel<\/span><\/strong><\/p>\n<p>L\u2019infirmi\u00e8re est soumise au secret professionnel, conform\u00e9ment aux dispositions l\u00e9gales en vigueur. Les informations confi\u00e9es par les \u00e9l\u00e8ves sont trait\u00e9es avec confidentialit\u00e9 et respect de la vie priv\u00e9e.<\/p>\n<p>&nbsp;<\/p>\n<p>Toutefois, dans l\u2019int\u00e9r\u00eat de l\u2019\u00e9l\u00e8ve et pour sa protection, certaines informations peuvent \u00eatre partag\u00e9es avec les membres de l\u2019\u00e9quipe \u00e9ducative ou les responsables l\u00e9gaux, dans le respect du cadre r\u00e9glementaire. Si l&rsquo;\u00e9l\u00e8ve est en danger, l&rsquo;infirmi\u00e8re selon la loi devra lever le secret professionnel et solliciter les responsables l\u00e9gaux ou les autorit\u00e9s.<\/p>\n<p>&nbsp;<\/p>\n<p>L\u2019infirmerie est un lieu d\u2019accueil, d\u2019\u00e9coute et de bienveillance, o\u00f9 chaque \u00e9l\u00e8ve peut s\u2019exprimer en toute confiance.<\/p>\n<p>&nbsp;<\/p>\n<p><span style=\"color: #000000\"><strong>\u00c9ducation \u00e0 la sant\u00e9<\/strong><\/span><\/p>\n<p>Des s\u00e9ances d\u2019\u00e9ducation \u00e0 la sant\u00e9 sont organis\u00e9es tout au long de l\u2019ann\u00e9e, conform\u00e9ment aux orientations minist\u00e9rielles et aux diagnostics r\u00e9alis\u00e9s au sein de l\u2019\u00e9tablissement. Elles sont \u00e9labor\u00e9es en fonction des besoins identifi\u00e9s des \u00e9l\u00e8ves et de la communaut\u00e9 \u00e9ducative.<\/p>\n<p>&nbsp;<\/p>\n<p><img loading=\"lazy\" decoding=\"async\" class=\"alignnone wp-image-9542\" src=\"https:\/\/etab.ac-reunion.fr\/clg-mahe-de-labourdonnais\/wp-content\/uploads\/sites\/23\/2026\/03\/image-protocole-durgence-300x37.png\" alt=\"\" width=\"478\" height=\"59\" srcset=\"https:\/\/etab.ac-reunion.fr\/clg-mahe-de-labourdonnais\/wp-content\/uploads\/sites\/23\/2026\/03\/image-protocole-durgence-300x37.png 300w, https:\/\/etab.ac-reunion.fr\/clg-mahe-de-labourdonnais\/wp-content\/uploads\/sites\/23\/2026\/03\/image-protocole-durgence-519x64.png 519w, https:\/\/etab.ac-reunion.fr\/clg-mahe-de-labourdonnais\/wp-content\/uploads\/sites\/23\/2026\/03\/image-protocole-durgence-534x66.png 534w, https:\/\/etab.ac-reunion.fr\/clg-mahe-de-labourdonnais\/wp-content\/uploads\/sites\/23\/2026\/03\/image-protocole-durgence-512x63.png 512w, https:\/\/etab.ac-reunion.fr\/clg-mahe-de-labourdonnais\/wp-content\/uploads\/sites\/23\/2026\/03\/image-protocole-durgence.png 711w\" sizes=\"auto, (max-width: 478px) 100vw, 478px\" \/><\/p>\n<p>&nbsp;<\/p>\n<p><span style=\"color: #000000\"><strong>I<span style=\"text-decoration: underline\">)-Pr\u00e9venir d\u2019abord L\u2019INFIRMIERE qui jugera de la n\u00e9cessit\u00e9 ou non de contacter les secours.<\/span><\/strong><\/span><\/p>\n<p>&nbsp;<\/p>\n<ul>\n<li>Infirmi\u00e8re : 02.62.28.27.65 (poste 317) en cas d\u2019absence ou d\u2019indisponibilit\u00e9 de l\u2019infirmi\u00e8re,<\/li>\n<li>pr\u00e9venir le CPE poste 316.<\/li>\n<li>ou l\u2019administration : Principal poste 304, Principale adjointe poste 302.<\/li>\n<li>Isoler le bless\u00e9 ou le malade autant que possible des autres \u00e9l\u00e8ves.<\/li>\n<li>Le mettre en Position Lat\u00e9rale de S\u00e9curit\u00e9 en cas de perte de connaissance.<\/li>\n<li><strong><span style=\"color: #000000\">RESTER CALME.<\/span><\/strong><\/li>\n<\/ul>\n<p><span style=\"text-decoration: underline\"><span style=\"color: #000000;text-decoration: underline\"><strong>II) Appliquer le protocole d\u2019urgence en usage dans les EPLE :<\/strong><\/span><\/span><\/p>\n<p><strong><span style=\"color: #000000\">\u00a0 OBSERVER<\/span><\/strong><\/p>\n<ul>\n<li><span style=\"color: #000000\">Le malade r\u00e9pond-il aux questions ?<\/span><\/li>\n<li><span style=\"color: #000000\">Respire-t-il sans difficult\u00e9 ?<\/span><\/li>\n<li><span style=\"color: #000000\">Saigne \u2013t-il ?<\/span><\/li>\n<li><span style=\"color: #000000\">De quoi se plaint-il ?<\/span><\/li>\n<\/ul>\n<p>&nbsp;<\/p>\n<p><span style=\"color: #000000\"><strong>\u00a0ALERTER<\/strong><\/span><\/p>\n<ul>\n<li><span style=\"color: #000000\">Composer le 15<\/span><\/li>\n<li><span style=\"color: #000000\">Indiquer l\u2019adresse d\u00e9taill\u00e9e (rue, ville..)<\/span><\/li>\n<li><span style=\"color: #000000\">Pr\u00e9ciser le type d\u2019\u00e9v\u00e8nement (chute\u2026)<\/span><\/li>\n<li><span style=\"color: #000000\">D\u00e9crire l\u2019\u00e9tat observ\u00e9 au m\u00e9decin du SAMU<\/span><\/li>\n<li><span style=\"color: #000000\">Ne pas raccrocher en premier. (Laisser la ligne t\u00e9l\u00e9phonique disponible)<\/span><\/li>\n<\/ul>\n<p><span style=\"color: #000000\">\u00a0<strong>APPLIQUER LES CONSEILS DONNES<\/strong><\/span><\/p>\n<ul>\n<li><span style=\"color: #000000\">Couvrir et rassurer<\/span><\/li>\n<li><span style=\"color: #000000\">Ne pas donner \u00e0 boire<\/span><\/li>\n<li><span style=\"color: #000000\">Surveiller et attendre les secours<\/span><\/li>\n<li><span style=\"color: #000000\">Rappeler le 15 en cas d\u2019\u00e9volution de l\u2019\u00e9tat<\/span><\/li>\n<\/ul>\n<p><span style=\"color: #000000\">La famille de l\u2019\u00e9l\u00e8ve ne doit en aucun cas \u00eatre jointe par un autre \u00e9l\u00e8ve ou un professeur, il convient \u00e0 l\u2019administration de le faire.<\/span><\/p>\n<p>&nbsp;<\/p>\n<p><strong><span style=\"color: #000000\">DANS TOUS LES CAS, PREVENIR IMPERATIVEMENT :<\/span><\/strong><\/p>\n<ul>\n<li>Le <span style=\"color: #000000\">standard<\/span> poste <span style=\"color: #000000\">301<\/span> ou <span style=\"color: #000000\">9<\/span> de l\u2019arriv\u00e9e des secours.<\/li>\n<li>Le <span style=\"color: #000000\">Principal<\/span> en cas d\u2019appel du SAMU (ou \u00e0 d\u00e9faut la Principale adjointe).<\/li>\n<\/ul>\n<p>&nbsp;<\/p>\n<p>&nbsp;<\/p>\n<p style=\"text-align: center\"><strong><span style=\"color: #ff0000\">ACTUALITE INFIRMERIE<\/span><\/strong><\/p>\n<p>&nbsp;<\/p>\n<p>&nbsp;<\/p>\n      <div id=\"post-grid-lazy-9554\" class=\"post-grid-lazy\"><img decoding=\"async\" alt=\"\" src=\"\" \/><\/div>\n    <script>\n      jQuery('#post-grid-lazy-9554').ready(function($) {\n        $('#post-grid-lazy-9554').fadeOut();\n        $('#post-grid-9554   ').fadeIn();\n      })\n    <\/script>\n    <style type=\"text\/css\">\n      #post-grid-9554 {\n        display: none;\n      }\n\n      .post-grid-lazy {\n        text-align: center;\n      }\n    <\/style>\n    <div data-options='{&quot;id&quot;:&quot;9554&quot;,&quot;lazy_load&quot;:&quot;yes&quot;,&quot;masonry_enable&quot;:&quot;no&quot;,&quot;view_type&quot;:&quot;grid&quot;}' id=\"post-grid-9554\" class=\"post-grid grid\">\n        <div class=\"no-post-found\">\n        <div class=\"no-post-found\">\n    No post found  <\/div>\n    <\/div>\n        <script>\n          <\/script>\n    <style type=\"text\/css\">\n    #post-grid-9554 .element_0 {\n      display: block;font-size: 21px;line-height: normal;padding: 5px 10px;text-align: left; text-decoration: none;    }\n\n    #post-grid-9554 .element_1 {\n      display: block;font-size: 21px;line-height: normal;padding: 5px 10px;text-align: left; text-decoration: none;    }\n\n    #post-grid-9554 .element_2 {\n      display: block;font-size: 14px;padding: 5px 10px;text-align: left;    }\n\n    #post-grid-9554 .element_3 {\n      display: block;font-size: 12px;font-weight: bold;padding: 0 10px;text-align: left;text-decoration: none;    }\n\n    #post-grid-9554 .element_0:hover{}#post-grid-9554 .element_1:hover{}#post-grid-9554 .element_2:hover{}#post-grid-9554 .element_3:hover{}  <\/style>\n  <style type=\"text\/css\">\n    #post-grid-9554 {\n          }\n\n    #post-grid-9554 .item {\n      padding: 0px;\n      background: #fff;\n          }\n\n    #post-grid-9554 .item .layer-media {\n      height:auto;    }\n\n    @media only screen and (min-width: 0px) and (max-width: 767px) {\n      #post-grid-9554 .grid-items {\n        display: grid;\n        grid-template-columns: 1fr ;\n        column-gap: 10px;\n        row-gap: 10px;\n              }\n\n      #post-grid-9554 .item {\n        height:auto;      }\n    }\n\n    @media only screen and (min-width: 768px) and (max-width: 1023px) {\n      #post-grid-9554 .grid-items {\n        display: grid;\n        grid-template-columns: 1fr 1fr ;\n        column-gap: 10px;\n        row-gap: 10px;\n              }\n\n      #post-grid-9554 .item {\n        max-height:auto;      }\n    }\n\n    @media only screen and (min-width: 1024px) {\n      #post-grid-9554 .grid-items {\n        display: grid;\n        grid-template-columns: 1fr 1fr 1fr ;\n        column-gap: 10px;\n        row-gap: 10px;\n              }\n\n      #post-grid-9554 .item {\n        height:auto;      }\n    }\n\n      <\/style>\n  <\/div>\n\n","protected":false},"excerpt":{"rendered":"<p>L&rsquo;Infirmerie est ouverte de 7h30\/16h30 selon le plannings des infirmi\u00e8res. Deux infirmi\u00e8res travaillent 5 jours sur 5. En cas d&rsquo;absence la vie scolaire prend le &hellip;<\/p>\n","protected":false},"author":35787,"featured_media":0,"parent":0,"menu_order":0,"comment_status":"closed","ping_status":"closed","template":"","meta":{"footnotes":""},"class_list":["post-9530","page","type-page","status-publish","hentry"],"_links":{"self":[{"href":"https:\/\/etab.ac-reunion.fr\/clg-mahe-de-labourdonnais\/wp-json\/wp\/v2\/pages\/9530","targetHints":{"allow":["GET"]}}],"collection":[{"href":"https:\/\/etab.ac-reunion.fr\/clg-mahe-de-labourdonnais\/wp-json\/wp\/v2\/pages"}],"about":[{"href":"https:\/\/etab.ac-reunion.fr\/clg-mahe-de-labourdonnais\/wp-json\/wp\/v2\/types\/page"}],"author":[{"embeddable":true,"href":"https:\/\/etab.ac-reunion.fr\/clg-mahe-de-labourdonnais\/wp-json\/wp\/v2\/users\/35787"}],"replies":[{"embeddable":true,"href":"https:\/\/etab.ac-reunion.fr\/clg-mahe-de-labourdonnais\/wp-json\/wp\/v2\/comments?post=9530"}],"version-history":[{"count":18,"href":"https:\/\/etab.ac-reunion.fr\/clg-mahe-de-labourdonnais\/wp-json\/wp\/v2\/pages\/9530\/revisions"}],"predecessor-version":[{"id":9557,"href":"https:\/\/etab.ac-reunion.fr\/clg-mahe-de-labourdonnais\/wp-json\/wp\/v2\/pages\/9530\/revisions\/9557"}],"wp:attachment":[{"href":"https:\/\/etab.ac-reunion.fr\/clg-mahe-de-labourdonnais\/wp-json\/wp\/v2\/media?parent=9530"}],"curies":[{"name":"wp","href":"https:\/\/api.w.org\/{rel}","templated":true}]}}