{"id":1452,"date":"2019-03-07T11:17:00","date_gmt":"2019-03-07T07:17:00","guid":{"rendered":"http:\/\/college-marcel-goulette.ac-reunion.fr\/?page_id=1452"},"modified":"2024-08-21T18:37:59","modified_gmt":"2024-08-21T14:37:59","slug":"mentions-legales","status":"publish","type":"page","link":"https:\/\/etab.ac-reunion.fr\/clg-marcel-goulette\/mentions-legales\/","title":{"rendered":"Mentions l\u00e9gales"},"content":{"rendered":"<p><span style=\"font-family: arial, helvetica, sans-serif\"><span style=\"text-decoration: underline\"><strong>\u00c9diteur du site :<br \/>\n<\/strong><\/span>Coll\u00e8ge Marcel Goulette<\/span><br \/>\n<span style=\"font-family: arial, helvetica, sans-serif\">2, rue Julien Dupont BP 10<\/span><br \/>\n<span style=\"font-family: arial, helvetica, sans-serif\">97424 Piton Saint-Leu<\/span><\/p>\n<p><span style=\"font-family: arial, helvetica, sans-serif\">Tel : 0262 34 31 71<\/span><br \/>\n<span style=\"font-family: arial, helvetica, sans-serif\">Fax : 0262 34 18 60<\/span><\/p>\n<p><span style=\"font-family: arial, helvetica, sans-serif\"><span style=\"text-decoration: underline\"><strong>Directrice de publication :<\/strong><\/span> La Principale, Mme. MARIE LOUISE Nadia<br \/>\n<\/span><\/p>\n<p><span style=\"font-family: arial, helvetica, sans-serif\"><span style=\"text-decoration: underline\"><strong>Webmestre :<\/strong><\/span><br \/>\n<\/span><\/p>\n<p><span style=\"text-decoration: underline;font-family: arial, helvetica, sans-serif\"><strong>H\u00e9bergeur du site :<\/strong><\/span><br \/>\n<span style=\"font-family: arial, helvetica, sans-serif\">Rectorat de l\u2019acad\u00e9mie de la R\u00e9union<\/span><\/p>\n<p><span style=\"font-family: arial, helvetica, sans-serif\">24, avenue Georges Brassens<\/span><br \/>\n<span style=\"font-family: arial, helvetica, sans-serif\">CS 71003<br \/>\n97743 Saint Denis Cedex 9<\/span><\/p>\n<p><span style=\"font-family: arial, helvetica, sans-serif\">T\u00e9l : 02 62 48 10 10<\/span><\/p>\n<p><span style=\"font-family: arial, helvetica, sans-serif\"><span style=\"text-decoration: underline\"><strong>Propri\u00e9t\u00e9 intellectuelle :<br \/>\n<\/strong><\/span>Les photographies, textes, slogans, dessins, images, s\u00e9quences anim\u00e9es, sonores ou non, ainsi que toutes\u00a0les \u0153uvres int\u00e9gr\u00e9es dans le site sont la propri\u00e9t\u00e9 de l\u2019\u00e9diteur du site ou de tiers ayant autoris\u00e9 l\u2019\u00e9diteur\u00a0du site \u00e0 les utiliser.<\/span><\/p>\n<p><span style=\"font-family: arial, helvetica, sans-serif\">Toute utilisation ou reproduction totale ou partielle de ces \u00e9l\u00e9ments sans l\u2019autorisation expresse de l\u2019exploitant du site Internet ou de ses ayant-droit est prohib\u00e9e, au sens de l\u2019article L713-2 du CPI.<\/span><\/p>\n","protected":false},"excerpt":{"rendered":"<p>\u00c9diteur du site : Coll\u00e8ge Marcel Goulette 2, rue Julien Dupont BP 10 97424 Piton Saint-Leu Tel : 0262 34 31 71 Fax : 0262 34 18 60 Directrice de\u2026<\/p>\n<p class=\"continue-reading-button\"> <a class=\"continue-reading-link\" href=\"https:\/\/etab.ac-reunion.fr\/clg-marcel-goulette\/mentions-legales\/\">Lire la suite&#8230;<i class=\"crycon-right-dir\"><\/i><\/a><\/p>\n","protected":false},"author":13467,"featured_media":0,"parent":0,"menu_order":0,"comment_status":"closed","ping_status":"closed","template":"","meta":{"footnotes":""},"class_list":["post-1452","page","type-page","status-publish","hentry"],"_links":{"self":[{"href":"https:\/\/etab.ac-reunion.fr\/clg-marcel-goulette\/wp-json\/wp\/v2\/pages\/1452","targetHints":{"allow":["GET"]}}],"collection":[{"href":"https:\/\/etab.ac-reunion.fr\/clg-marcel-goulette\/wp-json\/wp\/v2\/pages"}],"about":[{"href":"https:\/\/etab.ac-reunion.fr\/clg-marcel-goulette\/wp-json\/wp\/v2\/types\/page"}],"author":[{"embeddable":true,"href":"https:\/\/etab.ac-reunion.fr\/clg-marcel-goulette\/wp-json\/wp\/v2\/users\/13467"}],"replies":[{"embeddable":true,"href":"https:\/\/etab.ac-reunion.fr\/clg-marcel-goulette\/wp-json\/wp\/v2\/comments?post=1452"}],"version-history":[{"count":17,"href":"https:\/\/etab.ac-reunion.fr\/clg-marcel-goulette\/wp-json\/wp\/v2\/pages\/1452\/revisions"}],"predecessor-version":[{"id":6554,"href":"https:\/\/etab.ac-reunion.fr\/clg-marcel-goulette\/wp-json\/wp\/v2\/pages\/1452\/revisions\/6554"}],"wp:attachment":[{"href":"https:\/\/etab.ac-reunion.fr\/clg-marcel-goulette\/wp-json\/wp\/v2\/media?parent=1452"}],"curies":[{"name":"wp","href":"https:\/\/api.w.org\/{rel}","templated":true}]}}