{"id":1959,"date":"2019-11-19T10:35:37","date_gmt":"2019-11-19T06:35:37","guid":{"rendered":"http:\/\/college-marcel-goulette.ac-reunion.fr\/?page_id=1959"},"modified":"2023-10-22T16:16:41","modified_gmt":"2023-10-22T12:16:41","slug":"epi-femmes-et-societes","status":"publish","type":"page","link":"https:\/\/etab.ac-reunion.fr\/clg-marcel-goulette\/epi-femmes-et-societes\/","title":{"rendered":"Oral du brevet : EPI \u00ab\u00a0Femmes et soci\u00e9t\u00e9s\u00a0\u00bb"},"content":{"rendered":"<p><span style=\"font-family: arial, helvetica, sans-serif\"><\/span><\/p>\r\n<div class=\"wp-block-file\"><span style=\"font-family: arial, helvetica, sans-serif;font-size: 12pt\"><a href=\"https:\/\/etab.ac-reunion.fr\/clg-marcel-goulette\/wp-content\/uploads\/sites\/153\/2020\/10\/EPI-Femmes-et-societes-2020-2021.pdf\">EPI-Femmes-et-societes-2020-2021<\/a><span style=\"font-size: 10pt\"><a class=\"wp-block-file__button\" href=\"https:\/\/etab.ac-reunion.fr\/clg-marcel-goulette\/wp-content\/uploads\/sites\/153\/2020\/10\/EPI-Femmes-et-societes-2020-2021.pdf\"> T\u00e9l\u00e9charger<\/a><\/span><\/span><\/div>\r\n<p><span style=\"font-family: arial, helvetica, sans-serif;font-size: 12pt\">\r\n\r\n<\/span><\/p>\r\n<p><span style=\"font-family: arial, helvetica, sans-serif;font-size: 12pt\"><strong>Allemand : <\/strong><\/span><\/p>\r\n<p><span style=\"font-family: arial, helvetica, sans-serif;font-size: 12pt\">\r\n\r\n<\/span><\/p>\r\n<ul>\r\n<li class=\"wp-block-file\"><span style=\"font-family: arial, helvetica, sans-serif;font-size: 12pt\"><a href=\"https:\/\/etab.ac-reunion.fr\/clg-marcel-goulette\/wp-content\/uploads\/sites\/153\/2019\/11\/Allemand-FICHE-PRESENTATION-.pdf\">FICHE-PRESENTATION\u00a0 &#8211;\u00a0<\/a><span style=\"font-size: 10pt\"><a class=\"wp-block-file__button\" href=\"https:\/\/etab.ac-reunion.fr\/clg-marcel-goulette\/wp-content\/uploads\/sites\/153\/2019\/11\/Allemand-FICHE-PRESENTATION-.pdf\"> T\u00e9l\u00e9charger<\/a><\/span><\/span><\/li>\r\n<\/ul>\r\n<p><span style=\"font-family: arial, helvetica, sans-serif;font-size: 12pt\">\r\n\r\n<\/span><\/p>\r\n<p><span style=\"font-family: arial, helvetica, sans-serif;font-size: 12pt\"><strong>Arts plastiques : <\/strong><\/span><\/p>\r\n<p><span style=\"font-family: arial, helvetica, sans-serif;font-size: 12pt\">\r\n\r\n<\/span><\/p>\r\n<ul>\r\n<li class=\"wp-block-file\"><span style=\"font-family: arial, helvetica, sans-serif;font-size: 12pt\"><a href=\"https:\/\/etab.ac-reunion.fr\/clg-marcel-goulette\/wp-content\/uploads\/sites\/153\/2019\/11\/Art-Ang\u00e8le-\u00e9tude-du-clip-Balance-ton-quoi.pdf\">Art-Ang\u00e8le-\u00e9tude-du-clip-Balance-ton-quoi<\/a><span style=\"font-size: 10pt\"><a class=\"wp-block-file__button\" href=\"https:\/\/etab.ac-reunion.fr\/clg-marcel-goulette\/wp-content\/uploads\/sites\/153\/2019\/11\/Art-Ang\u00e8le-\u00e9tude-du-clip-Balance-ton-quoi.pdf\"> T\u00e9l\u00e9charger<\/a><\/span><\/span><\/li>\r\n<li class=\"wp-block-file\"><span style=\"font-family: arial, helvetica, sans-serif;font-size: 12pt\"><a href=\"https:\/\/etab.ac-reunion.fr\/clg-marcel-goulette\/wp-content\/uploads\/sites\/153\/2019\/11\/Art-La\u00ebtitia-KY-Cher-Ut\u00e9rus...-copie.pdf\">Art-La\u00ebtitia-KY-Cher-Ut\u00e9rus&#8230;-copie <\/a><span style=\"font-size: 10pt\"><a class=\"wp-block-file__button\" href=\"https:\/\/etab.ac-reunion.fr\/clg-marcel-goulette\/wp-content\/uploads\/sites\/153\/2019\/11\/Art-La\u00ebtitia-KY-Cher-Ut\u00e9rus...-copie.pdf\">T\u00e9l\u00e9charger<\/a><\/span><\/span><\/li>\r\n<li class=\"wp-block-file\"><span style=\"font-family: arial, helvetica, sans-serif;font-size: 12pt\"><a href=\"https:\/\/etab.ac-reunion.fr\/clg-marcel-goulette\/wp-content\/uploads\/sites\/153\/2019\/11\/Art-La\u00ebtitia-Ky-confortable.pdf\">Art-La\u00ebtitia-Ky-confortable<\/a><span style=\"font-size: 10pt\"><a class=\"wp-block-file__button\" href=\"https:\/\/etab.ac-reunion.fr\/clg-marcel-goulette\/wp-content\/uploads\/sites\/153\/2019\/11\/Art-La\u00ebtitia-Ky-confortable.pdf\"> T\u00e9l\u00e9charger<\/a><\/span><\/span><\/li>\r\n<li class=\"wp-block-file\"><span style=\"font-family: arial, helvetica, sans-serif;font-size: 12pt\"><a href=\"https:\/\/etab.ac-reunion.fr\/clg-marcel-goulette\/wp-content\/uploads\/sites\/153\/2019\/11\/Art-La\u00ebtitia-Ky-Justice-et-\u00e9galit\u00e9.pdf\">Art-La\u00ebtitia-Ky-Justice-et-\u00e9galit\u00e9 <\/a><span style=\"font-size: 10pt\"><a class=\"wp-block-file__button\" href=\"https:\/\/etab.ac-reunion.fr\/clg-marcel-goulette\/wp-content\/uploads\/sites\/153\/2019\/11\/Art-La\u00ebtitia-Ky-Justice-et-\u00e9galit\u00e9.pdf\">T\u00e9l\u00e9charger<\/a><\/span><\/span><\/li>\r\n<li class=\"wp-block-file\"><span style=\"font-family: arial, helvetica, sans-serif;font-size: 12pt\"><a href=\"https:\/\/etab.ac-reunion.fr\/clg-marcel-goulette\/wp-content\/uploads\/sites\/153\/2019\/11\/Art-La\u00ebtitia-KY-Me-too.pdf\">Art-La\u00ebtitia-KY-Me-too<\/a><span style=\"font-size: 10pt\"><a class=\"wp-block-file__button\" href=\"https:\/\/etab.ac-reunion.fr\/clg-marcel-goulette\/wp-content\/uploads\/sites\/153\/2019\/11\/Art-La\u00ebtitia-KY-Me-too.pdf\"> T\u00e9l\u00e9charger<\/a><\/span><\/span><\/li>\r\n<\/ul>\r\n<p><span style=\"font-family: arial, helvetica, sans-serif;font-size: 12pt\">\r\n\r\n<\/span><span style=\"font-family: arial, helvetica, sans-serif;font-size: 12pt\">\r\n\r\n<\/span><span style=\"font-family: arial, helvetica, sans-serif;font-size: 12pt\">\r\n\r\n<\/span><span style=\"font-family: arial, helvetica, sans-serif;font-size: 12pt\">\r\n\r\n<\/span><span style=\"font-family: arial, helvetica, sans-serif;font-size: 12pt\">\r\n\r\n\r\n\r\n<\/span><\/p>\r\n<p><span style=\"font-family: arial, helvetica, sans-serif;font-size: 12pt\"><strong>EPS : <\/strong><\/span><\/p>\r\n<p><span style=\"font-family: arial, helvetica, sans-serif;font-size: 12pt\">\r\n\r\n<\/span><\/p>\r\n<ul>\r\n<li class=\"wp-block-file\"><span style=\"font-family: arial, helvetica, sans-serif;font-size: 12pt\"><a href=\"https:\/\/etab.ac-reunion.fr\/clg-marcel-goulette\/wp-content\/uploads\/sites\/153\/2019\/11\/EPS.pdf\">EPS<\/a><span style=\"font-size: 10pt\"><a class=\"wp-block-file__button\" href=\"https:\/\/etab.ac-reunion.fr\/clg-marcel-goulette\/wp-content\/uploads\/sites\/153\/2019\/11\/EPS.pdf\"> T\u00e9l\u00e9charger<\/a><\/span><\/span><\/li>\r\n<\/ul>\r\n<p><span style=\"font-family: arial, helvetica, sans-serif;font-size: 12pt\">\r\n\r\n<\/span><\/p>\r\n<p><span style=\"font-family: arial, helvetica, sans-serif;font-size: 12pt\"><strong>Espagnol :<\/strong><\/span><\/p>\r\n<p><span style=\"font-family: arial, helvetica, sans-serif;font-size: 12pt\">\r\n\r\n<\/span><\/p>\r\n<ul>\r\n<li class=\"wp-block-file\"><span style=\"font-family: arial, helvetica, sans-serif;font-size: 12pt\"><a href=\"https:\/\/etab.ac-reunion.fr\/clg-marcel-goulette\/wp-content\/uploads\/sites\/153\/2019\/11\/Espagnol-Bomba-Est\u00e9reo-Rapport-au-corps.pdf\">Espagnol-Bomba-Est\u00e9reo-Rapport-au-corps <\/a><span style=\"font-size: 10pt\"><a class=\"wp-block-file__button\" href=\"https:\/\/etab.ac-reunion.fr\/clg-marcel-goulette\/wp-content\/uploads\/sites\/153\/2019\/11\/Espagnol-Bomba-Est\u00e9reo-Rapport-au-corps.pdf\">T\u00e9l\u00e9charger<\/a><\/span><\/span><\/li>\r\n<li class=\"wp-block-file\"><span style=\"font-family: arial, helvetica, sans-serif;font-size: 12pt\"><a href=\"https:\/\/etab.ac-reunion.fr\/clg-marcel-goulette\/wp-content\/uploads\/sites\/153\/2019\/11\/Espagnol-MAFALDA-Les-in\u00e9galit\u00e9s.pdf\">Espagnol-MAFALDA-Les-in\u00e9galit\u00e9s <\/a><span style=\"font-size: 10pt\"><a class=\"wp-block-file__button\" href=\"https:\/\/etab.ac-reunion.fr\/clg-marcel-goulette\/wp-content\/uploads\/sites\/153\/2019\/11\/Espagnol-MAFALDA-Les-in\u00e9galit\u00e9s.pdf\">T\u00e9l\u00e9charger<\/a><\/span><\/span><\/li>\r\n<li class=\"wp-block-file\"><span style=\"font-family: arial, helvetica, sans-serif;font-size: 12pt\"><a href=\"https:\/\/etab.ac-reunion.fr\/clg-marcel-goulette\/wp-content\/uploads\/sites\/153\/2019\/11\/Espagnol-ORISHAS-2nda-p-LETRA.pdf\">Espagnol-ORISHAS-2nda-p-LETRA<\/a><span style=\"font-size: 10pt\"><a class=\"wp-block-file__button\" href=\"https:\/\/etab.ac-reunion.fr\/clg-marcel-goulette\/wp-content\/uploads\/sites\/153\/2019\/11\/Espagnol-ORISHAS-2nda-p-LETRA.pdf\"> T\u00e9l\u00e9charger<\/a><\/span><\/span><\/li>\r\n<li class=\"wp-block-file\"><span style=\"font-family: arial, helvetica, sans-serif;font-size: 12pt\"><a href=\"https:\/\/etab.ac-reunion.fr\/clg-marcel-goulette\/wp-content\/uploads\/sites\/153\/2019\/11\/Espagnol-ORISHAS-MUJER-1ra-p-In\u00e9galit\u00e9s.pdf\">Espagnol-ORISHAS-MUJER-1ra-p-In\u00e9galit\u00e9s<\/a><span style=\"font-size: 10pt\"><a class=\"wp-block-file__button\" href=\"https:\/\/etab.ac-reunion.fr\/clg-marcel-goulette\/wp-content\/uploads\/sites\/153\/2019\/11\/Espagnol-ORISHAS-MUJER-1ra-p-In\u00e9galit\u00e9s.pdf\"> T\u00e9l\u00e9charger<\/a><\/span><\/span><\/li>\r\n<li class=\"wp-block-file\"><span style=\"font-family: arial, helvetica, sans-serif;font-size: 12pt\"><a href=\"https:\/\/etab.ac-reunion.fr\/clg-marcel-goulette\/wp-content\/uploads\/sites\/153\/2019\/11\/Espagnol-Rigoberta-Menchu-.pdf\">Espagnol-Rigoberta-Menchu &#8211;<\/a><span style=\"font-size: 10pt\"><a class=\"wp-block-file__button\" href=\"https:\/\/etab.ac-reunion.fr\/clg-marcel-goulette\/wp-content\/uploads\/sites\/153\/2019\/11\/Espagnol-Rigoberta-Menchu-.pdf\"> T\u00e9l\u00e9charger<\/a><\/span><\/span><\/li>\r\n<li class=\"wp-block-file\"><span style=\"font-family: arial, helvetica, sans-serif;font-size: 12pt\"><a href=\"https:\/\/etab.ac-reunion.fr\/clg-marcel-goulette\/wp-content\/uploads\/sites\/153\/2019\/11\/EspagnolLETRA-SOY-YO-DOC-EL.pdf\">Espagnol LETRA-SOY-YO-DOC &#8211; EL <\/a><span style=\"font-size: 10pt\"><a class=\"wp-block-file__button\" href=\"https:\/\/etab.ac-reunion.fr\/clg-marcel-goulette\/wp-content\/uploads\/sites\/153\/2019\/11\/EspagnolLETRA-SOY-YO-DOC-EL.pdf\">T\u00e9l\u00e9charger<\/a><\/span><\/span><\/li>\r\n<li class=\"wp-block-file\"><span style=\"font-family: arial, helvetica, sans-serif;font-size: 12pt\"><a href=\"https:\/\/etab.ac-reunion.fr\/clg-marcel-goulette\/wp-content\/uploads\/sites\/153\/2019\/11\/EspagnolQUINO-Biographie-EPI-MAFALDA.pdf\">Espagnol QUINO-Biographie-EPI-MAFALDA<\/a><span style=\"font-size: 10pt\"><a class=\"wp-block-file__button\" href=\"https:\/\/etab.ac-reunion.fr\/clg-marcel-goulette\/wp-content\/uploads\/sites\/153\/2019\/11\/EspagnolQUINO-Biographie-EPI-MAFALDA.pdf\"> T\u00e9l\u00e9charger<\/a><\/span><\/span><\/li>\r\n<\/ul>\r\n<p><span style=\"font-family: arial, helvetica, sans-serif;font-size: 12pt\">\r\n\r\n<\/span><span style=\"font-family: arial, helvetica, sans-serif;font-size: 12pt\">\r\n\r\n<\/span><span style=\"font-family: arial, helvetica, sans-serif;font-size: 12pt\">\r\n\r\n<\/span><span style=\"font-family: arial, helvetica, sans-serif;font-size: 12pt\">\r\n\r\n<\/span><span style=\"font-family: arial, helvetica, sans-serif;font-size: 12pt\">\r\n\r\n<\/span><span style=\"font-family: arial, helvetica, sans-serif;font-size: 12pt\">\r\n\r\n<\/span><span style=\"font-family: arial, helvetica, sans-serif;font-size: 12pt\">\r\n\r\n<\/span><\/p>\r\n<p><span style=\"font-family: arial, helvetica, sans-serif;font-size: 12pt\"><strong>Fran\u00e7ais :<\/strong><\/span><\/p>\r\n<p><span style=\"font-family: arial, helvetica, sans-serif;font-size: 12pt\">\r\n\r\n<\/span><\/p>\r\n<ul>\r\n<li class=\"wp-block-file\"><span style=\"font-family: arial, helvetica, sans-serif;font-size: 12pt\"><a href=\"https:\/\/etab.ac-reunion.fr\/clg-marcel-goulette\/wp-content\/uploads\/sites\/153\/2019\/11\/Fran\u00e7ais-et-Art-P\u00e9n\u00e9lope-Bagieu-Culott\u00e9es.pdf\">Fran\u00e7ais-et-Art-P\u00e9n\u00e9lope-Bagieu-Culott\u00e9es<\/a><span style=\"font-size: 10pt\"><a class=\"wp-block-file__button\" href=\"https:\/\/etab.ac-reunion.fr\/clg-marcel-goulette\/wp-content\/uploads\/sites\/153\/2019\/11\/Fran\u00e7ais-et-Art-P\u00e9n\u00e9lope-Bagieu-Culott\u00e9es.pdf\"> T\u00e9l\u00e9charger<\/a><\/span><\/span><\/li>\r\n<li class=\"wp-block-file\"><span style=\"font-family: arial, helvetica, sans-serif;font-size: 12pt\"><a href=\"https:\/\/etab.ac-reunion.fr\/clg-marcel-goulette\/wp-content\/uploads\/sites\/153\/2019\/11\/Fran\u00e7ais-La-femme-gel\u00e9e-ORAL.pdf\">Fran\u00e7ais-La-femme-gel\u00e9e-ORAL <\/a><span style=\"font-size: 10pt\"><a class=\"wp-block-file__button\" href=\"https:\/\/etab.ac-reunion.fr\/clg-marcel-goulette\/wp-content\/uploads\/sites\/153\/2019\/11\/Fran\u00e7ais-La-femme-gel\u00e9e-ORAL.pdf\">T\u00e9l\u00e9charger<\/a><\/span><\/span><\/li>\r\n<li class=\"wp-block-file\"><span style=\"font-family: arial, helvetica, sans-serif;font-size: 12pt\"><a href=\"https:\/\/etab.ac-reunion.fr\/clg-marcel-goulette\/wp-content\/uploads\/sites\/153\/2019\/11\/Fran\u00e7ais-R\u00e9f\u00e9rences-SEQ-FEMMES-.pdf\">Fran\u00e7ais-R\u00e9f\u00e9rences-SEQ-FEMMES &#8211; <\/a><span style=\"font-size: 10pt\"><a class=\"wp-block-file__button\" href=\"https:\/\/etab.ac-reunion.fr\/clg-marcel-goulette\/wp-content\/uploads\/sites\/153\/2019\/11\/Fran\u00e7ais-R\u00e9f\u00e9rences-SEQ-FEMMES-.pdf\">T\u00e9l\u00e9charger<\/a><\/span><\/span><\/li>\r\n<li class=\"wp-block-file\"><span style=\"font-family: arial, helvetica, sans-serif;font-size: 12pt\"><a href=\"https:\/\/etab.ac-reunion.fr\/clg-marcel-goulette\/wp-content\/uploads\/sites\/153\/2019\/11\/Fran\u00e7ais-Une-vie-\u00e0-coucher-dehors.pdf\">Fran\u00e7ais-Une-vie-\u00e0-coucher-dehors <\/a><span style=\"font-size: 10pt\"><a class=\"wp-block-file__button\" href=\"https:\/\/etab.ac-reunion.fr\/clg-marcel-goulette\/wp-content\/uploads\/sites\/153\/2019\/11\/Fran\u00e7ais-Une-vie-\u00e0-coucher-dehors.pdf\">T\u00e9l\u00e9charger<\/a><\/span><\/span><\/li>\r\n<\/ul>\r\n<p><span style=\"font-family: arial, helvetica, sans-serif;font-size: 12pt\">\r\n\r\n<\/span><span style=\"font-family: arial, helvetica, sans-serif;font-size: 12pt\">\r\n\r\n<\/span><span style=\"font-family: arial, helvetica, sans-serif;font-size: 12pt\">\r\n\r\n<\/span><span style=\"font-family: arial, helvetica, sans-serif;font-size: 12pt\">\r\n\r\n<\/span><\/p>\r\n<p><span style=\"font-family: arial, helvetica, sans-serif;font-size: 12pt\"><strong>Histoire :<\/strong><\/span><\/p>\r\n<p><span style=\"font-family: arial, helvetica, sans-serif;font-size: 12pt\">\r\n\r\n<\/span><\/p>\r\n<ul>\r\n<li class=\"wp-block-file\"><span style=\"font-family: arial, helvetica, sans-serif;font-size: 12pt\"><a href=\"https:\/\/etab.ac-reunion.fr\/clg-marcel-goulette\/wp-content\/uploads\/sites\/153\/2019\/11\/Histoire-Femmes-Totalitarismes-.pdf\">Histoire-Femmes-Totalitarismes &#8211; <\/a><span style=\"font-size: 10pt\"><a class=\"wp-block-file__button\" href=\"https:\/\/etab.ac-reunion.fr\/clg-marcel-goulette\/wp-content\/uploads\/sites\/153\/2019\/11\/Histoire-Femmes-Totalitarismes-.pdf\">T\u00e9l\u00e9charger<\/a><\/span><\/span><\/li>\r\n<li class=\"wp-block-file\"><span style=\"font-family: arial, helvetica, sans-serif;font-size: 12pt\"><a href=\"https:\/\/etab.ac-reunion.fr\/clg-marcel-goulette\/wp-content\/uploads\/sites\/153\/2019\/11\/Histoire-Manifeste-343.pdf\">Histoire-Manifeste-343<\/a><span style=\"font-size: 10pt\"><a class=\"wp-block-file__button\" href=\"https:\/\/etab.ac-reunion.fr\/clg-marcel-goulette\/wp-content\/uploads\/sites\/153\/2019\/11\/Histoire-Manifeste-343.pdf\"> T\u00e9l\u00e9charger<\/a><\/span><\/span><\/li>\r\n<li class=\"wp-block-file\"><span style=\"font-family: arial, helvetica, sans-serif;font-size: 12pt\"><a href=\"https:\/\/etab.ac-reunion.fr\/clg-marcel-goulette\/wp-content\/uploads\/sites\/153\/2019\/11\/Histoire-Tribune-MLF-LObs-Manifeste-343-Je-Me-Suis-Fait-Avorter-1971.pdf\">Histoire-Tribune-MLF-LObs-Manifeste-343-Je-Me-Suis-Fait-Avorter-1971<\/a><span style=\"font-size: 10pt\"><a class=\"wp-block-file__button\" href=\"https:\/\/etab.ac-reunion.fr\/clg-marcel-goulette\/wp-content\/uploads\/sites\/153\/2019\/11\/Histoire-Tribune-MLF-LObs-Manifeste-343-Je-Me-Suis-Fait-Avorter-1971.pdf\"> T\u00e9l\u00e9charger<\/a><\/span><\/span><\/li>\r\n<\/ul>\r\n<p><span style=\"font-family: arial, helvetica, sans-serif;font-size: 12pt\">\r\n\r\n<\/span><span style=\"font-family: arial, helvetica, sans-serif;font-size: 12pt\">\r\n\r\n<\/span><span style=\"font-family: arial, helvetica, sans-serif;font-size: 12pt\">\r\n\r\n<\/span><\/p>\r\n<p><span style=\"font-family: arial, helvetica, sans-serif;font-size: 12pt\"><strong>Latin :<\/strong><\/span><\/p>\r\n<p><span style=\"font-family: arial, helvetica, sans-serif;font-size: 12pt\">\r\n\r\n<\/span><\/p>\r\n<ul>\r\n<li class=\"wp-block-file\"><span style=\"font-family: arial, helvetica, sans-serif;font-size: 12pt\"><a href=\"https:\/\/etab.ac-reunion.fr\/clg-marcel-goulette\/wp-content\/uploads\/sites\/153\/2019\/11\/Latin-FEMME-ET-MYTHOLOGIE-GRECQUE-m\u00e9d\u00e9e.pdf\">Latin-FEMME-ET-MYTHOLOGIE-GRECQUE-M\u00e9d\u00e9e<\/a><span style=\"font-size: 10pt\"><a class=\"wp-block-file__button\" href=\"https:\/\/etab.ac-reunion.fr\/clg-marcel-goulette\/wp-content\/uploads\/sites\/153\/2019\/11\/Latin-FEMME-ET-MYTHOLOGIE-GRECQUE-m\u00e9d\u00e9e.pdf\"> T\u00e9l\u00e9charger<\/a><\/span><\/span><\/li>\r\n<li class=\"wp-block-file\"><span style=\"font-family: arial, helvetica, sans-serif;font-size: 12pt\"><a href=\"https:\/\/etab.ac-reunion.fr\/clg-marcel-goulette\/wp-content\/uploads\/sites\/153\/2019\/11\/Latin-FEMME-ET-MYTHOLOGIE-GRECQUE-meduse.pdf\">Latin-FEMME-ET-MYTHOLOGIE-GRECQUE-M\u00e9duse<\/a><span style=\"font-size: 10pt\"><a class=\"wp-block-file__button\" href=\"https:\/\/etab.ac-reunion.fr\/clg-marcel-goulette\/wp-content\/uploads\/sites\/153\/2019\/11\/Latin-FEMME-ET-MYTHOLOGIE-GRECQUE-meduse.pdf\"> T\u00e9l\u00e9charger<\/a><\/span><\/span><\/li>\r\n<li class=\"wp-block-file\"><span style=\"font-family: arial, helvetica, sans-serif;font-size: 12pt\"><a href=\"https:\/\/etab.ac-reunion.fr\/clg-marcel-goulette\/wp-content\/uploads\/sites\/153\/2019\/11\/Latin-FEMMES-ET-HISTOIRE-ROMAINE-cl\u00e9lie.pdf\">Latin-FEMMES-ET-HISTOIRE-ROMAINE-Cl\u00e9lie<\/a><span style=\"font-size: 10pt\"><a class=\"wp-block-file__button\" href=\"https:\/\/etab.ac-reunion.fr\/clg-marcel-goulette\/wp-content\/uploads\/sites\/153\/2019\/11\/Latin-FEMMES-ET-HISTOIRE-ROMAINE-cl\u00e9lie.pdf\"> T\u00e9l\u00e9charger<\/a><\/span><\/span><\/li>\r\n<li class=\"wp-block-file\"><span style=\"font-family: arial, helvetica, sans-serif;font-size: 12pt\"><a href=\"https:\/\/etab.ac-reunion.fr\/clg-marcel-goulette\/wp-content\/uploads\/sites\/153\/2019\/11\/Latin-FEMMES-ET-HISTOIRE-ROMAINE-lucr\u00e8ce.pdf\">Latin-FEMMES-ET-HISTOIRE-ROMAINE-Lucr\u00e8ce <\/a><span style=\"font-size: 10pt\"><a class=\"wp-block-file__button\" href=\"https:\/\/etab.ac-reunion.fr\/clg-marcel-goulette\/wp-content\/uploads\/sites\/153\/2019\/11\/Latin-FEMMES-ET-HISTOIRE-ROMAINE-lucr\u00e8ce.pdf\">T\u00e9l\u00e9charger<\/a><\/span><\/span><\/li>\r\n<li class=\"wp-block-file\"><span style=\"font-family: arial, helvetica, sans-serif;font-size: 12pt\"><a href=\"https:\/\/etab.ac-reunion.fr\/clg-marcel-goulette\/wp-content\/uploads\/sites\/153\/2019\/11\/LatinFEMMES-ET-HISTOIRE-ROMAINE-sabines.pdf\">LatinFEMMES-ET-HISTOIRE-ROMAINE-Sabines<\/a><span style=\"font-size: 10pt\"><a class=\"wp-block-file__button\" href=\"https:\/\/etab.ac-reunion.fr\/clg-marcel-goulette\/wp-content\/uploads\/sites\/153\/2019\/11\/LatinFEMMES-ET-HISTOIRE-ROMAINE-sabines.pdf\"> T\u00e9l\u00e9charger<\/a><\/span><\/span><\/li>\r\n<\/ul>\r\n<p><span style=\"font-family: arial, helvetica, sans-serif;font-size: 12pt\">\r\n\r\n<\/span><span style=\"font-family: arial, helvetica, sans-serif;font-size: 12pt\">\r\n\r\n<\/span><span style=\"font-family: arial, helvetica, sans-serif;font-size: 12pt\">\r\n\r\n<\/span><span style=\"font-family: arial, helvetica, sans-serif;font-size: 12pt\">\r\n\r\n<\/span><span style=\"font-family: arial, helvetica, sans-serif;font-size: 12pt\">\r\n\r\n<\/span><\/p>\r\n<p><span style=\"font-family: arial, helvetica, sans-serif;font-size: 12pt\"><strong>Math\u00e9matiques :<\/strong><\/span><\/p>\r\n<p><span style=\"font-family: arial, helvetica, sans-serif;font-size: 12pt\">\r\n\r\n<\/span><\/p>\r\n<ul>\r\n<li class=\"wp-block-file\"><span style=\"font-family: arial, helvetica, sans-serif;font-size: 12pt\"><a href=\"https:\/\/etab.ac-reunion.fr\/clg-marcel-goulette\/wp-content\/uploads\/sites\/153\/2019\/11\/mathematiques-histoire.pdf\">Math\u00e9matiques-histoire<\/a><span style=\"font-size: 10pt\"><a class=\"wp-block-file__button\" href=\"https:\/\/etab.ac-reunion.fr\/clg-marcel-goulette\/wp-content\/uploads\/sites\/153\/2019\/11\/mathematiques-histoire.pdf\"> T\u00e9l\u00e9charger<\/a><\/span><\/span><\/li>\r\n<\/ul>\r\n<p><span style=\"font-family: arial, helvetica, sans-serif;font-size: 12pt\">\r\n\r\n<\/span><\/p>\r\n<p><span style=\"font-family: arial, helvetica, sans-serif;font-size: 12pt\"><strong>Musique :<\/strong><\/span><\/p>\r\n<p><span style=\"font-family: arial, helvetica, sans-serif;font-size: 12pt\">\r\n\r\n<\/span><\/p>\r\n<ul>\r\n<li class=\"wp-block-file\"><span style=\"font-family: arial, helvetica, sans-serif;font-size: 12pt\"><a href=\"https:\/\/etab.ac-reunion.fr\/clg-marcel-goulette\/wp-content\/uploads\/sites\/153\/2020\/02\/Chants-femmes.pdf\">Chants-femmes<\/a><span style=\"font-size: 10pt\"><a class=\"wp-block-file__button\" href=\"https:\/\/etab.ac-reunion.fr\/clg-marcel-goulette\/wp-content\/uploads\/sites\/153\/2020\/02\/Chants-femmes.pdf\"> T\u00e9l\u00e9charger<\/a><\/span><\/span><\/li>\r\n<\/ul>\r\n<p><span style=\"font-family: arial, helvetica, sans-serif\"><\/span><\/p>","protected":false},"excerpt":{"rendered":"<p>Allemand : Arts plastiques : EPS : Espagnol : Fran\u00e7ais : Histoire : Latin : Math\u00e9matiques : Musique :<\/p>\n<p class=\"continue-reading-button\"> <a class=\"continue-reading-link\" href=\"https:\/\/etab.ac-reunion.fr\/clg-marcel-goulette\/epi-femmes-et-societes\/\">Lire la suite&#8230;<i class=\"crycon-right-dir\"><\/i><\/a><\/p>\n","protected":false},"author":13467,"featured_media":0,"parent":0,"menu_order":0,"comment_status":"closed","ping_status":"closed","template":"","meta":{"footnotes":""},"class_list":["post-1959","page","type-page","status-publish","hentry"],"_links":{"self":[{"href":"https:\/\/etab.ac-reunion.fr\/clg-marcel-goulette\/wp-json\/wp\/v2\/pages\/1959","targetHints":{"allow":["GET"]}}],"collection":[{"href":"https:\/\/etab.ac-reunion.fr\/clg-marcel-goulette\/wp-json\/wp\/v2\/pages"}],"about":[{"href":"https:\/\/etab.ac-reunion.fr\/clg-marcel-goulette\/wp-json\/wp\/v2\/types\/page"}],"author":[{"embeddable":true,"href":"https:\/\/etab.ac-reunion.fr\/clg-marcel-goulette\/wp-json\/wp\/v2\/users\/13467"}],"replies":[{"embeddable":true,"href":"https:\/\/etab.ac-reunion.fr\/clg-marcel-goulette\/wp-json\/wp\/v2\/comments?post=1959"}],"version-history":[{"count":12,"href":"https:\/\/etab.ac-reunion.fr\/clg-marcel-goulette\/wp-json\/wp\/v2\/pages\/1959\/revisions"}],"predecessor-version":[{"id":5741,"href":"https:\/\/etab.ac-reunion.fr\/clg-marcel-goulette\/wp-json\/wp\/v2\/pages\/1959\/revisions\/5741"}],"wp:attachment":[{"href":"https:\/\/etab.ac-reunion.fr\/clg-marcel-goulette\/wp-json\/wp\/v2\/media?parent=1959"}],"curies":[{"name":"wp","href":"https:\/\/api.w.org\/{rel}","templated":true}]}}