{"id":2649,"date":"2020-03-24T19:27:03","date_gmt":"2020-03-24T15:27:03","guid":{"rendered":"http:\/\/college-marcel-goulette.ac-reunion.fr\/?page_id=2649"},"modified":"2025-12-12T10:30:13","modified_gmt":"2025-12-12T06:30:13","slug":"comment-acceder-a-pronote","status":"publish","type":"page","link":"https:\/\/etab.ac-reunion.fr\/clg-marcel-goulette\/comment-acceder-a-pronote\/","title":{"rendered":"Comment acc\u00e9der \u00e0 PRONOTE ?"},"content":{"rendered":"\n<p class=\"has-text-align-left\" style=\"font-size:0px;font-style:normal;font-weight:400\"><strong>En tant qu\u2019\u00e9l\u00e8ve, les espaces seront pr\u00e9sent\u00e9s comme ci-dessous :<\/strong><\/p>\n\n\n\n<p class=\"has-text-align-left\" style=\"font-size:0px;font-style:normal;font-weight:400\">Vous devez cr\u00e9er vous-m\u00eame votre identifiant et votre mot de passe.<br>EDUCONNECT vous permet de g\u00e9rer votre compte de mani\u00e8re autonome ; le coll\u00e8ge ne fournit <strong>plus<\/strong> d\u2019identifiants.<\/p>\n\n\n\n<p style=\"font-size:16px\">Vous devez cr\u00e9er vous-m\u00eame votre identifiant et votre mot de passe.<br>EDUCONNECT vous permet de g\u00e9rer votre compte de mani\u00e8re autonome ; le coll\u00e8ge ne fournit plus d\u2019identifiants.<\/p>\n\n\n\n<h2 class=\"wp-block-heading has-vivid-red-color has-text-color has-link-color has-medium-font-size wp-elements-91f5c3a4a01bf986e1fbdda984e5db01\" style=\"text-decoration:underline\"><span style=\"font-family: arial, helvetica, sans-serif\"><strong>Pourquoi consulter PRONOTE ?<\/strong><\/span><\/h2>\n\n\n\n<p style=\"font-style:normal;font-weight:400\"><span style=\"font-size: 12pt;font-family: arial, helvetica, sans-serif\"><strong>Vous y trouverez les devoirs \u00e0 faire, les r\u00e9visions, etc.<\/strong><\/span><br><span style=\"font-size: 12pt;font-family: arial, helvetica, sans-serif\"><strong>PRONOTE est l&rsquo;outil de la continuit\u00e9 p\u00e9dagogique \u00e0 distance. <\/strong><\/span><br><span style=\"font-size: 12pt;font-family: arial, helvetica, sans-serif\"><strong>Connectez vous chaque jour afin de consulter le travail \u00e0 faire ainsi les \u00e9ventuels messages que les  professeurs envoient.<\/strong><\/span><\/p>\n\n\n\n<hr class=\"wp-block-separator has-alpha-channel-opacity\" \/>\n\n\n\n<div data-wp-interactive=\"core\/file\" class=\"wp-block-file\"><object data-wp-bind--hidden=\"!state.hasPdfPreview\" hidden class=\"wp-block-file__embed\" data=\"https:\/\/etab.ac-reunion.fr\/clg-marcel-goulette\/wp-content\/uploads\/sites\/153\/2025\/12\/Tuto-Pronote-parents-5.pdf\" type=\"application\/pdf\" style=\"width:100%;height:690px\" aria-label=\"Contenu embarqu\u00e9 Tuto Pronote parents.\"><\/object><a id=\"wp-block-file--media-b8573f8a-6529-49df-a76f-200e8ca65ad7\" href=\"https:\/\/etab.ac-reunion.fr\/clg-marcel-goulette\/wp-content\/uploads\/sites\/153\/2025\/12\/Tuto-Pronote-parents-5.pdf\">Tuto Pronote parents<\/a><a href=\"https:\/\/etab.ac-reunion.fr\/clg-marcel-goulette\/wp-content\/uploads\/sites\/153\/2025\/12\/Tuto-Pronote-parents-5.pdf\" class=\"wp-block-file__button wp-element-button\" download aria-describedby=\"wp-block-file--media-b8573f8a-6529-49df-a76f-200e8ca65ad7\">T\u00e9l\u00e9charger<\/a><\/div>\n\n\n\n<p><\/p>\n","protected":false},"excerpt":{"rendered":"<p>En tant qu\u2019\u00e9l\u00e8ve, les espaces seront pr\u00e9sent\u00e9s comme ci-dessous : Vous devez cr\u00e9er vous-m\u00eame votre identifiant et votre mot de passe.EDUCONNECT vous permet de g\u00e9rer votre compte de mani\u00e8re autonome\u2026<\/p>\n<p class=\"continue-reading-button\"> <a class=\"continue-reading-link\" href=\"https:\/\/etab.ac-reunion.fr\/clg-marcel-goulette\/comment-acceder-a-pronote\/\">Lire la suite&#8230;<i class=\"crycon-right-dir\"><\/i><\/a><\/p>\n","protected":false},"author":9826,"featured_media":0,"parent":0,"menu_order":0,"comment_status":"closed","ping_status":"closed","template":"","meta":{"footnotes":""},"class_list":["post-2649","page","type-page","status-publish","hentry"],"_links":{"self":[{"href":"https:\/\/etab.ac-reunion.fr\/clg-marcel-goulette\/wp-json\/wp\/v2\/pages\/2649","targetHints":{"allow":["GET"]}}],"collection":[{"href":"https:\/\/etab.ac-reunion.fr\/clg-marcel-goulette\/wp-json\/wp\/v2\/pages"}],"about":[{"href":"https:\/\/etab.ac-reunion.fr\/clg-marcel-goulette\/wp-json\/wp\/v2\/types\/page"}],"author":[{"embeddable":true,"href":"https:\/\/etab.ac-reunion.fr\/clg-marcel-goulette\/wp-json\/wp\/v2\/users\/9826"}],"replies":[{"embeddable":true,"href":"https:\/\/etab.ac-reunion.fr\/clg-marcel-goulette\/wp-json\/wp\/v2\/comments?post=2649"}],"version-history":[{"count":30,"href":"https:\/\/etab.ac-reunion.fr\/clg-marcel-goulette\/wp-json\/wp\/v2\/pages\/2649\/revisions"}],"predecessor-version":[{"id":7845,"href":"https:\/\/etab.ac-reunion.fr\/clg-marcel-goulette\/wp-json\/wp\/v2\/pages\/2649\/revisions\/7845"}],"wp:attachment":[{"href":"https:\/\/etab.ac-reunion.fr\/clg-marcel-goulette\/wp-json\/wp\/v2\/media?parent=2649"}],"curies":[{"name":"wp","href":"https:\/\/api.w.org\/{rel}","templated":true}]}}