{"id":2651,"date":"2020-03-24T19:27:28","date_gmt":"2020-03-24T15:27:28","guid":{"rendered":"http:\/\/college-marcel-goulette.ac-reunion.fr\/?page_id=2651"},"modified":"2025-12-05T07:52:43","modified_gmt":"2025-12-05T03:52:43","slug":"pourquoi-consulter-pronote","status":"publish","type":"page","link":"https:\/\/etab.ac-reunion.fr\/clg-marcel-goulette\/pourquoi-consulter-pronote\/","title":{"rendered":"Pourquoi consulter PRONOTE ?"},"content":{"rendered":"\n<hr class=\"wp-block-separator has-text-color has-white-color has-alpha-channel-opacity has-white-background-color has-background\" \/>\n\n\n\n<p class=\"has-text-align-center\" style=\"font-size:20px;text-decoration:underline\"><strong>PRONOTE est un outil essentiel de la continuit\u00e9 p\u00e9dagogique \u00e0 distance<\/strong>. En le consultant r\u00e9guli\u00e8rement, vous pouvez :<\/p>\n\n\n\n<hr class=\"wp-block-separator has-text-color has-white-color has-alpha-channel-opacity has-white-background-color has-background\" \/>\n\n\n\n<ul style=\"font-size:22px\" class=\"wp-block-list\">\n<li style=\"font-size:15px\"><strong>Accompagner plus facilement votre enfant<\/strong><\/li>\n\n\n\n<li style=\"font-size:15px\"><strong>Suivre les notes<\/strong><\/li>\n\n\n\n<li style=\"font-size:15px\"><strong>V\u00e9rifier les devoirs<\/strong> : Conna\u00eetre les exercices \u00e0 faire, les contr\u00f4les \u00e0 venir et les dates importantes.<\/li>\n\n\n\n<li style=\"font-size:15px\"><strong>Consulter l\u2019emploi du temps :<\/strong> \u00catre inform\u00e9 des \u00e9ventuelles modifications : cours d\u00e9plac\u00e9s, absences de professeurs, salles chang\u00e9es\u2026<\/li>\n\n\n\n<li style=\"font-size:15px\"><strong>Suivre les absences et retards<\/strong> : Acc\u00e9der aux informations concernant les absences, retards et justificatifs.<\/li>\n\n\n\n<li style=\"font-size:15px\"><strong>Lire les communications du coll\u00e8ge<\/strong> : Recevoir les messages de l\u2019\u00e9tablissement, des professeurs ou de la vie scolaire.<\/li>\n<\/ul>\n\n\n\n<hr class=\"wp-block-separator has-text-color has-white-color has-alpha-channel-opacity has-white-background-color has-background\" \/>\n\n\n\n<p class=\"has-text-align-center has-text-color has-background has-link-color wp-elements-a666aba3277bb783f8b184999b347c3b\" style=\"color:#da0202;background-color:#eaeef2;font-size:17px;font-style:normal;font-weight:600\">Cela vous permet d\u2019\u00eatre inform\u00e9 directement, m\u00eame \u00e0 distance : gain de temps, accessible \u00e0 tous moment<\/p>\n\n\n\n<div class=\"wp-block-buttons is-content-justification-center is-layout-flex wp-container-core-buttons-is-layout-28206b41 wp-block-buttons-is-layout-flex\">\n<div class=\"wp-block-button has-custom-width wp-block-button__width-25 is-style-fill\"><a class=\"wp-block-button__link has-text-align-center wp-element-button\" href=\"https:\/\/nuage11.apps.education.fr\/index.php\/s\/nzTybNDNfwrj2LZ?dir=\/&amp;editing=false&amp;openfile=true\">\u00c9l\u00e8ves<\/a><\/div>\n\n\n\n<div class=\"wp-block-button has-custom-width wp-block-button__width-25\"><a class=\"wp-block-button__link wp-element-button\" href=\"https:\/\/etab.ac-reunion.fr\/clg-marcel-goulette\/wp-content\/uploads\/sites\/153\/2025\/12\/Tuto-Pronote-parents-5.pdf\">Parents<\/a><\/div>\n<\/div>\n","protected":false},"excerpt":{"rendered":"<p>PRONOTE est un outil essentiel de la continuit\u00e9 p\u00e9dagogique \u00e0 distance. En le consultant r\u00e9guli\u00e8rement, vous pouvez : Cela vous permet d\u2019\u00eatre inform\u00e9 directement, m\u00eame \u00e0 distance : gain de\u2026<\/p>\n<p class=\"continue-reading-button\"> <a class=\"continue-reading-link\" href=\"https:\/\/etab.ac-reunion.fr\/clg-marcel-goulette\/pourquoi-consulter-pronote\/\">Lire la suite&#8230;<i class=\"crycon-right-dir\"><\/i><\/a><\/p>\n","protected":false},"author":9826,"featured_media":0,"parent":0,"menu_order":0,"comment_status":"closed","ping_status":"closed","template":"","meta":{"footnotes":""},"class_list":["post-2651","page","type-page","status-publish","hentry"],"_links":{"self":[{"href":"https:\/\/etab.ac-reunion.fr\/clg-marcel-goulette\/wp-json\/wp\/v2\/pages\/2651","targetHints":{"allow":["GET"]}}],"collection":[{"href":"https:\/\/etab.ac-reunion.fr\/clg-marcel-goulette\/wp-json\/wp\/v2\/pages"}],"about":[{"href":"https:\/\/etab.ac-reunion.fr\/clg-marcel-goulette\/wp-json\/wp\/v2\/types\/page"}],"author":[{"embeddable":true,"href":"https:\/\/etab.ac-reunion.fr\/clg-marcel-goulette\/wp-json\/wp\/v2\/users\/9826"}],"replies":[{"embeddable":true,"href":"https:\/\/etab.ac-reunion.fr\/clg-marcel-goulette\/wp-json\/wp\/v2\/comments?post=2651"}],"version-history":[{"count":13,"href":"https:\/\/etab.ac-reunion.fr\/clg-marcel-goulette\/wp-json\/wp\/v2\/pages\/2651\/revisions"}],"predecessor-version":[{"id":7785,"href":"https:\/\/etab.ac-reunion.fr\/clg-marcel-goulette\/wp-json\/wp\/v2\/pages\/2651\/revisions\/7785"}],"wp:attachment":[{"href":"https:\/\/etab.ac-reunion.fr\/clg-marcel-goulette\/wp-json\/wp\/v2\/media?parent=2651"}],"curies":[{"name":"wp","href":"https:\/\/api.w.org\/{rel}","templated":true}]}}