{"id":2689,"date":"2020-03-25T12:01:54","date_gmt":"2020-03-25T08:01:54","guid":{"rendered":"http:\/\/college-marcel-goulette.ac-reunion.fr\/?page_id=2689"},"modified":"2025-12-04T08:11:15","modified_gmt":"2025-12-04T04:11:15","slug":"rendre-un-travail-sur-pronote","status":"publish","type":"page","link":"https:\/\/etab.ac-reunion.fr\/clg-marcel-goulette\/rendre-un-travail-sur-pronote\/","title":{"rendered":"Rendre un travail sur PRONOTE"},"content":{"rendered":"<div align=\"center\">\n<p style=\"text-align: left\"><span style=\"font-family: arial, helvetica, sans-serif;font-size: 12pt\">Pour acc\u00e9der \u00e0 Pronote en tant qu&rsquo;\u00e9l\u00e8ve, <span style=\"text-decoration: underline\"><strong>il faut d&rsquo;abord se connecter \u00e0 M\u00e9tice !<\/strong><\/span><\/span><\/p>\n<p style=\"text-align: left\"><span style=\"font-family: arial, helvetica, sans-serif;font-size: 12pt\">Vos identifiants sont identiques \u00e0 ceux utilis\u00e9s sur les ordinateurs dans l\u2019\u00e9tablissement.<\/span><\/p>\n<p style=\"text-align: left\"><span style=\"font-family: arial, helvetica, sans-serif;font-size: 12pt\"><span style=\"text-decoration: underline\"><span style=\"color: #ff0000;text-decoration: underline\">Identifiant ou mot de passe perdu ?<\/span><\/span> Contactez un responsable informatique de l\u2019\u00e9tablissement (Mr Hoarau ou Mr Fruteau-de-laclos)<\/span><\/p>\n<p style=\"text-align: justify\">ci dessous un tuto vid\u00e9o :<\/p>\n<\/div>\n\n\n<figure class=\"wp-block-video\"><video height=\"1080\" style=\"aspect-ratio: 1920 \/ 1080;\" width=\"1920\" autoplay controls loop muted src=\"https:\/\/etab.ac-reunion.fr\/clg-marcel-goulette\/wp-content\/uploads\/sites\/153\/2025\/12\/Tuto-video-1.mp4\"><\/video><\/figure>\n\n\n\n<p class=\"has-small-font-size\"><\/p>\n","protected":false},"excerpt":{"rendered":"<p>Pour acc\u00e9der \u00e0 Pronote en tant qu&rsquo;\u00e9l\u00e8ve, il faut d&rsquo;abord se connecter \u00e0 M\u00e9tice ! Vos identifiants sont identiques \u00e0 ceux utilis\u00e9s sur les ordinateurs dans l\u2019\u00e9tablissement. Identifiant ou mot\u2026<\/p>\n<p class=\"continue-reading-button\"> <a class=\"continue-reading-link\" href=\"https:\/\/etab.ac-reunion.fr\/clg-marcel-goulette\/rendre-un-travail-sur-pronote\/\">Lire la suite&#8230;<i class=\"crycon-right-dir\"><\/i><\/a><\/p>\n","protected":false},"author":13467,"featured_media":0,"parent":0,"menu_order":0,"comment_status":"closed","ping_status":"closed","template":"","meta":{"footnotes":""},"class_list":["post-2689","page","type-page","status-publish","hentry"],"_links":{"self":[{"href":"https:\/\/etab.ac-reunion.fr\/clg-marcel-goulette\/wp-json\/wp\/v2\/pages\/2689","targetHints":{"allow":["GET"]}}],"collection":[{"href":"https:\/\/etab.ac-reunion.fr\/clg-marcel-goulette\/wp-json\/wp\/v2\/pages"}],"about":[{"href":"https:\/\/etab.ac-reunion.fr\/clg-marcel-goulette\/wp-json\/wp\/v2\/types\/page"}],"author":[{"embeddable":true,"href":"https:\/\/etab.ac-reunion.fr\/clg-marcel-goulette\/wp-json\/wp\/v2\/users\/13467"}],"replies":[{"embeddable":true,"href":"https:\/\/etab.ac-reunion.fr\/clg-marcel-goulette\/wp-json\/wp\/v2\/comments?post=2689"}],"version-history":[{"count":12,"href":"https:\/\/etab.ac-reunion.fr\/clg-marcel-goulette\/wp-json\/wp\/v2\/pages\/2689\/revisions"}],"predecessor-version":[{"id":7735,"href":"https:\/\/etab.ac-reunion.fr\/clg-marcel-goulette\/wp-json\/wp\/v2\/pages\/2689\/revisions\/7735"}],"wp:attachment":[{"href":"https:\/\/etab.ac-reunion.fr\/clg-marcel-goulette\/wp-json\/wp\/v2\/media?parent=2689"}],"curies":[{"name":"wp","href":"https:\/\/api.w.org\/{rel}","templated":true}]}}