{"id":4575,"date":"2022-10-03T11:50:43","date_gmt":"2022-10-03T07:50:43","guid":{"rendered":"https:\/\/etab.ac-reunion.fr\/clg-marcel-goulette\/?page_id=4575"},"modified":"2024-06-26T09:00:20","modified_gmt":"2024-06-26T05:00:20","slug":"orientation-en-sciences-et-technologie","status":"publish","type":"page","link":"https:\/\/etab.ac-reunion.fr\/clg-marcel-goulette\/orientation__trashed\/orientation-en-sciences-et-technologie\/","title":{"rendered":"Orientation en Sciences et Technologie"},"content":{"rendered":"<p><iframe class=\"wp-embedded-content\" sandbox=\"allow-scripts\" security=\"restricted\" title=\"Orientations Sciences et technologie\" frameborder='0' width='1200' height='675' src='https:\/\/view.genially.com\/622dd4d7d67c2000188dc3f3#?secret=U0lj1gU4dn' data-secret='U0lj1gU4dn' scrolling='yes'><\/iframe><\/p>\n<div id=\"yui_3_17_2_1_1664781349434_272\" class=\"pagesechead\">\n<div id=\"yui_3_17_2_1_1664781349434_271\" class=\"sectiontitlecontainer\">\n<div id=\"sectiontitle2\" class=\"sectiontitle\">\n<h2 id=\"yui_3_17_2_1_1664781349434_270\" style=\"text-align: center\"><span style=\"text-decoration: underline\"><strong><span style=\"font-family: arial, helvetica, sans-serif;font-size: 14pt\">Pr\u00e9sentation des orientations Sciences et Technologies<\/span><\/strong><\/span><\/h2>\n<p>&nbsp;<\/p>\n<p style=\"text-align: center\"><img loading=\"lazy\" decoding=\"async\" class=\"aligncenter wp-image-4587 size-full\" style=\"border: 2px solid #000000\" src=\"https:\/\/etab.ac-reunion.fr\/clg-marcel-goulette\/wp-content\/uploads\/sites\/153\/2022\/10\/Bandeau-Sciences-et-techno.png\" alt=\"\" width=\"650\" height=\"125\" srcset=\"https:\/\/etab.ac-reunion.fr\/clg-marcel-goulette\/wp-content\/uploads\/sites\/153\/2022\/10\/Bandeau-Sciences-et-techno.png 650w, https:\/\/etab.ac-reunion.fr\/clg-marcel-goulette\/wp-content\/uploads\/sites\/153\/2022\/10\/Bandeau-Sciences-et-techno-300x58.png 300w, https:\/\/etab.ac-reunion.fr\/clg-marcel-goulette\/wp-content\/uploads\/sites\/153\/2022\/10\/Bandeau-Sciences-et-techno-150x29.png 150w\" sizes=\"auto, (max-width: 650px) 100vw, 650px\" \/><\/p>\n<table>\n<tbody>\n<tr>\n<td style=\"text-align: center\"><span style=\"text-decoration: underline\"><span style=\"font-family: arial black, sans-serif\">Bac Pro Syst\u00e8mes Num\u00e9riques<br \/>\n<\/span><\/span><\/td>\n<td style=\"text-align: center\"><span style=\"text-decoration: underline\"><span style=\"font-family: arial black, sans-serif\">STI2D<\/span><\/span><\/td>\n<td style=\"text-align: center\"><span style=\"text-decoration: underline\"><span style=\"font-family: arial black, sans-serif\">Sciences de l&rsquo;Ing\u00e9nieur<\/span><\/span><\/td>\n<\/tr>\n<tr>\n<td style=\"text-align: center\"><a href=\"https:\/\/oniseptv.onisep.fr\/video\/bac-pro-systemes-numeriques\" target=\"_blank\" rel=\"noopener\"><img loading=\"lazy\" decoding=\"async\" class=\"alignnone\" style=\"border: 2px solid #000000\" src=\"https:\/\/etab.ac-reunion.fr\/clg-marcel-goulette\/wp-content\/uploads\/sites\/153\/2022\/10\/BacPro-SEN.jpg\" alt=\"\" width=\"150\" height=\"84\" \/><\/a><\/td>\n<td style=\"text-align: center\"><a href=\"https:\/\/oniseptv.onisep.fr\/video\/bac-technologique-sti2d\" target=\"_blank\" rel=\"noopener\"><img loading=\"lazy\" decoding=\"async\" class=\"alignnone\" style=\"border: 2px solid #000000\" src=\"https:\/\/etab.ac-reunion.fr\/clg-marcel-goulette\/wp-content\/uploads\/sites\/153\/2022\/10\/STI2D.jpg\" alt=\"\" width=\"126\" height=\"84\" \/><\/a><\/td>\n<td style=\"text-align: center\"><a href=\"https:\/\/www.onisep.fr\/formation\/les-principaux-domaines-de-formation\/les-sciences-de-l-ingenieur\/les-sciences-de-l-ingenieur-c-est-quoi\" target=\"_blank\" rel=\"noopener\"><img loading=\"lazy\" decoding=\"async\" class=\"alignnone\" style=\"border: 2px solid #000000\" src=\"https:\/\/etab.ac-reunion.fr\/clg-marcel-goulette\/wp-content\/uploads\/sites\/153\/2022\/10\/Sciences-de-l-ingenieur-visuel-article.png\" alt=\"\" width=\"126\" height=\"84\" \/><\/a><\/td>\n<\/tr>\n<\/tbody>\n<\/table>\n<\/div>\n<\/div>\n<\/div>\n","protected":false},"excerpt":{"rendered":"<p>Pr\u00e9sentation des orientations Sciences et Technologies &nbsp; Bac Pro Syst\u00e8mes Num\u00e9riques STI2D Sciences de l&rsquo;Ing\u00e9nieur<\/p>\n<p class=\"continue-reading-button\"> <a class=\"continue-reading-link\" href=\"https:\/\/etab.ac-reunion.fr\/clg-marcel-goulette\/orientation__trashed\/orientation-en-sciences-et-technologie\/\">Lire la suite&#8230;<i class=\"crycon-right-dir\"><\/i><\/a><\/p>\n","protected":false},"author":32163,"featured_media":0,"parent":4496,"menu_order":2,"comment_status":"closed","ping_status":"closed","template":"","meta":{"footnotes":""},"class_list":["post-4575","page","type-page","status-publish","hentry"],"_links":{"self":[{"href":"https:\/\/etab.ac-reunion.fr\/clg-marcel-goulette\/wp-json\/wp\/v2\/pages\/4575","targetHints":{"allow":["GET"]}}],"collection":[{"href":"https:\/\/etab.ac-reunion.fr\/clg-marcel-goulette\/wp-json\/wp\/v2\/pages"}],"about":[{"href":"https:\/\/etab.ac-reunion.fr\/clg-marcel-goulette\/wp-json\/wp\/v2\/types\/page"}],"author":[{"embeddable":true,"href":"https:\/\/etab.ac-reunion.fr\/clg-marcel-goulette\/wp-json\/wp\/v2\/users\/32163"}],"replies":[{"embeddable":true,"href":"https:\/\/etab.ac-reunion.fr\/clg-marcel-goulette\/wp-json\/wp\/v2\/comments?post=4575"}],"version-history":[{"count":30,"href":"https:\/\/etab.ac-reunion.fr\/clg-marcel-goulette\/wp-json\/wp\/v2\/pages\/4575\/revisions"}],"predecessor-version":[{"id":6533,"href":"https:\/\/etab.ac-reunion.fr\/clg-marcel-goulette\/wp-json\/wp\/v2\/pages\/4575\/revisions\/6533"}],"up":[{"embeddable":true,"href":"https:\/\/etab.ac-reunion.fr\/clg-marcel-goulette\/wp-json\/wp\/v2\/pages\/4496"}],"wp:attachment":[{"href":"https:\/\/etab.ac-reunion.fr\/clg-marcel-goulette\/wp-json\/wp\/v2\/media?parent=4575"}],"curies":[{"name":"wp","href":"https:\/\/api.w.org\/{rel}","templated":true}]}}