{"id":4671,"date":"2022-10-19T11:33:15","date_gmt":"2022-10-19T07:33:15","guid":{"rendered":"https:\/\/etab.ac-reunion.fr\/clg-marcel-goulette\/?page_id=4671"},"modified":"2025-12-11T16:01:26","modified_gmt":"2025-12-11T12:01:26","slug":"linfirmerie","status":"publish","type":"page","link":"https:\/\/etab.ac-reunion.fr\/clg-marcel-goulette\/linfirmerie\/","title":{"rendered":"L&rsquo;infirmerie"},"content":{"rendered":"\n<figure class=\"wp-block-gallery aligncenter has-nested-images columns-default is-cropped wp-block-gallery-1 is-layout-flex wp-block-gallery-is-layout-flex\">\n<figure class=\"wp-block-image size-large\"><img loading=\"lazy\" decoding=\"async\" width=\"1024\" height=\"205\" data-id=\"7836\" src=\"https:\/\/etab.ac-reunion.fr\/clg-marcel-goulette\/wp-content\/uploads\/sites\/153\/2025\/12\/Infirmerie2-1024x205.png\" alt=\"\" class=\"wp-image-7836\" srcset=\"https:\/\/etab.ac-reunion.fr\/clg-marcel-goulette\/wp-content\/uploads\/sites\/153\/2025\/12\/Infirmerie2-1024x205.png 1024w, https:\/\/etab.ac-reunion.fr\/clg-marcel-goulette\/wp-content\/uploads\/sites\/153\/2025\/12\/Infirmerie2-300x60.png 300w, https:\/\/etab.ac-reunion.fr\/clg-marcel-goulette\/wp-content\/uploads\/sites\/153\/2025\/12\/Infirmerie2-120x24.png 120w, https:\/\/etab.ac-reunion.fr\/clg-marcel-goulette\/wp-content\/uploads\/sites\/153\/2025\/12\/Infirmerie2-768x154.png 768w, https:\/\/etab.ac-reunion.fr\/clg-marcel-goulette\/wp-content\/uploads\/sites\/153\/2025\/12\/Infirmerie2-1536x307.png 1536w, https:\/\/etab.ac-reunion.fr\/clg-marcel-goulette\/wp-content\/uploads\/sites\/153\/2025\/12\/Infirmerie2-150x30.png 150w, https:\/\/etab.ac-reunion.fr\/clg-marcel-goulette\/wp-content\/uploads\/sites\/153\/2025\/12\/Infirmerie2.png 2000w\" sizes=\"auto, (max-width: 1024px) 100vw, 1024px\" \/><\/figure>\n<\/figure>\n\n\n\n<hr class=\"wp-block-separator has-text-color has-cyan-bluish-gray-color has-alpha-channel-opacity has-cyan-bluish-gray-background-color has-background is-style-wide\" \/>\n\n\n\n<p style=\"font-size:22px\"><strong>Son r\u00f4le<\/strong> : <\/p>\n\n\n\n<div class=\"wp-block-group\"><div class=\"wp-block-group__inner-container is-layout-constrained wp-block-group-is-layout-constrained\">\n<div class=\"wp-block-group\"><div class=\"wp-block-group__inner-container is-layout-constrained wp-block-group-is-layout-constrained\">\n<p style=\"font-size:15px\">Elle sera \u00e0 l&rsquo;\u00e9coute pour contribuer \u00e0 vos besoins physique, moraux et \u00e9ventuellement \u00e9motionnels. Elle vous \u00e9coutera et prendra tous les pr\u00e9caution pour vous soigner. Elle assure \u00e9galement dans la pr\u00e9vention, l&rsquo;\u00e9ducation \u00e0 la sant\u00e9 et l&rsquo;accompagnement au quotidien<\/p>\n<\/div><\/div>\n<\/div><\/div>\n\n\n\n<p class=\"has-vivid-red-color has-text-color has-link-color wp-elements-c8f47b0bf63a02bfce7cd47e45abfe47\" style=\"font-size:20px;font-style:normal;font-weight:400;text-decoration:underline\"><strong>Vous ne vous sentez pas bien ?<\/strong><\/p>\n\n\n\n<p style=\"font-size:15px\">Rendez-vous \u00e0 l\u2019infirmerie. L\u2019infirmerie prendra toutes les mesures n\u00e9cessaires en cas d\u2019urgence (contact avec le SAMU et les parents).<\/p>\n\n\n\n<p style=\"font-size:15px\">Dans le cas contraire, vous pouvez la rencontrer pour tout probl\u00e8me de sant\u00e9\u202f: elle pourra vous soigner et vous donner un billet de passage qui justifiera votre absence en cours.<\/p>\n\n\n\n<hr class=\"wp-block-separator has-text-color has-cyan-bluish-gray-color has-alpha-channel-opacity has-cyan-bluish-gray-background-color has-background is-style-wide\" \/>\n\n\n\n<h4 class=\"wp-block-heading has-vivid-red-color has-text-color has-link-color wp-elements-fc2665f44f3a1879a283b12dbfdfe289\" style=\"font-size:20px;font-style:normal;font-weight:1000\">Informations importantes  <\/h4>\n\n\n\n<ul class=\"wp-block-list\">\n<li style=\"font-size:15px;font-style:normal;font-weight:500\"><strong>Si l\u2019\u00e9l\u00e8ve suit un traitement, il doit informer l\u2019infirmerie et remettre obligatoirement une ordonnance.<\/strong><\/li>\n\n\n\n<li style=\"font-size:15px;font-style:normal;font-weight:500\"><strong>Les parents doivent fournir leurs coordonn\u00e9es pour \u00eatre contact\u00e9s en cas de probl\u00e8me<\/strong><\/li>\n\n\n\n<li style=\"font-size:15px;font-style:normal;font-weight:500\"><strong>Toute personne venant r\u00e9cup\u00e9rer un enfant \u00e0 la place des parents doit pr\u00e9senter une pi\u00e8ce d\u2019identit\u00e9 et une autorisation \u00e9crite des responsables l\u00e9gaux<\/strong>.<\/li>\n<\/ul>\n\n\n\n<p style=\"font-size:15px\">En cas d\u2019accident grave, l\u2019infirmi\u00e8re, ou \u00e0 son absence, la Direction prendra les mesures qui s\u2019imposent pour faire \u00e9vacuer l\u2019\u00e9l\u00e8ve.<\/p>\n\n\n\n<hr class=\"wp-block-separator has-alpha-channel-opacity is-style-wide\" \/>\n\n\n\n<div class=\"wp-block-columns is-layout-flex wp-container-core-columns-is-layout-9d6595d7 wp-block-columns-is-layout-flex\">\n<div class=\"wp-block-column is-layout-flow wp-block-column-is-layout-flow\">\n<h5 class=\"wp-block-heading has-medium-font-size\">Ce que cela garantit<\/h5>\n\n\n\n<ul class=\"wp-block-list\">\n<li style=\"font-size:15px\"><strong>Les soins imm\u00e9diats<\/strong> en cas de malaise ou de blessure.<\/li>\n\n\n\n<li style=\"font-size:15px\"><strong>L\u2019orientation vers un m\u00e9decin<\/strong> si n\u00e9cessaire.<\/li>\n\n\n\n<li style=\"font-size:15px\"><strong>La veille \u00e0 la sant\u00e9 des \u00e9l\u00e8ves<\/strong> au quotidien.<\/li>\n<\/ul>\n<\/div>\n\n\n\n<div class=\"wp-block-column is-layout-flow wp-block-column-is-layout-flow\">\n<h4 class=\"wp-block-heading has-medium-font-size\">Seules exceptions<\/h4>\n\n\n\n<ul style=\"font-size:15px\" class=\"wp-block-list\">\n<li><strong>Conna\u00eetre l&rsquo;\u00e9tat de sant\u00e9 <\/strong>des \u00e9l\u00e8ves.<\/li>\n\n\n\n<li> <strong>Fournir certains m\u00e9dicaments <\/strong>autoris\u00e9s.<\/li>\n\n\n\n<li><strong>Orientez vers un m\u00e9decins <\/strong>si n\u00e9cessaire. <\/li>\n\n\n\n<li><strong>Intervenir pour les petits soins<\/strong> et <strong>les premiers secours<\/strong>, et <strong>travaillez avec l\u2019\u00e9quipe<\/strong> en cas de probl\u00e8me<\/li>\n<\/ul>\n<\/div>\n<\/div>\n","protected":false},"excerpt":{"rendered":"<p>Son r\u00f4le : Elle sera \u00e0 l&rsquo;\u00e9coute pour contribuer \u00e0 vos besoins physique, moraux et \u00e9ventuellement \u00e9motionnels. Elle vous \u00e9coutera et prendra tous les pr\u00e9caution pour vous soigner. Elle assure\u2026<\/p>\n<p class=\"continue-reading-button\"> <a class=\"continue-reading-link\" href=\"https:\/\/etab.ac-reunion.fr\/clg-marcel-goulette\/linfirmerie\/\">Lire la suite&#8230;<i class=\"crycon-right-dir\"><\/i><\/a><\/p>\n","protected":false},"author":32163,"featured_media":0,"parent":0,"menu_order":0,"comment_status":"closed","ping_status":"closed","template":"","meta":{"footnotes":""},"class_list":["post-4671","page","type-page","status-publish","hentry"],"_links":{"self":[{"href":"https:\/\/etab.ac-reunion.fr\/clg-marcel-goulette\/wp-json\/wp\/v2\/pages\/4671","targetHints":{"allow":["GET"]}}],"collection":[{"href":"https:\/\/etab.ac-reunion.fr\/clg-marcel-goulette\/wp-json\/wp\/v2\/pages"}],"about":[{"href":"https:\/\/etab.ac-reunion.fr\/clg-marcel-goulette\/wp-json\/wp\/v2\/types\/page"}],"author":[{"embeddable":true,"href":"https:\/\/etab.ac-reunion.fr\/clg-marcel-goulette\/wp-json\/wp\/v2\/users\/32163"}],"replies":[{"embeddable":true,"href":"https:\/\/etab.ac-reunion.fr\/clg-marcel-goulette\/wp-json\/wp\/v2\/comments?post=4671"}],"version-history":[{"count":12,"href":"https:\/\/etab.ac-reunion.fr\/clg-marcel-goulette\/wp-json\/wp\/v2\/pages\/4671\/revisions"}],"predecessor-version":[{"id":7837,"href":"https:\/\/etab.ac-reunion.fr\/clg-marcel-goulette\/wp-json\/wp\/v2\/pages\/4671\/revisions\/7837"}],"wp:attachment":[{"href":"https:\/\/etab.ac-reunion.fr\/clg-marcel-goulette\/wp-json\/wp\/v2\/media?parent=4671"}],"curies":[{"name":"wp","href":"https:\/\/api.w.org\/{rel}","templated":true}]}}