{"id":69,"date":"2024-03-28T10:00:08","date_gmt":"2024-03-28T06:00:08","guid":{"rendered":"http:\/\/college-marcel-goulette-tmp.ac-reunion.fr\/?page_id=69"},"modified":"2026-03-20T11:56:24","modified_gmt":"2026-03-20T07:56:24","slug":"menu-de-la-cantine","status":"publish","type":"page","link":"https:\/\/etab.ac-reunion.fr\/clg-marcel-goulette\/menu-de-la-cantine\/","title":{"rendered":"Restaurant Scolaire &#8211; Menus du  23 Mars au 1er Mai 2026"},"content":{"rendered":"<p><img loading=\"lazy\" decoding=\"async\" class=\"wp-image-515 size-thumbnail aligncenter\" src=\"https:\/\/etab.ac-reunion.fr\/clg-marcel-goulette\/wp-content\/uploads\/sites\/153\/2016\/11\/index-2-150x150.jpg\" alt=\"\" width=\"150\" height=\"150\" \/><\/p>\n<h3 style=\"text-align: center\"><span style=\"color: #ff0000\"><strong>Pour rappel, le menu est constitu\u00e9 de<\/strong><\/span><\/h3>\n<h3 style=\"text-align: center\"><span style=\"color: #ff0000\"><strong><u>1 entr\u00e9e, 1 plat et 1 dessert par \u00e9l\u00e8ve<\/u><\/strong><\/span><\/h3>\n<p><img loading=\"lazy\" decoding=\"async\" class=\"aligncenter wp-image-517 size-thumbnail\" src=\"https:\/\/etab.ac-reunion.fr\/clg-marcel-goulette\/wp-content\/uploads\/sites\/153\/2016\/11\/index-4-150x150.jpg\" alt=\"\" width=\"150\" height=\"150\" \/><\/p>\n\n\n<div data-wp-interactive=\"core\/file\" class=\"wp-block-file\"><object data-wp-bind--hidden=\"!state.hasPdfPreview\" hidden class=\"wp-block-file__embed\" data=\"https:\/\/etab.ac-reunion.fr\/clg-marcel-goulette\/wp-content\/uploads\/sites\/153\/2026\/03\/menu_cantine_23-03-2026_01-05-2026.pdf\" type=\"application\/pdf\" style=\"width:100%;height:638px\" aria-label=\"Contenu embarqu\u00e9 menu_cantine_23-03-2026_01-05-2026.\"><\/object><a id=\"wp-block-file--media-1b627a15-9968-4519-bc92-189c38bc7a7d\" href=\"https:\/\/etab.ac-reunion.fr\/clg-marcel-goulette\/wp-content\/uploads\/sites\/153\/2026\/03\/menu_cantine_23-03-2026_01-05-2026.pdf\">menu_cantine_23-03-2026_01-05-2026<\/a><a href=\"https:\/\/etab.ac-reunion.fr\/clg-marcel-goulette\/wp-content\/uploads\/sites\/153\/2026\/03\/menu_cantine_23-03-2026_01-05-2026.pdf\" class=\"wp-block-file__button wp-element-button\" download aria-describedby=\"wp-block-file--media-1b627a15-9968-4519-bc92-189c38bc7a7d\">T\u00e9l\u00e9charger<\/a><\/div>\n","protected":false},"excerpt":{"rendered":"<p>Pour rappel, le menu est constitu\u00e9 de 1 entr\u00e9e, 1 plat et 1 dessert par \u00e9l\u00e8ve<\/p>\n<p class=\"continue-reading-button\"> <a class=\"continue-reading-link\" href=\"https:\/\/etab.ac-reunion.fr\/clg-marcel-goulette\/menu-de-la-cantine\/\">Lire la suite&#8230;<i class=\"crycon-right-dir\"><\/i><\/a><\/p>\n","protected":false},"author":13467,"featured_media":0,"parent":0,"menu_order":0,"comment_status":"closed","ping_status":"closed","template":"","meta":{"footnotes":""},"class_list":["post-69","page","type-page","status-publish","hentry"],"_links":{"self":[{"href":"https:\/\/etab.ac-reunion.fr\/clg-marcel-goulette\/wp-json\/wp\/v2\/pages\/69","targetHints":{"allow":["GET"]}}],"collection":[{"href":"https:\/\/etab.ac-reunion.fr\/clg-marcel-goulette\/wp-json\/wp\/v2\/pages"}],"about":[{"href":"https:\/\/etab.ac-reunion.fr\/clg-marcel-goulette\/wp-json\/wp\/v2\/types\/page"}],"author":[{"embeddable":true,"href":"https:\/\/etab.ac-reunion.fr\/clg-marcel-goulette\/wp-json\/wp\/v2\/users\/13467"}],"replies":[{"embeddable":true,"href":"https:\/\/etab.ac-reunion.fr\/clg-marcel-goulette\/wp-json\/wp\/v2\/comments?post=69"}],"version-history":[{"count":99,"href":"https:\/\/etab.ac-reunion.fr\/clg-marcel-goulette\/wp-json\/wp\/v2\/pages\/69\/revisions"}],"predecessor-version":[{"id":7982,"href":"https:\/\/etab.ac-reunion.fr\/clg-marcel-goulette\/wp-json\/wp\/v2\/pages\/69\/revisions\/7982"}],"wp:attachment":[{"href":"https:\/\/etab.ac-reunion.fr\/clg-marcel-goulette\/wp-json\/wp\/v2\/media?parent=69"}],"curies":[{"name":"wp","href":"https:\/\/api.w.org\/{rel}","templated":true}]}}