{"id":7566,"date":"2025-11-24T08:19:48","date_gmt":"2025-11-24T04:19:48","guid":{"rendered":"https:\/\/etab.ac-reunion.fr\/clg-marcel-goulette\/?page_id=7566"},"modified":"2025-12-12T11:03:51","modified_gmt":"2025-12-12T07:03:51","slug":"eleve-comment-parametrer-lapplication-pronote","status":"publish","type":"page","link":"https:\/\/etab.ac-reunion.fr\/clg-marcel-goulette\/eleve-comment-parametrer-lapplication-pronote\/","title":{"rendered":"\u00c9l\u00e8ve: Comment param\u00e9trer l&rsquo;application PRONOTE"},"content":{"rendered":"\n<p class=\"has-text-align-left\" id=\"block-18ecf16c-75ab-42ea-86ac-a802729eba13\" style=\"font-size:16px\"><strong>En tant qu\u2019\u00e9l\u00e8ve, si vous souhaitez avoir l\u2019application PRONOTE configur\u00e9e sur votre smartphone, veuillez cliquez sur le lien ci dessous et suivre les instructions :<\/strong><\/p>\n\n\n\n<p style=\"font-size:16px\"><strong>En tant qu\u2019\u00e9l\u00e8ve, si vous souhaitez avoir l\u2019application PRONOTE configur\u00e9e sur votre smartphone, veuillez suivre les instructions ci-dessous :<\/strong><\/p>\n\n\n\n<p class=\"has-text-align-center has-vivid-cyan-blue-color has-text-color has-link-color wp-elements-e9364d1e3a36d0470c8684e2d90e38f7\" id=\"block-18ecf16c-75ab-42ea-86ac-a802729eba13\" style=\"font-size:16px;font-style:normal;font-weight:600\"><a href=\"https:\/\/nuage11.apps.education.fr\/index.php\/s\/nzTybNDNfwrj2LZ?dir=\/&amp;editing=false&amp;openfile=true\">https:\/\/nuage11.apps.education.fr\/index.php\/s\/nzTybNDNfwrj2LZ?dir=\/&amp;editing=false&amp;openfile=true<\/a><\/p>\n\n\n\n<h2 class=\"wp-block-heading has-text-align-left has-vivid-red-color has-text-color has-link-color wp-elements-ea613bfdcece508a6ce22e9bace58049\" id=\"block-4ff80e28-05d8-4adf-a02f-3736bdaa66dd\" style=\"font-size:20px\"><strong>Pourquoi consulter PRONOTE ?<\/strong><\/h2>\n\n\n\n<p class=\"has-text-align-left\" id=\"block-25ad86cc-e476-4ff7-a490-1db78add8e5b\" style=\"font-size:16px\"><strong>Vous y trouverez les devoirs \u00e0 faire, les r\u00e9visions, etc.<br>PRONOTE est l\u2019outil de la continuit\u00e9 p\u00e9dagogique \u00e0 distance.<br>Connectez vous chaque jour afin de consulter le travail \u00e0 faire ainsi que les \u00e9ventuels messages que les professeurs envoient.<\/strong><\/p>\n\n\n\n<p><\/p>\n","protected":false},"excerpt":{"rendered":"<p>En tant qu\u2019\u00e9l\u00e8ve, si vous souhaitez avoir l\u2019application PRONOTE configur\u00e9e sur votre smartphone, veuillez cliquez sur le lien ci dessous et suivre les instructions : En tant qu\u2019\u00e9l\u00e8ve, si vous\u2026<\/p>\n<p class=\"continue-reading-button\"> <a class=\"continue-reading-link\" href=\"https:\/\/etab.ac-reunion.fr\/clg-marcel-goulette\/eleve-comment-parametrer-lapplication-pronote\/\">Lire la suite&#8230;<i class=\"crycon-right-dir\"><\/i><\/a><\/p>\n","protected":false},"author":38518,"featured_media":0,"parent":0,"menu_order":0,"comment_status":"closed","ping_status":"closed","template":"","meta":{"footnotes":""},"class_list":["post-7566","page","type-page","status-publish","hentry"],"_links":{"self":[{"href":"https:\/\/etab.ac-reunion.fr\/clg-marcel-goulette\/wp-json\/wp\/v2\/pages\/7566","targetHints":{"allow":["GET"]}}],"collection":[{"href":"https:\/\/etab.ac-reunion.fr\/clg-marcel-goulette\/wp-json\/wp\/v2\/pages"}],"about":[{"href":"https:\/\/etab.ac-reunion.fr\/clg-marcel-goulette\/wp-json\/wp\/v2\/types\/page"}],"author":[{"embeddable":true,"href":"https:\/\/etab.ac-reunion.fr\/clg-marcel-goulette\/wp-json\/wp\/v2\/users\/38518"}],"replies":[{"embeddable":true,"href":"https:\/\/etab.ac-reunion.fr\/clg-marcel-goulette\/wp-json\/wp\/v2\/comments?post=7566"}],"version-history":[{"count":9,"href":"https:\/\/etab.ac-reunion.fr\/clg-marcel-goulette\/wp-json\/wp\/v2\/pages\/7566\/revisions"}],"predecessor-version":[{"id":7851,"href":"https:\/\/etab.ac-reunion.fr\/clg-marcel-goulette\/wp-json\/wp\/v2\/pages\/7566\/revisions\/7851"}],"wp:attachment":[{"href":"https:\/\/etab.ac-reunion.fr\/clg-marcel-goulette\/wp-json\/wp\/v2\/media?parent=7566"}],"curies":[{"name":"wp","href":"https:\/\/api.w.org\/{rel}","templated":true}]}}