{"id":8041,"date":"2026-04-02T09:02:48","date_gmt":"2026-04-02T05:02:48","guid":{"rendered":"https:\/\/etab.ac-reunion.fr\/clg-marcel-goulette\/?page_id=8041"},"modified":"2026-04-13T10:38:37","modified_gmt":"2026-04-13T06:38:37","slug":"payer-la-cantine-educonnect","status":"publish","type":"page","link":"https:\/\/etab.ac-reunion.fr\/clg-marcel-goulette\/payer-la-cantine-educonnect\/","title":{"rendered":"Payer la cantine (EduConnect)"},"content":{"rendered":"\n<h3 class=\"wp-block-heading\">\ud83d\udcb3 Payer la cantine en ligne avec EduConnect<\/h3>\n\n\n\n<p>Les parents d\u2019\u00e9l\u00e8ves peuvent d\u00e9sormais r\u00e9gler facilement les factures de demi-pension gr\u00e2ce au service de <strong>t\u00e9l\u00e9paiement en ligne via EduConnect<\/strong>.<\/p>\n\n\n\n<p>\ud83d\udd10 <strong>Comment faire ?<\/strong><\/p>\n\n\n\n<ol class=\"wp-block-list\">\n<li>Se connecter \u00e0 son espace parent sur EduConnect<\/li>\n\n\n\n<li>S\u00e9lectionner son profil \u00ab repr\u00e9sentant l\u00e9gal \u00bb<\/li>\n\n\n\n<li>Acc\u00e9der \u00e0 la rubrique <strong>\u00ab Paiement des factures \u00bb<\/strong><\/li>\n\n\n\n<li>Choisir la facture concern\u00e9e<\/li>\n\n\n\n<li>Cliquer sur <strong>\u00ab Payer \u00bb<\/strong> et suivre les \u00e9tapes<\/li>\n<\/ol>\n\n\n\n<p>\ud83d\udca1 Le paiement se fait en ligne, de mani\u00e8re s\u00e9curis\u00e9e, comme sur un site d\u2019achat.<\/p>\n\n\n\n<p>\ud83d\udcb0 <strong>Souplesse de paiement :<\/strong><\/p>\n\n\n\n<ul class=\"wp-block-list\">\n<li>Paiement en une fois<\/li>\n\n\n\n<li>Ou en plusieurs fois (paiement partiel possible avant la date limite)<\/li>\n<\/ul>\n\n\n\n<p>\ud83d\udcc5 Cette d\u00e9marche est \u00e0 effectuer <strong>\u00e0 chaque trimestre<\/strong>, d\u00e8s r\u00e9ception de la facture.<\/p>\n\n\n\n<p>\ud83d\udc49 Ce service permet un r\u00e8glement <strong>rapide, simple et accessible \u00e0 tout moment<\/strong>.<\/p>\n\n\n\n<div style=\"height:50px\" aria-hidden=\"true\" class=\"wp-block-spacer\"><\/div>\n\n\n\n<div class=\"wp-block-buttons is-content-justification-center is-layout-flex wp-container-core-buttons-is-layout-16018d1d wp-block-buttons-is-layout-flex\">\n<div class=\"wp-block-button is-style-fill bouton-paiement\"><a class=\"wp-block-button__link has-white-color has-text-color has-link-color wp-element-button\" href=\"https:\/\/teleservices.education.gouv.fr\/\" target=\"_blank\" rel=\"noreferrer noopener\">Acc\u00e9dez au service de paiement en ligne<\/a><\/div>\n<\/div>\n\n\n\n<div style=\"height:50px\" aria-hidden=\"true\" class=\"wp-block-spacer\"><\/div>\n\n\n\n<div data-wp-interactive=\"core\/file\" class=\"wp-block-file\"><object data-wp-bind--hidden=\"!state.hasPdfPreview\" hidden class=\"wp-block-file__embed\" data=\"https:\/\/etab.ac-reunion.fr\/clg-marcel-goulette\/wp-content\/uploads\/sites\/153\/2026\/04\/payer_la_cantine_avec_educonnect.pdf\" type=\"application\/pdf\" style=\"width:100%;height:800px\" aria-label=\"Contenu embarqu\u00e9 payer_la_cantine_avec_educonnect.\"><\/object><a id=\"wp-block-file--media-7accda82-7768-46aa-ad52-a2f75dce64ee\" href=\"https:\/\/etab.ac-reunion.fr\/clg-marcel-goulette\/wp-content\/uploads\/sites\/153\/2026\/04\/payer_la_cantine_avec_educonnect.pdf\">payer_la_cantine_avec_educonnect<\/a><a href=\"https:\/\/etab.ac-reunion.fr\/clg-marcel-goulette\/wp-content\/uploads\/sites\/153\/2026\/04\/payer_la_cantine_avec_educonnect.pdf\" class=\"wp-block-file__button wp-element-button\" download aria-describedby=\"wp-block-file--media-7accda82-7768-46aa-ad52-a2f75dce64ee\">T\u00e9l\u00e9charger<\/a><\/div>\n","protected":false},"excerpt":{"rendered":"<p>\ud83d\udcb3 Payer la cantine en ligne avec EduConnect Les parents d\u2019\u00e9l\u00e8ves peuvent d\u00e9sormais r\u00e9gler facilement les factures de demi-pension gr\u00e2ce au service de t\u00e9l\u00e9paiement en ligne via EduConnect. \ud83d\udd10 Comment\u2026<\/p>\n<p class=\"continue-reading-button\"> <a class=\"continue-reading-link\" href=\"https:\/\/etab.ac-reunion.fr\/clg-marcel-goulette\/payer-la-cantine-educonnect\/\">Lire la suite&#8230;<i class=\"crycon-right-dir\"><\/i><\/a><\/p>\n","protected":false},"author":38518,"featured_media":0,"parent":0,"menu_order":0,"comment_status":"closed","ping_status":"closed","template":"","meta":{"footnotes":""},"class_list":["post-8041","page","type-page","status-publish","hentry"],"_links":{"self":[{"href":"https:\/\/etab.ac-reunion.fr\/clg-marcel-goulette\/wp-json\/wp\/v2\/pages\/8041","targetHints":{"allow":["GET"]}}],"collection":[{"href":"https:\/\/etab.ac-reunion.fr\/clg-marcel-goulette\/wp-json\/wp\/v2\/pages"}],"about":[{"href":"https:\/\/etab.ac-reunion.fr\/clg-marcel-goulette\/wp-json\/wp\/v2\/types\/page"}],"author":[{"embeddable":true,"href":"https:\/\/etab.ac-reunion.fr\/clg-marcel-goulette\/wp-json\/wp\/v2\/users\/38518"}],"replies":[{"embeddable":true,"href":"https:\/\/etab.ac-reunion.fr\/clg-marcel-goulette\/wp-json\/wp\/v2\/comments?post=8041"}],"version-history":[{"count":5,"href":"https:\/\/etab.ac-reunion.fr\/clg-marcel-goulette\/wp-json\/wp\/v2\/pages\/8041\/revisions"}],"predecessor-version":[{"id":8097,"href":"https:\/\/etab.ac-reunion.fr\/clg-marcel-goulette\/wp-json\/wp\/v2\/pages\/8041\/revisions\/8097"}],"wp:attachment":[{"href":"https:\/\/etab.ac-reunion.fr\/clg-marcel-goulette\/wp-json\/wp\/v2\/media?parent=8041"}],"curies":[{"name":"wp","href":"https:\/\/api.w.org\/{rel}","templated":true}]}}