{"id":8099,"date":"2026-04-14T08:30:51","date_gmt":"2026-04-14T04:30:51","guid":{"rendered":"https:\/\/etab.ac-reunion.fr\/clg-marcel-goulette\/?page_id=8099"},"modified":"2026-04-14T08:30:51","modified_gmt":"2026-04-14T04:30:51","slug":"comment-recuperer-son-compte-educonnect","status":"publish","type":"page","link":"https:\/\/etab.ac-reunion.fr\/clg-marcel-goulette\/comment-recuperer-son-compte-educonnect\/","title":{"rendered":"Comment r\u00e9cup\u00e9rer son compte Educonnect ?"},"content":{"rendered":"\n<p>Un tutoriel simple pour les responsables d\u2019\u00e9l\u00e8ve afin de r\u00e9cup\u00e9rer leur identifiant ou r\u00e9initialiser leur mot de passe Educonnect sans difficult\u00e9.<br><\/p>\n\n\n\n<div data-wp-interactive=\"core\/file\" class=\"wp-block-file\"><object data-wp-bind--hidden=\"!state.hasPdfPreview\" hidden class=\"wp-block-file__embed\" data=\"https:\/\/etab.ac-reunion.fr\/clg-marcel-goulette\/wp-content\/uploads\/sites\/153\/2026\/04\/TUTO-mot-de-passe-et-identifiant-oublie-1.pdf\" type=\"application\/pdf\" style=\"width:100%;height:600px\" aria-label=\"Contenu embarqu\u00e9 TUTO mot de passe et identifiant oubli\u00e9.\"><\/object><a id=\"wp-block-file--media-0286d6bd-f4c9-44a8-8209-6374b83869fb\" href=\"https:\/\/etab.ac-reunion.fr\/clg-marcel-goulette\/wp-content\/uploads\/sites\/153\/2026\/04\/TUTO-mot-de-passe-et-identifiant-oublie-1.pdf\">TUTO mot de passe et identifiant oubli\u00e9<\/a><a href=\"https:\/\/etab.ac-reunion.fr\/clg-marcel-goulette\/wp-content\/uploads\/sites\/153\/2026\/04\/TUTO-mot-de-passe-et-identifiant-oublie-1.pdf\" class=\"wp-block-file__button wp-element-button\" download aria-describedby=\"wp-block-file--media-0286d6bd-f4c9-44a8-8209-6374b83869fb\">T\u00e9l\u00e9charger<\/a><\/div>\n","protected":false},"excerpt":{"rendered":"<p>Un tutoriel simple pour les responsables d\u2019\u00e9l\u00e8ve afin de r\u00e9cup\u00e9rer leur identifiant ou r\u00e9initialiser leur mot de passe Educonnect sans difficult\u00e9.<\/p>\n<p class=\"continue-reading-button\"> <a class=\"continue-reading-link\" href=\"https:\/\/etab.ac-reunion.fr\/clg-marcel-goulette\/comment-recuperer-son-compte-educonnect\/\">Lire la suite&#8230;<i class=\"crycon-right-dir\"><\/i><\/a><\/p>\n","protected":false},"author":38518,"featured_media":0,"parent":0,"menu_order":0,"comment_status":"closed","ping_status":"closed","template":"","meta":{"footnotes":""},"class_list":["post-8099","page","type-page","status-publish","hentry"],"_links":{"self":[{"href":"https:\/\/etab.ac-reunion.fr\/clg-marcel-goulette\/wp-json\/wp\/v2\/pages\/8099","targetHints":{"allow":["GET"]}}],"collection":[{"href":"https:\/\/etab.ac-reunion.fr\/clg-marcel-goulette\/wp-json\/wp\/v2\/pages"}],"about":[{"href":"https:\/\/etab.ac-reunion.fr\/clg-marcel-goulette\/wp-json\/wp\/v2\/types\/page"}],"author":[{"embeddable":true,"href":"https:\/\/etab.ac-reunion.fr\/clg-marcel-goulette\/wp-json\/wp\/v2\/users\/38518"}],"replies":[{"embeddable":true,"href":"https:\/\/etab.ac-reunion.fr\/clg-marcel-goulette\/wp-json\/wp\/v2\/comments?post=8099"}],"version-history":[{"count":2,"href":"https:\/\/etab.ac-reunion.fr\/clg-marcel-goulette\/wp-json\/wp\/v2\/pages\/8099\/revisions"}],"predecessor-version":[{"id":8103,"href":"https:\/\/etab.ac-reunion.fr\/clg-marcel-goulette\/wp-json\/wp\/v2\/pages\/8099\/revisions\/8103"}],"wp:attachment":[{"href":"https:\/\/etab.ac-reunion.fr\/clg-marcel-goulette\/wp-json\/wp\/v2\/media?parent=8099"}],"curies":[{"name":"wp","href":"https:\/\/api.w.org\/{rel}","templated":true}]}}