{"id":8109,"date":"2026-04-14T08:50:06","date_gmt":"2026-04-14T04:50:06","guid":{"rendered":"https:\/\/etab.ac-reunion.fr\/clg-marcel-goulette\/?page_id=8109"},"modified":"2026-04-14T08:50:06","modified_gmt":"2026-04-14T04:50:06","slug":"acceder-aux-absences-et-retards-de-votre-enfant","status":"publish","type":"page","link":"https:\/\/etab.ac-reunion.fr\/clg-marcel-goulette\/acceder-aux-absences-et-retards-de-votre-enfant\/","title":{"rendered":"Acc\u00e9der aux absences et retards de votre enfant"},"content":{"rendered":"\n<p>Comment acc\u00e9der aux absences et retards de votre enfant, \u00e9tape par \u00e9tape.<br><\/p>\n\n\n\n<div data-wp-interactive=\"core\/file\" class=\"wp-block-file\"><object data-wp-bind--hidden=\"!state.hasPdfPreview\" hidden class=\"wp-block-file__embed\" data=\"https:\/\/etab.ac-reunion.fr\/clg-marcel-goulette\/wp-content\/uploads\/sites\/153\/2026\/04\/TUTO-pour-consulter-les-abscences-et-les-retards.pdf\" type=\"application\/pdf\" style=\"width:100%;height:600px\" aria-label=\"Contenu embarqu\u00e9 TUTO pour consulter les abscences et les retards.\"><\/object><a id=\"wp-block-file--media-4dbbe773-3c57-49ed-86cf-de340c1f2376\" href=\"https:\/\/etab.ac-reunion.fr\/clg-marcel-goulette\/wp-content\/uploads\/sites\/153\/2026\/04\/TUTO-pour-consulter-les-abscences-et-les-retards.pdf\">TUTO pour consulter les abscences et les retards<\/a><a href=\"https:\/\/etab.ac-reunion.fr\/clg-marcel-goulette\/wp-content\/uploads\/sites\/153\/2026\/04\/TUTO-pour-consulter-les-abscences-et-les-retards.pdf\" class=\"wp-block-file__button wp-element-button\" download aria-describedby=\"wp-block-file--media-4dbbe773-3c57-49ed-86cf-de340c1f2376\">T\u00e9l\u00e9charger<\/a><\/div>\n","protected":false},"excerpt":{"rendered":"<p>Comment acc\u00e9der aux absences et retards de votre enfant, \u00e9tape par \u00e9tape.<\/p>\n<p class=\"continue-reading-button\"> <a class=\"continue-reading-link\" href=\"https:\/\/etab.ac-reunion.fr\/clg-marcel-goulette\/acceder-aux-absences-et-retards-de-votre-enfant\/\">Lire la suite&#8230;<i class=\"crycon-right-dir\"><\/i><\/a><\/p>\n","protected":false},"author":38518,"featured_media":0,"parent":0,"menu_order":0,"comment_status":"closed","ping_status":"closed","template":"","meta":{"footnotes":""},"class_list":["post-8109","page","type-page","status-publish","hentry"],"_links":{"self":[{"href":"https:\/\/etab.ac-reunion.fr\/clg-marcel-goulette\/wp-json\/wp\/v2\/pages\/8109","targetHints":{"allow":["GET"]}}],"collection":[{"href":"https:\/\/etab.ac-reunion.fr\/clg-marcel-goulette\/wp-json\/wp\/v2\/pages"}],"about":[{"href":"https:\/\/etab.ac-reunion.fr\/clg-marcel-goulette\/wp-json\/wp\/v2\/types\/page"}],"author":[{"embeddable":true,"href":"https:\/\/etab.ac-reunion.fr\/clg-marcel-goulette\/wp-json\/wp\/v2\/users\/38518"}],"replies":[{"embeddable":true,"href":"https:\/\/etab.ac-reunion.fr\/clg-marcel-goulette\/wp-json\/wp\/v2\/comments?post=8109"}],"version-history":[{"count":1,"href":"https:\/\/etab.ac-reunion.fr\/clg-marcel-goulette\/wp-json\/wp\/v2\/pages\/8109\/revisions"}],"predecessor-version":[{"id":8111,"href":"https:\/\/etab.ac-reunion.fr\/clg-marcel-goulette\/wp-json\/wp\/v2\/pages\/8109\/revisions\/8111"}],"wp:attachment":[{"href":"https:\/\/etab.ac-reunion.fr\/clg-marcel-goulette\/wp-json\/wp\/v2\/media?parent=8109"}],"curies":[{"name":"wp","href":"https:\/\/api.w.org\/{rel}","templated":true}]}}