{"id":8112,"date":"2026-04-14T09:04:14","date_gmt":"2026-04-14T05:04:14","guid":{"rendered":"https:\/\/etab.ac-reunion.fr\/clg-marcel-goulette\/?page_id=8112"},"modified":"2026-04-14T09:07:16","modified_gmt":"2026-04-14T05:07:16","slug":"consulter-et-recuperer-les-attestations-et-livrets-scolaires","status":"publish","type":"page","link":"https:\/\/etab.ac-reunion.fr\/clg-marcel-goulette\/consulter-et-recuperer-les-attestations-et-livrets-scolaires\/","title":{"rendered":"Consulter et r\u00e9cup\u00e9rer les attestations et le livret scolaire"},"content":{"rendered":"\n<p>Suivez ce tutoriel pour r\u00e9cup\u00e9rer les attestations et le livret scolaire de votre enfant en ligne.<\/p>\n\n\n\n<div data-wp-interactive=\"core\/file\" class=\"wp-block-file\"><object data-wp-bind--hidden=\"!state.hasPdfPreview\" hidden class=\"wp-block-file__embed\" data=\"https:\/\/etab.ac-reunion.fr\/clg-marcel-goulette\/wp-content\/uploads\/sites\/153\/2026\/04\/TUTO-pour-recuperer-les-attestations-et-livret-scolaire.pdf\" type=\"application\/pdf\" style=\"width:100%;height:600px\" aria-label=\"Contenu embarqu\u00e9 TUTO pour r\u00e9cup\u00e9rer les attestations et livret scolaire.\"><\/object><a id=\"wp-block-file--media-adb71078-5d31-4f75-819f-b28ae46fe2bb\" href=\"https:\/\/etab.ac-reunion.fr\/clg-marcel-goulette\/wp-content\/uploads\/sites\/153\/2026\/04\/TUTO-pour-recuperer-les-attestations-et-livret-scolaire.pdf\">TUTO pour r\u00e9cup\u00e9rer les attestations et livret scolaire<\/a><a href=\"https:\/\/etab.ac-reunion.fr\/clg-marcel-goulette\/wp-content\/uploads\/sites\/153\/2026\/04\/TUTO-pour-recuperer-les-attestations-et-livret-scolaire.pdf\" class=\"wp-block-file__button wp-element-button\" download aria-describedby=\"wp-block-file--media-adb71078-5d31-4f75-819f-b28ae46fe2bb\">T\u00e9l\u00e9charger<\/a><\/div>\n","protected":false},"excerpt":{"rendered":"<p>Suivez ce tutoriel pour r\u00e9cup\u00e9rer les attestations et le livret scolaire de votre enfant en ligne.<\/p>\n<p class=\"continue-reading-button\"> <a class=\"continue-reading-link\" href=\"https:\/\/etab.ac-reunion.fr\/clg-marcel-goulette\/consulter-et-recuperer-les-attestations-et-livrets-scolaires\/\">Lire la suite&#8230;<i class=\"crycon-right-dir\"><\/i><\/a><\/p>\n","protected":false},"author":38518,"featured_media":0,"parent":0,"menu_order":0,"comment_status":"closed","ping_status":"closed","template":"","meta":{"footnotes":""},"class_list":["post-8112","page","type-page","status-publish","hentry"],"_links":{"self":[{"href":"https:\/\/etab.ac-reunion.fr\/clg-marcel-goulette\/wp-json\/wp\/v2\/pages\/8112","targetHints":{"allow":["GET"]}}],"collection":[{"href":"https:\/\/etab.ac-reunion.fr\/clg-marcel-goulette\/wp-json\/wp\/v2\/pages"}],"about":[{"href":"https:\/\/etab.ac-reunion.fr\/clg-marcel-goulette\/wp-json\/wp\/v2\/types\/page"}],"author":[{"embeddable":true,"href":"https:\/\/etab.ac-reunion.fr\/clg-marcel-goulette\/wp-json\/wp\/v2\/users\/38518"}],"replies":[{"embeddable":true,"href":"https:\/\/etab.ac-reunion.fr\/clg-marcel-goulette\/wp-json\/wp\/v2\/comments?post=8112"}],"version-history":[{"count":2,"href":"https:\/\/etab.ac-reunion.fr\/clg-marcel-goulette\/wp-json\/wp\/v2\/pages\/8112\/revisions"}],"predecessor-version":[{"id":8117,"href":"https:\/\/etab.ac-reunion.fr\/clg-marcel-goulette\/wp-json\/wp\/v2\/pages\/8112\/revisions\/8117"}],"wp:attachment":[{"href":"https:\/\/etab.ac-reunion.fr\/clg-marcel-goulette\/wp-json\/wp\/v2\/media?parent=8112"}],"curies":[{"name":"wp","href":"https:\/\/api.w.org\/{rel}","templated":true}]}}