{"id":2964,"date":"2025-09-16T10:50:48","date_gmt":"2025-09-16T06:50:48","guid":{"rendered":"https:\/\/etab.ac-reunion.fr\/clg-michel-debre\/?page_id=2964"},"modified":"2025-09-16T10:50:48","modified_gmt":"2025-09-16T06:50:48","slug":"comment-acceder-a-pronote","status":"publish","type":"page","link":"https:\/\/etab.ac-reunion.fr\/clg-michel-debre\/comment-acceder-a-pronote\/","title":{"rendered":"Comment acc\u00e9der \u00e0 PRONOTE ?"},"content":{"rendered":"\n<p><strong>En tant que parent, pour consulter PRONOTE, il faut obligatoirement avoir votre compte EDUCONNECT.<\/strong><\/p>\n\n\n\n<p>Plusieurs choix s&rsquo;offrent \u00e0 vous pour les obtenir: <\/p>\n\n\n\n<ol class=\"wp-block-list\">\n<li>Vous pouvez cr\u00e9er vous-m\u00eame votre identifiant et votre mot de passe.<br>Si vous avez FranceConnect vous pouvez y acc\u00e9der directement. Si tel n\u2019est pas le cas, vous cr\u00e9ez alors votre compte.<\/li>\n\n\n\n<li>Consulter les mails qui vous sont envoy\u00e9s plusieurs fois depuis le d\u00e9but de l&rsquo;ann\u00e9e scolaire,  contenant des identifiants et mot de passe temporaires EDUCONNECT .<\/li>\n<\/ol>\n\n\n\n<h2 class=\"wp-block-heading\">D\u00e9marche avec les identifiants fournis par mail.<\/h2>\n\n\n\n<p><span style=\"text-decoration: underline\"><strong>1- Se rendre sur Metice : <a href=\"http:\/\/metice.ac-reunion.fr\">metice.ac-reunion.fr<\/a><\/strong><\/span><\/p>\n\n\n\n<figure class=\"wp-block-image size-full\"><img loading=\"lazy\" decoding=\"async\" width=\"885\" height=\"264\" src=\"https:\/\/etab.ac-reunion.fr\/clg-michel-debre\/wp-content\/uploads\/sites\/64\/2025\/09\/1-site-college-1.jpg\" alt=\"\" class=\"wp-image-2967\" srcset=\"https:\/\/etab.ac-reunion.fr\/clg-michel-debre\/wp-content\/uploads\/sites\/64\/2025\/09\/1-site-college-1.jpg 885w, https:\/\/etab.ac-reunion.fr\/clg-michel-debre\/wp-content\/uploads\/sites\/64\/2025\/09\/1-site-college-1-300x89.jpg 300w, https:\/\/etab.ac-reunion.fr\/clg-michel-debre\/wp-content\/uploads\/sites\/64\/2025\/09\/1-site-college-1-768x229.jpg 768w\" sizes=\"auto, (max-width: 885px) 100vw, 885px\" \/><\/figure>\n\n\n\n<p><span style=\"text-decoration: underline\"><strong>2- Passer par la passerelle Educonnect Puis par l&rsquo;espace Responsable d&rsquo;\u00e9l\u00e8ve<\/strong><\/span><\/p>\n\n\n\n<figure class=\"wp-block-image size-full\"><img loading=\"lazy\" decoding=\"async\" width=\"738\" height=\"721\" src=\"https:\/\/etab.ac-reunion.fr\/clg-michel-debre\/wp-content\/uploads\/sites\/64\/2025\/09\/2-metice.jpg\" alt=\"\" class=\"wp-image-2968\" srcset=\"https:\/\/etab.ac-reunion.fr\/clg-michel-debre\/wp-content\/uploads\/sites\/64\/2025\/09\/2-metice.jpg 738w, https:\/\/etab.ac-reunion.fr\/clg-michel-debre\/wp-content\/uploads\/sites\/64\/2025\/09\/2-metice-300x293.jpg 300w\" sizes=\"auto, (max-width: 738px) 100vw, 738px\" \/><\/figure>\n\n\n\n<figure class=\"wp-block-image size-full\"><img loading=\"lazy\" decoding=\"async\" width=\"880\" height=\"516\" src=\"https:\/\/etab.ac-reunion.fr\/clg-michel-debre\/wp-content\/uploads\/sites\/64\/2025\/09\/3-responsable-eleve.jpg\" alt=\"\" class=\"wp-image-2969\" srcset=\"https:\/\/etab.ac-reunion.fr\/clg-michel-debre\/wp-content\/uploads\/sites\/64\/2025\/09\/3-responsable-eleve.jpg 880w, https:\/\/etab.ac-reunion.fr\/clg-michel-debre\/wp-content\/uploads\/sites\/64\/2025\/09\/3-responsable-eleve-300x176.jpg 300w, https:\/\/etab.ac-reunion.fr\/clg-michel-debre\/wp-content\/uploads\/sites\/64\/2025\/09\/3-responsable-eleve-768x450.jpg 768w\" sizes=\"auto, (max-width: 880px) 100vw, 880px\" \/><\/figure>\n\n\n\n<p><span style=\"text-decoration: underline\"><strong>3- Utiliser les identifiant et mot de passe fournis par mai<\/strong><\/span>l.<\/p>\n\n\n\n<figure class=\"wp-block-image size-full\"><img loading=\"lazy\" decoding=\"async\" width=\"889\" height=\"778\" src=\"https:\/\/etab.ac-reunion.fr\/clg-michel-debre\/wp-content\/uploads\/sites\/64\/2025\/09\/4-connexion.jpg\" alt=\"\" class=\"wp-image-2970\" srcset=\"https:\/\/etab.ac-reunion.fr\/clg-michel-debre\/wp-content\/uploads\/sites\/64\/2025\/09\/4-connexion.jpg 889w, https:\/\/etab.ac-reunion.fr\/clg-michel-debre\/wp-content\/uploads\/sites\/64\/2025\/09\/4-connexion-300x263.jpg 300w, https:\/\/etab.ac-reunion.fr\/clg-michel-debre\/wp-content\/uploads\/sites\/64\/2025\/09\/4-connexion-768x672.jpg 768w\" sizes=\"auto, (max-width: 889px) 100vw, 889px\" \/><\/figure>\n\n\n\n<ol class=\"wp-block-list\"><\/ol>\n\n\n\n<h2 class=\"wp-block-heading\"><strong>Pourquoi consulter PRONOTE ?<\/strong><\/h2>\n\n\n\n<p><strong>Vous y trouverez les devoirs \u00e0 faire, les r\u00e9visions, les notes, les le\u00e7ons vues en cours, etc&#8230;<\/strong><br><strong>PRONOTE est l\u2019outil de la continuit\u00e9 p\u00e9dagogique \u00e0 distance pour surveiller la scolarit\u00e9 de votre enfant.<\/strong><br><strong>Veillez \u00e0 ce qu<\/strong>&lsquo;il <strong>se connecte tous les jours afin d\u2019y consulter le travail \u00e0 faire et les \u00e9ventuels messages de leurs professeurs.<\/strong><\/p>\n\n\n\n<p><strong>Aide pour se connecter : <\/strong><a href=\"https:\/\/www.ac-reunion.fr\/assistance-educonnect.html\">https:\/\/www.ac-reunion.fr\/assistance-educonnect.html<\/a><\/p>\n\n\n\n<p><\/p>\n","protected":false},"excerpt":{"rendered":"<p>En tant que parent, pour consulter PRONOTE, il faut obligatoirement avoir votre compte EDUCONNECT. Plusieurs choix s&rsquo;offrent \u00e0 vous pour les obtenir: D\u00e9marche avec les identifiants fournis par mail. 1- Se rendre sur Metice : metice.ac-reunion.fr 2- Passer par la passerelle Educonnect Puis par l&rsquo;espace Responsable d&rsquo;\u00e9l\u00e8ve 3- Utiliser les identifiant et mot de passe [&hellip;]<\/p>\n","protected":false},"author":9826,"featured_media":0,"parent":0,"menu_order":0,"comment_status":"closed","ping_status":"closed","template":"","meta":{"footnotes":""},"class_list":["post-2964","page","type-page","status-publish","hentry"],"_links":{"self":[{"href":"https:\/\/etab.ac-reunion.fr\/clg-michel-debre\/wp-json\/wp\/v2\/pages\/2964","targetHints":{"allow":["GET"]}}],"collection":[{"href":"https:\/\/etab.ac-reunion.fr\/clg-michel-debre\/wp-json\/wp\/v2\/pages"}],"about":[{"href":"https:\/\/etab.ac-reunion.fr\/clg-michel-debre\/wp-json\/wp\/v2\/types\/page"}],"author":[{"embeddable":true,"href":"https:\/\/etab.ac-reunion.fr\/clg-michel-debre\/wp-json\/wp\/v2\/users\/9826"}],"replies":[{"embeddable":true,"href":"https:\/\/etab.ac-reunion.fr\/clg-michel-debre\/wp-json\/wp\/v2\/comments?post=2964"}],"version-history":[{"count":1,"href":"https:\/\/etab.ac-reunion.fr\/clg-michel-debre\/wp-json\/wp\/v2\/pages\/2964\/revisions"}],"predecessor-version":[{"id":2971,"href":"https:\/\/etab.ac-reunion.fr\/clg-michel-debre\/wp-json\/wp\/v2\/pages\/2964\/revisions\/2971"}],"wp:attachment":[{"href":"https:\/\/etab.ac-reunion.fr\/clg-michel-debre\/wp-json\/wp\/v2\/media?parent=2964"}],"curies":[{"name":"wp","href":"https:\/\/api.w.org\/{rel}","templated":true}]}}