{"id":1058,"date":"2017-01-27T21:50:40","date_gmt":"2017-01-27T18:50:40","guid":{"rendered":"http:\/\/college-milleroches.ac-reunion.fr\/?page_id=1058"},"modified":"2023-05-12T11:05:46","modified_gmt":"2023-05-12T08:05:46","slug":"dans-le-mille-le-journal-numerique-du-college","status":"publish","type":"page","link":"https:\/\/etab.ac-reunion.fr\/clg-mille-roches\/dans-le-mille-le-journal-numerique-du-college\/","title":{"rendered":"Le journal num\u00e9rique du coll\u00e8ge"},"content":{"rendered":"[et_pb_section fb_built=\u00a0\u00bb1&Prime; admin_label=\u00a0\u00bbsection\u00a0\u00bb _builder_version=\u00a0\u00bb4.20.4&Prime; background_color=\u00a0\u00bb#27323a\u00a0\u00bb global_colors_info=\u00a0\u00bb{}\u00a0\u00bb][et_pb_row admin_label=\u00a0\u00bbrow\u00a0\u00bb _builder_version=\u00a0\u00bb4.20.4&Prime; background_size=\u00a0\u00bbinitial\u00a0\u00bb background_position=\u00a0\u00bbtop_left\u00a0\u00bb background_repeat=\u00a0\u00bbrepeat\u00a0\u00bb global_colors_info=\u00a0\u00bb{}\u00a0\u00bb][et_pb_column type=\u00a0\u00bb4_4&Prime; _builder_version=\u00a0\u00bb4.16&Prime; custom_padding=\u00a0\u00bb|||\u00a0\u00bb global_colors_info=\u00a0\u00bb{}\u00a0\u00bb custom_padding__hover=\u00a0\u00bb|||\u00a0\u00bb][et_pb_text admin_label=\u00a0\u00bbText\u00a0\u00bb _builder_version=\u00a0\u00bb4.20.4&Prime; text_font=\u00a0\u00bbCalligraffitti||||\u00a0\u00bb text_text_color=\u00a0\u00bb#e0352c\u00a0\u00bb header_font=\u00a0\u00bbDancing Script||||\u00a0\u00bb header_text_color=\u00a0\u00bb#ffffff\u00a0\u00bb background_color=\u00a0\u00bb#1dad65&Prime; background_size=\u00a0\u00bbinitial\u00a0\u00bb background_position=\u00a0\u00bbtop_left\u00a0\u00bb background_repeat=\u00a0\u00bbrepeat\u00a0\u00bb text_orientation=\u00a0\u00bbcenter\u00a0\u00bb background_layout=\u00a0\u00bbdark\u00a0\u00bb module_alignment=\u00a0\u00bbcenter\u00a0\u00bb use_border_color=\u00a0\u00bboff\u00a0\u00bb border_color=\u00a0\u00bb#ffffff\u00a0\u00bb border_style=\u00a0\u00bbsolid\u00a0\u00bb global_colors_info=\u00a0\u00bb{}\u00a0\u00bb]\n<h1 style=\"font-size: 72px\">\u00ab\u00a0Dans le Mille\u00a0\u00bb<\/h1>\n<h2><em>Le journal num\u00e9rique du coll\u00e8ge Mille Roches<\/em><\/h2>\n[\/et_pb_text][et_pb_image src=\u00a0\u00bbhttps:\/\/etab.ac-reunion.fr\/clg-mille-roches\/wp-content\/uploads\/sites\/19\/2017\/01\/target-1414788_1280-e1485541131617.png\u00a0\u00bb align=\u00a0\u00bbcenter\u00a0\u00bb align_tablet=\u00a0\u00bbcenter\u00a0\u00bb align_phone=\u00a0\u00bbcenter\u00a0\u00bb align_last_edited=\u00a0\u00bbon|desktop\u00a0\u00bb admin_label=\u00a0\u00bbImage\u00a0\u00bb _builder_version=\u00a0\u00bb4.20.4&Prime; animation_style=\u00a0\u00bbfade\u00a0\u00bb animation_duration=\u00a0\u00bb500ms\u00a0\u00bb use_border_color=\u00a0\u00bboff\u00a0\u00bb border_color=\u00a0\u00bb#ffffff\u00a0\u00bb border_style=\u00a0\u00bbsolid\u00a0\u00bb animation=\u00a0\u00bbfade_in\u00a0\u00bb sticky=\u00a0\u00bboff\u00a0\u00bb always_center_on_mobile=\u00a0\u00bbon\u00a0\u00bb global_colors_info=\u00a0\u00bb{}\u00a0\u00bb] [\/et_pb_image][et_pb_cta url_new_window=\u00a0\u00bbon\u00a0\u00bb admin_label=\u00a0\u00bbCall To Action\u00a0\u00bb _builder_version=\u00a0\u00bb4.20.4&Prime; header_font=\u00a0\u00bbCalligraffitti||||\u00a0\u00bb header_text_color=\u00a0\u00bb#1a993b\u00a0\u00bb body_font=\u00a0\u00bbTimes New Roman||||\u00a0\u00bb use_background_color=\u00a0\u00bboff\u00a0\u00bb background_size=\u00a0\u00bbinitial\u00a0\u00bb background_position=\u00a0\u00bbtop_left\u00a0\u00bb background_repeat=\u00a0\u00bbrepeat\u00a0\u00bb use_border_color=\u00a0\u00bboff\u00a0\u00bb border_color=\u00a0\u00bb#ffffff\u00a0\u00bb border_style=\u00a0\u00bbsolid\u00a0\u00bb button_letter_spacing_hover=\u00a0\u00bb0&Prime; global_colors_info=\u00a0\u00bb{}\u00a0\u00bb button_text_size__hover_enabled=\u00a0\u00bboff\u00a0\u00bb button_one_text_size__hover_enabled=\u00a0\u00bboff\u00a0\u00bb button_two_text_size__hover_enabled=\u00a0\u00bboff\u00a0\u00bb button_text_color__hover_enabled=\u00a0\u00bboff\u00a0\u00bb button_one_text_color__hover_enabled=\u00a0\u00bboff\u00a0\u00bb button_two_text_color__hover_enabled=\u00a0\u00bboff\u00a0\u00bb button_border_width__hover_enabled=\u00a0\u00bboff\u00a0\u00bb button_one_border_width__hover_enabled=\u00a0\u00bboff\u00a0\u00bb button_two_border_width__hover_enabled=\u00a0\u00bboff\u00a0\u00bb button_border_color__hover_enabled=\u00a0\u00bboff\u00a0\u00bb button_one_border_color__hover_enabled=\u00a0\u00bboff\u00a0\u00bb button_two_border_color__hover_enabled=\u00a0\u00bboff\u00a0\u00bb button_border_radius__hover_enabled=\u00a0\u00bboff\u00a0\u00bb button_one_border_radius__hover_enabled=\u00a0\u00bboff\u00a0\u00bb button_two_border_radius__hover_enabled=\u00a0\u00bboff\u00a0\u00bb button_letter_spacing__hover_enabled=\u00a0\u00bbon\u00a0\u00bb button_letter_spacing__hover=\u00a0\u00bb0&Prime; button_one_letter_spacing__hover_enabled=\u00a0\u00bboff\u00a0\u00bb button_two_letter_spacing__hover_enabled=\u00a0\u00bboff\u00a0\u00bb button_bg_color__hover_enabled=\u00a0\u00bboff\u00a0\u00bb button_one_bg_color__hover_enabled=\u00a0\u00bboff\u00a0\u00bb button_two_bg_color__hover_enabled=\u00a0\u00bboff\u00a0\u00bb]\n\n\n<div class=\"su-posts su-posts-default-loop \">\n\n\t\n\t\t\t\t\t\n\t\t\t\n\t\t\t<div id=\"su-post-9661\" class=\"su-post \">\n\n\t\t\t\t\t\t\t\t\t<a class=\"su-post-thumbnail\" href=\"https:\/\/etab.ac-reunion.fr\/clg-mille-roches\/dans-le-mille-le-journal-du-college-juin-2024-n2\/\"><img loading=\"lazy\" decoding=\"async\" width=\"588\" height=\"818\" src=\"https:\/\/etab.ac-reunion.fr\/clg-mille-roches\/wp-content\/uploads\/sites\/19\/2024\/06\/DLM2.jpg\" class=\"attachment-post-thumbnail size-post-thumbnail wp-post-image\" alt=\"\" srcset=\"https:\/\/etab.ac-reunion.fr\/clg-mille-roches\/wp-content\/uploads\/sites\/19\/2024\/06\/DLM2.jpg 588w, https:\/\/etab.ac-reunion.fr\/clg-mille-roches\/wp-content\/uploads\/sites\/19\/2024\/06\/DLM2-480x668.jpg 480w\" sizes=\"(min-width: 0px) and (max-width: 480px) 480px, (min-width: 481px) 588px, 100vw\" \/><\/a>\n\t\t\t\t\n\t\t\t\t<h2 class=\"su-post-title\"><a href=\"https:\/\/etab.ac-reunion.fr\/clg-mille-roches\/dans-le-mille-le-journal-du-college-juin-2024-n2\/\">Dans le Mille le journal du coll\u00e8ge : Juin-2024-N\u00b02<\/a><\/h2>\n\n\t\t\t\t<div class=\"su-post-meta\">\n\t\t\t\t\tPubli\u00e9: 10 juin 2024\t\t\t\t<\/div>\n\n\t\t\t\t<div class=\"su-post-excerpt\">\n\t\t\t\t\t<p>Au gr\u00e9 de nos exp\u00e9riences, de nos lectures, il nous arrive de vouloir changer de cap pour tendre vers quelque chose de mieux, de plus solide ou de plus abouti. A l\u2019image d\u2019un d\u00e9but d\u2019ann\u00e9e SCOLAIRE o\u00f9 la d\u00e9termination est \u00e0 son paroxysme. quand certains \u00e9l\u00e8ves qui ont parfois d\u00e9rap\u00e9 l\u2019ann\u00e9e pr\u00e9c\u00e9dente se disent \u201ccette [&hellip;]<!-- AddThis Advanced Settings generic via filter on get_the_excerpt --><!-- AddThis Share Buttons generic via filter on get_the_excerpt --><\/p>\n\t\t\t\t<\/div>\n\n\t\t\t\t\n\t\t\t<\/div>\n\n\t\t\t\t\t\n\t\t\t\n\t\t\t<div id=\"su-post-9541\" class=\"su-post \">\n\n\t\t\t\t\t\t\t\t\t<a class=\"su-post-thumbnail\" href=\"https:\/\/etab.ac-reunion.fr\/clg-mille-roches\/dans-le-mille-le-journal-du-college-mars-2024-n1\/\"><img loading=\"lazy\" decoding=\"async\" width=\"461\" height=\"640\" src=\"https:\/\/etab.ac-reunion.fr\/clg-mille-roches\/wp-content\/uploads\/sites\/19\/2024\/03\/dans-le-mille-e1711436514804.jpg\" class=\"attachment-post-thumbnail size-post-thumbnail wp-post-image\" alt=\"\" \/><\/a>\n\t\t\t\t\n\t\t\t\t<h2 class=\"su-post-title\"><a href=\"https:\/\/etab.ac-reunion.fr\/clg-mille-roches\/dans-le-mille-le-journal-du-college-mars-2024-n1\/\">Dans le Mille le journal du coll\u00e8ge : Mars-2024-N\u00b01<\/a><\/h2>\n\n\t\t\t\t<div class=\"su-post-meta\">\n\t\t\t\t\tPubli\u00e9: 26 mars 2024\t\t\t\t<\/div>\n\n\t\t\t\t<div class=\"su-post-excerpt\">\n\t\t\t\t\t<p>Le journal du coll\u00e8ge fait sa r\u00e9apparition pour cette ann\u00e9e scolaire 2023-2024. Vous avez \u00e9t\u00e9 nombreux l&rsquo;an dernier \u00e0 parcourir les pages des trois exemplaires publi\u00e9s et malgr\u00e9 une r\u00e9\u00e9dition tardive, les petits reporters sont bel et bien l\u00e0 pour retracer des \u00e9v\u00e8nements marquants qui ont accompagn\u00e9 la vie de notre \u00e9tablissement et vous proposer [&hellip;]<!-- AddThis Advanced Settings generic via filter on get_the_excerpt --><!-- AddThis Share Buttons generic via filter on get_the_excerpt --><\/p>\n\t\t\t\t<\/div>\n\n\t\t\t\t\n\t\t\t<\/div>\n\n\t\t\t\t\t\n\t\t\t\n\t\t\t<div id=\"su-post-9072\" class=\"su-post \">\n\n\t\t\t\t\t\t\t\t\t<a class=\"su-post-thumbnail\" href=\"https:\/\/etab.ac-reunion.fr\/clg-mille-roches\/journal-du-college-dans-le-mille-numero-3-3\/\"><img loading=\"lazy\" decoding=\"async\" width=\"340\" height=\"340\" src=\"https:\/\/etab.ac-reunion.fr\/clg-mille-roches\/wp-content\/uploads\/sites\/19\/2022\/12\/dans-le-mille.png\" class=\"attachment-post-thumbnail size-post-thumbnail wp-post-image\" alt=\"\" srcset=\"https:\/\/etab.ac-reunion.fr\/clg-mille-roches\/wp-content\/uploads\/sites\/19\/2022\/12\/dans-le-mille.png 340w, https:\/\/etab.ac-reunion.fr\/clg-mille-roches\/wp-content\/uploads\/sites\/19\/2022\/12\/dans-le-mille-300x300.png 300w, https:\/\/etab.ac-reunion.fr\/clg-mille-roches\/wp-content\/uploads\/sites\/19\/2022\/12\/dans-le-mille-150x150.png 150w\" sizes=\"(max-width: 340px) 100vw, 340px\" \/><\/a>\n\t\t\t\t\n\t\t\t\t<h2 class=\"su-post-title\"><a href=\"https:\/\/etab.ac-reunion.fr\/clg-mille-roches\/journal-du-college-dans-le-mille-numero-3-3\/\">Dans le Mille, le journal du coll\u00e8ge : juin -2023 &#8211; N\u00b03<\/a><\/h2>\n\n\t\t\t\t<div class=\"su-post-meta\">\n\t\t\t\t\tPubli\u00e9: 2 juin 2023\t\t\t\t<\/div>\n\n\t\t\t\t<div class=\"su-post-excerpt\">\n\t\t\t\t\t<p>Au coll\u00e8ge Mille Roches, on ne cesse de bouger au gr\u00e9 des \u00e9v\u00e8nements et des projets men\u00e9s par les professeurs et les classes. Voici la troisi\u00e8me \u00e9dition du journal \u00ab\u00a0Dans le Mille\u00a0\u00bb Au fil des pages, vous en saurez davantage sur les actions qui ont anim\u00e9 le coll\u00e8ge en ce d\u00e9but d&rsquo;ann\u00e9e, vous pourrez revivre [&hellip;]<!-- AddThis Advanced Settings generic via filter on get_the_excerpt --><!-- AddThis Share Buttons generic via filter on get_the_excerpt --><\/p>\n\t\t\t\t<\/div>\n\n\t\t\t\t\n\t\t\t<\/div>\n\n\t\t\t\t\t\n\t\t\t\n\t\t\t<div id=\"su-post-8954\" class=\"su-post \">\n\n\t\t\t\t\t\t\t\t\t<a class=\"su-post-thumbnail\" href=\"https:\/\/etab.ac-reunion.fr\/clg-mille-roches\/journal-du-college-dans-le-mille-numero-2\/\"><img loading=\"lazy\" decoding=\"async\" width=\"340\" height=\"340\" src=\"https:\/\/etab.ac-reunion.fr\/clg-mille-roches\/wp-content\/uploads\/sites\/19\/2022\/12\/dans-le-mille.png\" class=\"attachment-post-thumbnail size-post-thumbnail wp-post-image\" alt=\"\" srcset=\"https:\/\/etab.ac-reunion.fr\/clg-mille-roches\/wp-content\/uploads\/sites\/19\/2022\/12\/dans-le-mille.png 340w, https:\/\/etab.ac-reunion.fr\/clg-mille-roches\/wp-content\/uploads\/sites\/19\/2022\/12\/dans-le-mille-300x300.png 300w, https:\/\/etab.ac-reunion.fr\/clg-mille-roches\/wp-content\/uploads\/sites\/19\/2022\/12\/dans-le-mille-150x150.png 150w\" sizes=\"(max-width: 340px) 100vw, 340px\" \/><\/a>\n\t\t\t\t\n\t\t\t\t<h2 class=\"su-post-title\"><a href=\"https:\/\/etab.ac-reunion.fr\/clg-mille-roches\/journal-du-college-dans-le-mille-numero-2\/\">Dans le Mille, le journal du coll\u00e8ge : Mars -2023 &#8211; N\u00b02<\/a><\/h2>\n\n\t\t\t\t<div class=\"su-post-meta\">\n\t\t\t\t\tPubli\u00e9: 30 mars 2023\t\t\t\t<\/div>\n\n\t\t\t\t<div class=\"su-post-excerpt\">\n\t\t\t\t\t<p>Au coll\u00e8ge Mille Roches,on ne cesse de bouger au gr\u00e9 des \u00e9v\u00e8nements et des projets men\u00e9s par les professeurs et les classes. Voici la deuxi\u00e8me \u00e9dition du journal \u00ab\u00a0Dans le Mille\u00a0\u00bb Au fil des pages,vous en saurez davantage sur les actions qui ont anim\u00e9 le coll\u00e8ge en ce d\u00e9but d&rsquo;ann\u00e9e,vous pourrez revivre un moment marquant [&hellip;]<!-- AddThis Advanced Settings generic via filter on get_the_excerpt --><!-- AddThis Share Buttons generic via filter on get_the_excerpt --><\/p>\n\t\t\t\t<\/div>\n\n\t\t\t\t\n\t\t\t<\/div>\n\n\t\t\t\t\t\n\t\t\t\n\t\t\t<div id=\"su-post-8721\" class=\"su-post \">\n\n\t\t\t\t\t\t\t\t\t<a class=\"su-post-thumbnail\" href=\"https:\/\/etab.ac-reunion.fr\/clg-mille-roches\/dans-le-mille-le-journal-du-college-decembre-2022-n1\/\"><img loading=\"lazy\" decoding=\"async\" width=\"340\" height=\"340\" src=\"https:\/\/etab.ac-reunion.fr\/clg-mille-roches\/wp-content\/uploads\/sites\/19\/2022\/12\/dans-le-mille.png\" class=\"attachment-post-thumbnail size-post-thumbnail wp-post-image\" alt=\"\" srcset=\"https:\/\/etab.ac-reunion.fr\/clg-mille-roches\/wp-content\/uploads\/sites\/19\/2022\/12\/dans-le-mille.png 340w, https:\/\/etab.ac-reunion.fr\/clg-mille-roches\/wp-content\/uploads\/sites\/19\/2022\/12\/dans-le-mille-300x300.png 300w, https:\/\/etab.ac-reunion.fr\/clg-mille-roches\/wp-content\/uploads\/sites\/19\/2022\/12\/dans-le-mille-150x150.png 150w\" sizes=\"(max-width: 340px) 100vw, 340px\" \/><\/a>\n\t\t\t\t\n\t\t\t\t<h2 class=\"su-post-title\"><a href=\"https:\/\/etab.ac-reunion.fr\/clg-mille-roches\/dans-le-mille-le-journal-du-college-decembre-2022-n1\/\">Dans le Mille, le journal du coll\u00e8ge : D\u00e9cembre 2022 &#8211; N\u00b01<\/a><\/h2>\n\n\t\t\t\t<div class=\"su-post-meta\">\n\t\t\t\t\tPubli\u00e9: 13 d\u00e9cembre 2022\t\t\t\t<\/div>\n\n\t\t\t\t<div class=\"su-post-excerpt\">\n\t\t\t\t\t<p>Au coll\u00e8ge Mille Roches,on ne cesse de bouger au gr\u00e9 des \u00e9v\u00e8nements et des projets men\u00e9s par les professeurs et les classes. Cette ann\u00e9e scolaire 2022-2023 promet d&rsquo;\u00eatre riche en actions vari\u00e9es, stimulantes et enrichissantes. Chaque jour les \u00e9l\u00e8ves et leurs professeurs travaillent sur des th\u00e8mes qui leur tiennent \u00e0 c\u0153ur, des sujets d&rsquo;actualit\u00e9 ou [&hellip;]<!-- AddThis Advanced Settings generic via filter on get_the_excerpt --><!-- AddThis Share Buttons generic via filter on get_the_excerpt --><\/p>\n\t\t\t\t<\/div>\n\n\t\t\t\t\n\t\t\t<\/div>\n\n\t\t\n\t\n<\/div>\n\n[\/et_pb_cta][\/et_pb_column][\/et_pb_row][\/et_pb_section]\n","protected":false},"excerpt":{"rendered":"<p>[et_pb_section fb_built=\u00a0\u00bb1&Prime; admin_label=\u00a0\u00bbsection\u00a0\u00bb _builder_version=\u00a0\u00bb4.20.4&Prime; background_color=\u00a0\u00bb#27323a\u00a0\u00bb global_colors_info=\u00a0\u00bb{}\u00a0\u00bb][et_pb_row admin_label=\u00a0\u00bbrow\u00a0\u00bb _builder_version=\u00a0\u00bb4.20.4&Prime; background_size=\u00a0\u00bbinitial\u00a0\u00bb background_position=\u00a0\u00bbtop_left\u00a0\u00bb background_repeat=\u00a0\u00bbrepeat\u00a0\u00bb global_colors_info=\u00a0\u00bb{}\u00a0\u00bb][et_pb_column type=\u00a0\u00bb4_4&Prime; _builder_version=\u00a0\u00bb4.16&Prime; custom_padding=\u00a0\u00bb|||\u00a0\u00bb global_colors_info=\u00a0\u00bb{}\u00a0\u00bb custom_padding__hover=\u00a0\u00bb|||\u00a0\u00bb][et_pb_text admin_label=\u00a0\u00bbText\u00a0\u00bb _builder_version=\u00a0\u00bb4.20.4&Prime; text_font=\u00a0\u00bbCalligraffitti||||\u00a0\u00bb text_text_color=\u00a0\u00bb#e0352c\u00a0\u00bb header_font=\u00a0\u00bbDancing Script||||\u00a0\u00bb header_text_color=\u00a0\u00bb#ffffff\u00a0\u00bb background_color=\u00a0\u00bb#1dad65&Prime; background_size=\u00a0\u00bbinitial\u00a0\u00bb background_position=\u00a0\u00bbtop_left\u00a0\u00bb background_repeat=\u00a0\u00bbrepeat\u00a0\u00bb text_orientation=\u00a0\u00bbcenter\u00a0\u00bb background_layout=\u00a0\u00bbdark\u00a0\u00bb module_alignment=\u00a0\u00bbcenter\u00a0\u00bb use_border_color=\u00a0\u00bboff\u00a0\u00bb border_color=\u00a0\u00bb#ffffff\u00a0\u00bb border_style=\u00a0\u00bbsolid\u00a0\u00bb global_colors_info=\u00a0\u00bb{}\u00a0\u00bb] \u00ab\u00a0Dans le Mille\u00a0\u00bb Le journal num\u00e9rique du coll\u00e8ge Mille Roches [\/et_pb_text][et_pb_image src=\u00a0\u00bbhttps:\/\/etab.ac-reunion.fr\/clg-mille-roches\/wp-content\/uploads\/sites\/19\/2017\/01\/target-1414788_1280-e1485541131617.png\u00a0\u00bb align=\u00a0\u00bbcenter\u00a0\u00bb align_tablet=\u00a0\u00bbcenter\u00a0\u00bb align_phone=\u00a0\u00bbcenter\u00a0\u00bb align_last_edited=\u00a0\u00bbon|desktop\u00a0\u00bb admin_label=\u00a0\u00bbImage\u00a0\u00bb _builder_version=\u00a0\u00bb4.20.4&Prime; animation_style=\u00a0\u00bbfade\u00a0\u00bb animation_duration=\u00a0\u00bb500ms\u00a0\u00bb [&hellip;]<!-- AddThis Advanced Settings generic via filter on get_the_excerpt --><!-- AddThis Share Buttons generic via filter on get_the_excerpt --><\/p>\n","protected":false},"author":13194,"featured_media":0,"parent":0,"menu_order":0,"comment_status":"closed","ping_status":"closed","template":"","meta":{"_et_pb_use_builder":"on","_et_pb_old_content":"","_et_gb_content_width":"","footnotes":""},"class_list":["post-1058","page","type-page","status-publish","hentry"],"_links":{"self":[{"href":"https:\/\/etab.ac-reunion.fr\/clg-mille-roches\/wp-json\/wp\/v2\/pages\/1058","targetHints":{"allow":["GET"]}}],"collection":[{"href":"https:\/\/etab.ac-reunion.fr\/clg-mille-roches\/wp-json\/wp\/v2\/pages"}],"about":[{"href":"https:\/\/etab.ac-reunion.fr\/clg-mille-roches\/wp-json\/wp\/v2\/types\/page"}],"author":[{"embeddable":true,"href":"https:\/\/etab.ac-reunion.fr\/clg-mille-roches\/wp-json\/wp\/v2\/users\/13194"}],"replies":[{"embeddable":true,"href":"https:\/\/etab.ac-reunion.fr\/clg-mille-roches\/wp-json\/wp\/v2\/comments?post=1058"}],"version-history":[{"count":11,"href":"https:\/\/etab.ac-reunion.fr\/clg-mille-roches\/wp-json\/wp\/v2\/pages\/1058\/revisions"}],"predecessor-version":[{"id":9037,"href":"https:\/\/etab.ac-reunion.fr\/clg-mille-roches\/wp-json\/wp\/v2\/pages\/1058\/revisions\/9037"}],"wp:attachment":[{"href":"https:\/\/etab.ac-reunion.fr\/clg-mille-roches\/wp-json\/wp\/v2\/media?parent=1058"}],"curies":[{"name":"wp","href":"https:\/\/api.w.org\/{rel}","templated":true}]}}