{"id":258,"date":"2013-11-12T11:50:37","date_gmt":"2013-11-12T10:50:37","guid":{"rendered":"http:\/\/college-milleroches.ac-reunion.fr\/?page_id=258"},"modified":"2024-10-15T16:30:45","modified_gmt":"2024-10-15T13:30:45","slug":"mentions-legales","status":"publish","type":"page","link":"https:\/\/etab.ac-reunion.fr\/clg-mille-roches\/mentions-legales\/","title":{"rendered":"Mentions L\u00e9gales &amp; Donn\u00e9es personnelles"},"content":{"rendered":"<h4><span style=\"text-decoration: underline\"><span style=\"color: #0000ff\"><strong>Mentions L\u00e9gales<\/strong><\/span><\/span><\/h4>\n<p><strong>\u00c9diteur<\/strong><br \/>\nRectorat de l\u2019Acad\u00e9mie de La R\u00e9union<br \/>\nSecr\u00e9tariat g\u00e9n\u00e9ral \u2013 Service Communication<br \/>\n24, Avenue Georges Brassens \u2013 97702 \u2013 St-Denis \u2013 Messag Cedex 9<\/p>\n<p><strong>Directeur de la publication et de la r\u00e9daction<\/strong><br \/>\n<strong> Responsable de la ma\u00eetrise d\u2019ouvrage<\/strong><br \/>\nJean- Fran\u00e7ois\u00a0 FONTAINE, PRINCIPAL<\/p>\n<p><strong>Responsable de la ma\u00eetrise d\u2019oeuvre :<\/strong><br \/>\nS\u00e9verine HENRY, PRINCIPALE ADJOINTE<\/p>\n<p><strong>Webmestre :<\/strong><\/p>\n<p>Ingrid ABDALLAH<\/p>\n<p><strong>Conditions d\u2019utilisation<\/strong><\/p>\n<blockquote><p>Sur ce site, les photos ne sont pas libres de droit. Elles sont prot\u00e9g\u00e9es par le Code de la Propri\u00e9t\u00e9 Intellectuelle (CPI).<\/p>\n<p>Sauf mention contraire, les textes sont r\u00e9utilisables dans le respect de la licence Creative Commons Attribution \u2013 Pas d\u2019Utilisation Commerciale \u2013 Partage dans les M\u00eames Conditions (CC BY-NC-SA).<\/p><\/blockquote>\n<p><img loading=\"lazy\" decoding=\"async\" class=\"aligncenter size-medium wp-image-63487\" src=\"http:\/\/wpetab.ac-reunion.fr\/wp-content\/uploads\/2019\/02\/cc_byncsa-300x105.png\" alt=\"\" width=\"300\" height=\"105\" \/><\/p>\n<div id=\"left-area\">\n<div class=\"entry post clearfix\">\n<div class=\"post-thumbnail\"><\/div>\n<div class=\"post-description\">\n<h4 class=\"title\"><span style=\"text-decoration: underline\"><span style=\"color: #0000ff\"><strong>Donn\u00e9es personnelles<\/strong><\/span><\/span><\/h4>\n<\/div>\n<div class=\"entry-content\">\n<p>L\u2019\u00e9tablissement traite des donn\u00e9es personnelles conform\u00e9ment au R\u00e8glement G\u00e9n\u00e9ral sur la Protection des Donn\u00e9es (RGPD) et \u00e0 la loi Informatiques et Libert\u00e9s.<\/p>\n<p><strong>Politique de protection des donn\u00e9es<\/strong><\/p>\n<p>Les informations fournies via le formulaire de contact sont transmises par protocole s\u00e9curis\u00e9 au destinataire pour traitement.<\/p>\n<p><strong>Exercez vos droits<\/strong><\/p>\n<p>Pour toute information ou exercice de vos droits Informatique et Libert\u00e9s sur les traitements de donn\u00e9es personnelles g\u00e9r\u00e9s par l\u2019\u00e9tablissement, vous pouvez contacter l\u2019\u00e9tablissement :<\/p>\n<p>par courrier (avec copie de votre pi\u00e8ce d\u2019identit\u00e9 en cas d\u2019exercice de vos droits) \u00e0 l\u2019adresse suivante :\u00a0 <span style=\"color: #0000ff\">Coll\u00e8ge Mille Roches &#8211; 94 rue Albany &#8211; BP 503 &#8211; 97440 Saint-Andr\u00e9<\/span><\/p>\n<p>en ligne , en bas de la page d&rsquo;accueil \u00ab\u00a0Nous contacter\u00a0\u00bb.<\/p>\n<p><strong>A propos des \u00ab\u00a0cookies\u00a0\u00bb<\/strong><\/p>\n<p>Les \u00ab\u00a0cookies\u00a0\u00bb sont des petits fichiers qui collectent des donn\u00e9es lors de l\u2019usage de sites internet.<\/p>\n<p>Trois types de cookies sont cr\u00e9\u00e9s lors de la consultation du site :<\/p>\n<p><strong>Cookies internes n\u00e9cessaires au site pour fonctionner<\/strong><\/p>\n<p>Exemples :<\/p>\n<ul>\n<li>PHPSESSID<\/li>\n<li>tarteaucitron<\/li>\n<\/ul>\n<p><strong>Cookie de mesure d\u2019audience<\/strong><\/p>\n<p>La mesure d\u2019audience se fait avec Matomo (ex-Piwik) o\u00f9 l\u2019adresse IP est anonymis\u00e9e sur 2 octets, conform\u00e9ment aux pr\u00e9conisations de la CNIL.<\/p>\n<p><strong>Cookies tiers li\u00e9s \u00e0 des contenus tiers en ligne<\/strong><\/p>\n<p>Des services tiers n\u00e9cessitent l\u2019acceptation des cookies pour fonctionner :<\/p>\n<ul>\n<li>Vid\u00e9os en ligne (Dailymotion, YouTube)<\/li>\n<li>Tweets (Twitter)<\/li>\n<li>Boutons de partages sur les r\u00e9seaux sociaux (Twitter, Facebook)<\/li>\n<li>Pr\u00e9sentations anim\u00e9es (Mindomo, Prezi)<\/li>\n<\/ul>\n<\/div>\n<\/div>\n<\/div>\n<p>&nbsp;<\/p>\n<!-- AddThis Advanced Settings generic via filter on the_content --><!-- AddThis Share Buttons generic via filter on the_content -->","protected":false},"excerpt":{"rendered":"<p>Mentions L\u00e9gales \u00c9diteur Rectorat de l\u2019Acad\u00e9mie de La R\u00e9union Secr\u00e9tariat g\u00e9n\u00e9ral \u2013 Service Communication 24, Avenue Georges Brassens \u2013 97702 \u2013 St-Denis \u2013 Messag Cedex 9 Directeur de la publication et de la r\u00e9daction Responsable de la ma\u00eetrise d\u2019ouvrage Jean- Fran\u00e7ois\u00a0 FONTAINE, PRINCIPAL Responsable de la ma\u00eetrise d\u2019oeuvre : S\u00e9verine HENRY, PRINCIPALE ADJOINTE Webmestre : [&hellip;]<!-- AddThis Advanced Settings generic via filter on get_the_excerpt --><!-- AddThis Share Buttons generic via filter on get_the_excerpt --><\/p>\n","protected":false},"author":13194,"featured_media":0,"parent":0,"menu_order":0,"comment_status":"closed","ping_status":"closed","template":"","meta":{"_et_pb_use_builder":"","_et_pb_old_content":"","_et_gb_content_width":"","footnotes":""},"class_list":["post-258","page","type-page","status-publish","hentry"],"_links":{"self":[{"href":"https:\/\/etab.ac-reunion.fr\/clg-mille-roches\/wp-json\/wp\/v2\/pages\/258","targetHints":{"allow":["GET"]}}],"collection":[{"href":"https:\/\/etab.ac-reunion.fr\/clg-mille-roches\/wp-json\/wp\/v2\/pages"}],"about":[{"href":"https:\/\/etab.ac-reunion.fr\/clg-mille-roches\/wp-json\/wp\/v2\/types\/page"}],"author":[{"embeddable":true,"href":"https:\/\/etab.ac-reunion.fr\/clg-mille-roches\/wp-json\/wp\/v2\/users\/13194"}],"replies":[{"embeddable":true,"href":"https:\/\/etab.ac-reunion.fr\/clg-mille-roches\/wp-json\/wp\/v2\/comments?post=258"}],"version-history":[{"count":10,"href":"https:\/\/etab.ac-reunion.fr\/clg-mille-roches\/wp-json\/wp\/v2\/pages\/258\/revisions"}],"predecessor-version":[{"id":9861,"href":"https:\/\/etab.ac-reunion.fr\/clg-mille-roches\/wp-json\/wp\/v2\/pages\/258\/revisions\/9861"}],"wp:attachment":[{"href":"https:\/\/etab.ac-reunion.fr\/clg-mille-roches\/wp-json\/wp\/v2\/media?parent=258"}],"curies":[{"name":"wp","href":"https:\/\/api.w.org\/{rel}","templated":true}]}}