{"id":825,"date":"2016-12-15T10:34:01","date_gmt":"2016-12-15T07:34:01","guid":{"rendered":"http:\/\/college-milleroches.ac-reunion.fr\/?page_id=825"},"modified":"2019-02-07T10:13:17","modified_gmt":"2019-02-07T07:13:17","slug":"les-horaires","status":"publish","type":"page","link":"https:\/\/etab.ac-reunion.fr\/clg-mille-roches\/les-horaires\/","title":{"rendered":"Les horaires"},"content":{"rendered":"<h1 class=\"title\"><\/h1>\n<p><strong>1\u00b0 SONNERIE : 7h25<\/strong><\/p>\n<p><strong>M1<\/strong> 7h30-8h25<\/p>\n<p><strong>M2<\/strong> : 8h30 \u2013 9h25<\/p>\n<p><strong>RECR\u00c9ATION 9h25-9h40<\/strong><\/p>\n<p><strong>M3<\/strong> : 9h45-10h40<\/p>\n<p><strong>M4<\/strong> : 10h45 -11h40<\/p>\n<p><strong>M5<\/strong> : 11h45 &#8211; 12h40<\/p>\n<p><strong>PAUSE M\u00c9RIDIENNE : 11h40 \u00e0 13h55<\/strong><\/p>\n<p><strong>S1<\/strong> : 13h15 &#8211; 14h10<\/p>\n<p><strong>S2<\/strong> : 14h15 &#8211; 15h10<\/p>\n<p><strong>RECR\u00c9ATION 15h10 &#8211; 15h20<\/strong><\/p>\n<p><strong>S3<\/strong> : 15h25 &#8211; 16h20<\/p>\n<p>&nbsp;<\/p>\n<!-- AddThis Advanced Settings generic via filter on the_content --><!-- AddThis Share Buttons generic via filter on the_content -->","protected":false},"excerpt":{"rendered":"<p>1\u00b0 SONNERIE : 7h25 M1 7h30-8h25 M2 : 8h30 \u2013 9h25 RECR\u00c9ATION 9h25-9h40 M3 : 9h45-10h40 M4 : 10h45 -11h40 M5 : 11h45 &#8211; 12h40 PAUSE M\u00c9RIDIENNE : 11h40 \u00e0 13h55 S1 : 13h15 &#8211; 14h10 S2 : 14h15 &#8211; 15h10 RECR\u00c9ATION 15h10 &#8211; 15h20 S3 : 15h25 &#8211; 16h20 &nbsp;<!-- AddThis Advanced Settings generic via filter on get_the_excerpt --><!-- AddThis Share Buttons generic via filter on get_the_excerpt --><\/p>\n","protected":false},"author":13194,"featured_media":997,"parent":0,"menu_order":0,"comment_status":"closed","ping_status":"closed","template":"","meta":{"_et_pb_use_builder":"","_et_pb_old_content":"","_et_gb_content_width":"","footnotes":""},"class_list":["post-825","page","type-page","status-publish","has-post-thumbnail","hentry"],"_links":{"self":[{"href":"https:\/\/etab.ac-reunion.fr\/clg-mille-roches\/wp-json\/wp\/v2\/pages\/825","targetHints":{"allow":["GET"]}}],"collection":[{"href":"https:\/\/etab.ac-reunion.fr\/clg-mille-roches\/wp-json\/wp\/v2\/pages"}],"about":[{"href":"https:\/\/etab.ac-reunion.fr\/clg-mille-roches\/wp-json\/wp\/v2\/types\/page"}],"author":[{"embeddable":true,"href":"https:\/\/etab.ac-reunion.fr\/clg-mille-roches\/wp-json\/wp\/v2\/users\/13194"}],"replies":[{"embeddable":true,"href":"https:\/\/etab.ac-reunion.fr\/clg-mille-roches\/wp-json\/wp\/v2\/comments?post=825"}],"version-history":[{"count":15,"href":"https:\/\/etab.ac-reunion.fr\/clg-mille-roches\/wp-json\/wp\/v2\/pages\/825\/revisions"}],"predecessor-version":[{"id":993,"href":"https:\/\/etab.ac-reunion.fr\/clg-mille-roches\/wp-json\/wp\/v2\/pages\/825\/revisions\/993"}],"wp:featuredmedia":[{"embeddable":true,"href":"https:\/\/etab.ac-reunion.fr\/clg-mille-roches\/wp-json\/wp\/v2\/media\/997"}],"wp:attachment":[{"href":"https:\/\/etab.ac-reunion.fr\/clg-mille-roches\/wp-json\/wp\/v2\/media?parent=825"}],"curies":[{"name":"wp","href":"https:\/\/api.w.org\/{rel}","templated":true}]}}