{"id":853,"date":"2016-12-15T10:43:57","date_gmt":"2016-12-15T07:43:57","guid":{"rendered":"http:\/\/college-milleroches.ac-reunion.fr\/?page_id=853"},"modified":"2024-12-10T13:35:14","modified_gmt":"2024-12-10T10:35:14","slug":"le-reglement-interieur","status":"publish","type":"page","link":"https:\/\/etab.ac-reunion.fr\/clg-mille-roches\/le-reglement-interieur\/","title":{"rendered":"Le r\u00e8glement int\u00e9rieur"},"content":{"rendered":"[et_pb_section fb_built=\u00a0\u00bb1&Prime; inner_shadow=\u00a0\u00bbon\u00a0\u00bb fullwidth=\u00a0\u00bbon\u00a0\u00bb admin_label=\u00a0\u00bbsection\u00a0\u00bb _builder_version=\u00a0\u00bb4.16&Prime; background_color=\u00a0\u00bb#2ea3f2&Prime; global_colors_info=\u00a0\u00bb{}\u00a0\u00bb][et_pb_fullwidth_header title=\u00a0\u00bbLe r\u00e8glement int\u00e9rieur du coll\u00e8ge\u00a0\u00bb text_orientation=\u00a0\u00bbright\u00a0\u00bb content_max_width=\u00a0\u00bbnone\u00a0\u00bb title_font_color=\u00a0\u00bb#ffffff\u00a0\u00bb admin_label=\u00a0\u00bbEn-t\u00eate plein \u00e9cran\u00a0\u00bb _builder_version=\u00a0\u00bb4.16&Prime; title_font=\u00a0\u00bbHappy Monkey||||\u00a0\u00bb title_text_color=\u00a0\u00bb#ffffff\u00a0\u00bb content_font=\u00a0\u00bbCherry Cream Soda||||\u00a0\u00bb background_color=\u00a0\u00bbrgba(255, 255, 255, 0)\u00a0\u00bb background_image=\u00a0\u00bbhttps:\/\/etab.ac-reunion.fr\/clg-mille-roches\/wp-content\/uploads\/sites\/19\/2016\/12\/RiModif.jpg\u00a0\u00bb background_layout=\u00a0\u00bblight\u00a0\u00bb background_url=\u00a0\u00bbhttps:\/\/etab.ac-reunion.fr\/clg-mille-roches\/wp-content\/uploads\/sites\/19\/2016\/12\/RiModif.jpg\u00a0\u00bb button_one_letter_spacing_hover=\u00a0\u00bb0&Prime; button_two_letter_spacing_hover=\u00a0\u00bb0&Prime; global_colors_info=\u00a0\u00bb{}\u00a0\u00bb button_one_text_size__hover_enabled=\u00a0\u00bboff\u00a0\u00bb button_two_text_size__hover_enabled=\u00a0\u00bboff\u00a0\u00bb button_one_text_color__hover_enabled=\u00a0\u00bboff\u00a0\u00bb button_two_text_color__hover_enabled=\u00a0\u00bboff\u00a0\u00bb button_one_border_width__hover_enabled=\u00a0\u00bboff\u00a0\u00bb button_two_border_width__hover_enabled=\u00a0\u00bboff\u00a0\u00bb button_one_border_color__hover_enabled=\u00a0\u00bboff\u00a0\u00bb button_two_border_color__hover_enabled=\u00a0\u00bboff\u00a0\u00bb button_one_border_radius__hover_enabled=\u00a0\u00bboff\u00a0\u00bb button_two_border_radius__hover_enabled=\u00a0\u00bboff\u00a0\u00bb button_one_letter_spacing__hover_enabled=\u00a0\u00bbon\u00a0\u00bb button_one_letter_spacing__hover=\u00a0\u00bb0&Prime; button_two_letter_spacing__hover_enabled=\u00a0\u00bbon\u00a0\u00bb button_two_letter_spacing__hover=\u00a0\u00bb0&Prime; button_one_bg_color__hover_enabled=\u00a0\u00bboff\u00a0\u00bb button_two_bg_color__hover_enabled=\u00a0\u00bboff\u00a0\u00bb] [\/et_pb_fullwidth_header][\/et_pb_section][et_pb_section fb_built=\u00a0\u00bb1&Prime; admin_label=\u00a0\u00bbSection\u00a0\u00bb _builder_version=\u00a0\u00bb4.16&Prime; global_colors_info=\u00a0\u00bb{}\u00a0\u00bb][et_pb_row admin_label=\u00a0\u00bbLigne\u00a0\u00bb _builder_version=\u00a0\u00bb4.16&Prime; background_size=\u00a0\u00bbinitial\u00a0\u00bb background_position=\u00a0\u00bbtop_left\u00a0\u00bb background_repeat=\u00a0\u00bbrepeat\u00a0\u00bb global_colors_info=\u00a0\u00bb{}\u00a0\u00bb][et_pb_column type=\u00a0\u00bb4_4&Prime; _builder_version=\u00a0\u00bb4.16&Prime; custom_padding=\u00a0\u00bb|||\u00a0\u00bb global_colors_info=\u00a0\u00bb{}\u00a0\u00bb custom_padding__hover=\u00a0\u00bb|||\u00a0\u00bb][et_pb_text admin_label=\u00a0\u00bbTexte\u00a0\u00bb _builder_version=\u00a0\u00bb4.16&Prime; text_font=\u00a0\u00bbHappy Monkey||||\u00a0\u00bb text_line_height=\u00a0\u00bb2.1em\u00a0\u00bb header_font=\u00a0\u00bbCherry Cream Soda||||\u00a0\u00bb header_text_color=\u00a0\u00bb#e02b20&Prime; background_color=\u00a0\u00bb#5bb7b7&Prime; background_size=\u00a0\u00bbinitial\u00a0\u00bb background_position=\u00a0\u00bbtop_left\u00a0\u00bb background_repeat=\u00a0\u00bbrepeat\u00a0\u00bb text_orientation=\u00a0\u00bbcenter\u00a0\u00bb module_alignment=\u00a0\u00bbcenter\u00a0\u00bb use_border_color=\u00a0\u00bboff\u00a0\u00bb border_color=\u00a0\u00bb#ffffff\u00a0\u00bb border_style=\u00a0\u00bbsolid\u00a0\u00bb global_colors_info=\u00a0\u00bb{}\u00a0\u00bb][\/et_pb_text][\/et_pb_column][\/et_pb_row][et_pb_row column_structure=\u00a0\u00bb1_3,1_3,1_3&Prime; _builder_version=\u00a0\u00bb4.16&Prime; _module_preset=\u00a0\u00bbdefault\u00a0\u00bb global_colors_info=\u00a0\u00bb{}\u00a0\u00bb][et_pb_column type=\u00a0\u00bb1_3&Prime; _builder_version=\u00a0\u00bb4.16&Prime; _module_preset=\u00a0\u00bbdefault\u00a0\u00bb global_colors_info=\u00a0\u00bb{}\u00a0\u00bb][et_pb_text _builder_version=\u00a0\u00bb4.16&Prime; _module_preset=\u00a0\u00bbdefault\u00a0\u00bb background_color=\u00a0\u00bb#ffffff\u00a0\u00bb global_colors_info=\u00a0\u00bb{}\u00a0\u00bb][\/et_pb_text][et_pb_blurb title=\u00a0\u00bbLe r\u00e8glement int\u00e9rieur\u00a0\u00bb _builder_version=\u00a0\u00bb4.27.4&Prime; _module_preset=\u00a0\u00bbdefault\u00a0\u00bb header_font=\u00a0\u00bbCroissant One||||||||\u00a0\u00bb header_text_color=\u00a0\u00bb#e01f45&Prime; background_color=\u00a0\u00bb#d6d6d6&Prime; hover_enabled=\u00a0\u00bb0&Prime; global_colors_info=\u00a0\u00bb{}\u00a0\u00bb sticky_enabled=\u00a0\u00bb0&Prime;]\n<p style=\"text-align: center\"><a href=\"https:\/\/etab.ac-reunion.fr\/clg-mille-roches\/wp-content\/uploads\/sites\/19\/2024\/12\/reglement-interieur-CMR.pdf\" class=\"su-button su-button-style-bubbles\" style=\"color:#1a81d5;background-color:#7fb281;border-color:#668f68;border-radius:11px\" target=\"_blank\" rel=\"noopener noreferrer\"><span style=\"color:#1a81d5;padding:9px 28px;font-size:21px;line-height:32px;border-color:#a6caa7;border-radius:11px;text-shadow:none\"><i class=\"sui sui-star\" style=\"font-size:21px;color:#ffffff\"><\/i> Le r\u00e8glement int\u00e9rieur 2024<\/span><\/a>\n[\/et_pb_blurb][\/et_pb_column][et_pb_column type=\u00a0\u00bb1_3&Prime; _builder_version=\u00a0\u00bb4.16&Prime; _module_preset=\u00a0\u00bbdefault\u00a0\u00bb global_colors_info=\u00a0\u00bb{}\u00a0\u00bb][et_pb_text _builder_version=\u00a0\u00bb4.16&Prime; _module_preset=\u00a0\u00bbdefault\u00a0\u00bb global_colors_info=\u00a0\u00bb{}\u00a0\u00bb][\/et_pb_text][et_pb_blurb title=\u00a0\u00bbLa charte de la la\u00efcit\u00e9\u00a0\u00bb _builder_version=\u00a0\u00bb4.16&Prime; _module_preset=\u00a0\u00bbdefault\u00a0\u00bb header_font=\u00a0\u00bbCroissant One||||||||\u00a0\u00bb header_text_color=\u00a0\u00bb#128752&Prime; background_color=\u00a0\u00bb#d6d6d6&Prime; global_colors_info=\u00a0\u00bb{}\u00a0\u00bb]\n<p style=\"text-align: center\"><a href=\"https:\/\/etab.ac-reunion.fr\/clg-mille-roches\/wp-content\/uploads\/sites\/19\/2020\/08\/t-l-charger-et-imprimer-l-affiche-de-la-charte-de-la-la-cit-l-cole-au-format-a4-559.pdf\" class=\"su-button su-button-style-bubbles\" style=\"color:#5f32b9;background-color:#06b7a7;border-color:#059386;border-radius:11px\" target=\"_blank\" rel=\"noopener noreferrer\"><span style=\"color:#5f32b9;padding:9px 28px;font-size:21px;line-height:32px;border-color:#51cdc2;border-radius:11px;text-shadow:none\"><i class=\"sui sui-star\" style=\"font-size:21px;color:#ffffff\"><\/i> La charte de la la\u00efcit\u00e9<\/span><\/a>\n[\/et_pb_blurb][\/et_pb_column][et_pb_column type=\u00a0\u00bb1_3&Prime; _builder_version=\u00a0\u00bb4.16&Prime; _module_preset=\u00a0\u00bbdefault\u00a0\u00bb global_colors_info=\u00a0\u00bb{}\u00a0\u00bb][et_pb_text _builder_version=\u00a0\u00bb4.16&Prime; _module_preset=\u00a0\u00bbdefault\u00a0\u00bb global_colors_info=\u00a0\u00bb{}\u00a0\u00bb][\/et_pb_text][et_pb_blurb title=\u00a0\u00bbLa charte du coll\u00e9gien\u00a0\u00bb _builder_version=\u00a0\u00bb4.16&Prime; _module_preset=\u00a0\u00bbdefault\u00a0\u00bb header_font=\u00a0\u00bbCroissant One||||||||\u00a0\u00bb header_text_color=\u00a0\u00bb#00208a\u00a0\u00bb body_font=\u00a0\u00bb||||||||\u00a0\u00bb background_color=\u00a0\u00bb#d6d6d6&Prime; global_colors_info=\u00a0\u00bb{}\u00a0\u00bb]\n<p style=\"text-align: center\"><a href=\"https:\/\/etab.ac-reunion.fr\/clg-mille-roches\/wp-content\/uploads\/sites\/19\/2021\/04\/Charte_du_collegien_2020.pdf\" class=\"su-button su-button-style-bubbles\" style=\"color:#dd3330;background-color:#2450bb;border-color:#1d4096;border-radius:11px\" target=\"_blank\" rel=\"noopener noreferrer\"><span style=\"color:#dd3330;padding:9px 28px;font-size:21px;line-height:32px;border-color:#6685d0;border-radius:11px;text-shadow:none\"><i class=\"sui sui-star\" style=\"font-size:21px;color:#ffffff\"><\/i> La charte du coll\u00e9gien<\/span><\/a>\n<p style=\"text-align: center\">[\/et_pb_blurb][\/et_pb_column][\/et_pb_row][\/et_pb_section]\n<!-- AddThis Advanced Settings generic via filter on the_content --><!-- AddThis Share Buttons generic via filter on the_content -->","protected":false},"excerpt":{"rendered":"<p><a href=\"https:\/\/etab.ac-reunion.fr\/clg-mille-roches\/wp-content\/uploads\/sites\/19\/2024\/12\/reglement-interieur-CMR.pdf\" class=\"su-button su-button-style-bubbles\" style=\"color:#1a81d5;background-color:#7fb281;border-color:#668f68;border-radius:11px\" target=\"_blank\" rel=\"noopener noreferrer\"><span style=\"color:#1a81d5;padding:9px 28px;font-size:21px;line-height:32px;border-color:#a6caa7;border-radius:11px;text-shadow:none\"><i class=\"sui sui-star\" style=\"font-size:21px;color:#ffffff\"><\/i> Le r\u00e8glement int\u00e9rieur 2024<\/span><\/a><a href=\"https:\/\/etab.ac-reunion.fr\/clg-mille-roches\/wp-content\/uploads\/sites\/19\/2020\/08\/t-l-charger-et-imprimer-l-affiche-de-la-charte-de-la-la-cit-l-cole-au-format-a4-559.pdf\" class=\"su-button su-button-style-bubbles\" style=\"color:#5f32b9;background-color:#06b7a7;border-color:#059386;border-radius:11px\" target=\"_blank\" rel=\"noopener noreferrer\"><span style=\"color:#5f32b9;padding:9px 28px;font-size:21px;line-height:32px;border-color:#51cdc2;border-radius:11px;text-shadow:none\"><i class=\"sui sui-star\" style=\"font-size:21px;color:#ffffff\"><\/i> La charte de la la\u00efcit\u00e9<\/span><\/a><a href=\"https:\/\/etab.ac-reunion.fr\/clg-mille-roches\/wp-content\/uploads\/sites\/19\/2021\/04\/Charte_du_collegien_2020.pdf\" class=\"su-button su-button-style-bubbles\" style=\"color:#dd3330;background-color:#2450bb;border-color:#1d4096;border-radius:11px\" target=\"_blank\" rel=\"noopener noreferrer\"><span style=\"color:#dd3330;padding:9px 28px;font-size:21px;line-height:32px;border-color:#6685d0;border-radius:11px;text-shadow:none\"><i class=\"sui sui-star\" style=\"font-size:21px;color:#ffffff\"><\/i> La charte du coll\u00e9gien<\/span><\/a><\/p>\n<p><!-- AddThis Advanced Settings generic via filter on get_the_excerpt --><!-- AddThis Share Buttons generic via filter on get_the_excerpt --><\/p>\n","protected":false},"author":13194,"featured_media":0,"parent":0,"menu_order":0,"comment_status":"closed","ping_status":"closed","template":"","meta":{"_et_pb_use_builder":"on","_et_pb_old_content":"","_et_gb_content_width":"","footnotes":""},"class_list":["post-853","page","type-page","status-publish","hentry"],"_links":{"self":[{"href":"https:\/\/etab.ac-reunion.fr\/clg-mille-roches\/wp-json\/wp\/v2\/pages\/853","targetHints":{"allow":["GET"]}}],"collection":[{"href":"https:\/\/etab.ac-reunion.fr\/clg-mille-roches\/wp-json\/wp\/v2\/pages"}],"about":[{"href":"https:\/\/etab.ac-reunion.fr\/clg-mille-roches\/wp-json\/wp\/v2\/types\/page"}],"author":[{"embeddable":true,"href":"https:\/\/etab.ac-reunion.fr\/clg-mille-roches\/wp-json\/wp\/v2\/users\/13194"}],"replies":[{"embeddable":true,"href":"https:\/\/etab.ac-reunion.fr\/clg-mille-roches\/wp-json\/wp\/v2\/comments?post=853"}],"version-history":[{"count":44,"href":"https:\/\/etab.ac-reunion.fr\/clg-mille-roches\/wp-json\/wp\/v2\/pages\/853\/revisions"}],"predecessor-version":[{"id":9948,"href":"https:\/\/etab.ac-reunion.fr\/clg-mille-roches\/wp-json\/wp\/v2\/pages\/853\/revisions\/9948"}],"wp:attachment":[{"href":"https:\/\/etab.ac-reunion.fr\/clg-mille-roches\/wp-json\/wp\/v2\/media?parent=853"}],"curies":[{"name":"wp","href":"https:\/\/api.w.org\/{rel}","templated":true}]}}