{"id":889,"date":"2016-12-15T11:00:20","date_gmt":"2016-12-15T08:00:20","guid":{"rendered":"http:\/\/college-milleroches.ac-reunion.fr\/?page_id=889"},"modified":"2017-02-28T12:17:57","modified_gmt":"2017-02-28T09:17:57","slug":"cfg","status":"publish","type":"page","link":"https:\/\/etab.ac-reunion.fr\/clg-mille-roches\/cfg\/","title":{"rendered":"CFG"},"content":{"rendered":"[et_pb_section admin_label=\u00a0\u00bbsection\u00a0\u00bb fullwidth=\u00a0\u00bbon\u00a0\u00bb specialty=\u00a0\u00bboff\u00a0\u00bb background_color=\u00a0\u00bb#2ea3f2&Prime; inner_shadow=\u00a0\u00bbon\u00a0\u00bb parallax=\u00a0\u00bboff\u00a0\u00bb][et_pb_fullwidth_header admin_label=\u00a0\u00bbEn-t\u00eate plein \u00e9cran\u00a0\u00bb title=\u00a0\u00bbLe certificat de formation g\u00e9n\u00e9rale\u00a0\u00bb background_layout=\u00a0\u00bblight\u00a0\u00bb text_orientation=\u00a0\u00bbleft\u00a0\u00bb header_fullscreen=\u00a0\u00bboff\u00a0\u00bb header_scroll_down=\u00a0\u00bboff\u00a0\u00bb background_url=\u00a0\u00bbhttps:\/\/etab.ac-reunion.fr\/clg-mille-roches\/wp-content\/uploads\/sites\/19\/2016\/12\/IMG_2562-e1481272482936.jpg\u00a0\u00bb parallax=\u00a0\u00bboff\u00a0\u00bb parallax_method=\u00a0\u00bboff\u00a0\u00bb content_orientation=\u00a0\u00bbcenter\u00a0\u00bb image_orientation=\u00a0\u00bbcenter\u00a0\u00bb title_font_color=\u00a0\u00bb#ffffff\u00a0\u00bb title_font=\u00a0\u00bbHappy Monkey||||\u00a0\u00bb content_font=\u00a0\u00bbCherry Cream Soda||||\u00a0\u00bb title_text_color=\u00a0\u00bb#e02b20&Prime; custom_button_one=\u00a0\u00bboff\u00a0\u00bb button_one_letter_spacing=\u00a0\u00bb0&Prime; button_one_use_icon=\u00a0\u00bbdefault\u00a0\u00bb button_one_icon_placement=\u00a0\u00bbright\u00a0\u00bb button_one_on_hover=\u00a0\u00bbon\u00a0\u00bb button_one_letter_spacing_hover=\u00a0\u00bb0&Prime; custom_button_two=\u00a0\u00bboff\u00a0\u00bb button_two_letter_spacing=\u00a0\u00bb0&Prime; button_two_use_icon=\u00a0\u00bbdefault\u00a0\u00bb button_two_icon_placement=\u00a0\u00bbright\u00a0\u00bb button_two_on_hover=\u00a0\u00bbon\u00a0\u00bb button_two_letter_spacing_hover=\u00a0\u00bb0&Prime;] [\/et_pb_fullwidth_header][\/et_pb_section][et_pb_section admin_label=\u00a0\u00bbSection\u00a0\u00bb fullwidth=\u00a0\u00bboff\u00a0\u00bb specialty=\u00a0\u00bboff\u00a0\u00bb][et_pb_row admin_label=\u00a0\u00bbLigne\u00a0\u00bb][et_pb_column type=\u00a0\u00bb4_4&Prime;][et_pb_text admin_label=\u00a0\u00bbTexte\u00a0\u00bb background_layout=\u00a0\u00bblight\u00a0\u00bb text_orientation=\u00a0\u00bbleft\u00a0\u00bb header_font=\u00a0\u00bbCherry Cream Soda||||\u00a0\u00bb header_text_color=\u00a0\u00bb#e02b20&Prime; text_font=\u00a0\u00bbHappy Monkey||||\u00a0\u00bb use_border_color=\u00a0\u00bboff\u00a0\u00bb border_color=\u00a0\u00bb#ffffff\u00a0\u00bb border_style=\u00a0\u00bbsolid\u00a0\u00bb] [\/et_pb_text][et_pb_blurb admin_label=\u00a0\u00bbR\u00e9sum\u00e9\u00a0\u00bb url_new_window=\u00a0\u00bboff\u00a0\u00bb use_icon=\u00a0\u00bboff\u00a0\u00bb icon_color=\u00a0\u00bb#1aa36c\u00a0\u00bb use_circle=\u00a0\u00bboff\u00a0\u00bb circle_color=\u00a0\u00bb#1aa36c\u00a0\u00bb use_circle_border=\u00a0\u00bboff\u00a0\u00bb circle_border_color=\u00a0\u00bb#1aa36c\u00a0\u00bb icon_placement=\u00a0\u00bbtop\u00a0\u00bb animation=\u00a0\u00bbtop\u00a0\u00bb background_layout=\u00a0\u00bblight\u00a0\u00bb text_orientation=\u00a0\u00bbleft\u00a0\u00bb use_icon_font_size=\u00a0\u00bboff\u00a0\u00bb use_border_color=\u00a0\u00bboff\u00a0\u00bb border_color=\u00a0\u00bb#ffffff\u00a0\u00bb border_style=\u00a0\u00bbsolid\u00a0\u00bb header_font=\u00a0\u00bbCherry Cream Soda||||\u00a0\u00bb header_text_color=\u00a0\u00bb#e02b20&Prime; body_font=\u00a0\u00bbHappy Monkey||||\u00a0\u00bb body_text_color=\u00a0\u00bb#000000&Prime; header_font_size=\u00a0\u00bb25&Prime; background_color=\u00a0\u00bb#0c71c3&Prime;]\n\n\n<div class=\"su-posts su-posts-default-loop \">\n\n\t\n\t\t\t\t\t\n\t\t\t\n\t\t\t<div id=\"su-post-1799\" class=\"su-post \">\n\n\t\t\t\t\n\t\t\t\t<h2 class=\"su-post-title\"><a href=\"https:\/\/etab.ac-reunion.fr\/clg-mille-roches\/devoirs-communs-brevet-blanc-et-cfg-blanc\/\">Devoirs communs, brevet blanc et CFG blanc<\/a><\/h2>\n\n\t\t\t\t<div class=\"su-post-meta\">\n\t\t\t\t\tPubli\u00e9: 4 mai 2017\t\t\t\t<\/div>\n\n\t\t\t\t<div class=\"su-post-excerpt\">\n\t\t\t\t\t<p>\u00a0 La seconde session de devoirs communs niveau 4\u00e8me, de brevet blanc et de CFG blanc est programm\u00e9e comme suit\u00a0: &#8211; jeudi 18 mai : classes de 3\u00e8me : DNB le matin. Classes lib\u00e9r\u00e9es l&rsquo;apr\u00e8s-midi. classes de 4\u00e8me : maths (2h), HG-EMC (2h), fran\u00e7ais (2h) classes de 3\u00e8me SEGPA\u00a0: CFG blanc le matin &#8211; vendredi [&hellip;]<!-- AddThis Advanced Settings generic via filter on get_the_excerpt --><!-- AddThis Share Buttons generic via filter on get_the_excerpt --><\/p>\n\t\t\t\t<\/div>\n\n\t\t\t\t\n\t\t\t<\/div>\n\n\t\t\t\t\t\n\t\t\t\n\t\t\t<div id=\"su-post-1577\" class=\"su-post \">\n\n\t\t\t\t\t\t\t\t\t<a class=\"su-post-thumbnail\" href=\"https:\/\/etab.ac-reunion.fr\/clg-mille-roches\/repertoire-lycees-cfa-mfr-2017\/\"><img loading=\"lazy\" decoding=\"async\" width=\"750\" height=\"750\" src=\"https:\/\/etab.ac-reunion.fr\/clg-mille-roches\/wp-content\/uploads\/sites\/19\/2017\/02\/compassModif.png\" class=\"attachment-post-thumbnail size-post-thumbnail wp-post-image\" alt=\"\" srcset=\"https:\/\/etab.ac-reunion.fr\/clg-mille-roches\/wp-content\/uploads\/sites\/19\/2017\/02\/compassModif.png 750w, https:\/\/etab.ac-reunion.fr\/clg-mille-roches\/wp-content\/uploads\/sites\/19\/2017\/02\/compassModif-150x150.png 150w, https:\/\/etab.ac-reunion.fr\/clg-mille-roches\/wp-content\/uploads\/sites\/19\/2017\/02\/compassModif-300x300.png 300w\" sizes=\"(max-width: 750px) 100vw, 750px\" \/><\/a>\n\t\t\t\t\n\t\t\t\t<h2 class=\"su-post-title\"><a href=\"https:\/\/etab.ac-reunion.fr\/clg-mille-roches\/repertoire-lycees-cfa-mfr-2017\/\">R\u00e9pertoire Lyc\u00e9es CFA MFR 2017<\/a><\/h2>\n\n\t\t\t\t<div class=\"su-post-meta\">\n\t\t\t\t\tPubli\u00e9: 10 mars 2017\t\t\t\t<\/div>\n\n\t\t\t\t<div class=\"su-post-excerpt\">\n\t\t\t\t\t<p>Ce r\u00e9pertoire recense l&rsquo;ensemble des lyc\u00e9es, LP, CFA et MFR de La R\u00e9union. Chaque \u00e9tablissement est pr\u00e9sent\u00e9 avec ses coordonn\u00e9es ainsi qu&rsquo;avec l&rsquo;ensemble des formations qu&rsquo;il propose, dans tous les d\u00e9tails. Deux index permettent d&rsquo;acc\u00e9der l&rsquo;un aux \u00e9tablissements par zone g\u00e9ographique, l&rsquo;autre aux enseignements de sp\u00e9cialit\u00e9s des Bacs g\u00e9n\u00e9raux.<!-- AddThis Advanced Settings generic via filter on get_the_excerpt --><!-- AddThis Share Buttons generic via filter on get_the_excerpt --><\/p>\n\t\t\t\t<\/div>\n\n\t\t\t\t\n\t\t\t<\/div>\n\n\t\t\t\t\t\n\t\t\t\n\t\t\t<div id=\"su-post-1504\" class=\"su-post \">\n\n\t\t\t\t\t\t\t\t\t<a class=\"su-post-thumbnail\" href=\"https:\/\/etab.ac-reunion.fr\/clg-mille-roches\/le-cfg\/\"><img loading=\"lazy\" decoding=\"async\" width=\"750\" height=\"413\" src=\"https:\/\/etab.ac-reunion.fr\/clg-mille-roches\/wp-content\/uploads\/sites\/19\/2017\/02\/question-markModif.jpg\" class=\"attachment-post-thumbnail size-post-thumbnail wp-post-image\" alt=\"\" srcset=\"https:\/\/etab.ac-reunion.fr\/clg-mille-roches\/wp-content\/uploads\/sites\/19\/2017\/02\/question-markModif.jpg 750w, https:\/\/etab.ac-reunion.fr\/clg-mille-roches\/wp-content\/uploads\/sites\/19\/2017\/02\/question-markModif-300x165.jpg 300w\" sizes=\"(max-width: 750px) 100vw, 750px\" \/><\/a>\n\t\t\t\t\n\t\t\t\t<h2 class=\"su-post-title\"><a href=\"https:\/\/etab.ac-reunion.fr\/clg-mille-roches\/le-cfg\/\">Le CFG<\/a><\/h2>\n\n\t\t\t\t<div class=\"su-post-meta\">\n\t\t\t\t\tPubli\u00e9: 2 mars 2017\t\t\t\t<\/div>\n\n\t\t\t\t<div class=\"su-post-excerpt\">\n\t\t\t\t\t<p>Qu&rsquo;est-ce que le CFG (certificat de formation g\u00e9n\u00e9rale) ? Ce dipl\u00f4me concerne les \u00e9l\u00e8ves scolaris\u00e9s en SEGPA (section d&rsquo;enseignement g\u00e9n\u00e9ral et professionnel adapt\u00e9), en EREA (\u00e9tablissement r\u00e9gional d&rsquo;enseignement adapt\u00e9), en ULIS (unit\u00e9 localis\u00e9e pour l&rsquo;inclusion scolaire), ou en IME (institut m\u00e9dico-\u00e9ducatif). Ce dipl\u00f4me valide les connaissances de l&rsquo;\u00e9l\u00e8ve en fran\u00e7ais, en math\u00e9matiques et en vie [&hellip;]<!-- AddThis Advanced Settings generic via filter on get_the_excerpt --><!-- AddThis Share Buttons generic via filter on get_the_excerpt --><\/p>\n\t\t\t\t<\/div>\n\n\t\t\t\t\n\t\t\t<\/div>\n\n\t\t\n\t\n<\/div>\n\n[\/et_pb_blurb][\/et_pb_column][\/et_pb_row][\/et_pb_section]\n","protected":false},"excerpt":{"rendered":"<p>[et_pb_section admin_label=\u00a0\u00bbsection\u00a0\u00bb fullwidth=\u00a0\u00bbon\u00a0\u00bb specialty=\u00a0\u00bboff\u00a0\u00bb background_color=\u00a0\u00bb#2ea3f2&Prime; inner_shadow=\u00a0\u00bbon\u00a0\u00bb parallax=\u00a0\u00bboff\u00a0\u00bb][et_pb_fullwidth_header admin_label=\u00a0\u00bbEn-t\u00eate plein \u00e9cran\u00a0\u00bb title=\u00a0\u00bbLe certificat de formation g\u00e9n\u00e9rale\u00a0\u00bb background_layout=\u00a0\u00bblight\u00a0\u00bb text_orientation=\u00a0\u00bbleft\u00a0\u00bb header_fullscreen=\u00a0\u00bboff\u00a0\u00bb header_scroll_down=\u00a0\u00bboff\u00a0\u00bb background_url=\u00a0\u00bbhttps:\/\/etab.ac-reunion.fr\/clg-mille-roches\/wp-content\/uploads\/sites\/19\/2016\/12\/IMG_2562-e1481272482936.jpg\u00a0\u00bb parallax=\u00a0\u00bboff\u00a0\u00bb parallax_method=\u00a0\u00bboff\u00a0\u00bb content_orientation=\u00a0\u00bbcenter\u00a0\u00bb image_orientation=\u00a0\u00bbcenter\u00a0\u00bb title_font_color=\u00a0\u00bb#ffffff\u00a0\u00bb title_font=\u00a0\u00bbHappy Monkey||||\u00a0\u00bb content_font=\u00a0\u00bbCherry Cream Soda||||\u00a0\u00bb title_text_color=\u00a0\u00bb#e02b20&Prime; custom_button_one=\u00a0\u00bboff\u00a0\u00bb button_one_letter_spacing=\u00a0\u00bb0&Prime; button_one_use_icon=\u00a0\u00bbdefault\u00a0\u00bb button_one_icon_placement=\u00a0\u00bbright\u00a0\u00bb button_one_on_hover=\u00a0\u00bbon\u00a0\u00bb button_one_letter_spacing_hover=\u00a0\u00bb0&Prime; custom_button_two=\u00a0\u00bboff\u00a0\u00bb button_two_letter_spacing=\u00a0\u00bb0&Prime; button_two_use_icon=\u00a0\u00bbdefault\u00a0\u00bb button_two_icon_placement=\u00a0\u00bbright\u00a0\u00bb button_two_on_hover=\u00a0\u00bbon\u00a0\u00bb button_two_letter_spacing_hover=\u00a0\u00bb0&Prime;] [\/et_pb_fullwidth_header][\/et_pb_section][et_pb_section admin_label=\u00a0\u00bbSection\u00a0\u00bb fullwidth=\u00a0\u00bboff\u00a0\u00bb specialty=\u00a0\u00bboff\u00a0\u00bb][et_pb_row admin_label=\u00a0\u00bbLigne\u00a0\u00bb][et_pb_column type=\u00a0\u00bb4_4&Prime;][et_pb_text admin_label=\u00a0\u00bbTexte\u00a0\u00bb background_layout=\u00a0\u00bblight\u00a0\u00bb text_orientation=\u00a0\u00bbleft\u00a0\u00bb header_font=\u00a0\u00bbCherry Cream Soda||||\u00a0\u00bb [&hellip;]<!-- AddThis Advanced Settings generic via filter on get_the_excerpt --><!-- AddThis Share Buttons generic via filter on get_the_excerpt --><\/p>\n","protected":false},"author":13194,"featured_media":0,"parent":0,"menu_order":0,"comment_status":"closed","ping_status":"closed","template":"","meta":{"_et_pb_use_builder":"on","_et_pb_old_content":"","_et_gb_content_width":"","footnotes":""},"class_list":["post-889","page","type-page","status-publish","hentry"],"_links":{"self":[{"href":"https:\/\/etab.ac-reunion.fr\/clg-mille-roches\/wp-json\/wp\/v2\/pages\/889","targetHints":{"allow":["GET"]}}],"collection":[{"href":"https:\/\/etab.ac-reunion.fr\/clg-mille-roches\/wp-json\/wp\/v2\/pages"}],"about":[{"href":"https:\/\/etab.ac-reunion.fr\/clg-mille-roches\/wp-json\/wp\/v2\/types\/page"}],"author":[{"embeddable":true,"href":"https:\/\/etab.ac-reunion.fr\/clg-mille-roches\/wp-json\/wp\/v2\/users\/13194"}],"replies":[{"embeddable":true,"href":"https:\/\/etab.ac-reunion.fr\/clg-mille-roches\/wp-json\/wp\/v2\/comments?post=889"}],"version-history":[{"count":3,"href":"https:\/\/etab.ac-reunion.fr\/clg-mille-roches\/wp-json\/wp\/v2\/pages\/889\/revisions"}],"predecessor-version":[{"id":1479,"href":"https:\/\/etab.ac-reunion.fr\/clg-mille-roches\/wp-json\/wp\/v2\/pages\/889\/revisions\/1479"}],"wp:attachment":[{"href":"https:\/\/etab.ac-reunion.fr\/clg-mille-roches\/wp-json\/wp\/v2\/media?parent=889"}],"curies":[{"name":"wp","href":"https:\/\/api.w.org\/{rel}","templated":true}]}}