{"id":895,"date":"2016-12-15T11:01:37","date_gmt":"2016-12-15T08:01:37","guid":{"rendered":"http:\/\/college-milleroches.ac-reunion.fr\/?page_id=895"},"modified":"2017-02-28T10:03:40","modified_gmt":"2017-02-28T07:03:40","slug":"orientation","status":"publish","type":"page","link":"https:\/\/etab.ac-reunion.fr\/clg-mille-roches\/orientation\/","title":{"rendered":"Orientation"},"content":{"rendered":"[et_pb_section admin_label=\u00a0\u00bbsection\u00a0\u00bb fullwidth=\u00a0\u00bbon\u00a0\u00bb specialty=\u00a0\u00bboff\u00a0\u00bb background_color=\u00a0\u00bb#2ea3f2&Prime; inner_shadow=\u00a0\u00bbon\u00a0\u00bb parallax=\u00a0\u00bboff\u00a0\u00bb][et_pb_fullwidth_header admin_label=\u00a0\u00bbEn-t\u00eate plein \u00e9cran\u00a0\u00bb title=\u00a0\u00bbOrientation\u00a0\u00bb background_layout=\u00a0\u00bblight\u00a0\u00bb text_orientation=\u00a0\u00bbleft\u00a0\u00bb header_fullscreen=\u00a0\u00bboff\u00a0\u00bb header_scroll_down=\u00a0\u00bboff\u00a0\u00bb background_url=\u00a0\u00bbhttps:\/\/etab.ac-reunion.fr\/clg-mille-roches\/wp-content\/uploads\/sites\/19\/2016\/12\/IMG_2562-e1481272482936.jpg\u00a0\u00bb parallax=\u00a0\u00bboff\u00a0\u00bb parallax_method=\u00a0\u00bboff\u00a0\u00bb content_orientation=\u00a0\u00bbcenter\u00a0\u00bb image_orientation=\u00a0\u00bbcenter\u00a0\u00bb title_font_color=\u00a0\u00bb#ffffff\u00a0\u00bb title_font=\u00a0\u00bbHappy Monkey||||\u00a0\u00bb content_font=\u00a0\u00bbCherry Cream Soda||||\u00a0\u00bb title_text_color=\u00a0\u00bb#e02b20&Prime; custom_button_one=\u00a0\u00bboff\u00a0\u00bb button_one_letter_spacing=\u00a0\u00bb0&Prime; button_one_use_icon=\u00a0\u00bbdefault\u00a0\u00bb button_one_icon_placement=\u00a0\u00bbright\u00a0\u00bb button_one_on_hover=\u00a0\u00bbon\u00a0\u00bb button_one_letter_spacing_hover=\u00a0\u00bb0&Prime; custom_button_two=\u00a0\u00bboff\u00a0\u00bb button_two_letter_spacing=\u00a0\u00bb0&Prime; button_two_use_icon=\u00a0\u00bbdefault\u00a0\u00bb button_two_icon_placement=\u00a0\u00bbright\u00a0\u00bb button_two_on_hover=\u00a0\u00bbon\u00a0\u00bb button_two_letter_spacing_hover=\u00a0\u00bb0&Prime;] [\/et_pb_fullwidth_header][\/et_pb_section][et_pb_section admin_label=\u00a0\u00bbSection\u00a0\u00bb fullwidth=\u00a0\u00bboff\u00a0\u00bb specialty=\u00a0\u00bboff\u00a0\u00bb][et_pb_row admin_label=\u00a0\u00bbLigne\u00a0\u00bb][et_pb_column type=\u00a0\u00bb4_4&Prime;][et_pb_text admin_label=\u00a0\u00bbTexte\u00a0\u00bb background_layout=\u00a0\u00bblight\u00a0\u00bb text_orientation=\u00a0\u00bbleft\u00a0\u00bb header_font=\u00a0\u00bbCherry Cream Soda||||\u00a0\u00bb header_text_color=\u00a0\u00bb#e02b20&Prime; text_font=\u00a0\u00bbHappy Monkey||||\u00a0\u00bb use_border_color=\u00a0\u00bboff\u00a0\u00bb border_color=\u00a0\u00bb#ffffff\u00a0\u00bb border_style=\u00a0\u00bbsolid\u00a0\u00bb] [\/et_pb_text][et_pb_blurb admin_label=\u00a0\u00bbR\u00e9sum\u00e9\u00a0\u00bb url_new_window=\u00a0\u00bboff\u00a0\u00bb use_icon=\u00a0\u00bboff\u00a0\u00bb icon_color=\u00a0\u00bb#1aa36c\u00a0\u00bb use_circle=\u00a0\u00bboff\u00a0\u00bb circle_color=\u00a0\u00bb#1aa36c\u00a0\u00bb use_circle_border=\u00a0\u00bboff\u00a0\u00bb circle_border_color=\u00a0\u00bb#1aa36c\u00a0\u00bb icon_placement=\u00a0\u00bbtop\u00a0\u00bb animation=\u00a0\u00bbtop\u00a0\u00bb background_layout=\u00a0\u00bblight\u00a0\u00bb text_orientation=\u00a0\u00bbleft\u00a0\u00bb use_icon_font_size=\u00a0\u00bboff\u00a0\u00bb use_border_color=\u00a0\u00bboff\u00a0\u00bb border_color=\u00a0\u00bb#ffffff\u00a0\u00bb border_style=\u00a0\u00bbsolid\u00a0\u00bb header_font=\u00a0\u00bbCherry Cream Soda||||\u00a0\u00bb header_text_color=\u00a0\u00bb#e02b20&Prime; body_font=\u00a0\u00bbHappy Monkey||||\u00a0\u00bb body_text_color=\u00a0\u00bb#000000&Prime; header_font_size=\u00a0\u00bb25&Prime; background_color=\u00a0\u00bb#5eacc9&Prime;]\n\n\n<div class=\"su-posts su-posts-default-loop \">\n\n\t\n\t\t\t\t\t\n\t\t\t\n\t\t\t<div id=\"su-post-10474\" class=\"su-post \">\n\n\t\t\t\t\t\t\t\t\t<a class=\"su-post-thumbnail\" href=\"https:\/\/etab.ac-reunion.fr\/clg-mille-roches\/fiches-des-metiers-de-la-defense-et-de-la-securite\/\"><img loading=\"lazy\" decoding=\"async\" width=\"452\" height=\"641\" src=\"https:\/\/etab.ac-reunion.fr\/clg-mille-roches\/wp-content\/uploads\/sites\/19\/2026\/02\/Capture-decran-2026-02-23-a-20.47.05.png\" class=\"attachment-post-thumbnail size-post-thumbnail wp-post-image\" alt=\"\" srcset=\"https:\/\/etab.ac-reunion.fr\/clg-mille-roches\/wp-content\/uploads\/sites\/19\/2026\/02\/Capture-decran-2026-02-23-a-20.47.05.png 452w, https:\/\/etab.ac-reunion.fr\/clg-mille-roches\/wp-content\/uploads\/sites\/19\/2026\/02\/Capture-decran-2026-02-23-a-20.47.05-212x300.png 212w\" sizes=\"(max-width: 452px) 100vw, 452px\" \/><\/a>\n\t\t\t\t\n\t\t\t\t<h2 class=\"su-post-title\"><a href=\"https:\/\/etab.ac-reunion.fr\/clg-mille-roches\/fiches-des-metiers-de-la-defense-et-de-la-securite\/\">Fiches des m\u00e9tiers de la d\u00e9fense et de la s\u00e9curit\u00e9<\/a><\/h2>\n\n\t\t\t\t<div class=\"su-post-meta\">\n\t\t\t\t\tPubli\u00e9: 27 f\u00e9vrier 2026\t\t\t\t<\/div>\n\n\t\t\t\t<div class=\"su-post-excerpt\">\n\t\t\t\t\t<p>Les \u00e9l\u00e8ves de la classe D\u00e9fense ont r\u00e9alis\u00e9 9 fiches de m\u00e9tiers de la d\u00e9fense et de la s\u00e9curit\u00e9 : policier(e) &#8211; douanier(e) &#8211; pompier &#8211; gendarme &#8211; agent de s\u00e9curit\u00e9 &#8211; garde forestier &#8211; militaire &#8211; surveillant(e) p\u00e9nitentiaire &#8211; cyberd\u00e9fenseur Un outil pour pr\u00e9parer son avenir \u00e0 la disposition de chacun des \u00e9l\u00e8ves pour [&hellip;]<!-- AddThis Advanced Settings generic via filter on get_the_excerpt --><!-- AddThis Share Buttons generic via filter on get_the_excerpt --><\/p>\n\t\t\t\t<\/div>\n\n\t\t\t\t\n\t\t\t<\/div>\n\n\t\t\t\t\t\n\t\t\t\n\t\t\t<div id=\"su-post-10469\" class=\"su-post \">\n\n\t\t\t\t\t\t\t\t\t<a class=\"su-post-thumbnail\" href=\"https:\/\/etab.ac-reunion.fr\/clg-mille-roches\/guide-onisep-apres-la-3eme\/\"><img loading=\"lazy\" decoding=\"async\" width=\"637\" height=\"895\" src=\"https:\/\/etab.ac-reunion.fr\/clg-mille-roches\/wp-content\/uploads\/sites\/19\/2026\/02\/onisep-apres-la-3eme.png\" class=\"attachment-post-thumbnail size-post-thumbnail wp-post-image\" alt=\"\" srcset=\"https:\/\/etab.ac-reunion.fr\/clg-mille-roches\/wp-content\/uploads\/sites\/19\/2026\/02\/onisep-apres-la-3eme.png 637w, https:\/\/etab.ac-reunion.fr\/clg-mille-roches\/wp-content\/uploads\/sites\/19\/2026\/02\/onisep-apres-la-3eme-480x674.png 480w\" sizes=\"(min-width: 0px) and (max-width: 480px) 480px, (min-width: 481px) 637px, 100vw\" \/><\/a>\n\t\t\t\t\n\t\t\t\t<h2 class=\"su-post-title\"><a href=\"https:\/\/etab.ac-reunion.fr\/clg-mille-roches\/guide-onisep-apres-la-3eme\/\">Guide ONISEP  \u00ab\u00a0Apr\u00e8s la 3\u00e8me\u00a0\u00bb<\/a><\/h2>\n\n\t\t\t\t<div class=\"su-post-meta\">\n\t\t\t\t\tPubli\u00e9: 2 f\u00e9vrier 2026\t\t\t\t<\/div>\n\n\t\t\t\t<div class=\"su-post-excerpt\">\n\t\t\t\t\t<p>Chers parents, Vous trouverez ci-apr\u00e8s le guide r\u00e9alis\u00e9 par l&rsquo;ONISEP pour mieux accompagner votre enfant \u00ab\u00a0Apr\u00e8s la 3\u00e8me\u00a0\u00bb. Bonne lecture !<!-- AddThis Advanced Settings generic via filter on get_the_excerpt --><!-- AddThis Share Buttons generic via filter on get_the_excerpt --><\/p>\n\t\t\t\t<\/div>\n\n\t\t\t\t\n\t\t\t<\/div>\n\n\t\t\t\t\t\n\t\t\t\n\t\t\t<div id=\"su-post-10118\" class=\"su-post \">\n\n\t\t\t\t\t\t\t\t\t<a class=\"su-post-thumbnail\" href=\"https:\/\/etab.ac-reunion.fr\/clg-mille-roches\/une-annee-egalite-filles-garcons-2024-2025\/\"><img loading=\"lazy\" decoding=\"async\" width=\"640\" height=\"360\" src=\"https:\/\/etab.ac-reunion.fr\/clg-mille-roches\/wp-content\/uploads\/sites\/19\/2025\/06\/EFG-e1750485369974.png\" class=\"attachment-post-thumbnail size-post-thumbnail wp-post-image\" alt=\"\" \/><\/a>\n\t\t\t\t\n\t\t\t\t<h2 class=\"su-post-title\"><a href=\"https:\/\/etab.ac-reunion.fr\/clg-mille-roches\/une-annee-egalite-filles-garcons-2024-2025\/\">Une ann\u00e9e Egalit\u00e9 Filles-Gar\u00e7ons 2024\/2025<\/a><\/h2>\n\n\t\t\t\t<div class=\"su-post-meta\">\n\t\t\t\t\tPubli\u00e9: 21 juin 2025\t\t\t\t<\/div>\n\n\t\t\t\t<div class=\"su-post-excerpt\">\n\t\t\t\t\t<p>L&rsquo;\u00e9quipe EFG a le plaisir de vous pr\u00e9senter son bilan pour cette ann\u00e9e scolaire 2024\/2025. Retour en images sur les actions men\u00e9es.<!-- AddThis Advanced Settings generic via filter on get_the_excerpt --><!-- AddThis Share Buttons generic via filter on get_the_excerpt --><\/p>\n\t\t\t\t<\/div>\n\n\t\t\t\t\n\t\t\t<\/div>\n\n\t\t\t\t\t\n\t\t\t\n\t\t\t<div id=\"su-post-9664\" class=\"su-post \">\n\n\t\t\t\t\t\t\t\t\t<a class=\"su-post-thumbnail\" href=\"https:\/\/etab.ac-reunion.fr\/clg-mille-roches\/2023-2024-une-annee-defg-a-mille-roches\/\"><img loading=\"lazy\" decoding=\"async\" width=\"640\" height=\"418\" src=\"https:\/\/etab.ac-reunion.fr\/clg-mille-roches\/wp-content\/uploads\/sites\/19\/2024\/06\/EFG-e1718972105286.png\" class=\"attachment-post-thumbnail size-post-thumbnail wp-post-image\" alt=\"\" \/><\/a>\n\t\t\t\t\n\t\t\t\t<h2 class=\"su-post-title\"><a href=\"https:\/\/etab.ac-reunion.fr\/clg-mille-roches\/2023-2024-une-annee-defg-a-mille-roches\/\">2023-2024 : Une ann\u00e9e d&rsquo;EFG \u00e0 Mille Roches<\/a><\/h2>\n\n\t\t\t\t<div class=\"su-post-meta\">\n\t\t\t\t\tPubli\u00e9: 21 juin 2024\t\t\t\t<\/div>\n\n\t\t\t\t<div class=\"su-post-excerpt\">\n\t\t\t\t\t<p>Les r\u00e9f\u00e9rentes Egalit\u00e9 Fille Gar\u00e7on pr\u00e9sentent le bilan d&rsquo;une ann\u00e9e d&rsquo;EFG \u00e0 Mille Roches. Mmes ABDALLAH &amp; BISSESSUR<!-- AddThis Advanced Settings generic via filter on get_the_excerpt --><!-- AddThis Share Buttons generic via filter on get_the_excerpt --><\/p>\n\t\t\t\t<\/div>\n\n\t\t\t\t\n\t\t\t<\/div>\n\n\t\t\t\t\t\n\t\t\t\n\t\t\t<div id=\"su-post-8993\" class=\"su-post \">\n\n\t\t\t\t\t\t\t\t\t<a class=\"su-post-thumbnail\" href=\"https:\/\/etab.ac-reunion.fr\/clg-mille-roches\/service-en-ligne-affectation-apres-la-3e-supports-daccompagnement\/\"><img loading=\"lazy\" decoding=\"async\" width=\"640\" height=\"450\" src=\"https:\/\/etab.ac-reunion.fr\/clg-mille-roches\/wp-content\/uploads\/sites\/19\/2023\/04\/branch-g19d829e02_640.png\" class=\"attachment-post-thumbnail size-post-thumbnail wp-post-image\" alt=\"\" srcset=\"https:\/\/etab.ac-reunion.fr\/clg-mille-roches\/wp-content\/uploads\/sites\/19\/2023\/04\/branch-g19d829e02_640.png 640w, https:\/\/etab.ac-reunion.fr\/clg-mille-roches\/wp-content\/uploads\/sites\/19\/2023\/04\/branch-g19d829e02_640-480x338.png 480w\" sizes=\"(min-width: 0px) and (max-width: 480px) 480px, (min-width: 481px) 640px, 100vw\" \/><\/a>\n\t\t\t\t\n\t\t\t\t<h2 class=\"su-post-title\"><a href=\"https:\/\/etab.ac-reunion.fr\/clg-mille-roches\/service-en-ligne-affectation-apres-la-3e-supports-daccompagnement\/\">Service en ligne \u00ab\u00a0affectation apr\u00e8s la 3e\u00a0\u00bb : supports d&rsquo;accompagnement<\/a><\/h2>\n\n\t\t\t\t<div class=\"su-post-meta\">\n\t\t\t\t\tPubli\u00e9: 12 avril 2023\t\t\t\t<\/div>\n\n\t\t\t\t<div class=\"su-post-excerpt\">\n\t\t\t\t\t<p>Mesdames, Messieurs les parents, Dans le cadre de la proc\u00e9dure d\u2019affectation de fin d\u2019ann\u00e9e scolaire, nous mettons \u00e0 votre disposition les supports d\u2019accompagnement pour les\u00a0 familles. \u00a0Ce document d\u2019information d\u00e9crit les \u00e9l\u00e9ments indispensables et les principales \u00e9tapes pour effectuer une demande d\u2019affectation en ligne. La page d\u2019information de r\u00e9f\u00e9rence pour l\u2019orientation en 3e et l\u2019affectation [&hellip;]<!-- AddThis Advanced Settings generic via filter on get_the_excerpt --><!-- AddThis Share Buttons generic via filter on get_the_excerpt --><\/p>\n\t\t\t\t<\/div>\n\n\t\t\t\t\n\t\t\t<\/div>\n\n\t\t\t\t\t\n\t\t\t\n\t\t\t<div id=\"su-post-8977\" class=\"su-post \">\n\n\t\t\t\t\t\t\t\t\t<a class=\"su-post-thumbnail\" href=\"https:\/\/etab.ac-reunion.fr\/clg-mille-roches\/orientation-apres-la-3eme\/\"><img loading=\"lazy\" decoding=\"async\" width=\"640\" height=\"640\" src=\"https:\/\/etab.ac-reunion.fr\/clg-mille-roches\/wp-content\/uploads\/sites\/19\/2020\/08\/choose-the-right-direction-1536336_640.jpg\" class=\"attachment-post-thumbnail size-post-thumbnail wp-post-image\" alt=\"orientation\" srcset=\"https:\/\/etab.ac-reunion.fr\/clg-mille-roches\/wp-content\/uploads\/sites\/19\/2020\/08\/choose-the-right-direction-1536336_640.jpg 640w, https:\/\/etab.ac-reunion.fr\/clg-mille-roches\/wp-content\/uploads\/sites\/19\/2020\/08\/choose-the-right-direction-1536336_640-480x480.jpg 480w\" sizes=\"(min-width: 0px) and (max-width: 480px) 480px, (min-width: 481px) 640px, 100vw\" \/><\/a>\n\t\t\t\t\n\t\t\t\t<h2 class=\"su-post-title\"><a href=\"https:\/\/etab.ac-reunion.fr\/clg-mille-roches\/orientation-apres-la-3eme\/\">Orientation : Apr\u00e8s la 3\u00e8me<\/a><\/h2>\n\n\t\t\t\t<div class=\"su-post-meta\">\n\t\t\t\t\tPubli\u00e9: 5 avril 2023\t\t\t\t<\/div>\n\n\t\t\t\t<div class=\"su-post-excerpt\">\n\t\t\t\t\t<p>D\u00e9couvre la brochure de la R\u00e9gion R\u00e9union qui te pr\u00e9sente les 3 voies possibles apr\u00e8s une 3\u00e8me ! Tu es en 3e, c&rsquo;est le moment de choisir entre la voie g\u00e9n\u00e9rale et technologique, et la voie professionnelle ! Il est important que tu prennes le temps de te poser les bonnes questions.<!-- AddThis Advanced Settings generic via filter on get_the_excerpt --><!-- AddThis Share Buttons generic via filter on get_the_excerpt --><\/p>\n\t\t\t\t<\/div>\n\n\t\t\t\t\n\t\t\t<\/div>\n\n\t\t\t\t\t\n\t\t\t\n\t\t\t<div id=\"su-post-8756\" class=\"su-post \">\n\n\t\t\t\t\t\t\t\t\t<a class=\"su-post-thumbnail\" href=\"https:\/\/etab.ac-reunion.fr\/clg-mille-roches\/forum-des-metiers-de-la-defense-et-de-la-securite\/\"><img loading=\"lazy\" decoding=\"async\" width=\"632\" height=\"883\" src=\"https:\/\/etab.ac-reunion.fr\/clg-mille-roches\/wp-content\/uploads\/sites\/19\/2023\/02\/Capture-decran-2023-02-02-a-15.04.09.png\" class=\"attachment-post-thumbnail size-post-thumbnail wp-post-image\" alt=\"\" srcset=\"https:\/\/etab.ac-reunion.fr\/clg-mille-roches\/wp-content\/uploads\/sites\/19\/2023\/02\/Capture-decran-2023-02-02-a-15.04.09.png 632w, https:\/\/etab.ac-reunion.fr\/clg-mille-roches\/wp-content\/uploads\/sites\/19\/2023\/02\/Capture-decran-2023-02-02-a-15.04.09-480x671.png 480w\" sizes=\"(min-width: 0px) and (max-width: 480px) 480px, (min-width: 481px) 632px, 100vw\" \/><\/a>\n\t\t\t\t\n\t\t\t\t<h2 class=\"su-post-title\"><a href=\"https:\/\/etab.ac-reunion.fr\/clg-mille-roches\/forum-des-metiers-de-la-defense-et-de-la-securite\/\">Forum des m\u00e9tiers de la D\u00e9fense et de la s\u00e9curit\u00e9<\/a><\/h2>\n\n\t\t\t\t<div class=\"su-post-meta\">\n\t\t\t\t\tPubli\u00e9: 3 f\u00e9vrier 2023\t\t\t\t<\/div>\n\n\t\t\t\t<div class=\"su-post-excerpt\">\n\t\t\t\t\t<p>Le 17 f\u00e9vrier prochain (matin) aura lieu la premi\u00e8re \u00e9dition du Forum des m\u00e9tiers de la D\u00e9fense et de la s\u00e9curit\u00e9 au coll\u00e8ge Mille Roches. Les intervenants (police, gendarmerie, douanes, m\u00e9tiers de la s\u00e9curit\u00e9 priv\u00e9e,&#8230;) pr\u00e9senteront leur m\u00e9tier aux \u00e9l\u00e8ves de 3e volontaires. Il s&rsquo;agit d&rsquo;un moment de d\u00e9couverte de m\u00e9tiers qui recrutent beaucoup et [&hellip;]<!-- AddThis Advanced Settings generic via filter on get_the_excerpt --><!-- AddThis Share Buttons generic via filter on get_the_excerpt --><\/p>\n\t\t\t\t<\/div>\n\n\t\t\t\t\n\t\t\t<\/div>\n\n\t\t\t\t\t\n\t\t\t\n\t\t\t<div id=\"su-post-8749\" class=\"su-post \">\n\n\t\t\t\t\t\t\t\t\t<a class=\"su-post-thumbnail\" href=\"https:\/\/etab.ac-reunion.fr\/clg-mille-roches\/plateforme-rondavelle-la-kaz-de-lorientation\/\"><img loading=\"lazy\" decoding=\"async\" width=\"375\" height=\"153\" src=\"https:\/\/etab.ac-reunion.fr\/clg-mille-roches\/wp-content\/uploads\/sites\/19\/2023\/01\/logo-rondavelle.jpg\" class=\"attachment-post-thumbnail size-post-thumbnail wp-post-image\" alt=\"\" srcset=\"https:\/\/etab.ac-reunion.fr\/clg-mille-roches\/wp-content\/uploads\/sites\/19\/2023\/01\/logo-rondavelle.jpg 375w, https:\/\/etab.ac-reunion.fr\/clg-mille-roches\/wp-content\/uploads\/sites\/19\/2023\/01\/logo-rondavelle-300x122.jpg 300w\" sizes=\"(max-width: 375px) 100vw, 375px\" \/><\/a>\n\t\t\t\t\n\t\t\t\t<h2 class=\"su-post-title\"><a href=\"https:\/\/etab.ac-reunion.fr\/clg-mille-roches\/plateforme-rondavelle-la-kaz-de-lorientation\/\">Plateforme Rondavelle, la kaz de l&rsquo;orientation<\/a><\/h2>\n\n\t\t\t\t<div class=\"su-post-meta\">\n\t\t\t\t\tPubli\u00e9: 27 janvier 2023\t\t\t\t<\/div>\n\n\t\t\t\t<div class=\"su-post-excerpt\">\n\t\t\t\t\t<p>Chers parents, chers \u00e9l\u00e8ves La R\u00e9gion R\u00e9union met \u00e0 la disposition de notre \u00e9tablissement pendant un an la plateforme Rondavelle, la Kaz\u2019 de l\u2019orientation : propos\u00e9e par l\u2019ONISEP et la R\u00e9gion R\u00e9union, cette plateforme regroupe des ressources d\u00e9di\u00e9es \u00e0 l\u2019orientation pour les \u00e9l\u00e8ves, parents et enseignants, qui acc\u00e8dent ainsi \u00e0 des informations sur les m\u00e9tiers, [&hellip;]<!-- AddThis Advanced Settings generic via filter on get_the_excerpt --><!-- AddThis Share Buttons generic via filter on get_the_excerpt --><\/p>\n\t\t\t\t<\/div>\n\n\t\t\t\t\n\t\t\t<\/div>\n\n\t\t\t\t\t\n\t\t\t\n\t\t\t<div id=\"su-post-8603\" class=\"su-post \">\n\n\t\t\t\t\t\t\t\t\t<a class=\"su-post-thumbnail\" href=\"https:\/\/etab.ac-reunion.fr\/clg-mille-roches\/comment-choisir-son-orientation-apres-la-3eme\/\"><img loading=\"lazy\" decoding=\"async\" width=\"318\" height=\"159\" src=\"https:\/\/etab.ac-reunion.fr\/clg-mille-roches\/wp-content\/uploads\/sites\/19\/2020\/02\/orientation.jpg\" class=\"attachment-post-thumbnail size-post-thumbnail wp-post-image\" alt=\"\" srcset=\"https:\/\/etab.ac-reunion.fr\/clg-mille-roches\/wp-content\/uploads\/sites\/19\/2020\/02\/orientation.jpg 318w, https:\/\/etab.ac-reunion.fr\/clg-mille-roches\/wp-content\/uploads\/sites\/19\/2020\/02\/orientation-300x150.jpg 300w\" sizes=\"(max-width: 318px) 100vw, 318px\" \/><\/a>\n\t\t\t\t\n\t\t\t\t<h2 class=\"su-post-title\"><a href=\"https:\/\/etab.ac-reunion.fr\/clg-mille-roches\/comment-choisir-son-orientation-apres-la-3eme\/\">Comment choisir son orientation apr\u00e8s la 3\u00e8me ?<\/a><\/h2>\n\n\t\t\t\t<div class=\"su-post-meta\">\n\t\t\t\t\tPubli\u00e9: 23 novembre 2022\t\t\t\t<\/div>\n\n\t\t\t\t<div class=\"su-post-excerpt\">\n\t\t\t\t\t<p>Madame, Monsieur, Votre enfant est en classe de 3\u00e8me . Vous vous demandez comment l&rsquo;accompagner au mieux dans ses choix ? Voici<!-- AddThis Advanced Settings generic via filter on get_the_excerpt --><!-- AddThis Share Buttons generic via filter on get_the_excerpt --><\/p>\n\t\t\t\t<\/div>\n\n\t\t\t\t\n\t\t\t<\/div>\n\n\t\t\t\t\t\n\t\t\t\n\t\t\t<div id=\"su-post-8360\" class=\"su-post \">\n\n\t\t\t\t\t\t\t\t\t<a class=\"su-post-thumbnail\" href=\"https:\/\/etab.ac-reunion.fr\/clg-mille-roches\/jeunes-sapeurs-pompiers-inscriptions-4eme-mille-roches\/\"><img loading=\"lazy\" decoding=\"async\" width=\"2100\" height=\"1406\" src=\"https:\/\/etab.ac-reunion.fr\/clg-mille-roches\/wp-content\/uploads\/sites\/19\/2022\/08\/pexels-pixabay-69934.jpg\" class=\"attachment-post-thumbnail size-post-thumbnail wp-post-image\" alt=\"\" srcset=\"https:\/\/etab.ac-reunion.fr\/clg-mille-roches\/wp-content\/uploads\/sites\/19\/2022\/08\/pexels-pixabay-69934.jpg 2100w, https:\/\/etab.ac-reunion.fr\/clg-mille-roches\/wp-content\/uploads\/sites\/19\/2022\/08\/pexels-pixabay-69934-1280x857.jpg 1280w, https:\/\/etab.ac-reunion.fr\/clg-mille-roches\/wp-content\/uploads\/sites\/19\/2022\/08\/pexels-pixabay-69934-980x656.jpg 980w, https:\/\/etab.ac-reunion.fr\/clg-mille-roches\/wp-content\/uploads\/sites\/19\/2022\/08\/pexels-pixabay-69934-480x321.jpg 480w\" sizes=\"(min-width: 0px) and (max-width: 480px) 480px, (min-width: 481px) and (max-width: 980px) 980px, (min-width: 981px) and (max-width: 1280px) 1280px, (min-width: 1281px) 2100px, 100vw\" \/><\/a>\n\t\t\t\t\n\t\t\t\t<h2 class=\"su-post-title\"><a href=\"https:\/\/etab.ac-reunion.fr\/clg-mille-roches\/jeunes-sapeurs-pompiers-inscriptions-4eme-mille-roches\/\">Jeunes Sapeurs Pompiers : inscriptions 4\u00e8me MILLE ROCHES<\/a><\/h2>\n\n\t\t\t\t<div class=\"su-post-meta\">\n\t\t\t\t\tPubli\u00e9: 30 ao\u00fbt 2022\t\t\t\t<\/div>\n\n\t\t\t\t<div class=\"su-post-excerpt\">\n\t\t\t\t\t<p>Mesdames, Messieurs les parents des \u00e9l\u00e8ves de 4\u00e8mes, Une convention a \u00e9t\u00e9 sign\u00e9e en 2022 entre le coll\u00e8ge, la Mairie de St ANDR\u00c9, le Service D\u00e9partemental d&rsquo;Incendie et de Secours et l&rsquo;Union D\u00e9partementale des Sapeurs Pompiers. Elle met en place de 2023 \u00e0 2026 une formation pour 18 Jeunes Sapeurs Pompiers sur la commune de [&hellip;]<!-- AddThis Advanced Settings generic via filter on get_the_excerpt --><!-- AddThis Share Buttons generic via filter on get_the_excerpt --><\/p>\n\t\t\t\t<\/div>\n\n\t\t\t\t\n\t\t\t<\/div>\n\n\t\t\n\t\n<\/div>\n\n[\/et_pb_blurb][\/et_pb_column][\/et_pb_row][\/et_pb_section]\n","protected":false},"excerpt":{"rendered":"<p>[et_pb_section admin_label=\u00a0\u00bbsection\u00a0\u00bb fullwidth=\u00a0\u00bbon\u00a0\u00bb specialty=\u00a0\u00bboff\u00a0\u00bb background_color=\u00a0\u00bb#2ea3f2&Prime; inner_shadow=\u00a0\u00bbon\u00a0\u00bb parallax=\u00a0\u00bboff\u00a0\u00bb][et_pb_fullwidth_header admin_label=\u00a0\u00bbEn-t\u00eate plein \u00e9cran\u00a0\u00bb title=\u00a0\u00bbOrientation\u00a0\u00bb background_layout=\u00a0\u00bblight\u00a0\u00bb text_orientation=\u00a0\u00bbleft\u00a0\u00bb header_fullscreen=\u00a0\u00bboff\u00a0\u00bb header_scroll_down=\u00a0\u00bboff\u00a0\u00bb background_url=\u00a0\u00bbhttps:\/\/etab.ac-reunion.fr\/clg-mille-roches\/wp-content\/uploads\/sites\/19\/2016\/12\/IMG_2562-e1481272482936.jpg\u00a0\u00bb parallax=\u00a0\u00bboff\u00a0\u00bb parallax_method=\u00a0\u00bboff\u00a0\u00bb content_orientation=\u00a0\u00bbcenter\u00a0\u00bb image_orientation=\u00a0\u00bbcenter\u00a0\u00bb title_font_color=\u00a0\u00bb#ffffff\u00a0\u00bb title_font=\u00a0\u00bbHappy Monkey||||\u00a0\u00bb content_font=\u00a0\u00bbCherry Cream Soda||||\u00a0\u00bb title_text_color=\u00a0\u00bb#e02b20&Prime; custom_button_one=\u00a0\u00bboff\u00a0\u00bb button_one_letter_spacing=\u00a0\u00bb0&Prime; button_one_use_icon=\u00a0\u00bbdefault\u00a0\u00bb button_one_icon_placement=\u00a0\u00bbright\u00a0\u00bb button_one_on_hover=\u00a0\u00bbon\u00a0\u00bb button_one_letter_spacing_hover=\u00a0\u00bb0&Prime; custom_button_two=\u00a0\u00bboff\u00a0\u00bb button_two_letter_spacing=\u00a0\u00bb0&Prime; button_two_use_icon=\u00a0\u00bbdefault\u00a0\u00bb button_two_icon_placement=\u00a0\u00bbright\u00a0\u00bb button_two_on_hover=\u00a0\u00bbon\u00a0\u00bb button_two_letter_spacing_hover=\u00a0\u00bb0&Prime;] [\/et_pb_fullwidth_header][\/et_pb_section][et_pb_section admin_label=\u00a0\u00bbSection\u00a0\u00bb fullwidth=\u00a0\u00bboff\u00a0\u00bb specialty=\u00a0\u00bboff\u00a0\u00bb][et_pb_row admin_label=\u00a0\u00bbLigne\u00a0\u00bb][et_pb_column type=\u00a0\u00bb4_4&Prime;][et_pb_text admin_label=\u00a0\u00bbTexte\u00a0\u00bb background_layout=\u00a0\u00bblight\u00a0\u00bb text_orientation=\u00a0\u00bbleft\u00a0\u00bb header_font=\u00a0\u00bbCherry Cream Soda||||\u00a0\u00bb header_text_color=\u00a0\u00bb#e02b20&Prime; text_font=\u00a0\u00bbHappy Monkey||||\u00a0\u00bb use_border_color=\u00a0\u00bboff\u00a0\u00bb [&hellip;]<!-- AddThis Advanced Settings generic via filter on get_the_excerpt --><!-- AddThis Share Buttons generic via filter on get_the_excerpt --><\/p>\n","protected":false},"author":13194,"featured_media":0,"parent":0,"menu_order":0,"comment_status":"closed","ping_status":"closed","template":"","meta":{"_et_pb_use_builder":"on","_et_pb_old_content":"","_et_gb_content_width":"","footnotes":""},"class_list":["post-895","page","type-page","status-publish","hentry"],"_links":{"self":[{"href":"https:\/\/etab.ac-reunion.fr\/clg-mille-roches\/wp-json\/wp\/v2\/pages\/895","targetHints":{"allow":["GET"]}}],"collection":[{"href":"https:\/\/etab.ac-reunion.fr\/clg-mille-roches\/wp-json\/wp\/v2\/pages"}],"about":[{"href":"https:\/\/etab.ac-reunion.fr\/clg-mille-roches\/wp-json\/wp\/v2\/types\/page"}],"author":[{"embeddable":true,"href":"https:\/\/etab.ac-reunion.fr\/clg-mille-roches\/wp-json\/wp\/v2\/users\/13194"}],"replies":[{"embeddable":true,"href":"https:\/\/etab.ac-reunion.fr\/clg-mille-roches\/wp-json\/wp\/v2\/comments?post=895"}],"version-history":[{"count":3,"href":"https:\/\/etab.ac-reunion.fr\/clg-mille-roches\/wp-json\/wp\/v2\/pages\/895\/revisions"}],"predecessor-version":[{"id":1482,"href":"https:\/\/etab.ac-reunion.fr\/clg-mille-roches\/wp-json\/wp\/v2\/pages\/895\/revisions\/1482"}],"wp:attachment":[{"href":"https:\/\/etab.ac-reunion.fr\/clg-mille-roches\/wp-json\/wp\/v2\/media?parent=895"}],"curies":[{"name":"wp","href":"https:\/\/api.w.org\/{rel}","templated":true}]}}