{"id":2010,"date":"2016-08-02T09:00:09","date_gmt":"2016-08-02T05:00:09","guid":{"rendered":"http:\/\/college-oasis.ac-reunion.fr\/?page_id=2010"},"modified":"2016-08-02T09:44:37","modified_gmt":"2016-08-02T05:44:37","slug":"assr","status":"publish","type":"page","link":"https:\/\/etab.ac-reunion.fr\/clg-oasis\/assr\/","title":{"rendered":"ASSR"},"content":{"rendered":"<p>Pour se pr\u00e9parer \u00e0 l&rsquo;ASSR (Attestation Scolaire de S\u00e9curit\u00e9 Routi\u00e8re) niveaux 1 (classes de 5e) et 2 (classes de 3e):<\/p>\n<p>&nbsp;<\/p>\n<p style=\"padding-left: 150px\"><a href=\"http:\/\/preparer-assr.education-securite-routiere.fr\/\"><img loading=\"lazy\" decoding=\"async\" class=\"wp-image-2020 alignleft\" src=\"https:\/\/etab.ac-reunion.fr\/clg-oasis\/wp-content\/uploads\/sites\/39\/2016\/08\/assr.png\" alt=\"assr\" width=\"116\" height=\"81\" \/><\/a><\/p>\n<p style=\"text-align: center\"><a href=\"http:\/\/www.code3000.net\/assr-cyclo-bsr.php\"><img loading=\"lazy\" decoding=\"async\" class=\"alignnone wp-image-2029 size-full\" src=\"https:\/\/etab.ac-reunion.fr\/clg-oasis\/wp-content\/uploads\/sites\/39\/2016\/08\/code3000.gif\" alt=\"code3000\" width=\"100\" height=\"84\" \/><\/a><\/p>\n<!-- AddThis Advanced Settings generic via filter on the_content --><!-- AddThis Share Buttons generic via filter on the_content -->","protected":false},"excerpt":{"rendered":"<p>Pour se pr\u00e9parer \u00e0 l&rsquo;ASSR (Attestation Scolaire de S\u00e9curit\u00e9 Routi\u00e8re) niveaux 1 (classes de 5e) et 2 (classes de 3e): &nbsp;<!-- AddThis Advanced Settings generic via filter on get_the_excerpt --><!-- AddThis Share Buttons generic via filter on get_the_excerpt --><\/p>\n","protected":false},"author":10087,"featured_media":0,"parent":0,"menu_order":0,"comment_status":"closed","ping_status":"closed","template":"","meta":{"_et_pb_use_builder":"","_et_pb_old_content":"","_et_gb_content_width":"","footnotes":""},"class_list":["post-2010","page","type-page","status-publish","hentry"],"_links":{"self":[{"href":"https:\/\/etab.ac-reunion.fr\/clg-oasis\/wp-json\/wp\/v2\/pages\/2010","targetHints":{"allow":["GET"]}}],"collection":[{"href":"https:\/\/etab.ac-reunion.fr\/clg-oasis\/wp-json\/wp\/v2\/pages"}],"about":[{"href":"https:\/\/etab.ac-reunion.fr\/clg-oasis\/wp-json\/wp\/v2\/types\/page"}],"author":[{"embeddable":true,"href":"https:\/\/etab.ac-reunion.fr\/clg-oasis\/wp-json\/wp\/v2\/users\/10087"}],"replies":[{"embeddable":true,"href":"https:\/\/etab.ac-reunion.fr\/clg-oasis\/wp-json\/wp\/v2\/comments?post=2010"}],"version-history":[{"count":11,"href":"https:\/\/etab.ac-reunion.fr\/clg-oasis\/wp-json\/wp\/v2\/pages\/2010\/revisions"}],"predecessor-version":[{"id":2032,"href":"https:\/\/etab.ac-reunion.fr\/clg-oasis\/wp-json\/wp\/v2\/pages\/2010\/revisions\/2032"}],"wp:attachment":[{"href":"https:\/\/etab.ac-reunion.fr\/clg-oasis\/wp-json\/wp\/v2\/media?parent=2010"}],"curies":[{"name":"wp","href":"https:\/\/api.w.org\/{rel}","templated":true}]}}