{"id":203,"date":"2013-12-06T10:48:56","date_gmt":"2013-12-06T06:48:56","guid":{"rendered":"http:\/\/college-oasis.ac-reunion.fr\/?page_id=203"},"modified":"2021-04-30T15:12:37","modified_gmt":"2021-04-30T11:12:37","slug":"mentions-legales","status":"publish","type":"page","link":"https:\/\/etab.ac-reunion.fr\/clg-oasis\/mentions-legales\/","title":{"rendered":"Mentions l\u00e9gales"},"content":{"rendered":"<p><strong><span style=\"text-decoration: underline\">\u00c9diteur:<\/span><\/strong><\/p>\n<p>Coll\u00e8ge\u00a0Oasis<br \/>\n1 avenue L\u00e9nine &#8211; BP 216 &#8211; 974825 Le Port Cedex<br \/>\nT\u00e9l: 0262\u00a042 05 34<\/p>\n<p><strong><span style=\"text-decoration: underline\">Directeur de la publication et responsable de la r\u00e9daction:<\/span><\/strong><\/p>\n<p>M. Bernard K\/BIDY, principal et Mme Marie-Anne JOUANNY, principale adjointe.<\/p>\n<p><strong><span style=\"text-decoration: underline\">Fournisseur de l\u2019h\u00e9bergement:<\/span><\/strong><\/p>\n<p>Rectorat de l\u2019Acad\u00e9mie de La R\u00e9union<br \/>\n<em>24 avenue Georges Brassens<\/em><br \/>\n<em>CS 71003<\/em><br \/>\n<em>97743 Saint-Denis Cedex 9<\/em><\/p>\n<p><strong><span style=\"text-decoration: underline\">Propri\u00e9t\u00e9 intellectuelle:<\/span><\/strong><\/p>\n<p><em>Les photographies, textes, slogans, dessins, images, s\u00e9quences anim\u00e9es,<\/em><br \/>\n<em>sonores ou non, ainsi que toutes les \u0153uvres int\u00e9gr\u00e9es dans le site sont la propri\u00e9t\u00e9<\/em><br \/>\n<em>de l\u2019\u00e9diteur du site ou de tiers ayant autoris\u00e9 l\u2019\u00e9diteur du site \u00e0 les utiliser.<\/em><br \/>\n<em>Toute reproduction totale ou partielle de ces \u00e9l\u00e9ments sans l\u2019autorisation expresse de<\/em><br \/>\n<em>l\u2019exploitant du site Internet ou de ses ayant-droit est prohib\u00e9e, au sens de l\u2019article L713-2 du CPI.<\/em><\/p>\n<!-- AddThis Advanced Settings generic via filter on the_content --><!-- AddThis Share Buttons generic via filter on the_content -->","protected":false},"excerpt":{"rendered":"<p>\u00c9diteur: Coll\u00e8ge\u00a0Oasis 1 avenue L\u00e9nine &#8211; BP 216 &#8211; 974825 Le Port Cedex T\u00e9l: 0262\u00a042 05 34 Directeur de la publication et responsable de la r\u00e9daction: M. Bernard K\/BIDY, principal [&hellip;]<!-- AddThis Advanced Settings generic via filter on get_the_excerpt --><!-- AddThis Share Buttons generic via filter on get_the_excerpt --><\/p>\n","protected":false},"author":10087,"featured_media":0,"parent":0,"menu_order":0,"comment_status":"closed","ping_status":"closed","template":"","meta":{"_et_pb_use_builder":"","_et_pb_old_content":"","_et_gb_content_width":"","footnotes":""},"class_list":["post-203","page","type-page","status-publish","hentry"],"_links":{"self":[{"href":"https:\/\/etab.ac-reunion.fr\/clg-oasis\/wp-json\/wp\/v2\/pages\/203","targetHints":{"allow":["GET"]}}],"collection":[{"href":"https:\/\/etab.ac-reunion.fr\/clg-oasis\/wp-json\/wp\/v2\/pages"}],"about":[{"href":"https:\/\/etab.ac-reunion.fr\/clg-oasis\/wp-json\/wp\/v2\/types\/page"}],"author":[{"embeddable":true,"href":"https:\/\/etab.ac-reunion.fr\/clg-oasis\/wp-json\/wp\/v2\/users\/10087"}],"replies":[{"embeddable":true,"href":"https:\/\/etab.ac-reunion.fr\/clg-oasis\/wp-json\/wp\/v2\/comments?post=203"}],"version-history":[{"count":5,"href":"https:\/\/etab.ac-reunion.fr\/clg-oasis\/wp-json\/wp\/v2\/pages\/203\/revisions"}],"predecessor-version":[{"id":3996,"href":"https:\/\/etab.ac-reunion.fr\/clg-oasis\/wp-json\/wp\/v2\/pages\/203\/revisions\/3996"}],"wp:attachment":[{"href":"https:\/\/etab.ac-reunion.fr\/clg-oasis\/wp-json\/wp\/v2\/media?parent=203"}],"curies":[{"name":"wp","href":"https:\/\/api.w.org\/{rel}","templated":true}]}}