{"id":2080,"date":"2016-08-17T17:06:29","date_gmt":"2016-08-17T13:06:29","guid":{"rendered":"http:\/\/college-oasis.ac-reunion.fr\/?page_id=2080"},"modified":"2021-04-30T17:17:34","modified_gmt":"2021-04-30T13:17:34","slug":"assistantes-sociales","status":"publish","type":"page","link":"https:\/\/etab.ac-reunion.fr\/clg-oasis\/assistantes-sociales\/","title":{"rendered":"Assistante Sociale"},"content":{"rendered":"<p><a href=\"https:\/\/etab.ac-reunion.fr\/clg-oasis\/wp-content\/uploads\/sites\/39\/2016\/08\/as.jpg\"><img loading=\"lazy\" decoding=\"async\" class=\"alignnone wp-image-2081\" src=\"https:\/\/etab.ac-reunion.fr\/clg-oasis\/wp-content\/uploads\/sites\/39\/2016\/08\/as.jpg\" alt=\"as\" width=\"91\" height=\"91\" srcset=\"https:\/\/etab.ac-reunion.fr\/clg-oasis\/wp-content\/uploads\/sites\/39\/2016\/08\/as.jpg 168w, https:\/\/etab.ac-reunion.fr\/clg-oasis\/wp-content\/uploads\/sites\/39\/2016\/08\/as-150x150.jpg 150w, https:\/\/etab.ac-reunion.fr\/clg-oasis\/wp-content\/uploads\/sites\/39\/2016\/08\/as-100x100.jpg 100w, https:\/\/etab.ac-reunion.fr\/clg-oasis\/wp-content\/uploads\/sites\/39\/2016\/08\/as-90x90.jpg 90w, https:\/\/etab.ac-reunion.fr\/clg-oasis\/wp-content\/uploads\/sites\/39\/2016\/08\/as-25x25.jpg 25w\" sizes=\"(max-width: 91px) 100vw, 91px\" \/><\/a>\u00a0<strong>Mme Pinson Ludivine<\/strong>, assistante sociale scolaire, accueille les \u00e9l\u00e8ves :<\/p>\n<ul>\n<li>les <strong>lundi, mardi, jeudi et vendredi<\/strong> de <strong>8h00 \u00e0 16h00 <\/strong>sur RDV<\/li>\n<li>le <strong>mercredi<\/strong> de <strong>8h00 \u00e0 12h00<\/strong> sans RDV<\/li>\n<\/ul>\n<p>L&rsquo; assistante sociale:<\/p>\n<ul>\n<li>participe \u00e0 la protection de l&rsquo;enfance et des mineurs en danger ;<\/li>\n<li>contribue \u00e0 la lutte contre l&rsquo;absent\u00e9isme et l&rsquo;exclusion scolaire ;<\/li>\n<li>participe \u00e0 la lutte contre toutes les formes de violence et \u00e0 la pr\u00e9vention des conduites \u00e0 risque (en individuel ou en action collective) ;<\/li>\n<li>aide \u00e0 l&rsquo;int\u00e9gration des enfants porteurs de handicap ;<\/li>\n<li>accompagne l&rsquo;\u00e9l\u00e8ve dans la construction de son projet personnel et professionnel<\/li>\n<\/ul>\n<p>Elle peut \u00eatre saisie par\u00a0l&rsquo;\u00e9l\u00e8ve,\u00a0sa famille,\u00a0tout membre de la communaut\u00e9 scolaire et\u00a0les services ext\u00e9rieurs.<\/p>\n<p>&nbsp;<\/p>\n<p>Des aides financi\u00e8res exceptionnelles, sous la forme de <strong>fonds social coll\u00e9gien<\/strong>, peuvent \u00eatre accord\u00e9es aux \u00e9l\u00e8ves pour toutes les d\u00e9penses li\u00e9es \u00e0 la scolarit\u00e9 (fournitures et manuels scolaires, tenues de sport, sorties p\u00e9dagogiques, calculatrice, lunettes de vue, transport scolaire, etc).<\/p>\n<p>Le fonds social des cantines est une aide financi\u00e8re destin\u00e9e \u00e0 permettre l&rsquo;acc\u00e8s \u00e0 la demi-pension \u00e0 davantage d&rsquo;\u00e9l\u00e8ves, gr\u00e2ce \u00e0 une prise en charge partielle du co\u00fbt support\u00e9 par les familles (la gratuit\u00e9 restant exceptionnelle).<\/p>\n<p>Les demandes sont \u00e0 effectuer aupr\u00e8s de l&rsquo;assistante sociale.<\/p>\n<p>Une commission examine les dossiers et arr\u00eate les d\u00e9cisions d&rsquo;attribution.<\/p>\n<!-- AddThis Advanced Settings generic via filter on the_content --><!-- AddThis Share Buttons generic via filter on the_content -->","protected":false},"excerpt":{"rendered":"<p>\u00a0Mme Pinson Ludivine, assistante sociale scolaire, accueille les \u00e9l\u00e8ves : les lundi, mardi, jeudi et vendredi de 8h00 \u00e0 16h00 sur RDV le mercredi de 8h00 \u00e0 12h00 sans RDV [&hellip;]<!-- AddThis Advanced Settings generic via filter on get_the_excerpt --><!-- AddThis Share Buttons generic via filter on get_the_excerpt --><\/p>\n","protected":false},"author":10087,"featured_media":0,"parent":0,"menu_order":0,"comment_status":"closed","ping_status":"closed","template":"","meta":{"_et_pb_use_builder":"","_et_pb_old_content":"","_et_gb_content_width":"","footnotes":""},"class_list":["post-2080","page","type-page","status-publish","hentry"],"_links":{"self":[{"href":"https:\/\/etab.ac-reunion.fr\/clg-oasis\/wp-json\/wp\/v2\/pages\/2080","targetHints":{"allow":["GET"]}}],"collection":[{"href":"https:\/\/etab.ac-reunion.fr\/clg-oasis\/wp-json\/wp\/v2\/pages"}],"about":[{"href":"https:\/\/etab.ac-reunion.fr\/clg-oasis\/wp-json\/wp\/v2\/types\/page"}],"author":[{"embeddable":true,"href":"https:\/\/etab.ac-reunion.fr\/clg-oasis\/wp-json\/wp\/v2\/users\/10087"}],"replies":[{"embeddable":true,"href":"https:\/\/etab.ac-reunion.fr\/clg-oasis\/wp-json\/wp\/v2\/comments?post=2080"}],"version-history":[{"count":4,"href":"https:\/\/etab.ac-reunion.fr\/clg-oasis\/wp-json\/wp\/v2\/pages\/2080\/revisions"}],"predecessor-version":[{"id":3998,"href":"https:\/\/etab.ac-reunion.fr\/clg-oasis\/wp-json\/wp\/v2\/pages\/2080\/revisions\/3998"}],"wp:attachment":[{"href":"https:\/\/etab.ac-reunion.fr\/clg-oasis\/wp-json\/wp\/v2\/media?parent=2080"}],"curies":[{"name":"wp","href":"https:\/\/api.w.org\/{rel}","templated":true}]}}