{"id":2114,"date":"2016-09-20T21:00:55","date_gmt":"2016-09-20T17:00:55","guid":{"rendered":"http:\/\/college-oasis.ac-reunion.fr\/?page_id=2114"},"modified":"2022-09-09T07:55:19","modified_gmt":"2022-09-09T03:55:19","slug":"salon-des-parents","status":"publish","type":"page","link":"https:\/\/etab.ac-reunion.fr\/clg-oasis\/salon-des-parents\/","title":{"rendered":"Salon des parents"},"content":{"rendered":"[et_pb_section fb_built=\u00a0\u00bb1&Prime; admin_label=\u00a0\u00bbsection\u00a0\u00bb _builder_version=\u00a0\u00bb4.16&Prime; global_colors_info=\u00a0\u00bb{}\u00a0\u00bb][et_pb_row admin_label=\u00a0\u00bbrow\u00a0\u00bb _builder_version=\u00a0\u00bb4.16&Prime; background_size=\u00a0\u00bbinitial\u00a0\u00bb background_position=\u00a0\u00bbtop_left\u00a0\u00bb background_repeat=\u00a0\u00bbrepeat\u00a0\u00bb global_colors_info=\u00a0\u00bb{}\u00a0\u00bb][et_pb_column type=\u00a0\u00bb4_4&Prime; _builder_version=\u00a0\u00bb4.16&Prime; custom_padding=\u00a0\u00bb|||\u00a0\u00bb global_colors_info=\u00a0\u00bb{}\u00a0\u00bb custom_padding__hover=\u00a0\u00bb|||\u00a0\u00bb][et_pb_text admin_label=\u00a0\u00bbText\u00a0\u00bb _builder_version=\u00a0\u00bb4.16&Prime; background_size=\u00a0\u00bbinitial\u00a0\u00bb background_position=\u00a0\u00bbtop_left\u00a0\u00bb background_repeat=\u00a0\u00bbrepeat\u00a0\u00bb global_colors_info=\u00a0\u00bb{}\u00a0\u00bb]\n<p>&nbsp;<\/p>\n<p>Le salon des parents propose des s\u00e9ances de yoga (avec un professeur de yoga) le jeudi matin de 8h30 \u00e0 10h00, du jardinage, de la couture (confection de serviettes \u00e0 cheveux en ce moment), un projet avec un professeur d&rsquo;espagnol pour d\u00e9couvrir le Mexique, un autre avec la professeure documentaliste pour r\u00e9nover les livres abim\u00e9s.<\/p>\n<p>Les parents volontaires cl\u00f4tureront le Cross du mois d\u2019Octobre.<\/p>\n<p>Le salon des parents est ouvert le mardi et le jeudi toute la journ\u00e9e \u00e0 partir de 8h30.<\/p>\n<p>Venez d\u00e9couvrir cet espace de convivialit\u00e9, d&rsquo;\u00e9changes,\u00a0d&rsquo;activit\u00e9s diverses\u00a0et d&rsquo;apprentissage.<\/p>\n<p>Venez d\u00e9couvrir le coll\u00e8ge et \u00eatre au c\u00f4t\u00e9 de vos enfants et de la communaut\u00e9 \u00e9ducative pour un travail collaboratif, l\u2019\u00e9panouissement et la r\u00e9ussite de vos enfants.<\/p>\n<p>Pour plus de renseignements contacter Mme PADRE au coll\u00e8ge.\u00a0<\/p>\n<p>&nbsp;<\/p>\n<p>&nbsp;<\/p>\n[\/et_pb_text][\/et_pb_column][\/et_pb_row][\/et_pb_section]\n<!-- AddThis Advanced Settings generic via filter on the_content --><!-- AddThis Share Buttons generic via filter on the_content -->","protected":false},"excerpt":{"rendered":"<p>&nbsp; Le salon des parents propose des s\u00e9ances de yoga (avec un professeur de yoga) le jeudi matin de 8h30 \u00e0 10h00, du jardinage, de la couture (confection de serviettes [&hellip;]<\/p>\n<p><!-- AddThis Advanced Settings generic via filter on get_the_excerpt --><!-- AddThis Share Buttons generic via filter on get_the_excerpt --><\/p>\n","protected":false},"author":10087,"featured_media":0,"parent":0,"menu_order":0,"comment_status":"closed","ping_status":"closed","template":"","meta":{"_et_pb_use_builder":"on","_et_pb_old_content":"Vous \u00eates nouveau dans l'\u00e9tablissement ?\r\n\r\nVenez d\u00e9couvrir le salon des parents:\u00a0lieu de convivialit\u00e9, d'accueil, de partage, de rencontre, d'\u00e9changes et d'activit\u00e9s.\r\n\r\nLe salon des parents est ouvert tous les jours et Mme Guylaine PADRE \u00a0accueille les parents 3 jours par semaine.\r\n<div><a href=\"https:\/\/etab.ac-reunion.fr\/clg-oasis\/wp-content\/uploads\/sites\/39\/2020\/02\/Planning-F\u00e9vrier-Mars-Avril-2020.pdf\">Planning<\/a> de F\u00e9vrier \u00e0 Avril 2020<\/div>\r\n<div><\/div>\r\nUn grand merci \u00e0 Mme Anthoine-Boucher (tr\u00e9sori\u00e8re) et \u00e0 M. K\/Bidy (pr\u00e9sident de l'association et chef d\u2019\u00e9tablissement)\r\n\r\nLe salon des parents au <a href=\"https:\/\/etab.ac-reunion.fr\/clg-oasis\/wp-content\/uploads\/sites\/39\/2016\/11\/Cross-du-coll\u00e8ge.mp4\">Cross du coll\u00e8ge<\/a>, \u00e0 la <a href=\"https:\/\/etab.ac-reunion.fr\/clg-oasis\/wp-content\/uploads\/sites\/39\/2016\/11\/Semaine-Cr\u00e9ole.pdf\">Semaine Cr\u00e9ole<\/a>\u00a0et \u00e0 <a href=\"https:\/\/etab.ac-reunion.fr\/clg-oasis\/wp-content\/uploads\/sites\/39\/2016\/11\/Odyssea-2016.pdf\">Odyss\u00e9a<\/a>.\r\n\r\nL'administration et les parents ont c\u00e9l\u00e9br\u00e9 les <a href=\"https:\/\/etab.ac-reunion.fr\/clg-oasis\/wp-content\/uploads\/sites\/39\/2017\/02\/Galettes-des-Rois-2017.mp4\">Rois<\/a> (M. Lakia et Mme Layemard) au salon cet apr\u00e8s-midi. Bonne humeur et convivialit\u00e9 ont rythm\u00e9 ce\u00a0moment de partage.\r\nBonne ann\u00e9e \u00e0 tous !\r\n\r\n&nbsp;\r\n\r\n&nbsp;","_et_gb_content_width":"","footnotes":""},"class_list":["post-2114","page","type-page","status-publish","hentry"],"_links":{"self":[{"href":"https:\/\/etab.ac-reunion.fr\/clg-oasis\/wp-json\/wp\/v2\/pages\/2114","targetHints":{"allow":["GET"]}}],"collection":[{"href":"https:\/\/etab.ac-reunion.fr\/clg-oasis\/wp-json\/wp\/v2\/pages"}],"about":[{"href":"https:\/\/etab.ac-reunion.fr\/clg-oasis\/wp-json\/wp\/v2\/types\/page"}],"author":[{"embeddable":true,"href":"https:\/\/etab.ac-reunion.fr\/clg-oasis\/wp-json\/wp\/v2\/users\/10087"}],"replies":[{"embeddable":true,"href":"https:\/\/etab.ac-reunion.fr\/clg-oasis\/wp-json\/wp\/v2\/comments?post=2114"}],"version-history":[{"count":14,"href":"https:\/\/etab.ac-reunion.fr\/clg-oasis\/wp-json\/wp\/v2\/pages\/2114\/revisions"}],"predecessor-version":[{"id":4215,"href":"https:\/\/etab.ac-reunion.fr\/clg-oasis\/wp-json\/wp\/v2\/pages\/2114\/revisions\/4215"}],"wp:attachment":[{"href":"https:\/\/etab.ac-reunion.fr\/clg-oasis\/wp-json\/wp\/v2\/media?parent=2114"}],"curies":[{"name":"wp","href":"https:\/\/api.w.org\/{rel}","templated":true}]}}