{"id":2175,"date":"2016-10-16T22:41:13","date_gmt":"2016-10-16T18:41:13","guid":{"rendered":"http:\/\/college-oasis.ac-reunion.fr\/?page_id=2175"},"modified":"2016-10-17T12:46:15","modified_gmt":"2016-10-17T08:46:15","slug":"delegation-europeenne","status":"publish","type":"page","link":"https:\/\/etab.ac-reunion.fr\/clg-oasis\/delegation-europeenne\/","title":{"rendered":"D\u00e9l\u00e9gation Europ\u00e9enne"},"content":{"rendered":"<p><a href=\"https:\/\/etab.ac-reunion.fr\/clg-oasis\/wp-content\/uploads\/sites\/39\/2016\/10\/visite-D\u00e9l\u00e9gation-europ\u00e9enne.pdf\">Visite<\/a><\/p>\n<p><a href=\"https:\/\/etab.ac-reunion.fr\/clg-oasis\/wp-content\/uploads\/sites\/39\/2016\/10\/CR-visite-D\u00e9l\u00e9gation.pdf\">Compte-rendu<\/a><\/p>\n<p><a href=\"https:\/\/etab.ac-reunion.fr\/clg-oasis\/wp-content\/uploads\/sites\/39\/2016\/10\/Image4.png\">Photos<\/a><\/p>\n<p><a href=\"https:\/\/etab.ac-reunion.fr\/clg-oasis\/wp-content\/uploads\/sites\/39\/2016\/10\/Image5.png\">Ateliers<\/a><\/p>\n<p><a href=\"https:\/\/etab.ac-reunion.fr\/clg-oasis\/upe2a\/\">Back<\/a><\/p>\n<!-- AddThis Advanced Settings generic via filter on the_content --><!-- AddThis Share Buttons generic via filter on the_content -->","protected":false},"excerpt":{"rendered":"<p>Visite Compte-rendu Photos Ateliers Back<!-- AddThis Advanced Settings generic via filter on get_the_excerpt --><!-- AddThis Share Buttons generic via filter on get_the_excerpt --><\/p>\n","protected":false},"author":10087,"featured_media":2185,"parent":0,"menu_order":0,"comment_status":"closed","ping_status":"closed","template":"","meta":{"_et_pb_use_builder":"","_et_pb_old_content":"","_et_gb_content_width":"","footnotes":""},"class_list":["post-2175","page","type-page","status-publish","has-post-thumbnail","hentry"],"_links":{"self":[{"href":"https:\/\/etab.ac-reunion.fr\/clg-oasis\/wp-json\/wp\/v2\/pages\/2175","targetHints":{"allow":["GET"]}}],"collection":[{"href":"https:\/\/etab.ac-reunion.fr\/clg-oasis\/wp-json\/wp\/v2\/pages"}],"about":[{"href":"https:\/\/etab.ac-reunion.fr\/clg-oasis\/wp-json\/wp\/v2\/types\/page"}],"author":[{"embeddable":true,"href":"https:\/\/etab.ac-reunion.fr\/clg-oasis\/wp-json\/wp\/v2\/users\/10087"}],"replies":[{"embeddable":true,"href":"https:\/\/etab.ac-reunion.fr\/clg-oasis\/wp-json\/wp\/v2\/comments?post=2175"}],"version-history":[{"count":6,"href":"https:\/\/etab.ac-reunion.fr\/clg-oasis\/wp-json\/wp\/v2\/pages\/2175\/revisions"}],"predecessor-version":[{"id":2222,"href":"https:\/\/etab.ac-reunion.fr\/clg-oasis\/wp-json\/wp\/v2\/pages\/2175\/revisions\/2222"}],"wp:featuredmedia":[{"embeddable":true,"href":"https:\/\/etab.ac-reunion.fr\/clg-oasis\/wp-json\/wp\/v2\/media\/2185"}],"wp:attachment":[{"href":"https:\/\/etab.ac-reunion.fr\/clg-oasis\/wp-json\/wp\/v2\/media?parent=2175"}],"curies":[{"name":"wp","href":"https:\/\/api.w.org\/{rel}","templated":true}]}}