{"id":2187,"date":"2016-10-16T23:14:53","date_gmt":"2016-10-16T19:14:53","guid":{"rendered":"http:\/\/college-oasis.ac-reunion.fr\/?page_id=2187"},"modified":"2016-10-17T12:03:55","modified_gmt":"2016-10-17T08:03:55","slug":"dis-moi-dix-mots","status":"publish","type":"page","link":"https:\/\/etab.ac-reunion.fr\/clg-oasis\/dis-moi-dix-mots\/","title":{"rendered":"Dis moi dix mots"},"content":{"rendered":"<p><a href=\"https:\/\/etab.ac-reunion.fr\/clg-oasis\/wp-content\/uploads\/sites\/39\/2016\/10\/R\u00e9sum\u00e9-concours-10mots.pdf\">R\u00e9sum\u00e9<\/a><\/p>\n<p><a href=\"https:\/\/etab.ac-reunion.fr\/clg-oasis\/wp-content\/uploads\/sites\/39\/2016\/10\/Image6.png\">Affiches<\/a><\/p>\n<p><a href=\"https:\/\/etab.ac-reunion.fr\/clg-oasis\/wp-content\/uploads\/sites\/39\/2016\/10\/L\u2019\u00c9CRITURE-PO\u00c9TIQUE.pdf\">Textes<\/a><\/p>\n<p><a href=\"https:\/\/etab.ac-reunion.fr\/clg-oasis\/wp-content\/uploads\/sites\/39\/2016\/10\/De-l\u2019AMalgame-au-baobab-magique.pdf\">De l&rsquo;amalgame au baobab magique<\/a><\/p>\n<p><a href=\"https:\/\/etab.ac-reunion.fr\/clg-oasis\/wp-content\/uploads\/sites\/39\/2016\/10\/Illustrations-des-textes-anim\u00e9s.png\">Illustrations des textes anim\u00e9s<\/a><\/p>\n<p><a href=\"https:\/\/etab.ac-reunion.fr\/clg-oasis\/wp-content\/uploads\/sites\/39\/2016\/10\/Image7.png\">Grigri<\/a><\/p>\n<p><a href=\"https:\/\/etab.ac-reunion.fr\/clg-oasis\/wp-content\/uploads\/sites\/39\/2016\/10\/Ch\u00e2teaux-Kitsch.png\">Ch\u00e2teaux Kitsch<\/a><\/p>\n<p><a href=\"https:\/\/etab.ac-reunion.fr\/clg-oasis\/wp-content\/uploads\/sites\/39\/2016\/10\/Personnages-Kitsch.png\">Personnages Kitsch<\/a><\/p>\n<p><a href=\"https:\/\/etab.ac-reunion.fr\/clg-oasis\/wp-content\/uploads\/sites\/39\/2016\/10\/Travaux.png\">Travaux<\/a><\/p>\n<p><a href=\"https:\/\/youtu.be\/IV2GDn1gNSQ\">Vid\u00e9os<\/a><\/p>\n<!-- AddThis Advanced Settings generic via filter on the_content --><!-- AddThis Share Buttons generic via filter on the_content -->","protected":false},"excerpt":{"rendered":"<p>R\u00e9sum\u00e9 Affiches Textes De l&rsquo;amalgame au baobab magique Illustrations des textes anim\u00e9s Grigri Ch\u00e2teaux Kitsch Personnages Kitsch Travaux Vid\u00e9os<!-- AddThis Advanced Settings generic via filter on get_the_excerpt --><!-- AddThis Share Buttons generic via filter on get_the_excerpt --><\/p>\n","protected":false},"author":10087,"featured_media":0,"parent":0,"menu_order":0,"comment_status":"closed","ping_status":"closed","template":"","meta":{"_et_pb_use_builder":"","_et_pb_old_content":"","_et_gb_content_width":"","footnotes":""},"class_list":["post-2187","page","type-page","status-publish","hentry"],"_links":{"self":[{"href":"https:\/\/etab.ac-reunion.fr\/clg-oasis\/wp-json\/wp\/v2\/pages\/2187","targetHints":{"allow":["GET"]}}],"collection":[{"href":"https:\/\/etab.ac-reunion.fr\/clg-oasis\/wp-json\/wp\/v2\/pages"}],"about":[{"href":"https:\/\/etab.ac-reunion.fr\/clg-oasis\/wp-json\/wp\/v2\/types\/page"}],"author":[{"embeddable":true,"href":"https:\/\/etab.ac-reunion.fr\/clg-oasis\/wp-json\/wp\/v2\/users\/10087"}],"replies":[{"embeddable":true,"href":"https:\/\/etab.ac-reunion.fr\/clg-oasis\/wp-json\/wp\/v2\/comments?post=2187"}],"version-history":[{"count":10,"href":"https:\/\/etab.ac-reunion.fr\/clg-oasis\/wp-json\/wp\/v2\/pages\/2187\/revisions"}],"predecessor-version":[{"id":2209,"href":"https:\/\/etab.ac-reunion.fr\/clg-oasis\/wp-json\/wp\/v2\/pages\/2187\/revisions\/2209"}],"wp:attachment":[{"href":"https:\/\/etab.ac-reunion.fr\/clg-oasis\/wp-json\/wp\/v2\/media?parent=2187"}],"curies":[{"name":"wp","href":"https:\/\/api.w.org\/{rel}","templated":true}]}}