{"id":2460,"date":"2017-08-01T11:44:27","date_gmt":"2017-08-01T07:44:27","guid":{"rendered":"http:\/\/college-oasis.ac-reunion.fr\/?page_id=2460"},"modified":"2023-06-02T22:07:33","modified_gmt":"2023-06-02T18:07:33","slug":"chs","status":"publish","type":"page","link":"https:\/\/etab.ac-reunion.fr\/clg-oasis\/chs\/","title":{"rendered":"CHS"},"content":{"rendered":"<ul>\n<li><a href=\"https:\/\/etab.ac-reunion.fr\/clg-oasis\/wp-content\/uploads\/sites\/39\/2023\/06\/Compte-rendu-CHS-2-mars-23.pdf\">02 Mars 2023<\/a><\/li>\n<li><a href=\"https:\/\/etab.ac-reunion.fr\/clg-oasis\/wp-content\/uploads\/sites\/39\/2022\/08\/CHS-22-juin-22.pdf\">22 Juin 2022<\/a><\/li>\n<li><a href=\"https:\/\/etab.ac-reunion.fr\/clg-oasis\/wp-content\/uploads\/sites\/39\/2022\/04\/CCF_000256.pdf\">08 D\u00e9cembre 2021<\/a><\/li>\n<li><a href=\"https:\/\/etab.ac-reunion.fr\/clg-oasis\/wp-content\/uploads\/sites\/39\/2021\/09\/compte-rendu-CHS-23-juin-2021.pdf\">23 Juin 2021<\/a><\/li>\n<li><a href=\"https:\/\/etab.ac-reunion.fr\/clg-oasis\/wp-content\/uploads\/sites\/39\/2021\/01\/Compte-rendu-CHS-9-decembre-2020.pdf\">09 D\u00e9cembre 2020<\/a><\/li>\n<li><a href=\"https:\/\/etab.ac-reunion.fr\/clg-oasis\/wp-content\/uploads\/sites\/39\/2019\/08\/Compte-rendu-CHS-19-juin-2019.pdf\">19 Juin 2019<\/a><\/li>\n<li><a href=\"https:\/\/etab.ac-reunion.fr\/clg-oasis\/wp-content\/uploads\/sites\/39\/2018\/12\/compte-rendu-CHS-7-d\u00e9c-18.pdf\">07 D\u00e9cembre 2018<\/a><\/li>\n<li><a href=\"https:\/\/etab.ac-reunion.fr\/clg-oasis\/wp-content\/uploads\/sites\/39\/2017\/12\/Compte-rendu-CHS-13-d\u00e9cembre-2017.pdf\">13 D\u00e9cembre 2017<\/a><\/li>\n<li><a href=\"https:\/\/etab.ac-reunion.fr\/clg-oasis\/wp-content\/uploads\/sites\/39\/2017\/08\/Compte-rendu-CHS-7-juin-2017.pdf\">07 Juin 2017<\/a><\/li>\n<li><a href=\"https:\/\/etab.ac-reunion.fr\/clg-oasis\/wp-content\/uploads\/sites\/39\/2017\/08\/Compte-rendu-CHS-6-d\u00e9c-2016.pdf\">06 D\u00e9cembre 2016<\/a><\/li>\n<\/ul>\n<p><a href=\"https:\/\/etab.ac-reunion.fr\/clg-oasis\/hygiene-et-securite\/\">Back<\/a><\/p>\n<!-- AddThis Advanced Settings generic via filter on the_content --><!-- AddThis Share Buttons generic via filter on the_content -->","protected":false},"excerpt":{"rendered":"<p>02 Mars 2023 22 Juin 2022 08 D\u00e9cembre 2021 23 Juin 2021 09 D\u00e9cembre 2020 19 Juin 2019 07 D\u00e9cembre 2018 13 D\u00e9cembre 2017 07 Juin 2017 06 D\u00e9cembre 2016 [&hellip;]<!-- AddThis Advanced Settings generic via filter on get_the_excerpt --><!-- AddThis Share Buttons generic via filter on get_the_excerpt --><\/p>\n","protected":false},"author":10087,"featured_media":0,"parent":0,"menu_order":0,"comment_status":"closed","ping_status":"closed","template":"","meta":{"_et_pb_use_builder":"","_et_pb_old_content":"","_et_gb_content_width":"","footnotes":""},"class_list":["post-2460","page","type-page","status-publish","hentry"],"_links":{"self":[{"href":"https:\/\/etab.ac-reunion.fr\/clg-oasis\/wp-json\/wp\/v2\/pages\/2460","targetHints":{"allow":["GET"]}}],"collection":[{"href":"https:\/\/etab.ac-reunion.fr\/clg-oasis\/wp-json\/wp\/v2\/pages"}],"about":[{"href":"https:\/\/etab.ac-reunion.fr\/clg-oasis\/wp-json\/wp\/v2\/types\/page"}],"author":[{"embeddable":true,"href":"https:\/\/etab.ac-reunion.fr\/clg-oasis\/wp-json\/wp\/v2\/users\/10087"}],"replies":[{"embeddable":true,"href":"https:\/\/etab.ac-reunion.fr\/clg-oasis\/wp-json\/wp\/v2\/comments?post=2460"}],"version-history":[{"count":13,"href":"https:\/\/etab.ac-reunion.fr\/clg-oasis\/wp-json\/wp\/v2\/pages\/2460\/revisions"}],"predecessor-version":[{"id":4275,"href":"https:\/\/etab.ac-reunion.fr\/clg-oasis\/wp-json\/wp\/v2\/pages\/2460\/revisions\/4275"}],"wp:attachment":[{"href":"https:\/\/etab.ac-reunion.fr\/clg-oasis\/wp-json\/wp\/v2\/media?parent=2460"}],"curies":[{"name":"wp","href":"https:\/\/api.w.org\/{rel}","templated":true}]}}